{"id":7315,"date":"2011-04-01T04:00:00","date_gmt":"2011-04-01T09:00:00","guid":{"rendered":"https:\/\/portage.hamakmarketingnumerique.com\/\/quebec\/nouvelles-fondation"},"modified":"2025-12-11T10:21:01","modified_gmt":"2025-12-11T15:21:01","slug":"nouvelles","status":"publish","type":"page","link":"https:\/\/portage.ca\/fr\/nouvelles\/","title":{"rendered":"Nouvelles de la Fondation Portage Qu\u00e9bec"},"content":{"rendered":"\n<h1>\n\t\tNouvelles de la Fondation\n\t<\/h1>\n<h1>\n\t\tPortage au <b>Qu\u00e9bec<\/b>\n\t<\/h1>\n<h4>\n\t\tInformez-vous sur les activit\u00e9s de financement et de sensibilisation de la Fondation Portage au Qu\u00e9bec pour les centres de r\u00e9adaptation en toxicomanie au Qu\u00e9bec.\n\t<\/h4>\n\t<meta itemscope itemprop=\"mainEntityOfPage\" itemtype=\"https:\/\/schema.org\/WebPage\" itemid=\"https:\/\/portage.ca\/fr\/soiree-des-grands-philanthropes-un-succes-retentissant-qui-donne-lespoir-aux-plus-vulnerables\/\" content=\"Soir\u00e9e des Grands Philanthropes : Un succ\u00e8s retentissant\" \/><meta itemprop=\"datePublished\" content=\"2022-10-20\" \/><meta itemprop=\"dateModified\" content=\"2023-03-27\" \/><meta itemprop=\"name\" content=\"Portage\"\/><meta itemprop=\"url\" content=\"https:\/\/portage.ca\/fr\/author\/isabelle-saine\/\" \/><meta itemprop=\"name\" content=\"Portage\" \/><meta itemprop=\"url\" content=\"https:\/\/portage.ca\/wp-content\/uploads\/2022\/10\/Groupe.jpg\" \/><meta itemprop=\"width\" content=\"2400\" \/><meta itemprop=\"height\" content=\"1126\" \/><meta itemprop=\"interactionType\" content=\"https:\/\/schema.org\/CommentAction\" \/><meta itemprop=\"userInteractionCount\" content=\"0\" \/>\n\t\t\t\t\t<a href=\"https:\/\/portage.ca\/fr\/soiree-des-grands-philanthropes-un-succes-retentissant-qui-donne-lespoir-aux-plus-vulnerables\/\" title=\"Soir\u00e9e des Grands Philanthropes : Un succ\u00e8s retentissant\"><\/a>\n\t\t\t\t\n\t\t\t\t\t\t\t\t\t<h3 itemprop=\"headline\">\n\t\t\t\t\t\t\t\t\t\t\t\t\t\tSoir\u00e9e des Grands Philanthropes : Un succ\u00e8s retentissant\t\t\t\t\t\t\t\t\t\t\t<\/h3>\n\t\t\t10-20-2022\t\t\t\t\t\t\n    La 19e \u00e9dition de la Soir\u00e9e des Grands Philanthropes s&rsquo;est tenue dans la Salle des pas perdus de la Gare Windsor le jeudi&#8230;\n\t<meta itemscope itemprop=\"mainEntityOfPage\" itemtype=\"https:\/\/schema.org\/WebPage\" itemid=\"https:\/\/portage.ca\/fr\/festival-sifa-x-portage\/\" content=\"Festival SIFA x Portage\" \/><meta itemprop=\"datePublished\" content=\"2022-09-29\" \/><meta itemprop=\"dateModified\" content=\"2022-10-27\" \/><meta itemprop=\"name\" content=\"Portage\"\/><meta itemprop=\"url\" content=\"https:\/\/portage.ca\/fr\/author\/laurence\/\" \/><meta itemprop=\"name\" content=\"Portage\" \/><meta itemprop=\"url\" content=\"https:\/\/portage.ca\/wp-content\/uploads\/2022\/09\/SIFAxTSTM-1.jpg\" \/><meta itemprop=\"width\" content=\"2048\" \/><meta itemprop=\"height\" content=\"1536\" \/><meta itemprop=\"interactionType\" content=\"https:\/\/schema.org\/CommentAction\" \/><meta itemprop=\"userInteractionCount\" content=\"0\" \/>\n\t\t\t\t\t<a href=\"https:\/\/portage.ca\/fr\/festival-sifa-x-portage\/\" title=\"Festival SIFA x Portage\"><\/a>\n\t\t\t\t\n\t\t\t\t\t\t\t\t\t<h3 itemprop=\"headline\">\n\t\t\t\t\t\t\t\t\t\t\t\t\t\tFestival SIFA x Portage\t\t\t\t\t\t\t\t\t\t\t<\/h3>\n\t\t\t09-29-2022\t\t\t\t\t\t\n    Le 2 juin dernier, Portage a particip\u00e9 \u00e0 la premi\u00e8re \u00e9dition du Festival du film et de l&rsquo;art \u00e0 impact social. Dans le&#8230;\n\t<meta itemscope itemprop=\"mainEntityOfPage\" itemtype=\"https:\/\/schema.org\/WebPage\" itemid=\"https:\/\/portage.ca\/fr\/les-femmes-du-lac-echo-invitees-a-une-representation-theatrale-a-la-place-des-arts\/\" content=\"Les femmes du Lac \u00c9cho invit\u00e9es \u00e0 une repr\u00e9sentation th\u00e9\u00e2trale \u00e0 la Place des arts\" \/><meta itemprop=\"datePublished\" content=\"2022-05-12\" \/><meta itemprop=\"dateModified\" content=\"2022-10-28\" \/><meta itemprop=\"name\" content=\"Portage\"\/><meta itemprop=\"url\" content=\"https:\/\/portage.ca\/fr\/author\/laurence\/\" \/><meta itemprop=\"name\" content=\"Portage\" \/><meta itemprop=\"url\" content=\"https:\/\/portage.ca\/wp-content\/uploads\/2022\/05\/IMG_0069-scaled-e1666964851959.jpg\" \/><meta itemprop=\"width\" content=\"1920\" \/><meta itemprop=\"height\" content=\"1043\" \/><meta itemprop=\"interactionType\" content=\"https:\/\/schema.org\/CommentAction\" \/><meta itemprop=\"userInteractionCount\" content=\"0\" \/>\n\t\t\t\t\t<a href=\"https:\/\/portage.ca\/fr\/les-femmes-du-lac-echo-invitees-a-une-representation-theatrale-a-la-place-des-arts\/\" title=\"Les femmes du Lac \u00c9cho invit\u00e9es \u00e0 une repr\u00e9sentation th\u00e9\u00e2trale \u00e0 la Place des arts\"><\/a>\n\t\t\t\t\n\t\t\t\t\t\t\t\t\t<h3 itemprop=\"headline\">\n\t\t\t\t\t\t\t\t\t\t\t\t\t\tLes femmes du Lac \u00c9cho invit\u00e9es \u00e0 une repr\u00e9sentation th\u00e9\u00e2trale \u00e0 la Place des arts\t\t\t\t\t\t\t\t\t\t\t<\/h3>\n\t\t\t05-12-2022\t\t\t\t\t\t\n    Le mercredi 4 mai dernier, Hydro-Qu\u00e9bec invitait \u00e0 une pi\u00e8ce de th\u00e9\u00e2tre, six femmes du programme de r\u00e9adaptation pour adultes de Portage au&#8230;\n\t<meta itemscope itemprop=\"mainEntityOfPage\" itemtype=\"https:\/\/schema.org\/WebPage\" itemid=\"https:\/\/portage.ca\/fr\/26e-omnium-de-golf-portage-au-club-de-golf-royal-quebec\/\" content=\"26e Omnium de golf Portage au Club de Golf Royal Qu\u00e9bec\" \/><meta itemprop=\"datePublished\" content=\"2021-07-27\" \/><meta itemprop=\"dateModified\" content=\"2021-07-27\" \/><meta itemprop=\"name\" content=\"Portage\"\/><meta itemprop=\"url\" content=\"https:\/\/portage.ca\/fr\/author\/laurence\/\" \/><meta itemprop=\"name\" content=\"Portage\" \/><meta itemprop=\"url\" content=\"https:\/\/portage.ca\/wp-content\/uploads\/2022\/06\/Qc-26e-Golf-scaled.jpg\" \/><meta itemprop=\"width\" content=\"2560\" \/><meta itemprop=\"height\" content=\"1920\" \/><meta itemprop=\"interactionType\" content=\"https:\/\/schema.org\/CommentAction\" \/><meta itemprop=\"userInteractionCount\" content=\"0\" \/>\n\t\t\t\t\t<a href=\"https:\/\/portage.ca\/fr\/26e-omnium-de-golf-portage-au-club-de-golf-royal-quebec\/\" title=\"26e Omnium de golf Portage au Club de Golf Royal Qu\u00e9bec\"><\/a>\n\t\t\t\t\n\t\t\t\t\t\t\t\t\t<h3 itemprop=\"headline\">\n\t\t\t\t\t\t\t\t\t\t\t\t\t\t26e Omnium de golf Portage au Club de Golf Royal Qu\u00e9bec\t\t\t\t\t\t\t\t\t\t\t<\/h3>\n\t\t\t07-27-2021\t\t\t\t\t\t\n    Alors qu&rsquo;en temps de pand\u00e9mie le golf a connu un engouement sans pr\u00e9c\u00e9dent et que tout \u00e9tait pr\u00eat pour la 26e \u00e9dition de&#8230;\n\t<meta itemscope itemprop=\"mainEntityOfPage\" itemtype=\"https:\/\/schema.org\/WebPage\" itemid=\"https:\/\/portage.ca\/fr\/le-23e-omnium-de-golf-de-portage-au-club-laval-sur-le-lac\/\" content=\"Le 23e Omnium de golf de Portage au Club Laval-sur-le-Lac\" \/><meta itemprop=\"datePublished\" content=\"2021-07-27\" \/><meta itemprop=\"dateModified\" content=\"2022-06-01\" \/><meta itemprop=\"name\" content=\"Portage\"\/><meta itemprop=\"url\" content=\"https:\/\/portage.ca\/fr\/author\/laurence\/\" \/><meta itemprop=\"name\" content=\"Portage\" \/><meta itemprop=\"url\" content=\"https:\/\/portage.ca\/wp-content\/uploads\/2022\/06\/Mtl-23e-Golf.jpg\" \/><meta itemprop=\"width\" content=\"2048\" \/><meta itemprop=\"height\" content=\"1365\" \/><meta itemprop=\"interactionType\" content=\"https:\/\/schema.org\/CommentAction\" \/><meta itemprop=\"userInteractionCount\" content=\"0\" \/>\n\t\t\t\t\t<a href=\"https:\/\/portage.ca\/fr\/le-23e-omnium-de-golf-de-portage-au-club-laval-sur-le-lac\/\" title=\"Le 23e Omnium de golf de Portage au Club Laval-sur-le-Lac\"><\/a>\n\t\t\t\t\n\t\t\t\t\t\t\t\t\t<h3 itemprop=\"headline\">\n\t\t\t\t\t\t\t\t\t\t\t\t\t\tLe 23e Omnium de golf de Portage au Club Laval-sur-le-Lac\t\t\t\t\t\t\t\t\t\t\t<\/h3>\n\t\t\t07-27-2021\t\t\t\t\t\t\n    Apr\u00e8s un hiver difficile et une ann\u00e9e sans pr\u00e9c\u00e9dent, quoi de mieux qu&rsquo;une journ\u00e9e plein air en pratiquant le golf, un sport tr\u00e8s&#8230;\n\t<meta itemscope itemprop=\"mainEntityOfPage\" itemtype=\"https:\/\/schema.org\/WebPage\" itemid=\"https:\/\/portage.ca\/fr\/portage-et-la-fondation-energie-valero-du-canada-collaborent-pour-le-bonheur-des-mamans\/\" content=\"Portage et la Fondation \u00c9nergie Valero du Canada collaborent pour le bonheur des mamans\" \/><meta itemprop=\"datePublished\" content=\"2021-05-06\" \/><meta itemprop=\"dateModified\" content=\"2021-05-06\" \/><meta itemprop=\"name\" content=\"Portage\"\/><meta itemprop=\"url\" content=\"https:\/\/portage.ca\/fr\/author\/laurence\/\" \/><meta itemprop=\"name\" content=\"Portage\" \/><meta itemprop=\"url\" content=\"https:\/\/portage.ca\/wp-content\/uploads\/2021\/05\/mtoher-child.jpeg\" \/><meta itemprop=\"width\" content=\"1600\" \/><meta itemprop=\"height\" content=\"1031\" \/><meta itemprop=\"interactionType\" content=\"https:\/\/schema.org\/CommentAction\" \/><meta itemprop=\"userInteractionCount\" content=\"0\" \/>\n\t\t\t\t\t<a href=\"https:\/\/portage.ca\/fr\/portage-et-la-fondation-energie-valero-du-canada-collaborent-pour-le-bonheur-des-mamans\/\" title=\"Portage et la Fondation \u00c9nergie Valero du Canada collaborent pour le bonheur des mamans\"><\/a>\n\t\t\t\t\n\t\t\t\t\t\t\t\t\t<h3 itemprop=\"headline\">\n\t\t\t\t\t\t\t\t\t\t\t\t\t\tPortage et la Fondation \u00c9nergie Valero du Canada collaborent pour le bonheur des mamans\t\t\t\t\t\t\t\t\t\t\t<\/h3>\n\t\t\t05-06-2021\t\t\t\t\t\t\n    Depuis les deux derni\u00e8res ann\u00e9es, un partenariat entre Portage et la Fondation \u00c9nergie Valero du Canada permet d&rsquo;offrir des activit\u00e9s ludiques et r\u00e9cr\u00e9atives&#8230;\n\t<meta itemscope itemprop=\"mainEntityOfPage\" itemtype=\"https:\/\/schema.org\/WebPage\" itemid=\"https:\/\/portage.ca\/fr\/17e-soiree-des-grands-philanthropes-une-cause-un-repas-des-vies-sauvees\/\" content=\"17e Soir\u00e9e des Grands Philanthropes : une cause, un repas, des vies sauv\u00e9es\" \/><meta itemprop=\"datePublished\" content=\"2020-11-13\" \/><meta itemprop=\"dateModified\" content=\"2020-12-08\" \/><meta itemprop=\"name\" content=\"Portage\"\/><meta itemprop=\"url\" content=\"https:\/\/portage.ca\/fr\/author\/isabelle-saine\/\" \/><meta itemprop=\"name\" content=\"Portage\" \/><meta itemprop=\"url\" content=\"https:\/\/portage.ca\/wp-content\/uploads\/2020\/11\/sgp-fr.jpg\" \/><meta itemprop=\"width\" content=\"1103\" \/><meta itemprop=\"height\" content=\"588\" \/><meta itemprop=\"interactionType\" content=\"https:\/\/schema.org\/CommentAction\" \/><meta itemprop=\"userInteractionCount\" content=\"1\" \/>\n\t\t\t\t\t<a href=\"https:\/\/portage.ca\/fr\/17e-soiree-des-grands-philanthropes-une-cause-un-repas-des-vies-sauvees\/\" title=\"17e Soir\u00e9e des Grands Philanthropes : une cause, un repas, des vies sauv\u00e9es\"><\/a>\n\t\t\t\t\n\t\t\t\t\t\t\t\t\t<h3 itemprop=\"headline\">\n\t\t\t\t\t\t\t\t\t\t\t\t\t\t17e Soir\u00e9e des Grands Philanthropes : une cause, un repas, des vies sauv\u00e9es\t\t\t\t\t\t\t\t\t\t\t<\/h3>\n\t\t\t11-13-2020\t\t\t\t\t\t\n    Le samedi 24 octobre 2020, avait lieu la 17e \u00e9dition sp\u00e9ciale de la Soir\u00e9e des Grands Philanthropes au profit de Portage. En raison&#8230;\n\t<meta itemscope itemprop=\"mainEntityOfPage\" itemtype=\"https:\/\/schema.org\/WebPage\" itemid=\"https:\/\/portage.ca\/fr\/maitre-de-sa-vie-le-programme-est-maintenant-offert-aux-adolescents\/\" content=\"Ma\u00eetre de sa vie: le programme est maintenant offert aux adolescents\" \/><meta itemprop=\"datePublished\" content=\"2020-02-28\" \/><meta itemprop=\"dateModified\" content=\"2020-02-28\" \/><meta itemprop=\"name\" content=\"Portage\"\/><meta itemprop=\"url\" content=\"https:\/\/portage.ca\/fr\/author\/isabelle-saine\/\" \/><meta itemprop=\"name\" content=\"Portage\" \/><meta itemprop=\"url\" content=\"https:\/\/portage.ca\/wp-content\/uploads\/2020\/02\/maitre-de-sa-vie.jpg\" \/><meta itemprop=\"width\" content=\"750\" \/><meta itemprop=\"height\" content=\"300\" \/><meta itemprop=\"interactionType\" content=\"https:\/\/schema.org\/CommentAction\" \/><meta itemprop=\"userInteractionCount\" content=\"1\" \/>\n\t\t\t\t\t<a href=\"https:\/\/portage.ca\/fr\/maitre-de-sa-vie-le-programme-est-maintenant-offert-aux-adolescents\/\" title=\"Ma\u00eetre de sa vie: le programme est maintenant offert aux adolescents\"><\/a>\n\t\t\t\t\n\t\t\t\t\t\t\t\t\t<h3 itemprop=\"headline\">\n\t\t\t\t\t\t\t\t\t\t\t\t\t\tMa\u00eetre de sa vie: le programme est maintenant offert aux adolescents\t\t\t\t\t\t\t\t\t\t\t<\/h3>\n\t\t\t02-28-2020\t\t\t\t\t\t\n    Portage a mis en place, en 2018, un programme novateur d&rsquo;intervention int\u00e9gr\u00e9 pour les personnes pr\u00e9sentant un trouble concomitant de d\u00e9pendance et de&#8230;\n\t<meta itemscope itemprop=\"mainEntityOfPage\" itemtype=\"https:\/\/schema.org\/WebPage\" itemid=\"https:\/\/portage.ca\/fr\/fenetre-sur-classe-une-murale-au-west-island\/\" content=\"Fen\u00eatre sur classe : une murale au West Island\" \/><meta itemprop=\"datePublished\" content=\"2020-02-03\" \/><meta itemprop=\"dateModified\" content=\"2020-02-03\" \/><meta itemprop=\"name\" content=\"Portage\"\/><meta itemprop=\"url\" content=\"https:\/\/portage.ca\/fr\/author\/isabelle-saine\/\" \/><meta itemprop=\"name\" content=\"Portage\" \/><meta itemprop=\"url\" content=\"https:\/\/portage.ca\/wp-content\/uploads\/2020\/02\/Murale-West-Island-01.jpg\" \/><meta itemprop=\"width\" content=\"3125\" \/><meta itemprop=\"height\" content=\"1250\" \/><meta itemprop=\"interactionType\" content=\"https:\/\/schema.org\/CommentAction\" \/><meta itemprop=\"userInteractionCount\" content=\"0\" \/>\n\t\t\t\t\t<a href=\"https:\/\/portage.ca\/fr\/fenetre-sur-classe-une-murale-au-west-island\/\" title=\"Fen\u00eatre sur classe : une murale au West Island\"><\/a>\n\t\t\t\t\n\t\t\t\t\t\t\t\t\t<h3 itemprop=\"headline\">\n\t\t\t\t\t\t\t\t\t\t\t\t\t\tFen\u00eatre sur classe : une murale au West Island\t\t\t\t\t\t\t\t\t\t\t<\/h3>\n\t\t\t02-03-2020\t\t\t\t\t\t\n    Les jeunes r\u00e9sidents du programme de r\u00e9adaptation pour adolescents anglophones au Lac \u00c9cho ont r\u00e9alis\u00e9, \u00e0 la fin du mois de d\u00e9cembre, une&#8230;\n\t\t\t\t<ul class='page-numbers'>\n\t<li>1<\/li>\n\t<li><a href=\"https:\/\/portage.ca\/fr\/page\/2\/?page_id=7315&#038;fl_builder\">2<\/a><\/li>\n\t<li><a href=\"https:\/\/portage.ca\/fr\/page\/3\/?page_id=7315&#038;fl_builder\">3<\/a><\/li>\n\t<li>&hellip;<\/li>\n\t<li><a href=\"https:\/\/portage.ca\/fr\/page\/6\/?page_id=7315&#038;fl_builder\">6<\/a><\/li>\n\t<li><a href=\"https:\/\/portage.ca\/fr\/page\/2\/?page_id=7315&#038;fl_builder\">Suivant &raquo;<\/a><\/li>\n<\/ul>\n\t\t<!-- .pp-content-posts -->\n\n","protected":false},"excerpt":{"rendered":"<p>Nouvelles de la Fondation Portage au Qu\u00e9bec Informez-vous sur les activit\u00e9s de financement et de sensibilisation de la Fondation Portage au Qu\u00e9bec pour les centres de r\u00e9adaptation en toxicomanie au Qu\u00e9bec. Soir\u00e9e des Grands Philanthropes : Un succ\u00e8s retentissant 10-20-2022 La 19e \u00e9dition de la Soir\u00e9e des Grands Philanthropes s&rsquo;est tenue dans la Salle des&#8230;  <a href=\"https:\/\/portage.ca\/fr\/nouvelles\/\" class=\"more-link\" title=\"Read Nouvelles de la Fondation Portage Qu\u00e9bec\">Read more &raquo;<\/a><\/p>\n","protected":false},"author":13,"featured_media":10157,"parent":0,"menu_order":0,"comment_status":"closed","ping_status":"closed","template":"","meta":{"_acf_changed":false,"footnotes":"","_links_to":"","_links_to_target":""},"class_list":["post-7315","page","type-page","status-publish","has-post-thumbnail","hentry"],"acf":[],"_links":{"self":[{"href":"https:\/\/portage.ca\/fr\/wp-json\/wp\/v2\/pages\/7315","targetHints":{"allow":["GET"]}}],"collection":[{"href":"https:\/\/portage.ca\/fr\/wp-json\/wp\/v2\/pages"}],"about":[{"href":"https:\/\/portage.ca\/fr\/wp-json\/wp\/v2\/types\/page"}],"author":[{"embeddable":true,"href":"https:\/\/portage.ca\/fr\/wp-json\/wp\/v2\/users\/13"}],"replies":[{"embeddable":true,"href":"https:\/\/portage.ca\/fr\/wp-json\/wp\/v2\/comments?post=7315"}],"version-history":[{"count":11,"href":"https:\/\/portage.ca\/fr\/wp-json\/wp\/v2\/pages\/7315\/revisions"}],"predecessor-version":[{"id":47027,"href":"https:\/\/portage.ca\/fr\/wp-json\/wp\/v2\/pages\/7315\/revisions\/47027"}],"wp:featuredmedia":[{"embeddable":true,"href":"https:\/\/portage.ca\/fr\/wp-json\/wp\/v2\/media\/10157"}],"wp:attachment":[{"href":"https:\/\/portage.ca\/fr\/wp-json\/wp\/v2\/media?parent=7315"}],"curies":[{"name":"wp","href":"https:\/\/api.w.org\/{rel}","templated":true}]}}