{"id":7218,"date":"2011-03-15T04:00:00","date_gmt":"2011-03-15T09:00:00","guid":{"rendered":"https:\/\/portage.hamakmarketingnumerique.com\/\/quebec\/formation-emploi-reinsertion-socioprofessionnelle"},"modified":"2026-03-13T12:40:50","modified_gmt":"2026-03-13T17:40:50","slug":"programmes-formation-emploi","status":"publish","type":"page","link":"https:\/\/portage.ca\/fr\/quebec\/programmes-formation-emploi\/","title":{"rendered":"Programmes de formation \u00e0 l&#8217;emploi"},"content":{"rendered":"\n<h1>\n\t\t\tProgrammes de formation \u00e0 l&#8217;emploi\t<\/h1>\n\t<p class=\"lead\">\u00c0 l&rsquo;origine, nos programmes de r\u00e9insertion \u00e0 l&#8217;emploi ont \u00e9t\u00e9 cr\u00e9\u00e9s afin d&rsquo;aider les dipl\u00f4m\u00e9s des programmes de r\u00e9adaptation en d\u00e9pendance \u00e0 acqu\u00e9rir les habilet\u00e9s n\u00e9cessaires pour r\u00e9int\u00e9grer le march\u00e9 du travail apr\u00e8s les traitements.<\/p>\n<p>Aujourd&rsquo;hui, ces programmes sont financ\u00e9s par Emploi-Qu\u00e9bec et sont offerts \u00e0 tous les adultes qui \u00e9prouvent des difficult\u00e9s \u00e0 obtenir ou \u00e0 maintenir un emploi, en raison d&rsquo;un probl\u00e8me de d\u00e9pendance ou d&rsquo;autres probl\u00e9matiques.<\/p>\n\t<span><span><a href=\"https:\/\/portage.ca\/fr\/\">Accueil<\/a><\/span><\/span>\n<h3>\n\t\t\tCentres de formation \u00e0 l&#8217;emploi  \t<\/h3>\n\t\t<figure itemscope itemtype=\"https:\/\/schema.org\/ImageObject\">\n\t\t\t\t<a href=\"https:\/\/projetmire.com\/\"  target=\"_blank\" rel=\"noopener\"  itemprop=\"url\">\n\t\t\t\t<img decoding=\"async\" src=\"https:\/\/portage.ca\/wp-content\/uploads\/2025\/09\/A9208737-74.jpg\" alt=\"A9208737-74\" height=\"683\" width=\"1024\" title=\"A9208737-74\" onerror=\"this.style.display='none'\" loading=\"lazy\" \/>\n\t\t\t\t<\/a>\n\t<\/figure>\n<h4><a href=\"https:\/\/projetmire.com\/\" target=\"_blank\"  rel=\"noopener\">Montr\u00e9al<\/a><\/h4><p>Mouvement pour l&rsquo;int\u00e9gration et la r\u00e9tention en emploi (MIRE)<\/p>\n\t\t<figure itemscope itemtype=\"https:\/\/schema.org\/ImageObject\">\n\t\t\t\t<a href=\"https:\/\/portage.ca\/fr\/quebec\/centre-formation-emploi\/\"  target=\"_self\" itemprop=\"url\">\n\t\t\t\t<img decoding=\"async\" src=\"https:\/\/portage.ca\/wp-content\/uploads\/2025\/09\/A9300663-62-1.jpg\" alt=\"A9300663-62\" height=\"683\" width=\"1024\" title=\"A9300663-62\" onerror=\"this.style.display='none'\" loading=\"lazy\" \/>\n\t\t\t\t<\/a>\n\t<\/figure>\n<h4><a href=\"https:\/\/portage.ca\/fr\/quebec\/centre-formation-emploi\/\" target=\"_self\">Qu\u00e9bec<\/a><\/h4><p>Centre de formation \u00e0 l&#8217;emploi<\/p>\n<h3>\n\t\t\tService de maintien \u00e0 l&#8217;emploi\t<\/h3>\n\t<p>Un accompagnement personnalis\u00e9 pour favoriser la stabilit\u00e9 profesionnelle<\/p>\n\t\t\t<a href=\"https:\/\/portage.ca\/wp-content\/uploads\/2025\/06\/Service-de-maintien-a-lemploi_final.pdf\"  target=\"_blank\" rel=\"noopener\"    rel=\"noopener\">\n\t\t\t\t\t\t\tT\u00e9l\u00e9charger\n\t\t\t\t\t<\/a>\n\n","protected":false},"excerpt":{"rendered":"<p>Programmes de formation \u00e0 l&#8217;emploi \u00c0 l&rsquo;origine, nos programmes de r\u00e9insertion \u00e0 l&#8217;emploi ont \u00e9t\u00e9 cr\u00e9\u00e9s afin d&rsquo;aider les dipl\u00f4m\u00e9s des programmes de r\u00e9adaptation en d\u00e9pendance \u00e0 acqu\u00e9rir les habilet\u00e9s n\u00e9cessaires pour r\u00e9int\u00e9grer le march\u00e9 du travail apr\u00e8s les traitements. Aujourd&rsquo;hui, ces programmes sont financ\u00e9s par Emploi-Qu\u00e9bec et sont offerts \u00e0 tous les adultes qui&#8230;  <a href=\"https:\/\/portage.ca\/fr\/quebec\/programmes-formation-emploi\/\" class=\"more-link\" title=\"Read Programmes de formation \u00e0 l&#8217;emploi\">Read more &raquo;<\/a><\/p>\n","protected":false},"author":13,"featured_media":10157,"parent":7209,"menu_order":0,"comment_status":"closed","ping_status":"closed","template":"page-full-width.php","meta":{"_acf_changed":false,"footnotes":"","_links_to":"","_links_to_target":""},"class_list":["post-7218","page","type-page","status-publish","has-post-thumbnail","hentry"],"acf":[],"_links":{"self":[{"href":"https:\/\/portage.ca\/fr\/wp-json\/wp\/v2\/pages\/7218","targetHints":{"allow":["GET"]}}],"collection":[{"href":"https:\/\/portage.ca\/fr\/wp-json\/wp\/v2\/pages"}],"about":[{"href":"https:\/\/portage.ca\/fr\/wp-json\/wp\/v2\/types\/page"}],"author":[{"embeddable":true,"href":"https:\/\/portage.ca\/fr\/wp-json\/wp\/v2\/users\/13"}],"replies":[{"embeddable":true,"href":"https:\/\/portage.ca\/fr\/wp-json\/wp\/v2\/comments?post=7218"}],"version-history":[{"count":9,"href":"https:\/\/portage.ca\/fr\/wp-json\/wp\/v2\/pages\/7218\/revisions"}],"predecessor-version":[{"id":47914,"href":"https:\/\/portage.ca\/fr\/wp-json\/wp\/v2\/pages\/7218\/revisions\/47914"}],"up":[{"embeddable":true,"href":"https:\/\/portage.ca\/fr\/wp-json\/wp\/v2\/pages\/7209"}],"wp:featuredmedia":[{"embeddable":true,"href":"https:\/\/portage.ca\/fr\/wp-json\/wp\/v2\/media\/10157"}],"wp:attachment":[{"href":"https:\/\/portage.ca\/fr\/wp-json\/wp\/v2\/media?parent=7218"}],"curies":[{"name":"wp","href":"https:\/\/api.w.org\/{rel}","templated":true}]}}