{"id":7196,"date":"2011-03-17T04:00:00","date_gmt":"2011-03-17T09:00:00","guid":{"rendered":"https:\/\/portage.hamakmarketingnumerique.com\/\/atlantique\/index.html"},"modified":"2026-02-16T11:28:41","modified_gmt":"2026-02-16T16:28:41","slug":"atlantique","status":"publish","type":"page","link":"https:\/\/portage.ca\/fr\/atlantique\/","title":{"rendered":"Atlantique"},"content":{"rendered":"\n<h1>\n\t\t\tPortage <b>Atlantique<\/b>\t<\/h1>\n<h3>\n\t\t\tR\u00e9adaptation en d\u00e9pendance pour adolescents et jeunes adultes\t<\/h3>\n\t\t<h3>Lits disponibles \u2502 <b>Gratuit<\/b> pour les r\u00e9sidents du NB \u2502 Ouvert \u00e0 toutes les provinces de l&rsquo;Atlantique<\/h3>\t\n\t<span><span><a href=\"https:\/\/portage.ca\/fr\/\">Accueil<\/a><\/span><\/span>\n<h3>\n\t\t\tAccompagner les jeunes vers un avenir plus sain\t<\/h3>\n\t<p class=\"lead\">Fond\u00e9 en 1996, Portage Atlantique est un organisme \u00e0 but non lucratif qui offre un programme r\u00e9sidentiel de r\u00e9adaptation en d\u00e9pendance au Nouveau-Brunswick, destin\u00e9 aux adolescents \u00e2g\u00e9s de 14 \u00e0 21 ans provenant de toutes les provinces maritimes.<\/p>\n<p>Gr\u00e2ce \u00e0 l&rsquo;approche de la communaut\u00e9 th\u00e9rapeutique, les r\u00e9sidents apprennent \u00e0 reconna\u00eetre les causes de leurs difficult\u00e9s, \u00e0 d\u00e9velopper des outils pour y faire face et \u00e0 renforcer leur estime de soi afin de mener une vie saine et \u00e9quilibr\u00e9e.<\/p>\n<p><strong>Situ\u00e9 \u00e0 Cassidy Lake, au Nouveau-Brunswick, le centre accueille des jeunes de la Nouvelle-\u00c9cosse, de l&rsquo;\u00cele-du-Prince-\u00c9douard, du Nouveau-Brunswick et de Terre-Neuve-et-Labrador.<\/strong><\/p>\n<h4><a href=\"tel: +18887359800\"><strong>1-888-735-9800<\/strong><\/a><\/h4>\n\t\t\t<a href=\"https:\/\/portage.ca\/fr\/contact\/\"  target=\"_blank\" rel=\"noopener\"    rel=\"noopener\">\n\t\t\t\t\t\t\tD\u00e9bute ton r\u00e9tablissement\n\t\t\t\t\t<\/a>\n\t<iframe allowfullscreen allow=\"autoplay\" data-src=\"https:\/\/player.vimeo.com\/video\/637509145?color&amp;autopause=0&amp;loop=0&amp;muted=0&amp;title=0&amp;portrait=0&amp;byline=0&amp;h\"><\/iframe>\t\t\n\t\t\t\t\tPlay Video\n<h3>\n\t\t\tProgrammes\t<\/h3>\n\t\t<figure itemscope itemtype=\"https:\/\/schema.org\/ImageObject\">\n\t\t\t\t<a href=\"https:\/\/portage.ca\/fr\/atlantique\/programme-pour-adolescents-et-jeunes-adultes-en-atlantique\/\"  target=\"_self\" itemprop=\"url\">\n\t\t\t\t<img decoding=\"async\" src=\"https:\/\/portage.ca\/wp-content\/uploads\/2022\/08\/iStock-976103260-scaled.jpg\" alt=\"\" height=\"1707\" width=\"2560\" onerror=\"this.style.display='none'\" loading=\"lazy\" \/>\n\t\t\t\t<\/a>\n\t<\/figure>\n<h4><a href=\"https:\/\/portage.ca\/fr\/atlantique\/programme-pour-adolescents-et-jeunes-adultes-en-atlantique\/\" target=\"_self\">Centre r\u00e9sidentiel pour jeunes (14-21)<\/a><\/h4>\t\n\t\t<figure itemscope itemtype=\"https:\/\/schema.org\/ImageObject\">\n\t\t\t\t<a href=\"https:\/\/portage.ca\/fr\/atlantique\/programme-soutien-communautaire-moncton-portage-atlantique\/\"  target=\"_self\" itemprop=\"url\">\n\t\t\t\t<img decoding=\"async\" src=\"https:\/\/portage.ca\/wp-content\/uploads\/2023\/08\/4376136-208016459.jpg\" alt=\"4376136-208016459\" height=\"600\" width=\"900\" title=\"4376136-208016459\" onerror=\"this.style.display='none'\" loading=\"lazy\" \/>\n\t\t\t\t<\/a>\n\t<\/figure>\n<h4><a href=\"https:\/\/portage.ca\/fr\/atlantique\/programme-soutien-communautaire-moncton-portage-atlantique\/\" target=\"_self\">Programme de soutien communautaire \u00e0 Moncton<\/a><\/h4>\t\n<h3>\n\t\t\tT\u00e9moignages\t<\/h3>\n<h3>\n\t\t\tNouvelles\t<\/h3>\n\t\t\t<a href=\"\/fr\/atlantique\/nouvelles\/\"  target=\"_self\">\n\t\t\t\t\t\t\tContinuer la lecture\n\t\t\t\t\t<\/a>\n<h1>\n\t\t\tFondation Portage Atlantique\t<\/h1>\n\t<p>Le programme de r\u00e9adaptation en d\u00e9pendance de Portage \u00e0 Cassidy Lake est en partie financ\u00e9 par la Fondation Portage Atlantique, qui recueille des fonds aupr\u00e8s de donateurs priv\u00e9s et corporatifs par le biais d&rsquo;activit\u00e9s de financement.<\/p>\n\t\t\t<a href=\"\/fr\/atlantique\/fondation\/\"  target=\"_self\">\n\t\t\t\t\t\t\tFaire un don\n\t\t\t\t\t<\/a>\n<h3>\n\t\t\tConseil r\u00e9gional de Portage Atlantique \t<\/h3>\n\t<p>Le conseil r\u00e9gional de Portage Atlantique est pr\u00e9sid\u00e9 par David Ferguson, m\u00e9decin de famille \u00e0 la retraite \u00e0 Fredericton et ancien ministre de la sant\u00e9 du Nouveau-Brunswick qui a aid\u00e9 \u00e0 mettre sur pied le centre de Portage en Atlantique. Le conseil est compos\u00e9 de b\u00e9n\u00e9voles qui s&rsquo;impliquent dans leurs communaut\u00e9s et qui assurent la gestions des activit\u00e9s de Portage en Atlantique.<\/p>\n\t<ul>\n<li>David Ferguson, pr\u00e9sident<\/li>\n<li>Erin Flood<\/li>\n<li>Peter A. Howlett<\/li>\n<li>Tammy Johnson<\/li>\n<li>Frederic Laforge<\/li>\n<li>Sherrie Lee Evans<\/li>\n<li>Genevi\u00e8ve Lefebvre<\/li>\n<\/ul>\n\t<ul>\n<li>John Maunder<\/li>\n<li>Ronald Murray<\/li>\n<li>Roderick C. Nolan<\/li>\n<li>Patricia Rogers<\/li>\n<li>Zoe Watson<\/li>\n<li>Frank Wilson<\/li>\n<li>Brad Woodside<\/li>\n<\/ul>\n\n","protected":false},"excerpt":{"rendered":"<p>Portage Atlantique R\u00e9adaptation en d\u00e9pendance pour adolescents et jeunes adultes Lits disponibles \u2502 Gratuit pour les r\u00e9sidents du NB \u2502 Ouvert \u00e0 toutes les provinces de l&rsquo;Atlantique Accompagner les jeunes vers un avenir plus sain Fond\u00e9 en 1996, Portage Atlantique est un organisme \u00e0 but non lucratif qui offre un programme r\u00e9sidentiel de r\u00e9adaptation en&#8230;  <a href=\"https:\/\/portage.ca\/fr\/atlantique\/\" class=\"more-link\" title=\"Read Atlantique\">Read more &raquo;<\/a><\/p>\n","protected":false},"author":13,"featured_media":22578,"parent":0,"menu_order":20,"comment_status":"closed","ping_status":"closed","template":"page-full-width.php","meta":{"_acf_changed":false,"footnotes":"","_links_to":"","_links_to_target":""},"class_list":["post-7196","page","type-page","status-publish","has-post-thumbnail","hentry"],"acf":[],"_links":{"self":[{"href":"https:\/\/portage.ca\/fr\/wp-json\/wp\/v2\/pages\/7196","targetHints":{"allow":["GET"]}}],"collection":[{"href":"https:\/\/portage.ca\/fr\/wp-json\/wp\/v2\/pages"}],"about":[{"href":"https:\/\/portage.ca\/fr\/wp-json\/wp\/v2\/types\/page"}],"author":[{"embeddable":true,"href":"https:\/\/portage.ca\/fr\/wp-json\/wp\/v2\/users\/13"}],"replies":[{"embeddable":true,"href":"https:\/\/portage.ca\/fr\/wp-json\/wp\/v2\/comments?post=7196"}],"version-history":[{"count":11,"href":"https:\/\/portage.ca\/fr\/wp-json\/wp\/v2\/pages\/7196\/revisions"}],"predecessor-version":[{"id":47730,"href":"https:\/\/portage.ca\/fr\/wp-json\/wp\/v2\/pages\/7196\/revisions\/47730"}],"wp:featuredmedia":[{"embeddable":true,"href":"https:\/\/portage.ca\/fr\/wp-json\/wp\/v2\/media\/22578"}],"wp:attachment":[{"href":"https:\/\/portage.ca\/fr\/wp-json\/wp\/v2\/media?parent=7196"}],"curies":[{"name":"wp","href":"https:\/\/api.w.org\/{rel}","templated":true}]}}