{"id":7186,"date":"2011-03-15T04:00:00","date_gmt":"2011-03-15T09:00:00","guid":{"rendered":"https:\/\/portage.hamakmarketingnumerique.com\/\/programmes-adolescents-toxicomanie"},"modified":"2025-12-02T11:46:17","modified_gmt":"2025-12-02T16:46:17","slug":"programmes-adolescents","status":"publish","type":"page","link":"https:\/\/portage.ca\/fr\/services\/programmes-adolescents\/","title":{"rendered":"Programmes pour adolescents"},"content":{"rendered":"\n<h2>\n\t\t\tprogrammes de r\u00e9adaptation en toxicomanie\t<\/h2>\n<h2>\n\t\t\tpour adolescents et les jeunes adultes\t<\/h2>\n\t<p class=\"lead\">Dans un environnement s\u00e9curitaire, les jeunes de 14 \u00e0 21 ans travaillent sur les causes premi\u00e8res de leurs probl\u00e8mes de d\u00e9pendance et ainsi apprennent \u00e0 vivre une vie saine et positive sans avoir recours aux drogues.<\/p>\n<h3>\n\t\t\tProgrammes pour les jeunes (14-21 ans)\t<\/h3>\n\t\t\t\t<a href=\"\/fr\/quebec\/programme-adolescents-francais-ouest\/\"  target=\"_self\" itemprop=\"url\">\n\t\t\t\t<img decoding=\"async\" src=\"https:\/\/portage.ca\/wp-content\/uploads\/bb-plugin\/cache\/202208_Portage_0194-panorama-2ed3ddd6c7b8a062bad8aec033a2f6a7-.jpg\" alt=\"202208_Portage_0194\" itemprop=\"image\" height=\"1365\" width=\"2048\" title=\"202208_Portage_0194\" onerror=\"this.style.display='none'\" loading=\"lazy\" \/>\n\t\t\t\t<\/a>\n<h4><a href=\"\/fr\/quebec\/programme-adolescents-francais-ouest\/\" target=\"_self\">Qu\u00e9bec &#8211; Laurentides<\/a><\/h4><p>Pour les jeunes de l&rsquo;Ouest du Qu\u00e9bec<\/p>\n\t\t\t\t<a href=\"\/fr\/atlantique\/programme-pour-adolescents-et-jeunes-adultes-en-atlantique\/\"  target=\"_self\" itemprop=\"url\">\n\t\t\t\t<img decoding=\"async\" src=\"https:\/\/portage.ca\/wp-content\/uploads\/bb-plugin\/cache\/202208_Portage_0206-photoshop-scaled-panorama-2a56d2e3a72f406f119e1ee7f3be5194-.png\" alt=\"202208_Portage_0206-photoshop\" itemprop=\"image\" height=\"1707\" width=\"2560\" title=\"202208_Portage_0206-photoshop\" onerror=\"this.style.display='none'\" loading=\"lazy\" \/>\n\t\t\t\t<\/a>\n<h4><a href=\"\/fr\/atlantique\/programme-pour-adolescents-et-jeunes-adultes-en-atlantique\/\" target=\"_self\">Nouveau-Brunswick &#8211; Cassidy Lake<\/a><\/h4><p>Pour les jeunes des provinces maritimes.<\/p>\n\t\t\t\t<a href=\"\/fr\/quebec\/programme-adolescents-francais-est\/\"  target=\"_self\" itemprop=\"url\">\n\t\t\t\t<img decoding=\"async\" src=\"https:\/\/portage.ca\/wp-content\/uploads\/bb-plugin\/cache\/20220912_Saint_Malachie_0247-panorama-9a508792fd78e61dbd24294c933e282d-.jpg\" alt=\"20220912_Saint_Malachie_0247\" itemprop=\"image\" height=\"1365\" width=\"2048\" title=\"20220912_Saint_Malachie_0247\" onerror=\"this.style.display='none'\" loading=\"lazy\" \/>\n\t\t\t\t<\/a>\n<h4><a href=\"\/fr\/quebec\/programme-adolescents-francais-est\/\" target=\"_self\">Qu\u00e9bec &#8211; Chaudi\u00e8re-Appalaches<\/a><\/h4><p>Pour les jeunes francophones de l&rsquo;Est du Qu\u00e9bec<\/p>\n\n","protected":false},"excerpt":{"rendered":"<p>programmes de r\u00e9adaptation en toxicomanie pour adolescents et les jeunes adultes Dans un environnement s\u00e9curitaire, les jeunes de 14 \u00e0 21 ans travaillent sur les causes premi\u00e8res de leurs probl\u00e8mes de d\u00e9pendance et ainsi apprennent \u00e0 vivre une vie saine et positive sans avoir recours aux drogues. Programmes pour les jeunes (14-21 ans) Qu\u00e9bec &#8211;&#8230;  <a href=\"https:\/\/portage.ca\/fr\/services\/programmes-adolescents\/\" class=\"more-link\" title=\"Read Programmes pour adolescents\">Read more &raquo;<\/a><\/p>\n","protected":false},"author":13,"featured_media":10157,"parent":12628,"menu_order":0,"comment_status":"closed","ping_status":"closed","template":"page-full-width.php","meta":{"_acf_changed":false,"footnotes":"","_links_to":"","_links_to_target":""},"class_list":["post-7186","page","type-page","status-publish","has-post-thumbnail","hentry"],"acf":[],"_links":{"self":[{"href":"https:\/\/portage.ca\/fr\/wp-json\/wp\/v2\/pages\/7186","targetHints":{"allow":["GET"]}}],"collection":[{"href":"https:\/\/portage.ca\/fr\/wp-json\/wp\/v2\/pages"}],"about":[{"href":"https:\/\/portage.ca\/fr\/wp-json\/wp\/v2\/types\/page"}],"author":[{"embeddable":true,"href":"https:\/\/portage.ca\/fr\/wp-json\/wp\/v2\/users\/13"}],"replies":[{"embeddable":true,"href":"https:\/\/portage.ca\/fr\/wp-json\/wp\/v2\/comments?post=7186"}],"version-history":[{"count":5,"href":"https:\/\/portage.ca\/fr\/wp-json\/wp\/v2\/pages\/7186\/revisions"}],"predecessor-version":[{"id":46710,"href":"https:\/\/portage.ca\/fr\/wp-json\/wp\/v2\/pages\/7186\/revisions\/46710"}],"up":[{"embeddable":true,"href":"https:\/\/portage.ca\/fr\/wp-json\/wp\/v2\/pages\/12628"}],"wp:featuredmedia":[{"embeddable":true,"href":"https:\/\/portage.ca\/fr\/wp-json\/wp\/v2\/media\/10157"}],"wp:attachment":[{"href":"https:\/\/portage.ca\/fr\/wp-json\/wp\/v2\/media?parent=7186"}],"curies":[{"name":"wp","href":"https:\/\/api.w.org\/{rel}","templated":true}]}}