{"id":7182,"date":"2011-03-15T04:00:00","date_gmt":"2011-03-15T09:00:00","guid":{"rendered":"https:\/\/portage.hamakmarketingnumerique.com\/\/gouvernance"},"modified":"2025-11-19T14:16:42","modified_gmt":"2025-11-19T19:16:42","slug":"gouvernance","status":"publish","type":"page","link":"https:\/\/portage.ca\/fr\/a-propos\/gouvernance\/","title":{"rendered":"Gouvernance"},"content":{"rendered":"\n<h1>\n\t\t\tGouvernance\t<\/h1>\n<h4>\n\t\t\tPour une gouvernance saine et transparente\t<\/h4>\n\t<span><span><a href=\"https:\/\/portage.ca\/fr\/\">Accueil<\/a><\/span><\/span>\n\t<p class=\"lead\">Depuis sa fondation en 1970,\u00a0Portage\u00a0se distingue par sa discipline organisationnelle et son engagement communautaire. Gr\u00e2ce \u00e0 la pers\u00e9v\u00e9rance, la comp\u00e9tence, le d\u00e9vouement et le leadership de son \u00e9quipe, l&rsquo;organisation a su remplir sa mission et surmonter de nombreux d\u00e9fis.<\/p>\n<h3>\n\t\t\tConseil d&rsquo;administration\t<\/h3>\n\t<p>Le\u00a0Conseil d&rsquo;administration\u00a0(CA) de Portage est compos\u00e9 d&rsquo;un maximum de 25 membres, incluant les pr\u00e9sidents des conseils r\u00e9gionaux de l&rsquo;Atlantique. \u00c9lus chaque ann\u00e9e lors de l&rsquo;Assembl\u00e9e g\u00e9n\u00e9rale annuelle, les membres du CA ont la responsabilit\u00e9 l\u00e9gale et fiduciaire de la conduite des affaires de la Soci\u00e9t\u00e9.<\/p>\n<p>Ces membres, qui offrent g\u00e9n\u00e9reusement leur temps et leur \u00e9nergie, veillent \u00e0 la bonne marche de l&rsquo;organisme. Certains d&rsquo;entre eux participent aux travaux de divers comit\u00e9s qui soutiennent les programmes cliniques et l&rsquo;administration de l&rsquo;organisme.<\/p>\n<p>Le CA s&rsquo;appuie sur des conseils r\u00e9gionaux pour les enjeux locaux et des comit\u00e9s sp\u00e9cialis\u00e9s pour des mandats pr\u00e9cis.<\/p>\n\n\t<ul>\n<li>Genevi\u00e8ve Lefebvre, pr\u00e9sidente de Portage<\/li>\n<li>Jason B\u00e9langer, pr\u00e9sident du conseil<\/li>\n<li>Peter A. Howlett, membre \u00e9m\u00e9rite<\/li>\n<li>Rita Apa<\/li>\n<li>Luc Bellemare<\/li>\n<li>Maxime Dub\u00e9<\/li>\n<li>Sara Erskine<\/li>\n<li>David Fergusson<\/li>\n<li>Pierre Gagnon<\/li>\n<\/ul>\n\t<ul>\n<li>Jane Howlett<\/li>\n<li>Matthew Inton<\/li>\n<li>Gurit Lotan<\/li>\n<li>Pierre-Yves M\u00e9nard<\/li>\n<li>Dorothy Reitman<\/li>\n<li>Andr\u00e9 Roy<\/li>\n<li>Georgia Tournas<\/li>\n<li>Ann Vroom<\/li>\n<\/ul>\n<h3>\n\t\t\tConseil des gouverneurs\t<\/h3>\n\t<p>Le conseil des gouverneurs de Portage est constitu\u00e9 d&rsquo;un maximum de 250 membres votants, parmi lesquels on compte jusqu&rsquo;\u00e0 35 membres provenant de l&rsquo;Atlantique. Les candidatures au conseil des gouverneurs sont soumises \u00e0 l&rsquo;Assembl\u00e9e G\u00e9n\u00e9rale Annuelle, qui \u00e9lit les gouverneurs pour un terme d&rsquo;un an.<\/p>\n<h3>\n\t\t\tComit\u00e9s permanents\t<\/h3>\n\t<p>Les membres des comit\u00e9s sont recrut\u00e9s parmi les gouverneurs. Les comit\u00e9s si\u00e8gent \u00e0 la demande du CA. Chaque comit\u00e9 est constitu\u00e9 d&rsquo;au moins trois membres. Sur la recommandation du comit\u00e9 de gouvernance, le conseil nomme les pr\u00e9sidents et les copr\u00e9sidents des comit\u00e9s. Les comit\u00e9s peuvent cr\u00e9er des sous-comit\u00e9s constitu\u00e9s de leurs membres pour traiter certains sujets, projets ou programmes.<\/p>\n\n\t<ul>\n<li>Comit\u00e9 des communications et des relations gouvernementales<\/li>\n<li>Comit\u00e9 des finances<\/li>\n<li>Comit\u00e9 de gouvernance<\/li>\n<li>Comit\u00e9 des ressources humaines<\/li>\n<li>Comit\u00e9 programmes et vigilance<\/li>\n<li>Comit\u00e9 propri\u00e9t\u00e9s, environnement et \u00e9nergie<\/li>\n<\/ul>\n<h3>\n\t\t\tConseil r\u00e9gional\t<\/h3>\n\t<p>Le conseil r\u00e9gional, compos\u00e9 de leaders communautaires, assure la bonne gouvernance de Portage Atlantique, supervise les op\u00e9rations du centre dans cette r\u00e9gion et veille \u00e0 la transparence des services.<\/p>\n<h3>\n\t\t\tConseil d&rsquo;administration de la Fondation Portage\t<\/h3>\n\t<p>Le conseil d&rsquo;administration de la Fondation Portage supervise les activit\u00e9s de financement et veille \u00e0 une saine gestion financi\u00e8re. Ses membres offrent g\u00e9n\u00e9reusement leur temps et leur expertise pour soutenir la mission de Portage et contribuer \u00e0 assurer les ressources n\u00e9cessaires au maintien de ses programmes.<\/p>\n\n\t<ul>\n<li>Alexandre Viau, pr\u00e9sident du conseil<\/li>\n<li>Richard Mayrand, vice-pr\u00e9sident du conseil<\/li>\n<li>Georgia Tournas, tr\u00e9sori\u00e8re du conseil<\/li>\n<li>Dave Ferguson<\/li>\n<li>Robin Gamache<\/li>\n<li>Tricia Kuhl<\/li>\n<li>Andr\u00e9 Roy<\/li>\n<\/ul>\n\n","protected":false},"excerpt":{"rendered":"<p>Gouvernance Pour une gouvernance saine et transparente Depuis sa fondation en 1970,\u00a0Portage\u00a0se distingue par sa discipline organisationnelle et son engagement communautaire. Gr\u00e2ce \u00e0 la pers\u00e9v\u00e9rance, la comp\u00e9tence, le d\u00e9vouement et le leadership de son \u00e9quipe, l&rsquo;organisation a su remplir sa mission et surmonter de nombreux d\u00e9fis. Conseil d&rsquo;administration Le\u00a0Conseil d&rsquo;administration\u00a0(CA) de Portage est compos\u00e9 d&rsquo;un&#8230;  <a href=\"https:\/\/portage.ca\/fr\/a-propos\/gouvernance\/\" class=\"more-link\" title=\"Read Gouvernance\">Read more &raquo;<\/a><\/p>\n","protected":false},"author":13,"featured_media":10157,"parent":12641,"menu_order":0,"comment_status":"closed","ping_status":"closed","template":"page-full-width.php","meta":{"_acf_changed":false,"footnotes":"","_links_to":"","_links_to_target":""},"class_list":["post-7182","page","type-page","status-publish","has-post-thumbnail","hentry"],"acf":[],"_links":{"self":[{"href":"https:\/\/portage.ca\/fr\/wp-json\/wp\/v2\/pages\/7182","targetHints":{"allow":["GET"]}}],"collection":[{"href":"https:\/\/portage.ca\/fr\/wp-json\/wp\/v2\/pages"}],"about":[{"href":"https:\/\/portage.ca\/fr\/wp-json\/wp\/v2\/types\/page"}],"author":[{"embeddable":true,"href":"https:\/\/portage.ca\/fr\/wp-json\/wp\/v2\/users\/13"}],"replies":[{"embeddable":true,"href":"https:\/\/portage.ca\/fr\/wp-json\/wp\/v2\/comments?post=7182"}],"version-history":[{"count":26,"href":"https:\/\/portage.ca\/fr\/wp-json\/wp\/v2\/pages\/7182\/revisions"}],"predecessor-version":[{"id":46600,"href":"https:\/\/portage.ca\/fr\/wp-json\/wp\/v2\/pages\/7182\/revisions\/46600"}],"up":[{"embeddable":true,"href":"https:\/\/portage.ca\/fr\/wp-json\/wp\/v2\/pages\/12641"}],"wp:featuredmedia":[{"embeddable":true,"href":"https:\/\/portage.ca\/fr\/wp-json\/wp\/v2\/media\/10157"}],"wp:attachment":[{"href":"https:\/\/portage.ca\/fr\/wp-json\/wp\/v2\/media?parent=7182"}],"curies":[{"name":"wp","href":"https:\/\/api.w.org\/{rel}","templated":true}]}}