{"id":7178,"date":"2011-03-15T04:00:00","date_gmt":"2011-03-15T09:00:00","guid":{"rendered":"https:\/\/portage.hamakmarketingnumerique.com\/\/therapie-competences-readapation-toxicomanie"},"modified":"2024-02-28T09:52:50","modified_gmt":"2024-02-28T14:52:50","slug":"competences","status":"publish","type":"page","link":"https:\/\/portage.ca\/fr\/competences\/","title":{"rendered":"Les 21 comp\u00e9tences"},"content":{"rendered":"\n\n\t<p class=\"lead\">Tous nos programmes de r\u00e9adaptation en toxicomanie pr\u00e9conisent l&rsquo;acquisition de 21 comp\u00e9tences..<\/p>\n<p>Ces comp\u00e9tences constituent l&rsquo;ensemble des connaissances, des habilet\u00e9s et de l&rsquo;attitude qui permet de se r\u00e9aliser sur les plans social, professionnel et scolaire.<\/p>\n\t&#8211; \u00catre organis\u00e9 et ordonn\u00e9<br \/>\n&#8211; \u00catre fiable<br \/>\n&#8211; \u00catre constant<br \/>\n&#8211; Faire preuve d&rsquo;un leadership positif<br \/>\n&#8211; Savoir planifier des activit\u00e9s<br \/>\n&#8211; Savoir transf\u00e9rer ses apprentissages<br \/>\n&#8211; Savoir transmettre ses connaissances<br \/>\n&#8211; S&rsquo;exprimer de fa\u00e7on appropri\u00e9e<br \/>\n&#8211; Faire preuve d&rsquo;initiative<br \/>\n&#8211; Accepter d&rsquo;\u00eatre supervis\u00e9<br \/>\n&#8211; Savoir encourager et soutenir<br \/>\n&#8211; Communiquer efficacement<br \/>\n&#8211; Savoir travailler en \u00e9quipe<br \/>\n&#8211; Savoir s&rsquo;int\u00e9grer socialement<br \/>\n&#8211; \u00catre objectif<br \/>\n&#8211; \u00catre empathique<br \/>\n&#8211; Savoir prendre des d\u00e9cisions<br \/>\n&#8211; Savoir demander de l&rsquo;aide<br \/>\n&#8211; Savoir r\u00e9soudre des probl\u00e8mes<br \/>\n&#8211; Savoir r\u00e9soudre des conflits<br \/>\n&#8211; Savoir poser un regard sur soi\n\t<iframe allowfullscreen allow=\"autoplay\" src=\"https:\/\/player.vimeo.com\/video\/917282566?color&amp;autopause=0&amp;loop=0&amp;muted=0&amp;title=0&amp;portrait=0&amp;byline=0&amp;h&amp;share=copy#t=\"><\/iframe>\t\n\n","protected":false},"excerpt":{"rendered":"<p>Tous nos programmes de r\u00e9adaptation en toxicomanie pr\u00e9conisent l&rsquo;acquisition de 21 comp\u00e9tences.. Ces comp\u00e9tences constituent l&rsquo;ensemble des connaissances, des habilet\u00e9s et de l&rsquo;attitude qui permet de se r\u00e9aliser sur les plans social, professionnel et scolaire. &#8211; \u00catre organis\u00e9 et ordonn\u00e9 &#8211; \u00catre fiable &#8211; \u00catre constant &#8211; Faire preuve d&rsquo;un leadership positif &#8211; Savoir planifier&#8230;  <a href=\"https:\/\/portage.ca\/fr\/competences\/\" class=\"more-link\" title=\"Read Les 21 comp\u00e9tences\">Read more &raquo;<\/a><\/p>\n","protected":false},"author":13,"featured_media":10157,"parent":0,"menu_order":0,"comment_status":"closed","ping_status":"closed","template":"page-full-width.php","meta":{"_acf_changed":false,"footnotes":"","_links_to":"","_links_to_target":""},"class_list":["post-7178","page","type-page","status-publish","has-post-thumbnail","hentry"],"acf":[],"_links":{"self":[{"href":"https:\/\/portage.ca\/fr\/wp-json\/wp\/v2\/pages\/7178","targetHints":{"allow":["GET"]}}],"collection":[{"href":"https:\/\/portage.ca\/fr\/wp-json\/wp\/v2\/pages"}],"about":[{"href":"https:\/\/portage.ca\/fr\/wp-json\/wp\/v2\/types\/page"}],"author":[{"embeddable":true,"href":"https:\/\/portage.ca\/fr\/wp-json\/wp\/v2\/users\/13"}],"replies":[{"embeddable":true,"href":"https:\/\/portage.ca\/fr\/wp-json\/wp\/v2\/comments?post=7178"}],"version-history":[{"count":4,"href":"https:\/\/portage.ca\/fr\/wp-json\/wp\/v2\/pages\/7178\/revisions"}],"predecessor-version":[{"id":39544,"href":"https:\/\/portage.ca\/fr\/wp-json\/wp\/v2\/pages\/7178\/revisions\/39544"}],"wp:featuredmedia":[{"embeddable":true,"href":"https:\/\/portage.ca\/fr\/wp-json\/wp\/v2\/media\/10157"}],"wp:attachment":[{"href":"https:\/\/portage.ca\/fr\/wp-json\/wp\/v2\/media?parent=7178"}],"curies":[{"name":"wp","href":"https:\/\/api.w.org\/{rel}","templated":true}]}}