{"id":7176,"date":"2011-03-15T04:00:00","date_gmt":"2011-03-15T09:00:00","guid":{"rendered":"https:\/\/portage.hamakmarketingnumerique.com\/\/approche-therapeutique"},"modified":"2026-03-11T13:37:35","modified_gmt":"2026-03-11T18:37:35","slug":"approche-therapeutique","status":"publish","type":"page","link":"https:\/\/portage.ca\/fr\/approche-therapeutique\/","title":{"rendered":"L\u2019approche th\u00e9rapeutique"},"content":{"rendered":"\n<h1>\n\t\t\tVaincre ses d\u00e9pendances gr\u00e2ce \u00e0 la communaut\u00e9 th\u00e9rapeutique\t<\/h1>\n<h4>\n\t\t\tNos programmes de r\u00e9adaptation en d\u00e9pendance reposent sur les principes de la communaut\u00e9 th\u00e9rapeutique, et d&rsquo;une approche participative et collective de soutien.\t<\/h4>\n\t<span><span><a href=\"https:\/\/portage.ca\/fr\/\">Accueil<\/a><\/span><\/span>\n\t\t<iframe loading=\"lazy\" title=\"Programme pour adolescents et jeunes adultes, Laurentides\" src=\"https:\/\/player.vimeo.com\/video\/1101330466?dnt=1&amp;app_id=122963\" width=\"580\" height=\"326\" frameborder=\"0\" allow=\"autoplay; fullscreen; picture-in-picture; clipboard-write; encrypted-media; web-share\" referrerpolicy=\"strict-origin-when-cross-origin\"><\/iframe>\t\n\t<p class=\"lead\">Personne ne sait exactement ce que c&rsquo;est que d&rsquo;\u00eatre toi, mais un grand nombre de personnes ont fait face \u00e0 des difficult\u00e9s semblables aux tiennes et ont r\u00e9ussi \u00e0 reprendre leur vie en main. Chez Portage, tu auras l&rsquo;appui d&rsquo;une communaut\u00e9 de personnes qui ont le m\u00eame objectif que toi, et vous travaillerez ensemble \u00e0 atteindre cet objectif.<\/p>\n<p>Pendant ton s\u00e9jour, tu vas :<\/p>\n<ul>\n<li>Apprendre beaucoup sur toi-m\u00eame<\/li>\n<li>Travailler sur les causes premi\u00e8res de tes probl\u00e8mes de d\u00e9pendance<\/li>\n<li>Acqu\u00e9rir les comp\u00e9tences n\u00e9cessaires pour r\u00e9ussir \u00e0 l&rsquo;\u00e9cole ou au travail, et formuler un plan pour l&rsquo;avenir<\/li>\n<li>Adopter un style de vie sain : te nourrir sainement, bien dormir, participer \u00e0 des activit\u00e9s socioculturelles et r\u00e9cr\u00e9atives<\/li>\n<li>Apprendre \u00e0 t&rsquo;aimer toi-m\u00eame.<\/li>\n<\/ul>\n<p>Un s\u00e9jour de plusieurs mois dans un centre de r\u00e9adaptation en d\u00e9pendance peut te sembler une \u00e9ternit\u00e9, mais le temps pass\u00e9 est un investissement qui te sera b\u00e9n\u00e9fique le reste de ta vie.<\/p>\n<h3>\n\t\t\tLa d\u00e9marche th\u00e9rapeutique\t<\/h3>\n\t<p>Les nouveaux r\u00e9sidents sont accueillis par d&rsquo;autres membres de la communaut\u00e9 qui sont plus avanc\u00e9s dans leur d\u00e9marche. Encadr\u00e9s par une \u00e9quipe d&rsquo;intervenants cliniques, les r\u00e9sidents sont encourag\u00e9s \u00e0 se soutenir et \u00e0 s&rsquo;entraider pour cheminer dans les diff\u00e9rentes phases du programme. L&rsquo;ensemble des phases refl\u00e8te le processus de changement selon les objectifs suivants :<\/p>\n<h4>\n\t\t\t<ul><li> Recevoir une \u00e9valuation et se familiariser aux principes de la communaut\u00e9 th\u00e9rapeutique<\/li><\/ul>\t<\/h4>\n<h4>\n\t\t\t<ul><li>Assumer des responsabilit\u00e9s au sein de la communaut\u00e9<\/li><\/ul>\t<\/h4>\n<h4>\n\t\t\t<ul><li>Pr\u00e9parer son retour progressif \u00e0 la vie en soci\u00e9t\u00e9<\/li><\/ul>\t<\/h4>\n<h4>\n\t\t\t<ul><li>R\u00e9int\u00e9grer la soci\u00e9t\u00e9 et g\u00e9rer les d\u00e9fis qui y sont associ\u00e9s<\/li><\/ul>\t<\/h4>\n<h4>\n\t\t\t<ul><li>Participer activement \u00e0 la d\u00e9marche de r\u00e9adaptation en utilisant les outils propos\u00e9s<\/li><\/ul>\t<\/h4>\n<h4>\n\t\t\t<ul><li>Montrer l&rsquo;exemple aux membres du groupe<\/li><\/ul>\t<\/h4>\n<h4>\n\t\t\t<ul><li>Int\u00e9grer le groupe et exp\u00e9rimenter les outils th\u00e9rapeutiques<\/li><\/ul>\t<\/h4>\n\t\t\t\t<p>\u00c0 Portage, on a un vrai sentiment d&rsquo;appartenance gr\u00e2ce \u00e0 la communaut\u00e9 th\u00e9rapeutique. On prend soin les uns des autres et on retrouve des responsabilit\u00e9s.<\/p>\n\t\t\t\t<h4>Michel, programme adulte, Lac \u00c9cho<\/h4>\n\t<p>&nbsp;<\/p>\n<p>En tant que membres de la communaut\u00e9 th\u00e9rapeutique de Portage, nos r\u00e9sidents partagent leur quotidien avec un groupe de personnes qui traversent des difficult\u00e9s similaires, en s&rsquo;aidant mutuellement \u00e0 reconna\u00eetre les causes premi\u00e8res de leur probl\u00e8me de d\u00e9pendance et \u00e0 cibler des solutions afin d&rsquo;y faire face.<\/p>\n<p>Dans un environnement d&rsquo;entraide, nos r\u00e9sidents se soutiennent\u00a0mutuellement\u00a0dans leur d\u00e9marche. Ils apprennent des autres r\u00e9sidents, de leurs intervenants et, surtout, d&rsquo;eux-m\u00eames.<\/p>\n<p>Chez Portage, le respect est la base de toutes les interventions. L&rsquo;approche de la communaut\u00e9 th\u00e9rapeutique mise sur le mod\u00e8le de bien-\u00eatre des r\u00e9sidents, en\u00a0fournissant\u00a0des outils efficaces pour\u00a0se prendre en main\u00a0et pour\u00a0acqu\u00e9rir la\u00a0confiance\u00a0et\u00a0l&rsquo;espoir &#8211; l&rsquo;espoir de pouvoir choisir de mener la vie qu&rsquo;ils souhaitent, l&rsquo;espoir de pouvoir \u00eatre ce qu&rsquo;ils veulent r\u00e9ellement, lib\u00e9r\u00e9s de leur probl\u00e8me de d\u00e9pendance.<\/p>\n\t\t\t\t\t\t\t\t\t<img loading=\"lazy\" decoding=\"async\" src=\"https:\/\/portage.ca\/wp-content\/uploads\/2022\/08\/202208_Portage_0188-scaled.jpg\" alt=\"202208_Portage_0188\" itemprop=\"image\" height=\"1707\" width=\"2560\" srcset=\"https:\/\/portage.ca\/wp-content\/uploads\/2022\/08\/202208_Portage_0188-scaled.jpg 2560w, https:\/\/portage.ca\/wp-content\/uploads\/2022\/08\/202208_Portage_0188-300x200.jpg 300w, https:\/\/portage.ca\/wp-content\/uploads\/2022\/08\/202208_Portage_0188-1024x683.jpg 1024w, https:\/\/portage.ca\/wp-content\/uploads\/2022\/08\/202208_Portage_0188-1536x1024.jpg 1536w, https:\/\/portage.ca\/wp-content\/uploads\/2022\/08\/202208_Portage_0188-2048x1365.jpg 2048w\" sizes=\"auto, (max-width: 2560px) 100vw, 2560px\" title=\"202208_Portage_0188\" onerror=\"this.style.display='none'\"  \/>\n<h3>\n\t\t\tL&rsquo;accompagnement individuel\t<\/h3>\n\t<p>La planification du traitement est le r\u00e9sultat d&rsquo;une collaboration entre les r\u00e9sidents et les intervenants. Il s&rsquo;agit d&rsquo;un processus d&rsquo;inclusion sociale qui fait appel \u00e0 la participation de la famille, de l&rsquo;entourage et de diff\u00e9rentes ressources externes.<\/p>\n<p>Chaque client a son propre plan de traitement, qui tient compte de ses besoins individuels, notamment en ce qui a trait \u00e0 la d\u00e9pendance, \u00e0 la sant\u00e9 physique et mentale, au d\u00e9veloppement personnel, aux habilet\u00e9s sociales, aux habilet\u00e9s parentales (selon le besoin), aux relations interpersonnelles et familiales, et \u00e0 la r\u00e9insertion sociale.<\/p>\n<h3>\n\t\t\tLes comp\u00e9tences\t<\/h3>\n\t<p>Au fur et \u00e0 mesure que nos r\u00e9sidents progressent dans leur traitement, ils acqui\u00e8rent et d\u00e9veloppent les comp\u00e9tences n\u00e9cessaires pour mieux g\u00e9rer les d\u00e9fis du quotidien. Communiquer efficacement, \u00eatre fiable, travailler en \u00e9quipe et r\u00e9soudre les conflits sont quelques-unes des comp\u00e9tences acquises en th\u00e9rapie.<\/p>\n<p>Pour une liste compl\u00e8te, consultez : <strong><a href=\"\/fr\/a-propos\/competences\/\">Les comp\u00e9tences de Portage<\/a><\/strong><\/p>\n\t\t\t\t<p>Lorsque je suis entr\u00e9 dans le programme, j&rsquo;ai compris ce qu&rsquo;\u00e9tait une communaut\u00e9, car je n&rsquo;en avais pas auparavant. J&rsquo;avais un mentor pour me guider, et finalement, des mois plus tard, je suis devenu ce mentor pour les nouveaux r\u00e9sidents. C&rsquo;est tr\u00e8s valorisant de pouvoir aider des gens qui ont v\u00e9cu ce que j&rsquo;ai v\u00e9cu quelques mois auparavant.<\/p>\n\t\t\t\t<h4>Jack, programme adolescents anglophones, Lac \u00c9cho<\/h4>\n<h3>\n\t\t\tLes meilleures pratiques\t<\/h3>\n\t<p>Le mod\u00e8le de la communaut\u00e9 th\u00e9rapeutique repose sur les meilleures pratiques en \u00a0r\u00e9adaptation en d\u00e9pendance, en y int\u00e9grant :<\/p>\n<h4>\n\t\t\t<ul><li>les efforts personnels<\/li><\/ul>\t<\/h4>\n<h4>\n\t\t\t<ul><li>le milieu th\u00e9rapeutique<\/li><\/ul>\t<\/h4>\n<h4>\n\t\t\t<ul><li>le soutien de la communaut\u00e9<\/li><\/ul>\t<\/h4>\n<h4>\n\t\t\t<ul><li>l&rsquo;exemple des pairs<\/li><\/ul>\t<\/h4>\n<h4>\n\t\t\t<ul><li>l&rsquo;apprentissage social<\/li><\/ul>\t<\/h4>\n<h4>\n\t\t\t<ul><li>la gestion de cas individuelle<\/li><\/ul>\t<\/h4>\n<h4>\n\t\t\t<ul><li>le rattrapage scolaire<\/li><\/ul>\t<\/h4>\n<h4>\n\t\t\t<ul><li>le soutien \u00e0 la famille et \u00e0 l&rsquo;entourage<\/li><\/ul>\t<\/h4>\n<h4>\n\t\t\t<ul><li>l&rsquo;acc\u00e8s au soutien psychiatrique<\/li><\/ul>\t<\/h4>\n\n","protected":false},"excerpt":{"rendered":"<p>Vaincre ses d\u00e9pendances gr\u00e2ce \u00e0 la communaut\u00e9 th\u00e9rapeutique Nos programmes de r\u00e9adaptation en d\u00e9pendance reposent sur les principes de la communaut\u00e9 th\u00e9rapeutique, et d&rsquo;une approche participative et collective de soutien. Personne ne sait exactement ce que c&rsquo;est que d&rsquo;\u00eatre toi, mais un grand nombre de personnes ont fait face \u00e0 des difficult\u00e9s semblables aux tiennes&#8230;  <a href=\"https:\/\/portage.ca\/fr\/approche-therapeutique\/\" class=\"more-link\" title=\"Read L\u2019approche th\u00e9rapeutique\">Read more &raquo;<\/a><\/p>\n","protected":false},"author":13,"featured_media":10157,"parent":0,"menu_order":0,"comment_status":"closed","ping_status":"closed","template":"","meta":{"_acf_changed":false,"footnotes":"","_links_to":"","_links_to_target":""},"class_list":["post-7176","page","type-page","status-publish","has-post-thumbnail","hentry"],"acf":[],"_links":{"self":[{"href":"https:\/\/portage.ca\/fr\/wp-json\/wp\/v2\/pages\/7176","targetHints":{"allow":["GET"]}}],"collection":[{"href":"https:\/\/portage.ca\/fr\/wp-json\/wp\/v2\/pages"}],"about":[{"href":"https:\/\/portage.ca\/fr\/wp-json\/wp\/v2\/types\/page"}],"author":[{"embeddable":true,"href":"https:\/\/portage.ca\/fr\/wp-json\/wp\/v2\/users\/13"}],"replies":[{"embeddable":true,"href":"https:\/\/portage.ca\/fr\/wp-json\/wp\/v2\/comments?post=7176"}],"version-history":[{"count":11,"href":"https:\/\/portage.ca\/fr\/wp-json\/wp\/v2\/pages\/7176\/revisions"}],"predecessor-version":[{"id":47944,"href":"https:\/\/portage.ca\/fr\/wp-json\/wp\/v2\/pages\/7176\/revisions\/47944"}],"wp:featuredmedia":[{"embeddable":true,"href":"https:\/\/portage.ca\/fr\/wp-json\/wp\/v2\/media\/10157"}],"wp:attachment":[{"href":"https:\/\/portage.ca\/fr\/wp-json\/wp\/v2\/media?parent=7176"}],"curies":[{"name":"wp","href":"https:\/\/api.w.org\/{rel}","templated":true}]}}