{"id":7158,"date":"2011-03-17T04:00:00","date_gmt":"2011-03-17T09:00:00","guid":{"rendered":"https:\/\/portage.hamakmarketingnumerique.com\/\/quebec\/soiree-hommage"},"modified":"2025-10-10T13:34:17","modified_gmt":"2025-10-10T18:34:17","slug":"soiree-grands-philanthropes","status":"publish","type":"page","link":"https:\/\/portage.ca\/fr\/soiree-grands-philanthropes\/","title":{"rendered":"La Soir\u00e9e des Grands Philanthropes"},"content":{"rendered":"\n\n\t\t\t<img decoding=\"async\" loading=\"false\" src=\"https:\/\/portage.ca\/wp-content\/uploads\/2022\/12\/20180920_portage_315-scaled.jpg\" alt=\"\" \/>\t\t\t\n\t\t\t<img decoding=\"async\" loading=\"false\" src=\"https:\/\/portage.ca\/wp-content\/uploads\/2019\/01\/20180920_portage_078.jpg\" alt=\"\" \/>\t\t\t\n\t\t\t<img decoding=\"async\" loading=\"false\" src=\"https:\/\/portage.ca\/wp-content\/uploads\/2019\/01\/20180920_portage_204.jpg\" alt=\"\" \/>\t\t\t\n\t\t\t<img decoding=\"async\" loading=\"false\" src=\"https:\/\/portage.ca\/wp-content\/uploads\/2019\/01\/20180920_portage_277-e1548790454288.jpg\" alt=\"\" \/>\t\t\t\n\t\t\t<img decoding=\"async\" loading=\"false\" src=\"https:\/\/portage.ca\/wp-content\/uploads\/2019\/01\/20180920_portage_147.jpg\" alt=\"\" \/>\t\t\t\n\t<p class=\"lead\">La Soir\u00e9e des Grands Philanthropes est l&rsquo;occasion de rendre hommage \u00e0 une personnalit\u00e9 marquante du monde des affaires qu\u00e9b\u00e9cois. Depuis 2004, Portage rend hommage \u00e0 des chefs de file, des entrepreneurs et des grands philanthropes qui participent \u00e0 l&rsquo;essor \u00e9conomique du Qu\u00e9bec et \u00e0 son rayonnement au Canada et \u00e0 l&rsquo;\u00e9tranger. Ces personnes exceptionnelles cultivent l&rsquo;excellence et contribuent \u00e0 l&rsquo;avancement et au mieux-\u00eatre de la soci\u00e9t\u00e9 par leur engagement et leur vision. Tous les profits de cet \u00e9v\u00e9nement prestigieux sont remis \u00e0 Portage afin de financer ses <a href=\"..\/..\/..\/\">programmes de r\u00e9adaptation en toxicomanie<\/a>.<\/p>\n<p>La 11e et 12e \u00e9dition de la Soir\u00e9e des Grands Philanthropes, soit l&rsquo;hommage \u00e0 Louis Vachon et Jean-Guy Desjardins ont remport\u00e9 le prix pour la cat\u00e9gorie du meilleur \u00e9v\u00e9nement de lev\u00e9e de fonds pour un organisme communautaire au Canada au <em>Canadian Event Industry Awards<\/em> \u00e0 Toronto. C&rsquo;est un immense honneur pour Portage de recevoir une telle reconnaissance pour une deuxi\u00e8me ann\u00e9e cons\u00e9cutive dans cette cat\u00e9gorie. Les membres du jury du Canadian Event Industry Awards s\u00e9lectionnent le gagnant parmi des centaines de candidatures \u00e0 travers le Canada.<\/p>\n<p>&nbsp;<\/p>\n<p>Si vous souhaitez prendre part \u00e0 cette activit\u00e9 ou obtenir de l&rsquo;information sur cet \u00e9v\u00e9nement, veuillez communiquer avec la Fondation Portage au 514-939-0202 ou par courriel <a href=\"mailto:fondation@portage.ca\">fondation@portage.ca<\/a>.<\/p>\n\t<p>Voici les Grands Philanthropes qui ont \u00e9t\u00e9 honor\u00e9s au fil des ans :<\/p>\n<p><strong>2023 &#8211; Guy Cormier<\/strong><\/p>\n<p>2022 &#8211; Lino A. Saputo<\/p>\n<p>2021 &#8211; Alain Lemaire et Robert Tessier<\/p>\n<p>2020 &#8211; Hommage aux philanthropes<\/p>\n<p>2019 &#8211; Louis Audet<\/p>\n<p>2018 &#8211; Isabelle Marcoux et Fran\u00e7ois Olivier<\/p>\n<p>2017 &#8211; Daniel Lamarre<\/p>\n<p>2016 &#8211; Monique Leroux<\/p>\n<p>2015 &#8211; Jean-Guy Desjardins<\/p>\n<p>2014 &#8211; Louis Vachon<\/p>\n<p>2013 &#8211; Paul Desmarais, jr<\/p>\n<p>2012 &#8211; Laurent Beaudoin<\/p>\n<p>2011 &#8211; Serge Godin<\/p>\n<p>2010 &#8211; Lino Saputo Sr.<\/p>\n<p>2009 &#8211; Raymond Royer<\/p>\n<p>2008 &#8211; Alban D&rsquo;Amours<\/p>\n<p>2007 &#8211; Michael Sabia<\/p>\n<p>2006 &#8211; R\u00e9mi Marcoux<\/p>\n<p>2005 &#8211; Andr\u00e9 Chagnon<\/p>\n<p>2004 &#8211; Andr\u00e9 B\u00e9rard<\/p>\n\n","protected":false},"excerpt":{"rendered":"<p>La Soir\u00e9e des Grands Philanthropes est l&rsquo;occasion de rendre hommage \u00e0 une personnalit\u00e9 marquante du monde des affaires qu\u00e9b\u00e9cois. Depuis 2004, Portage rend hommage \u00e0 des chefs de file, des entrepreneurs et des grands philanthropes qui participent \u00e0 l&rsquo;essor \u00e9conomique du Qu\u00e9bec et \u00e0 son rayonnement au Canada et \u00e0 l&rsquo;\u00e9tranger. Ces personnes exceptionnelles cultivent&#8230;  <a href=\"https:\/\/portage.ca\/fr\/soiree-grands-philanthropes\/\" class=\"more-link\" title=\"Read La Soir\u00e9e des Grands Philanthropes\">Read more &raquo;<\/a><\/p>\n","protected":false},"author":13,"featured_media":10157,"parent":0,"menu_order":0,"comment_status":"closed","ping_status":"closed","template":"","meta":{"_acf_changed":false,"footnotes":"","_links_to":"","_links_to_target":""},"class_list":["post-7158","page","type-page","status-publish","has-post-thumbnail","hentry"],"acf":[],"_links":{"self":[{"href":"https:\/\/portage.ca\/fr\/wp-json\/wp\/v2\/pages\/7158","targetHints":{"allow":["GET"]}}],"collection":[{"href":"https:\/\/portage.ca\/fr\/wp-json\/wp\/v2\/pages"}],"about":[{"href":"https:\/\/portage.ca\/fr\/wp-json\/wp\/v2\/types\/page"}],"author":[{"embeddable":true,"href":"https:\/\/portage.ca\/fr\/wp-json\/wp\/v2\/users\/13"}],"replies":[{"embeddable":true,"href":"https:\/\/portage.ca\/fr\/wp-json\/wp\/v2\/comments?post=7158"}],"version-history":[{"count":6,"href":"https:\/\/portage.ca\/fr\/wp-json\/wp\/v2\/pages\/7158\/revisions"}],"predecessor-version":[{"id":46216,"href":"https:\/\/portage.ca\/fr\/wp-json\/wp\/v2\/pages\/7158\/revisions\/46216"}],"wp:featuredmedia":[{"embeddable":true,"href":"https:\/\/portage.ca\/fr\/wp-json\/wp\/v2\/media\/10157"}],"wp:attachment":[{"href":"https:\/\/portage.ca\/fr\/wp-json\/wp\/v2\/media?parent=7158"}],"curies":[{"name":"wp","href":"https:\/\/api.w.org\/{rel}","templated":true}]}}