{"id":7149,"date":"2014-01-06T05:00:00","date_gmt":"2014-01-06T10:00:00","guid":{"rendered":"https:\/\/portage.hamakmarketingnumerique.com\/\/atlantique\/nouvelles"},"modified":"2026-02-05T14:52:53","modified_gmt":"2026-02-05T19:52:53","slug":"nouvelles","status":"publish","type":"page","link":"https:\/\/portage.ca\/fr\/atlantique\/nouvelles\/","title":{"rendered":"Quoi de neuf chez Portage Atlantique?"},"content":{"rendered":"\n<h1>\n\t\t\tQuoi de neuf chez\t<\/h1>\n<h1>\n\t\t\t<b>Portage Atlantique?<\/b>\t<\/h1>\n<h4>\n\t\t\tInformez-vous sur les activit\u00e9s en cours dans le cadre du programme de r\u00e9adaptation en toxicomanie du centre de Portage \u00e0 Cassidy Lake et des \u00e9v\u00e9nements de collecte de fonds de Portage Atlantique.\t<\/h4>\n\n","protected":false},"excerpt":{"rendered":"<p>Quoi de neuf chez Portage Atlantique? Informez-vous sur les activit\u00e9s en cours dans le cadre du programme de r\u00e9adaptation en toxicomanie du centre de Portage \u00e0 Cassidy Lake et des \u00e9v\u00e9nements de collecte de fonds de Portage Atlantique.<\/p>\n","protected":false},"author":13,"featured_media":10157,"parent":7196,"menu_order":0,"comment_status":"closed","ping_status":"open","template":"","meta":{"_acf_changed":false,"footnotes":"","_links_to":"","_links_to_target":""},"class_list":["post-7149","page","type-page","status-publish","has-post-thumbnail","hentry"],"acf":[],"_links":{"self":[{"href":"https:\/\/portage.ca\/fr\/wp-json\/wp\/v2\/pages\/7149","targetHints":{"allow":["GET"]}}],"collection":[{"href":"https:\/\/portage.ca\/fr\/wp-json\/wp\/v2\/pages"}],"about":[{"href":"https:\/\/portage.ca\/fr\/wp-json\/wp\/v2\/types\/page"}],"author":[{"embeddable":true,"href":"https:\/\/portage.ca\/fr\/wp-json\/wp\/v2\/users\/13"}],"replies":[{"embeddable":true,"href":"https:\/\/portage.ca\/fr\/wp-json\/wp\/v2\/comments?post=7149"}],"version-history":[{"count":8,"href":"https:\/\/portage.ca\/fr\/wp-json\/wp\/v2\/pages\/7149\/revisions"}],"predecessor-version":[{"id":47569,"href":"https:\/\/portage.ca\/fr\/wp-json\/wp\/v2\/pages\/7149\/revisions\/47569"}],"up":[{"embeddable":true,"href":"https:\/\/portage.ca\/fr\/wp-json\/wp\/v2\/pages\/7196"}],"wp:featuredmedia":[{"embeddable":true,"href":"https:\/\/portage.ca\/fr\/wp-json\/wp\/v2\/media\/10157"}],"wp:attachment":[{"href":"https:\/\/portage.ca\/fr\/wp-json\/wp\/v2\/media?parent=7149"}],"curies":[{"name":"wp","href":"https:\/\/api.w.org\/{rel}","templated":true}]}}