{"id":7091,"date":"2011-04-05T04:00:00","date_gmt":"2011-04-05T09:00:00","guid":{"rendered":"https:\/\/portage.hamakmarketingnumerique.com\/\/campagnes-visibilite"},"modified":"2018-04-16T12:33:49","modified_gmt":"2018-04-16T17:33:49","slug":"campagnes-visibilite","status":"publish","type":"page","link":"https:\/\/portage.ca\/fr\/centre-medias\/campagnes-visibilite\/","title":{"rendered":"Campagnes de visibilit\u00e9"},"content":{"rendered":"<p class=\"lead\">\t\t\t\t<img decoding=\"async\" src=\"https:\/\/portage.ca\/wp-content\/uploads\/2018\/04\/publicitesauvagefrancais.jpg\" alt=\"Legalisation_cannabis_affiche\" itemprop=\"image\"  \/><\/p>\n<p><strong>La campagne de visibilit\u00e9 de Portage, gracieuset\u00e9 de l&rsquo;Agence G\u00e9n\u00e9ration<\/strong><\/p>\n<p>Dans le contexte de la l\u00e9galisation du cannabis au Canada (2018), Portage pr\u00f4ne la vigilance. Une campagne de sensibilisation, con\u00e7ue en collaboration avec l\u2019Agence G\u00e9n\u00e9ration, <a href=\"\/?page_id=20310\" target=\"_blank\" rel=\"noopener\">encourage la discussion et l\u2019\u00e9ducation sur les effets potentiels de la l\u00e9galisation<\/a>.<\/p>\n<p>Portage est tr\u00e8s reconnaissant \u00e0 tous les partenaires qui ont contribu\u00e9 \u00e0 la r\u00e9alisation et \u00e0 la diffusion de cette campagne: l\u2019Agence G\u00e9n\u00e9ration, Bell, Cogeco, TC Transcontinental et Publicit\u00e9 Sauvage.<\/p>\n<img decoding=\"async\" src=\"https:\/\/portage.ca\/wp-content\/uploads\/2016\/06\/Retrouver-lestime-de-soi-Portage.jpg\" alt=\"Retrouver l'estime de soi - Portage - Campagne Pub\" itemprop=\"image\"  \/>\n<p><strong>Prenez connaissance de nos messages d&rsquo;int\u00e9r\u00eat public :<\/strong><\/p>\n<ul>\n<li><a href=\"\/?page_id=6964\">REtrouver, REconstruire, REvivre : Vaincre la toxicomanie<\/a> (2012), r\u00e9alis\u00e9 gracieusement par HOP Comportement de marque<\/li>\n<li><a href=\"\/?page_id=6963\">Quand la toxicomanie prend toute la place<\/a> (2006-2011), r\u00e9alis\u00e9 gracieusement par Amalgame de Qu\u00e9bec<\/li>\n<\/ul>\n","protected":false},"excerpt":{"rendered":"<p>La campagne de visibilit\u00e9 de Portage, gracieuset\u00e9 de l&rsquo;Agence G\u00e9n\u00e9ration Dans le contexte de la l\u00e9galisation du cannabis au Canada (2018), Portage pr\u00f4ne la vigilance. Une campagne de sensibilisation, con\u00e7ue en collaboration avec l\u2019Agence G\u00e9n\u00e9ration, encourage la discussion et l\u2019\u00e9ducation sur les effets potentiels de la l\u00e9galisation. Portage est tr\u00e8s reconnaissant \u00e0 tous les partenaires&#8230;  <a href=\"https:\/\/portage.ca\/fr\/centre-medias\/campagnes-visibilite\/\" class=\"more-link\" title=\"Read Campagnes de visibilit\u00e9\">Read more &raquo;<\/a><\/p>\n","protected":false},"author":13,"featured_media":10157,"parent":9051,"menu_order":24,"comment_status":"closed","ping_status":"closed","template":"","meta":{"_acf_changed":false,"footnotes":"","_links_to":"","_links_to_target":""},"class_list":["post-7091","page","type-page","status-publish","has-post-thumbnail","hentry"],"acf":[],"_links":{"self":[{"href":"https:\/\/portage.ca\/fr\/wp-json\/wp\/v2\/pages\/7091","targetHints":{"allow":["GET"]}}],"collection":[{"href":"https:\/\/portage.ca\/fr\/wp-json\/wp\/v2\/pages"}],"about":[{"href":"https:\/\/portage.ca\/fr\/wp-json\/wp\/v2\/types\/page"}],"author":[{"embeddable":true,"href":"https:\/\/portage.ca\/fr\/wp-json\/wp\/v2\/users\/13"}],"replies":[{"embeddable":true,"href":"https:\/\/portage.ca\/fr\/wp-json\/wp\/v2\/comments?post=7091"}],"version-history":[{"count":0,"href":"https:\/\/portage.ca\/fr\/wp-json\/wp\/v2\/pages\/7091\/revisions"}],"up":[{"embeddable":true,"href":"https:\/\/portage.ca\/fr\/wp-json\/wp\/v2\/pages\/9051"}],"wp:featuredmedia":[{"embeddable":true,"href":"https:\/\/portage.ca\/fr\/wp-json\/wp\/v2\/media\/10157"}],"wp:attachment":[{"href":"https:\/\/portage.ca\/fr\/wp-json\/wp\/v2\/media?parent=7091"}],"curies":[{"name":"wp","href":"https:\/\/api.w.org\/{rel}","templated":true}]}}