{"id":7040,"date":"2011-03-15T04:00:00","date_gmt":"2011-03-15T09:00:00","guid":{"rendered":"https:\/\/portage.hamakmarketingnumerique.com\/\/services-famille-toxicomane"},"modified":"2026-03-11T13:44:56","modified_gmt":"2026-03-11T18:44:56","slug":"famille","status":"publish","type":"page","link":"https:\/\/portage.ca\/fr\/services\/famille\/","title":{"rendered":"Services de soutien : entourage, famille et toxicomanie"},"content":{"rendered":"\n<h1>\n\t\t\tSoutien \u00e0 l&rsquo;entourage\t<\/h1>\n<h4>\n\t\t\tLa d\u00e9pendance ne touche pas uniquement la personne qui consomme, elle affecte aussi son entourage. Famille, amis, proches : tous vivent les r\u00e9percussions de cette r\u00e9alit\u00e9, souvent dans l&rsquo;isolement et la stigmatisation. Chez Portage, nous connaissons l&rsquo;importance de soutenir les proches pour briser cet isolement et contribuer au r\u00e9tablissement.\t<\/h4>\n\t<span><span><a href=\"https:\/\/portage.ca\/fr\/\">Accueil<\/a><\/span><\/span>\n<h3>\n\t\t\tPourquoi soutenir l&rsquo;entourage?\t<\/h3>\n\t<p class=\"lead\">Parce que la d\u00e9pendance est une r\u00e9alit\u00e9 familiale. Lorsque les proches sont accompagn\u00e9s, ils sont mieux outill\u00e9s pour comprendre ce que vit la personne en traitement et contribuer \u00e0 un r\u00e9tablissement durable.<\/p>\n<p>Prendre soin de soi est tout aussi essentiel. En s&rsquo;offrant un espace pour exprimer ses \u00e9motions et trouver du soutien, l&rsquo;entourage pr\u00e9serve son \u00e9quilibre et sa sant\u00e9 mentale, ce qui renforce sa capacit\u00e9 \u00e0 aider.<\/p>\n<p>&nbsp;<\/p>\n<strong>\u00c0 noter :<\/strong> Ces services sont offerts uniquement \u00e0 l&rsquo;entourage dont le proche suit le programme interne de Portage.\n<h3>\n\t\t\tDes services pens\u00e9s pour les proches\t<\/h3>\n\t<p>Afin d&rsquo;accompagner les membres de l&rsquo;entourage dans les d\u00e9fis qu&rsquo;ils rencontrent, nous offrons des services adapt\u00e9s \u00e0 leurs besoins :<\/p>\n<ul>\n<li><strong>Groupes de soutien hebdomadaire<\/strong>\nCes rencontres permettent de briser l&rsquo;isolement, partager des exp\u00e9riences et s&rsquo;outiller dans un climat d&rsquo;\u00e9coute et de solidarit\u00e9. Elles contribuent aussi \u00e0 r\u00e9duire la stigmatisation li\u00e9e \u00e0 la d\u00e9pendance.\n<\/li>\n<li><strong>Rencontres individuelles avec un intervenant<\/strong><br \/>\nPour poser des questions, mieux comprendre l&rsquo;approche th\u00e9rapeutique ou discuter d&rsquo;une situation pr\u00e9occupante.<\/li>\n<\/ul>\n<p>Ces espaces favorisent une meilleure compr\u00e9hension de la d\u00e9pendance et de l&rsquo;approche th\u00e9rapeutique de Portage. Ils pr\u00e9parent aussi la famille \u00e0 la r\u00e9insertion sociale de leur proche, en leur offrant des outils concrets qu&rsquo;ils peuvent mettre en pratique.<\/p>\n<p>&nbsp;<\/p>\n\t\t\t\t<p>\u00ab J&rsquo;ai eu \u00e9norm\u00e9ment de peine \u00e0 croire que ma petite fille avait fait toutes ces choses sans que je m&rsquo;en rende compte. J&rsquo;ai accept\u00e9 cette confession qui \u00e9tait lourde \u00e0 porter. C&rsquo;est alors que j&rsquo;ai commenc\u00e9 \u00e0 me rendre aux r\u00e9unions des proches. Je me suis dit que si ma fille travaillait \u00e0 changer ses comportements, je devais l&rsquo;imiter. Quelle belle tribune d&rsquo;\u00e9changes! Je me rendais \u00e0 la r\u00e9union tous les mardis soirs. Je ressortais toujours avec de nouveaux outils et ragaillardie, pr\u00eate \u00e0 affronter une autre semaine. \u00bb<\/p>\n\t\t\t\t<h4>Suzanne, m\u00e8re, programme adolescents<\/h4>\n\t<h2>T\u00e9moignages<\/h2>\n\t<h4>D\u00e9couvrez des t\u00e9moignages de proches et de r\u00e9sidents qui racontent l&rsquo;impact du soutien familial dans le parcours de r\u00e9tablissement.<\/h4>\n<h3>\n\t\t\tAgissez d\u00e8s aujourd&rsquo;hui\t<\/h3>\n\t<p><strong>Nous sommes l\u00e0 pour vous aider. Contactez-nous.<\/strong><\/p>\n<p><strong>T\u00e9l\u00e9phone : <\/strong><a href=\"tel:514-939-7700\">514 939-7700<\/a><\/p>\n<p><strong>Courriel :<\/strong>\u00a0<a href=\"mailto:info@portage.ca\">info@portage.ca<\/a><\/p>\n<p>&nbsp;<\/p>\n<p><a href=\"https:\/\/portage.ca\/fr\/contact\/\">Trouvez le centre qu&rsquo;il vous faut.<\/a><\/p>\n\t\t\t<a href=\"mailto:info@portage.ca\"  target=\"_blank\" rel=\"noopener\"    rel=\"noopener\">\n\t\t\t\t\t\t\tFaite le premier pas\n\t\t\t\t\t<\/a>\n<h3>\n\t\t\tQuestions fr\u00e9quentes\t<\/h3>\n\t\t\t\tQue se passe-t-il dans les groupes de soutien?\n\t\t\t\t\t<p>Les proches y d\u00e9couvrent l&rsquo;approche th\u00e9rapeutique de Portage, \u00e9changent sur leurs exp\u00e9riences et se pr\u00e9parent \u00e0 la r\u00e9insertion de leur proche dans un cadre bienveillant.<\/p>\n\t\t\t\tQuels types de soutien sont offerts?\n\t\t\t\t\t<p>\u2022 Rencontres individuelles avec un intervenant<br \/>\u2022 Groupes de soutien r\u00e9guliers<\/p>\n\t\t\t\tPuis-je participer m\u00eame si mon proche n&rsquo;est pas encore en traitement?\n\t\t\t\t\t<p>Ces services sont offerts uniquement \u00e0 l&rsquo;entourage dont le proche suit le programme interne de Portage.<\/p>\n<p>D\u00e8s l&rsquo;admission les services de soutien sont offerts aux proches de l&rsquo;usager.\u00a0<\/p>\n\t\t\t\tComment m&rsquo;impliquer dans le processus de traitement?\n\t\t\t\t\t<p>En participant aux rencontres, en maintenant un dialogue ouvert avec les intervenants et en vous outillant pour mieux comprendre ce que vit votre proche. Votre implication peut faire une r\u00e9elle diff\u00e9rence.<\/p>\n\t\t\t\tPourquoi offrir du soutien \u00e0 l&rsquo;entourage?\n\t\t\t\t\t<p>Parce que la d\u00e9pendance touche toute la famille. En soutenant les proches, on favorise un meilleur r\u00e9tablissement pour la personne en traitement et un mieux-\u00eatre pour tous.<\/p>\n\n","protected":false},"excerpt":{"rendered":"<p>Soutien \u00e0 l&rsquo;entourage La d\u00e9pendance ne touche pas uniquement la personne qui consomme, elle affecte aussi son entourage. Famille, amis, proches : tous vivent les r\u00e9percussions de cette r\u00e9alit\u00e9, souvent dans l&rsquo;isolement et la stigmatisation. Chez Portage, nous connaissons l&rsquo;importance de soutenir les proches pour briser cet isolement et contribuer au r\u00e9tablissement. Pourquoi soutenir l&rsquo;entourage?&#8230;  <a href=\"https:\/\/portage.ca\/fr\/services\/famille\/\" class=\"more-link\" title=\"Read Services de soutien : entourage, famille et toxicomanie\">Read more &raquo;<\/a><\/p>\n","protected":false},"author":13,"featured_media":33009,"parent":12628,"menu_order":0,"comment_status":"closed","ping_status":"closed","template":"page-full-width.php","meta":{"_acf_changed":false,"footnotes":"","_links_to":"","_links_to_target":""},"class_list":["post-7040","page","type-page","status-publish","has-post-thumbnail","hentry"],"acf":[],"_links":{"self":[{"href":"https:\/\/portage.ca\/fr\/wp-json\/wp\/v2\/pages\/7040","targetHints":{"allow":["GET"]}}],"collection":[{"href":"https:\/\/portage.ca\/fr\/wp-json\/wp\/v2\/pages"}],"about":[{"href":"https:\/\/portage.ca\/fr\/wp-json\/wp\/v2\/types\/page"}],"author":[{"embeddable":true,"href":"https:\/\/portage.ca\/fr\/wp-json\/wp\/v2\/users\/13"}],"replies":[{"embeddable":true,"href":"https:\/\/portage.ca\/fr\/wp-json\/wp\/v2\/comments?post=7040"}],"version-history":[{"count":11,"href":"https:\/\/portage.ca\/fr\/wp-json\/wp\/v2\/pages\/7040\/revisions"}],"predecessor-version":[{"id":47951,"href":"https:\/\/portage.ca\/fr\/wp-json\/wp\/v2\/pages\/7040\/revisions\/47951"}],"up":[{"embeddable":true,"href":"https:\/\/portage.ca\/fr\/wp-json\/wp\/v2\/pages\/12628"}],"wp:featuredmedia":[{"embeddable":true,"href":"https:\/\/portage.ca\/fr\/wp-json\/wp\/v2\/media\/33009"}],"wp:attachment":[{"href":"https:\/\/portage.ca\/fr\/wp-json\/wp\/v2\/media?parent=7040"}],"curies":[{"name":"wp","href":"https:\/\/api.w.org\/{rel}","templated":true}]}}