{"id":7039,"date":"2011-03-15T04:00:00","date_gmt":"2011-03-15T09:00:00","guid":{"rendered":"https:\/\/portage.hamakmarketingnumerique.com\/\/reinsertion-sociale-suivi-post-residentiel"},"modified":"2026-03-11T13:42:55","modified_gmt":"2026-03-11T18:42:55","slug":"reinsertion-sociale","status":"publish","type":"page","link":"https:\/\/portage.ca\/fr\/services\/reinsertion-sociale\/","title":{"rendered":"R\u00e9insertion sociale"},"content":{"rendered":"\n<h1>\n\t\t\tR\u00e9insertion sociale\t<\/h1>\n<h4>\n\t\t\tLa r\u00e9insertion sociale est bien plus qu&rsquo;une \u00e9tape : c&rsquo;est le c\u0153ur du processus de r\u00e9adaptation en d\u00e9pendance. D\u00e8s leur arriv\u00e9e, que ce soit en th\u00e9rapie r\u00e9sidentielle ou externe, nous accompagnons nos usagers pour qu&rsquo;ils retrouvent leur place dans la soci\u00e9t\u00e9 avec confiance, autonomie et espoir. Notre mission est claire : leur offrir les outils, les comp\u00e9tences et le soutien n\u00e9cessaires pour relever les d\u00e9fis du quotidien sans recourir aux substances, et b\u00e2tir une vie \u00e9quilibr\u00e9e et durable.\t<\/h4>\n\t<span><span><a href=\"https:\/\/portage.ca\/fr\/\">Accueil<\/a><\/span><\/span>\n<h3>\n\t\t\tUne d\u00e9marche qui commence d\u00e8s l&rsquo;admission\t<\/h3>\n\t<p class=\"lead\">D\u00e8s l&rsquo;admission, nous \u00e9valuons les besoins de chaque usager afin d&rsquo;amorcer la r\u00e9insertion sociale. Cette \u00e9tape marque le d\u00e9but d&rsquo;un accompagnement personnalis\u00e9 qui se poursuit tout au long du s\u00e9jour. Les apprentissages prennent forme \u00e0 travers des interactions v\u00e9cues au centre\u00a0: ateliers et des rencontres de groupe, activit\u00e9s culturelles et r\u00e9cr\u00e9atives, sorties en famille, ainsi que des projets personnels.<\/p>\n<p>Ces exp\u00e9riences permettent aux usagers de mettre en pratique les valeurs et comportements acquis, pour se pr\u00e9parer \u00e0 vivre en harmonie dans leur milieu de vie, en ayant retrouv\u00e9 autonomie et dignit\u00e9.<\/p>\n<h3>\n\t\t\tPendant la th\u00e9rapie\t<\/h3>\n\t<h4><strong>Pr\u00e9parer le retour \u00e0 la vie active<\/strong><\/h4>\n<p>Les visites et sorties progressives permettent aux usagers de maintenir des liens pr\u00e9cieux avec leurs proches et de se pr\u00e9parer \u00e0 r\u00e9int\u00e9grer leur milieu de vie. Elles \u00e9voluent au fil du s\u00e9jour, passant de quelques heures \u00e0 des fins de semaine, puis jusqu&rsquo;\u00e0 des quatre jours par semaine \u00e0 la fin de la d\u00e9marche interne.<\/p>\n<p>Ces moments sont essentiels pour que l&rsquo;entourage constate les progr\u00e8s r\u00e9alis\u00e9s et soutiennent la personne durant sa r\u00e9int\u00e9gration sociale.<\/p>\n<h4><strong>Ateliers et pr\u00e9paration \u00e0 la sortie<\/strong><\/h4>\n<p>Tout au long de la th\u00e9rapie, les usagers participent \u00e0 des ateliers qui les pr\u00e9parent concr\u00e8tement au retour dans leur milieu de vie.<\/p>\n<p>\u00c0 travers des activit\u00e9s pratiques et des discussions encadr\u00e9es, ils explorent des th\u00e8mes essentiels comme l&rsquo;organisation quotidienne, la gestion des finances, les saines habitudes de vie, le logement, les relations ou les ressources communautaires. Ces ateliers offrent un espace pour r\u00e9fl\u00e9chir, acqu\u00e9rir des outils concrets et renforcer les comp\u00e9tences n\u00e9cessaires pour aborder la transition vers la vie active avec assurance.<\/p>\n<h3>\n\t\t\tLe plan de sortie : <br \/>b\u00e2tir un projet de vie solide\t<\/h3>\n\t<p>Tout au long de la d\u00e9marche, chaque usager \u00e9labore un projet de vie qui tient compte de ses priorit\u00e9s : famille, \u00e9tudes, travail, sant\u00e9, relations sociales. Avant la fin du programme, il sait o\u00f9 il vivra, ce qu&rsquo;il fera et comment il g\u00e9rera ses d\u00e9fis et ses objectifs personnels. Ce plan constitue une base solide pour une r\u00e9insertion sociale r\u00e9ussie et durable.<\/p>\n<figure itemscope itemtype=\"https:\/\/schema.org\/ImageObject\">\n\t\t\t\t<img decoding=\"async\" src=\"https:\/\/portage.ca\/wp-content\/uploads\/2025\/08\/A9301095-102.jpg\" alt=\"A9301095-102\" height=\"683\" width=\"1024\" title=\"A9301095-102\" onerror=\"this.style.display='none'\" loading=\"lazy\" \/>\n\t<\/figure>\n\t<h2>Un accompagnement unique apr\u00e8s le s\u00e9jour :<br \/>\nle programme de suivi postcure<\/h2>\n\tChez Portage, la sortie du centre n&rsquo;est pas une fin, mais un nouveau d\u00e9part.<br \/>\nPour assurer une transition r\u00e9ussie vers la vie active, nous offrons un programme de suivi postcure reconnu pour sa qualit\u00e9, sa rigueur et son impact durable.\n\t<p>D&rsquo;une dur\u00e9e moyenne de 18 mois, ce programme combine :<\/p>\n<ul>\n<li><strong>Des rencontres de groupe<\/strong>, pour rester connect\u00e9, briser l&rsquo;isolement et partager des exp\u00e9riences significatives.<\/li>\n<li><strong>Un accompagnement personnalis\u00e9<\/strong>, avec un intervenant en r\u00e9insertion sociale, afin de travailler des objectifs concrets et adapt\u00e9s \u00e0 la r\u00e9alit\u00e9 de chacun.<\/li>\n<\/ul>\n<p>Structur\u00e9 en trois phases progressives, le suivi postcure \u00e9volue au rythme de la personne. La fr\u00e9quence et l&rsquo;intensit\u00e9 des rencontres s&rsquo;ajustent selon les besoins, offrant un encadrement rassurant au bon moment.<\/p>\n<p>&nbsp;<\/p>\n<figure itemscope itemtype=\"https:\/\/schema.org\/ImageObject\">\n\t\t\t\t<img decoding=\"async\" src=\"https:\/\/portage.ca\/wp-content\/uploads\/2025\/09\/A9303783-76-scaled.jpg\" alt=\"A9303783-76\" height=\"1707\" width=\"2560\" title=\"A9303783-76\" onerror=\"this.style.display='none'\" loading=\"lazy\" \/>\n\t<\/figure>\n\t<p><em>\u00ab Mais la r\u00e9alit\u00e9 apr\u00e8s Portage, c&rsquo;est qu&rsquo;on se retrouve souvent seul.e. C&rsquo;est pour \u00e7a que<a href=\"https:\/\/portage.ca\/fr\/services\/post-traitement\/\">\u00a0le programme postcure<\/a>\u00a0est si important.\u00bb<\/em><\/p>\n<p>\u00a0<em>\u00ab On parle des vraies choses. Ce groupe, c&rsquo;est mon lien le plus pr\u00e9cieux depuis ma sortie\u00a0[de th\u00e9rapie]. \u00bb<\/em><\/p>\n<p>&nbsp;<\/p>\n\t\t\t\t\t\t<h4>Les fins de semaine intensives<\/h4>\t\t\t\t\t\n\t\t\tPour les adolescents et jeunes adultes, Portage offre des fins de semaine intensives durant les premiers mois du postcure. Tr\u00e8s appr\u00e9ci\u00e9es des jeunes, ces rencontres leur permettent de revenir dans leur milieu th\u00e9rapeutique, de retrouver leur Famille Portage et de se ressourcer dans un environnement s\u00e9curisant. Encadr\u00e9s par l&rsquo;\u00e9quipe, ils participent \u00e0 des activit\u00e9s structur\u00e9es et \u00e0 des groupes th\u00e9matiques qui les aident \u00e0 rester centr\u00e9s sur leurs objectifs. Cette formule conna\u00eet un grand succ\u00e8s et joue un r\u00f4le cl\u00e9 pour soutenir les jeunes dans les premi\u00e8res semaines suivant la sortie &#8211; une p\u00e9riode souvent parmi les plus exigeantes du r\u00e9tablissement.\t\t\n<figure itemscope itemtype=\"https:\/\/schema.org\/ImageObject\">\n\t\t\t\t<img decoding=\"async\" src=\"https:\/\/portage.ca\/wp-content\/uploads\/2025\/09\/A9209270-181-scaled.jpg\" alt=\"A9209270-181\" height=\"1707\" width=\"2560\" title=\"A9209270-181\" onerror=\"this.style.display='none'\" loading=\"lazy\" \/>\n\t<\/figure>\n\t<h3><strong>Pourquoi le suivi postcure fait la diff\u00e9rence<\/strong><\/h3>\n<p>&nbsp;<\/p>\n\t<ul>\n<li>Consolidation de la sobri\u00e9t\u00e9 et pr\u00e9vention des rechutes<\/li>\n<li>Soutien \u00e9motionnel constant dans les moments cl\u00e9s<\/li>\n<li>Renforcement de l&rsquo;autonomie et de la confiance en soi<\/li>\n<li>D\u00e9veloppement d&rsquo;habilet\u00e9s pour une vie sociale, familiale et professionnelle \u00e9quilibr\u00e9e<\/li>\n<\/ul>\n<p>Un v\u00e9ritable filet de s\u00e9curit\u00e9, qui transforme les acquis du s\u00e9jour en un r\u00e9tablissement durable et une r\u00e9int\u00e9gration sociale r\u00e9ussie.<\/p>\n<p>&nbsp;<\/p>\n<h3>\n\t\t\tLes habitations communautaires\t<\/h3>\n\t<p>Afin de faciliter la transition entre le milieu de vie structur\u00e9 et s\u00e9curisant des centres r\u00e9sidentiels et la r\u00e9insertion sociale, Portage met \u00e0 disposition plus de 40 appartements communautaires dans la r\u00e9gion de Montr\u00e9al.<\/p>\n<p>Ces logements offrent aux usagers un milieu de vie stable, s\u00e9curitaire et 100 % sobre, leur permettant de poursuivre leurs objectifs personnels tout relevant leurs d\u00e9fis avec un encadrement adapt\u00e9. Des intervenants pr\u00e9sents sur place assurent un soutien continu et un accompagnement personnalis\u00e9.<\/p>\n<p>Offerts \u00e0 prix modique, ces appartements sont accessibles gr\u00e2ce \u00e0 un partenariat avec l&rsquo;<a href=\"https:\/\/www.omhm.qc.ca\/fr\/\" target=\"_blank\" rel=\"noopener\">Office municipal d&rsquo;habitation de Montr\u00e9al<\/a>, tout en demeurant int\u00e9gr\u00e9s \u00e0 l&rsquo;approche et \u00e0 l&rsquo;environnement de Portage.<\/p>\n<p>Ainsi, les usagers peuvent d\u00e9velopper leur autonomie dans un cadre favorisant le soutien social, avec un acc\u00e8s direct \u00e0 une \u00e9quipe d&rsquo;intervenants, au c\u0153ur m\u00eame de leur milieu de vie.<\/p>\n\t\t\t<a href=\"https:\/\/portage.ca\/fr\/services\/appartements-supervises\/\"  target=\"_self\">\n\t\t\t\t\t\t\tEn savoir plus\n\t\t\t\t\t<\/a>\n<h3>\n\t\t\tSoutenir les proches : briser l&rsquo;isolement et la stigmatisation\t<\/h3>\n\t<p>La r\u00e9ussite de la r\u00e9insertion passe aussi par le soutien offert aux proches. Vivre avec une personne aux prises avec une d\u00e9pendance peut \u00eatre \u00e9prouvant, d\u00e9routant et profond\u00e9ment isolant. C&rsquo;est pourquoi Portage propose des groupes d&rsquo;entraide hebdomadaires destin\u00e9s aux familles et \u00e0 l&rsquo;entourage.<\/p>\n<p>Ces rencontres offrent un espace s\u00e9curisant et bienveillant permettant :<\/p>\n<ul>\n<li>de partager son v\u00e9cu avec d&rsquo;autres personnes confront\u00e9es \u00e0 des r\u00e9alit\u00e9s similaires<\/li>\n<li>de mieux comprendre la d\u00e9marche th\u00e9rapeutique et les enjeux li\u00e9s \u00e0 la d\u00e9pendance<\/li>\n<li>de briser l&rsquo;isolement et la stigmatisation, en favorisant l&rsquo;expression libre, sans jugement<\/li>\n<\/ul>\n<p>Ce soutien essentiel aide les proches \u00e0 mieux composer avec la r\u00e9alit\u00e9 de la d\u00e9pendance et \u00e0 demeurer engag\u00e9s et outill\u00e9s tout au long du parcours de r\u00e9tablissement.<\/p>\n\t\t\t<a href=\"https:\/\/portage.ca\/fr\/services\/famille\/\"  target=\"_self\">\n\t\t\t\t\t\t\tEn savoir plus\n\t\t\t\t\t<\/a>\n\t\t\t\t<p>[Le suivi postcure] me rassure et me s\u00e9curise tellement, car il m&rsquo;a \u00e9t\u00e9 tr\u00e8s difficile de me r\u00e9adapter au quotidien apr\u00e8s mon passage \u00e0 Portage. Le fait de pouvoir parler \u00e0 quelqu&rsquo;un qui conna\u00eet mes probl\u00e8mes et mon combat et qui s&rsquo;en soucie m&rsquo;aide vraiment \u00e0 me confier, ce que je ne pourrais faire normalement avec d&rsquo;autres personnes en dehors de Portage. Si je n&rsquo;avais pas eu acc\u00e8s \u00e0 tous les services de suivi postcure, je ne peux garantir que je serais demeur\u00e9e sobre.<\/p>\n\t\t\t\t<h4>Kelsey, programme pour adultes, Lac \u00c9cho<\/h4>\n\t\t\t<a href=\"https:\/\/portage.ca\/fr\/blogue\/blogue-categorie-temoignages\/\"  target=\"_self\">\n\t\t\t\t\t\t\tPlus de t\u00e9moignages\n\t\t\t\t\t<\/a>\n<h3>\n\t\t\tLe programme de soins continus\t<\/h3>\n\t<p>Notre engagement se poursuit m\u00eame lorsqu&rsquo;une personne doit quitter pr\u00e9matur\u00e9ment le programme interne sans l&rsquo;avoir compl\u00e9t\u00e9. Nous savons que cette transition vers la vie active peut \u00eatre particuli\u00e8rement fragile dans ce contexte. C&rsquo;est pourquoi Portage offre la possibilit\u00e9 de maintenir un lien t\u00e9l\u00e9phonique, selon les besoins et le d\u00e9sir de l&rsquo;usager.<\/p>\n<p>Ces \u00e9changes permettent une \u00e9coute bienveillante et un soutien adapt\u00e9 au rythme et aux objectifs de la personne. Lorsque l&rsquo;usager souhaite b\u00e9n\u00e9ficier d&rsquo;un accompagnement plus soutenu ou envisage de r\u00e9int\u00e9grer le programme interne, nous l&rsquo;accompagnons \u00e0 chaque \u00e9tape du processus, dans le respect de sa d\u00e9marche.<\/p>\n<h3>\n\t\t\tVisite au centre r\u00e9sidentiel <br \/> pour se ressourcer ou par engagement \t<\/h3>\n\t<p>Pour les usagers investis dans leur d\u00e9marche de suivi postcure, le retour au centre, le temps d&rsquo;une journ\u00e9e ou d&rsquo;un souper, peut s&rsquo;av\u00e9rer tr\u00e8s significatif. Cette possibilit\u00e9 demeure ouverte \u00e0 tous ceux qui font partie de la famille Portage.<\/p>\n<p>Pour les personnes vivant des difficult\u00e9s plus importantes et ayant besoin d&rsquo;un soutien accru de la communaut\u00e9 th\u00e9rapeutique r\u00e9sidentielle, il est \u00e9galement possible d&rsquo;effectuer un s\u00e9jour de ressourcement. Ces courts s\u00e9jours offrent un environnement s\u00e9curisant et structurant, permettant de travailler des objectifs sp\u00e9cifiques, tout en poursuivant la d\u00e9marche de r\u00e9insertion sociale.<\/p>\n\t<h2>T\u00e9moignages<\/h2>\n\tPlongez dans les r\u00e9cits de personnes qui ont retrouv\u00e9 leur \u00e9quilibre et partagent leur parcours, jusqu&rsquo;\u00e0 leur transition vers la vie apr\u00e8s Portage.\n<figure itemscope itemtype=\"https:\/\/schema.org\/ImageObject\">\n\t\t\t\t<img decoding=\"async\" src=\"https:\/\/portage.ca\/wp-content\/uploads\/2025\/09\/A9201002-398.jpg\" alt=\"A9201002-398\" height=\"683\" width=\"1024\" title=\"A9201002-398\" onerror=\"this.style.display='none'\" loading=\"lazy\" \/>\n\t<\/figure>\n\t<p>Besoin d&rsquo;accompagnement?<\/p>\n\t<p>Vous ou un proche \u00eates concern\u00e9s par la d\u00e9pendance? D\u00e9couvrez comment Portage peut vous accompagner \u00e0 chaque \u00e9tape du r\u00e9tablissement.<\/p>\n\t\t\t<a href=\"mailto:info@portage.ca\"  target=\"_self\">\n\t\t\t\t\t\t\tContactez-nous\n\t\t\t<\/a>\n\n","protected":false},"excerpt":{"rendered":"<p>R\u00e9insertion sociale La r\u00e9insertion sociale est bien plus qu&rsquo;une \u00e9tape : c&rsquo;est le c\u0153ur du processus de r\u00e9adaptation en d\u00e9pendance. D\u00e8s leur arriv\u00e9e, que ce soit en th\u00e9rapie r\u00e9sidentielle ou externe, nous accompagnons nos usagers pour qu&rsquo;ils retrouvent leur place dans la soci\u00e9t\u00e9 avec confiance, autonomie et espoir. Notre mission est claire : leur offrir&#8230;  <a href=\"https:\/\/portage.ca\/fr\/services\/reinsertion-sociale\/\" class=\"more-link\" title=\"Read R\u00e9insertion sociale\">Read more &raquo;<\/a><\/p>\n","protected":false},"author":13,"featured_media":10157,"parent":12628,"menu_order":0,"comment_status":"closed","ping_status":"closed","template":"page-full-width.php","meta":{"_acf_changed":false,"footnotes":"","_links_to":"","_links_to_target":""},"class_list":["post-7039","page","type-page","status-publish","has-post-thumbnail","hentry"],"acf":[],"_links":{"self":[{"href":"https:\/\/portage.ca\/fr\/wp-json\/wp\/v2\/pages\/7039","targetHints":{"allow":["GET"]}}],"collection":[{"href":"https:\/\/portage.ca\/fr\/wp-json\/wp\/v2\/pages"}],"about":[{"href":"https:\/\/portage.ca\/fr\/wp-json\/wp\/v2\/types\/page"}],"author":[{"embeddable":true,"href":"https:\/\/portage.ca\/fr\/wp-json\/wp\/v2\/users\/13"}],"replies":[{"embeddable":true,"href":"https:\/\/portage.ca\/fr\/wp-json\/wp\/v2\/comments?post=7039"}],"version-history":[{"count":11,"href":"https:\/\/portage.ca\/fr\/wp-json\/wp\/v2\/pages\/7039\/revisions"}],"predecessor-version":[{"id":47948,"href":"https:\/\/portage.ca\/fr\/wp-json\/wp\/v2\/pages\/7039\/revisions\/47948"}],"up":[{"embeddable":true,"href":"https:\/\/portage.ca\/fr\/wp-json\/wp\/v2\/pages\/12628"}],"wp:featuredmedia":[{"embeddable":true,"href":"https:\/\/portage.ca\/fr\/wp-json\/wp\/v2\/media\/10157"}],"wp:attachment":[{"href":"https:\/\/portage.ca\/fr\/wp-json\/wp\/v2\/media?parent=7039"}],"curies":[{"name":"wp","href":"https:\/\/api.w.org\/{rel}","templated":true}]}}