{"id":6964,"date":"2012-10-04T04:00:00","date_gmt":"2012-10-04T09:00:00","guid":{"rendered":"https:\/\/portage.hamakmarketingnumerique.com\/\/vaincre-toxicomanie-campagne-publicitaire-2012"},"modified":"2025-11-13T16:28:59","modified_gmt":"2025-11-13T21:28:59","slug":"retrouver-reconstruire-revivre","status":"publish","type":"page","link":"https:\/\/portage.ca\/fr\/centre-medias\/campagnes-visibilite\/retrouver-reconstruire-revivre\/","title":{"rendered":"REtrouver, REconstruire, REvivre &#8211; Vaincre la toxicomanie"},"content":{"rendered":"\n\n\t<h2>La campagne publicitaire de Portage, gracieuset\u00e9 de HOP Comportement de marque<\/h2>\n<p class=\"lead\"><strong>La publicit\u00e9 t\u00e9l\u00e9vis\u00e9e<\/strong> nous fait voir les cons\u00e9quences d\u00e9vastatrices de la toxicomanie et met de l&rsquo;avant les bienfaits d&rsquo;une th\u00e9rapie en r\u00e9adaptation chez Portage : REtrouver, REconstruire, REvivre.<\/p>\n<iframe src=\"https:\/\/player.vimeo.com\/video\/43989009\" frameborder=\"0\" allowfullscreen><\/iframe>\n\n<strong>Les affiches<\/strong>, qui se retrouvent notamment dans les abribus et les<br \/>\npanneaux publicitaires, repr\u00e9sentent bien l&rsquo;espoir et la d\u00e9termination<br \/>\nde nos r\u00e9sidants qui font le choix de REconstruire leurs vies, de<br \/>\nREcommencer \u00e0 vivre, de REtrouver l&rsquo;estime de soi&#8230;\u00a0 de vaincre la<br \/>\ntoxicomanie.\n<a href=\"https:\/\/portage.ca\/wp-content\/uploads\/2016\/06\/REtrouver_estime_de_soi_Portage.pdf\" target=\"_blank\" rel=\"noopener\"><img loading=\"lazy\" decoding=\"async\" src=\"https:\/\/portage.ca\/wp-content\/uploads\/2016\/06\/Retrouver-lestime-de-soi-Portage-205x300.jpg\" alt=\"Retrouver l'estime de soi - Portage\" width=\"187\" height=\"274\" \/><\/a> \u00a0<a href=\"https:\/\/portage.ca\/wp-content\/uploads\/2016\/06\/Zoom_13x17_fr.pdf\" target=\"_blank\" rel=\"noopener\"><img loading=\"lazy\" decoding=\"async\" src=\"https:\/\/portage.ca\/wp-content\/uploads\/2016\/06\/Recommencer-a-vivre-Portage-202x300.jpg\" alt=\"Recommencer a vivre - Portage\" width=\"185\" height=\"275\" \/><\/a>\u00a0\u00a0<a href=\"https:\/\/portage.ca\/wp-content\/uploads\/2016\/06\/REconstruire_sa_vie_Portage.pdf\" target=\"_blank\" rel=\"noopener\"><img loading=\"lazy\" decoding=\"async\" src=\"https:\/\/portage.ca\/wp-content\/uploads\/2016\/06\/Reconstruire-sa-vie-Portage-201x300.jpg\" alt=\"Reconstruire sa vie - Portage\" width=\"183\" height=\"273\" \/><\/a>\n<p><strong>Portage remercie chaleureusement Hop et ses partenaires, sans qui cette campagne n&rsquo;existerait pas.\u00a0<\/strong><\/p>\n\n","protected":false},"excerpt":{"rendered":"<p>La campagne publicitaire de Portage, gracieuset\u00e9 de HOP Comportement de marque La publicit\u00e9 t\u00e9l\u00e9vis\u00e9e nous fait voir les cons\u00e9quences d\u00e9vastatrices de la toxicomanie et met de l&rsquo;avant les bienfaits d&rsquo;une th\u00e9rapie en r\u00e9adaptation chez Portage : REtrouver, REconstruire, REvivre. Les affiches, qui se retrouvent notamment dans les abribus et les panneaux publicitaires, repr\u00e9sentent bien l&rsquo;espoir&#8230;  <a href=\"https:\/\/portage.ca\/fr\/centre-medias\/campagnes-visibilite\/retrouver-reconstruire-revivre\/\" class=\"more-link\" title=\"Read REtrouver, REconstruire, REvivre &#8211; Vaincre la toxicomanie\">Read more &raquo;<\/a><\/p>\n","protected":false},"author":13,"featured_media":10157,"parent":7091,"menu_order":0,"comment_status":"closed","ping_status":"open","template":"","meta":{"_acf_changed":false,"footnotes":"","_links_to":"","_links_to_target":""},"class_list":["post-6964","page","type-page","status-publish","has-post-thumbnail","hentry"],"acf":[],"_links":{"self":[{"href":"https:\/\/portage.ca\/fr\/wp-json\/wp\/v2\/pages\/6964","targetHints":{"allow":["GET"]}}],"collection":[{"href":"https:\/\/portage.ca\/fr\/wp-json\/wp\/v2\/pages"}],"about":[{"href":"https:\/\/portage.ca\/fr\/wp-json\/wp\/v2\/types\/page"}],"author":[{"embeddable":true,"href":"https:\/\/portage.ca\/fr\/wp-json\/wp\/v2\/users\/13"}],"replies":[{"embeddable":true,"href":"https:\/\/portage.ca\/fr\/wp-json\/wp\/v2\/comments?post=6964"}],"version-history":[{"count":1,"href":"https:\/\/portage.ca\/fr\/wp-json\/wp\/v2\/pages\/6964\/revisions"}],"predecessor-version":[{"id":46554,"href":"https:\/\/portage.ca\/fr\/wp-json\/wp\/v2\/pages\/6964\/revisions\/46554"}],"up":[{"embeddable":true,"href":"https:\/\/portage.ca\/fr\/wp-json\/wp\/v2\/pages\/7091"}],"wp:featuredmedia":[{"embeddable":true,"href":"https:\/\/portage.ca\/fr\/wp-json\/wp\/v2\/media\/10157"}],"wp:attachment":[{"href":"https:\/\/portage.ca\/fr\/wp-json\/wp\/v2\/media?parent=6964"}],"curies":[{"name":"wp","href":"https:\/\/api.w.org\/{rel}","templated":true}]}}