{"id":6963,"date":"2012-10-04T04:00:00","date_gmt":"2012-10-04T09:00:00","guid":{"rendered":"https:\/\/portage.hamakmarketingnumerique.com\/\/quand-la-toxicomanie-prend-toute-la-place-campagne-publicitaire-2006-2011"},"modified":"2025-08-19T14:10:49","modified_gmt":"2025-08-19T19:10:49","slug":"quand-la-toxicomanie-prend-toute-la-place","status":"publish","type":"page","link":"https:\/\/portage.ca\/fr\/centre-medias\/campagnes-visibilite\/quand-la-toxicomanie-prend-toute-la-place\/","title":{"rendered":"Quand la toxicomanie prend toute la place"},"content":{"rendered":"\n\n\t<h2>La campagne publicitaire de Portage (2006-2011), gracieuset\u00e9 d&rsquo;Amalgame<\/h2>\n<p class=\"lead\"><strong>Radio<\/strong><\/p>\n<ul>\n<li><a href=\"https:\/\/portage.ca\/wp-content\/uploads\/2016\/06\/24062-30sF-entourage-MTL.mp3\" target=\"_blank\" rel=\"noopener\">Message \u00e0 l&rsquo;intention des jeunes toxicomanes (r\u00e9gion de Montr\u00e9al)<\/a><\/li>\n<li><a href=\"https:\/\/portage.ca\/wp-content\/uploads\/2016\/06\/24061-30sF-entourage-Qc.mp3\" target=\"_blank\" rel=\"noopener\">Message \u00e0 l&rsquo;intention des jeunes toxicomanes (r\u00e9gion de Qu\u00e9bec)<\/a><\/li>\n<li><a href=\"https:\/\/portage.ca\/wp-content\/uploads\/2016\/06\/24060-30sF-donateurs.mp3\" target=\"_blank\" rel=\"noopener\">Message \u00e0 l&rsquo;intention des donateurs<\/a><\/li>\n<\/ul>\n<p><strong>T\u00e9l\u00e9vision<\/strong><\/p>\n<iframe src=\"https:\/\/player.vimeo.com\/video\/13645241\" frameborder=\"0\" allowfullscreen><\/iframe>\n\n<p><strong>Imprim\u00e9s<\/strong><\/p>\n<p>\u00a0<a href=\"https:\/\/portage.ca\/wp-content\/uploads\/2016\/06\/Publicit\u00e9_Bleu-Vaincre-la-toxicomanie.jpg\" target=\"_blank\" rel=\"noopener\"><img loading=\"lazy\" decoding=\"async\" src=\"https:\/\/portage.ca\/wp-content\/uploads\/2016\/06\/Publicit\u00e9_Bleu-Vaincre-la-toxicomanie-230x300.jpg\" alt=\"Publicit\u00e9_Bleu\" width=\"176\" height=\"229\" \/><\/a>\u00a0 \u00a0<a href=\"https:\/\/portage.ca\/wp-content\/uploads\/2016\/06\/23884-NewAd-Noir.jpg\" target=\"_blank\" rel=\"noopener\"><img loading=\"lazy\" decoding=\"async\" src=\"https:\/\/portage.ca\/wp-content\/uploads\/2016\/06\/23884-NewAd-Noir-230x300.jpg\" alt=\"23884-NewAd Noir\" width=\"176\" height=\"230\" \/><\/a>\u00a0 \u00a0\u00a0<a href=\"https:\/\/portage.ca\/wp-content\/uploads\/2016\/06\/23884-NewAd-rouge.jpg\" target=\"_blank\" rel=\"noopener\"><img loading=\"lazy\" decoding=\"async\" src=\"https:\/\/portage.ca\/wp-content\/uploads\/2016\/06\/23884-NewAd-rouge-230x300.jpg\" alt=\"23884-NewAd rouge\" width=\"192\" height=\"250\" \/><\/a><\/p>\n<p><strong>Portage remercie chaleureusement Amalgame et ses partenaires, sans qui cette campagne n&rsquo;existerait pas.<\/strong><\/p>\n\n","protected":false},"excerpt":{"rendered":"<p>La campagne publicitaire de Portage (2006-2011), gracieuset\u00e9 d&rsquo;Amalgame Radio Message \u00e0 l&rsquo;intention des jeunes toxicomanes (r\u00e9gion de Montr\u00e9al) Message \u00e0 l&rsquo;intention des jeunes toxicomanes (r\u00e9gion de Qu\u00e9bec) Message \u00e0 l&rsquo;intention des donateurs T\u00e9l\u00e9vision Imprim\u00e9s \u00a0\u00a0 \u00a0\u00a0 \u00a0\u00a0 Portage remercie chaleureusement Amalgame et ses partenaires, sans qui cette campagne n&rsquo;existerait pas.<\/p>\n","protected":false},"author":13,"featured_media":10157,"parent":7091,"menu_order":0,"comment_status":"closed","ping_status":"closed","template":"","meta":{"_acf_changed":false,"footnotes":"","_links_to":"","_links_to_target":""},"class_list":["post-6963","page","type-page","status-publish","has-post-thumbnail","hentry"],"acf":[],"_links":{"self":[{"href":"https:\/\/portage.ca\/fr\/wp-json\/wp\/v2\/pages\/6963","targetHints":{"allow":["GET"]}}],"collection":[{"href":"https:\/\/portage.ca\/fr\/wp-json\/wp\/v2\/pages"}],"about":[{"href":"https:\/\/portage.ca\/fr\/wp-json\/wp\/v2\/types\/page"}],"author":[{"embeddable":true,"href":"https:\/\/portage.ca\/fr\/wp-json\/wp\/v2\/users\/13"}],"replies":[{"embeddable":true,"href":"https:\/\/portage.ca\/fr\/wp-json\/wp\/v2\/comments?post=6963"}],"version-history":[{"count":1,"href":"https:\/\/portage.ca\/fr\/wp-json\/wp\/v2\/pages\/6963\/revisions"}],"predecessor-version":[{"id":45151,"href":"https:\/\/portage.ca\/fr\/wp-json\/wp\/v2\/pages\/6963\/revisions\/45151"}],"up":[{"embeddable":true,"href":"https:\/\/portage.ca\/fr\/wp-json\/wp\/v2\/pages\/7091"}],"wp:featuredmedia":[{"embeddable":true,"href":"https:\/\/portage.ca\/fr\/wp-json\/wp\/v2\/media\/10157"}],"wp:attachment":[{"href":"https:\/\/portage.ca\/fr\/wp-json\/wp\/v2\/media?parent=6963"}],"curies":[{"name":"wp","href":"https:\/\/api.w.org\/{rel}","templated":true}]}}