{"id":6960,"date":"2013-08-22T04:00:00","date_gmt":"2013-08-22T09:00:00","guid":{"rendered":"https:\/\/portage.hamakmarketingnumerique.com\/\/contact-immeditat"},"modified":"2021-07-22T15:22:07","modified_gmt":"2021-07-22T20:22:07","slug":"assistance-immediate","status":"publish","type":"page","link":"https:\/\/portage.ca\/fr\/contact\/assistance-immediate\/","title":{"rendered":"Pour une assistance imm\u00e9diate"},"content":{"rendered":"<h4>\n\t\tSi vous \u00eates en situation de crise, veuillez appeler le 911 ou contacter la ligne d\u2019\u00e9coute t\u00e9l\u00e9phonique et de r\u00e9f\u00e9rence de votre r\u00e9gion:\n\t<\/h4>\n\t\t\t\t<img decoding=\"async\" src=\"https:\/\/portage.ca\/wp-content\/uploads\/2013\/08\/region-quebec.png\" alt=\"Logo r\u00e9gion de Qu\u00e9bec- Fran\u00e7ais\" itemprop=\"image\" title=\"Logo r\u00e9gion de Qu\u00e9bec- Fran\u00e7ais\" onerror=\"this.style.display='none'\"  \/>\n\t<h4><strong>Qu\u00e9bec<\/strong><\/h4>\n<strong>Drogues : aide et r\u00e9f\u00e9rence<\/strong><br \/>\nMontr\u00e9al et environs : 514-527-2626<br \/>\nAilleurs au Qu\u00e9bec : 1-800-265-2626\n\t\t\t\t<img decoding=\"async\" src=\"https:\/\/portage.ca\/wp-content\/uploads\/2013\/08\/region-atlantic-fr.png\" alt=\"Logo r\u00e9gion de l'Atlantique- Fran\u00e7ais\" itemprop=\"image\" title=\"Logo r\u00e9gion de l'Atlantique- Fran\u00e7ais\" onerror=\"this.style.display='none'\"  \/>\n\t<h4><strong>Atlantique<\/strong><\/h4>\n<strong>CHIMO<\/strong><br \/>\n1-800-667-5005<br \/>\n506-450-4357\n\t\t\t\t<img decoding=\"async\" src=\"https:\/\/portage.ca\/wp-content\/uploads\/2016\/04\/region-ontario.png\" alt=\"Ontario region - Portage -donation\" itemprop=\"image\" title=\"Ontario region - Portage - donation\" onerror=\"this.style.display='none'\"  \/>\n\t<h4><strong>Ontario<\/strong><\/h4>\n<strong>Drug and Alcohol Helpline (anglais)<\/strong><br \/>\n1-800-565-8603\n","protected":false},"excerpt":{"rendered":"<p>Si vous \u00eates en situation de crise, veuillez appeler le 911 ou contacter la ligne d\u2019\u00e9coute t\u00e9l\u00e9phonique et de r\u00e9f\u00e9rence de votre r\u00e9gion: Qu\u00e9bec Drogues : aide et r\u00e9f\u00e9rence Montr\u00e9al et environs : 514-527-2626 Ailleurs au Qu\u00e9bec : 1-800-265-2626 Atlantique CHIMO 1-800-667-5005 506-450-4357 Ontario Drug and Alcohol Helpline (anglais) 1-800-565-8603<\/p>\n","protected":false},"author":13,"featured_media":10157,"parent":6976,"menu_order":0,"comment_status":"closed","ping_status":"open","template":"","meta":{"_acf_changed":false,"footnotes":"","_links_to":"","_links_to_target":""},"class_list":["post-6960","page","type-page","status-publish","has-post-thumbnail","hentry"],"acf":[],"_links":{"self":[{"href":"https:\/\/portage.ca\/fr\/wp-json\/wp\/v2\/pages\/6960","targetHints":{"allow":["GET"]}}],"collection":[{"href":"https:\/\/portage.ca\/fr\/wp-json\/wp\/v2\/pages"}],"about":[{"href":"https:\/\/portage.ca\/fr\/wp-json\/wp\/v2\/types\/page"}],"author":[{"embeddable":true,"href":"https:\/\/portage.ca\/fr\/wp-json\/wp\/v2\/users\/13"}],"replies":[{"embeddable":true,"href":"https:\/\/portage.ca\/fr\/wp-json\/wp\/v2\/comments?post=6960"}],"version-history":[{"count":0,"href":"https:\/\/portage.ca\/fr\/wp-json\/wp\/v2\/pages\/6960\/revisions"}],"up":[{"embeddable":true,"href":"https:\/\/portage.ca\/fr\/wp-json\/wp\/v2\/pages\/6976"}],"wp:featuredmedia":[{"embeddable":true,"href":"https:\/\/portage.ca\/fr\/wp-json\/wp\/v2\/media\/10157"}],"wp:attachment":[{"href":"https:\/\/portage.ca\/fr\/wp-json\/wp\/v2\/media?parent=6960"}],"curies":[{"name":"wp","href":"https:\/\/api.w.org\/{rel}","templated":true}]}}