{"id":47478,"date":"2026-01-30T10:14:42","date_gmt":"2026-01-30T15:14:42","guid":{"rendered":"https:\/\/portage.ca\/?page_id=47478"},"modified":"2026-02-05T14:45:44","modified_gmt":"2026-02-05T19:45:44","slug":"omnium-de-golf-de-portage-montreal-2","status":"publish","type":"page","link":"https:\/\/portage.ca\/fr\/fondation\/omnium-de-golf-de-portage-montreal-2\/","title":{"rendered":"Omnium de Golf de Portage \u2013 Montr\u00e9al"},"content":{"rendered":"\n<h1>\n\t\t\tOmnium de Golf Montr\u00e9al\t<\/h1>\n<h1>\n\t\t\tLundi 1<sup>er<\/sup> juin 2026\t<\/h1>\n\t\t\t\tJour\n\t\t\t\tHeure\n\t\t\t\tMinute\n\t\t\t\tSeconde\n\t\t\t\t<img decoding=\"async\" src=\"https:\/\/portage.ca\/wp-content\/uploads\/2026\/01\/20250602_Portage_0491_Comite_avec_cheque-scaled.jpg\" alt=\"20250602_Portage_0491_Comite_avec_cheque\" itemprop=\"image\" height=\"1707\" width=\"2560\" title=\"20250602_Portage_0491_Comite_avec_cheque\" onerror=\"this.style.display='none'\" loading=\"lazy\" \/>\n\t<p class=\"lead\">Cette ann\u00e9e,\u00a0l&rsquo;Omnium de Golf de Portage se d\u00e9roulera \u00e0 nouveau au prestigieux\u00a0<a href=\"https:\/\/rmgc.org\/\" target=\"_blank\" rel=\"noopener\">Club de Golf Royal Montr\u00e9al<\/a>, le plus ancien club de golf en Am\u00e9rique du Nord et h\u00f4te de la Coupe des Pr\u00e9sidents en 2007 et 2024.<\/p>\n<p>Lors de cette journ\u00e9e conviviale, les golfeurs joueront sur les plus beaux et renomm\u00e9s parcours de golf au Qu\u00e9bec, suivi par un cocktail sur la magnifique terrasse ainsi qu&rsquo;un repas gastronomique. L&rsquo;\u00e9v\u00e9nement permet de r\u00e9colter annuellement une somme importante pour\u00a0<a href=\"https:\/\/portage.ca\/fr\/quebec\/programme-adolescents-francais-ouest\/\">les programmes de r\u00e9adaptation en d\u00e9pendances pour adolescents et jeunes adultes francophones et anglophones, \u00e0 Pr\u00e9vost, dans les Laurentides<\/a>.<\/p>\n<p>C&rsquo;est gr\u00e2ce aux membres du comit\u00e9 organisateur, aux partenaires, aux participants et aux b\u00e9n\u00e9voles que l&rsquo;activit\u00e9 remporte ann\u00e9e apr\u00e8s ann\u00e9e un vif succ\u00e8s aupr\u00e8s de la communaut\u00e9 des affaires de la grande r\u00e9gion de Montr\u00e9al.<\/p>\n<p>Si vous d\u00e9sirez obtenir\u00a0de plus amples renseignements concernant cet \u00e9v\u00e9nement, veuillez communiquer avec la Fondation Portage au\u00a0<a href=\"tel:5149390202\">514-939-0202<\/a>\u00a0ou\u00a0contactez-nous par\u00a0<a href=\"mailto:fondation@portage.ca\">courriel<\/a>.<\/p>\n\n","protected":false},"excerpt":{"rendered":"<p>Omnium de Golf Montr\u00e9al Lundi 1er juin 2026 Jour Heure Minute Seconde Cette ann\u00e9e,\u00a0l&rsquo;Omnium de Golf de Portage se d\u00e9roulera \u00e0 nouveau au prestigieux\u00a0Club de Golf Royal Montr\u00e9al, le plus ancien club de golf en Am\u00e9rique du Nord et h\u00f4te de la Coupe des Pr\u00e9sidents en 2007 et 2024. Lors de cette journ\u00e9e conviviale, les&#8230;  <a href=\"https:\/\/portage.ca\/fr\/fondation\/omnium-de-golf-de-portage-montreal-2\/\" class=\"more-link\" title=\"Read Omnium de Golf de Portage \u2013 Montr\u00e9al\">Read more &raquo;<\/a><\/p>\n","protected":false},"author":13,"featured_media":47443,"parent":12632,"menu_order":0,"comment_status":"closed","ping_status":"closed","template":"page-full-width.php","meta":{"_acf_changed":false,"footnotes":"","_links_to":"","_links_to_target":""},"class_list":["post-47478","page","type-page","status-publish","has-post-thumbnail","hentry"],"acf":[],"_links":{"self":[{"href":"https:\/\/portage.ca\/fr\/wp-json\/wp\/v2\/pages\/47478","targetHints":{"allow":["GET"]}}],"collection":[{"href":"https:\/\/portage.ca\/fr\/wp-json\/wp\/v2\/pages"}],"about":[{"href":"https:\/\/portage.ca\/fr\/wp-json\/wp\/v2\/types\/page"}],"author":[{"embeddable":true,"href":"https:\/\/portage.ca\/fr\/wp-json\/wp\/v2\/users\/13"}],"replies":[{"embeddable":true,"href":"https:\/\/portage.ca\/fr\/wp-json\/wp\/v2\/comments?post=47478"}],"version-history":[{"count":7,"href":"https:\/\/portage.ca\/fr\/wp-json\/wp\/v2\/pages\/47478\/revisions"}],"predecessor-version":[{"id":47561,"href":"https:\/\/portage.ca\/fr\/wp-json\/wp\/v2\/pages\/47478\/revisions\/47561"}],"up":[{"embeddable":true,"href":"https:\/\/portage.ca\/fr\/wp-json\/wp\/v2\/pages\/12632"}],"wp:featuredmedia":[{"embeddable":true,"href":"https:\/\/portage.ca\/fr\/wp-json\/wp\/v2\/media\/47443"}],"wp:attachment":[{"href":"https:\/\/portage.ca\/fr\/wp-json\/wp\/v2\/media?parent=47478"}],"curies":[{"name":"wp","href":"https:\/\/api.w.org\/{rel}","templated":true}]}}