{"id":47371,"date":"2026-01-29T11:18:23","date_gmt":"2026-01-29T16:18:23","guid":{"rendered":"https:\/\/portage.ca\/?page_id=47371"},"modified":"2026-01-30T10:21:58","modified_gmt":"2026-01-30T15:21:58","slug":"table-du-chef-montreal","status":"publish","type":"page","link":"https:\/\/portage.ca\/fr\/fondation\/table-du-chef-montreal\/","title":{"rendered":"Table du Chef Montr\u00e9al"},"content":{"rendered":"\n<h1>\n\t\t\tTable du Chef Montr\u00e9al\t<\/h1>\n<h1>\n\t\t\tMardi 17 f\u00e9vrier 2026\t<\/h1>\n\t\t\t\t<img decoding=\"async\" src=\"https:\/\/portage.ca\/wp-content\/uploads\/2026\/01\/20230515_Portage_0071-scaled.jpg\" alt=\"20230515_Portage_0071\" itemprop=\"image\" height=\"1707\" width=\"2560\" title=\"20230515_Portage_0071\" onerror=\"this.style.display='none'\" loading=\"lazy\" \/>\n\tLa Table du Chef Montr\u00e9al offre un acc\u00e8s privil\u00e9gi\u00e9 \u00e0 une exp\u00e9rience culinaire priv\u00e9e, au c\u0153ur des cuisines du <a href=\"https:\/\/www.restaurantroselys.com\/\" target=\"_blank\" rel=\"noopener\">Bistro Ros\u00e9lys &#8211; Fairmont Le Reine Elizabeth<\/a>.\n<p class=\"lead\">Sous la direction du Chef ex\u00e9cutif et de sa brigade, les invit\u00e9s prennent part \u00e0 un atelier culinaire de haute gastronomie, incluant la pr\u00e9paration du repas, avant de le partager autour d&rsquo;une table qui se veut intime et conviviale.<\/p>\n<p>Cette exp\u00e9rience unique, r\u00e9serv\u00e9e \u00e0 12 invit\u00e9s, est con\u00e7ue pour privil\u00e9gier le r\u00e9seautage tout en partageant une exp\u00e9rience gastronomique exceptionnelle.<\/p>\n<p>Si vous d\u00e9sirez avoir de plus amples renseignements concernant la Table du Chef Montr\u00e9al, veuillez communiquer avec la Fondation Portage au <a href=\"tel:5149390202\">514-939-0202<\/a> ou contactez-nous par\u00a0<a title=\"Original URL: https:\/\/portage.ca\/fr\/contact.. Click or tap if you trust this link.\" href=\"mailto:fondation@portage.ca\" data-auth=\"NotApplicable\" data-linkindex=\"0\">courriel<\/a>.<\/p>\n\t\t\t\t<a\n\t\t\thref=\"https:\/\/portage.ca\/wp-content\/uploads\/2026\/01\/20230515_Portage_0082-1024x683.jpg\"\n\t\t\t\t\t\tdata-fancybox=\"images\" \n\t\t\ttitle=\"20230515_Portage_0082\" \n\t\t\t\t\t\tdata-description=\"\" \n\t\t\titemprop=\"contentUrl\">\n\t\t\t<img loading=\"lazy\" decoding=\"async\" src=\"https:\/\/portage.ca\/wp-content\/uploads\/2026\/01\/20230515_Portage_0082-scaled.jpg\" alt=\"\" data-no-lazy=\"1\" itemprop=\"thumbnail\" width=\"2560\" height=\"1707\" \/>\n\t\t\t<!-- Overlay Wrapper -->\n\t\t\t <!-- Overlay Wrapper Closed -->\n\t\t\t\t<\/a>\n\t\t\t\t\t\t\t<meta itemprop=\"width\" content=\"2560\" \/>\n\t\t\t<meta itemprop=\"height\" content=\"1707\" \/>\n\t\t\t\t<a\n\t\t\thref=\"https:\/\/portage.ca\/wp-content\/uploads\/2026\/01\/20230515_Portage_0093-1024x683.jpg\"\n\t\t\t\t\t\tdata-fancybox=\"images\" \n\t\t\ttitle=\"20230515_Portage_0093\" \n\t\t\t\t\t\tdata-description=\"\" \n\t\t\titemprop=\"contentUrl\">\n\t\t\t<img loading=\"lazy\" decoding=\"async\" src=\"https:\/\/portage.ca\/wp-content\/uploads\/2026\/01\/20230515_Portage_0093-scaled.jpg\" alt=\"\" data-no-lazy=\"1\" itemprop=\"thumbnail\" width=\"2560\" height=\"1707\" \/>\n\t\t\t<!-- Overlay Wrapper -->\n\t\t\t <!-- Overlay Wrapper Closed -->\n\t\t\t\t<\/a>\n\t\t\t\t\t\t\t<meta itemprop=\"width\" content=\"2560\" \/>\n\t\t\t<meta itemprop=\"height\" content=\"1707\" \/>\n\t\t\t\t<a\n\t\t\thref=\"https:\/\/portage.ca\/wp-content\/uploads\/2026\/01\/20230515_Portage_0011-1024x683.jpg\"\n\t\t\t\t\t\tdata-fancybox=\"images\" \n\t\t\ttitle=\"20230515_Portage_0011\" \n\t\t\t\t\t\tdata-description=\"\" \n\t\t\titemprop=\"contentUrl\">\n\t\t\t<img loading=\"lazy\" decoding=\"async\" src=\"https:\/\/portage.ca\/wp-content\/uploads\/2026\/01\/20230515_Portage_0011-scaled.jpg\" alt=\"\" data-no-lazy=\"1\" itemprop=\"thumbnail\" width=\"2560\" height=\"1707\" \/>\n\t\t\t<!-- Overlay Wrapper -->\n\t\t\t <!-- Overlay Wrapper Closed -->\n\t\t\t\t<\/a>\n\t\t\t\t\t\t\t<meta itemprop=\"width\" content=\"2560\" \/>\n\t\t\t<meta itemprop=\"height\" content=\"1707\" \/>\n\t\t\t\t<a\n\t\t\thref=\"https:\/\/portage.ca\/wp-content\/uploads\/2026\/01\/20230515_Portage_0100-1024x683.jpg\"\n\t\t\t\t\t\tdata-fancybox=\"images\" \n\t\t\ttitle=\"20230515_Portage_0100\" \n\t\t\t\t\t\tdata-description=\"\" \n\t\t\titemprop=\"contentUrl\">\n\t\t\t<img loading=\"lazy\" decoding=\"async\" src=\"https:\/\/portage.ca\/wp-content\/uploads\/2026\/01\/20230515_Portage_0100-scaled.jpg\" alt=\"\" data-no-lazy=\"1\" itemprop=\"thumbnail\" width=\"2560\" height=\"1707\" \/>\n\t\t\t<!-- Overlay Wrapper -->\n\t\t\t <!-- Overlay Wrapper Closed -->\n\t\t\t\t<\/a>\n\t\t\t\t\t\t\t<meta itemprop=\"width\" content=\"2560\" \/>\n\t\t\t<meta itemprop=\"height\" content=\"1707\" \/>\n\t\t\t\t<a\n\t\t\thref=\"https:\/\/portage.ca\/wp-content\/uploads\/2026\/01\/20230515_Portage_0060-1024x683.jpg\"\n\t\t\t\t\t\tdata-fancybox=\"images\" \n\t\t\ttitle=\"20230515_Portage_0060\" \n\t\t\t\t\t\tdata-description=\"\" \n\t\t\titemprop=\"contentUrl\">\n\t\t\t<img loading=\"lazy\" decoding=\"async\" src=\"https:\/\/portage.ca\/wp-content\/uploads\/2026\/01\/20230515_Portage_0060-scaled.jpg\" alt=\"\" data-no-lazy=\"1\" itemprop=\"thumbnail\" width=\"2560\" height=\"1707\" \/>\n\t\t\t<!-- Overlay Wrapper -->\n\t\t\t <!-- Overlay Wrapper Closed -->\n\t\t\t\t<\/a>\n\t\t\t\t\t\t\t<meta itemprop=\"width\" content=\"2560\" \/>\n\t\t\t<meta itemprop=\"height\" content=\"1707\" \/>\n\t\t\t\t<a\n\t\t\thref=\"https:\/\/portage.ca\/wp-content\/uploads\/2026\/01\/20230515_Portage_0109-1024x683.jpg\"\n\t\t\t\t\t\tdata-fancybox=\"images\" \n\t\t\ttitle=\"20230515_Portage_0109\" \n\t\t\t\t\t\tdata-description=\"\" \n\t\t\titemprop=\"contentUrl\">\n\t\t\t<img loading=\"lazy\" decoding=\"async\" src=\"https:\/\/portage.ca\/wp-content\/uploads\/2026\/01\/20230515_Portage_0109-scaled.jpg\" alt=\"\" data-no-lazy=\"1\" itemprop=\"thumbnail\" width=\"2560\" height=\"1707\" \/>\n\t\t\t<!-- Overlay Wrapper -->\n\t\t\t <!-- Overlay Wrapper Closed -->\n\t\t\t\t<\/a>\n\t\t\t\t\t\t\t<meta itemprop=\"width\" content=\"2560\" \/>\n\t\t\t<meta itemprop=\"height\" content=\"1707\" \/>\n\t\t\t\t<a\n\t\t\thref=\"https:\/\/portage.ca\/wp-content\/uploads\/2026\/01\/20230515_Portage_0118-1024x683.jpg\"\n\t\t\t\t\t\tdata-fancybox=\"images\" \n\t\t\ttitle=\"20230515_Portage_0118\" \n\t\t\t\t\t\tdata-description=\"\" \n\t\t\titemprop=\"contentUrl\">\n\t\t\t<img loading=\"lazy\" decoding=\"async\" src=\"https:\/\/portage.ca\/wp-content\/uploads\/2026\/01\/20230515_Portage_0118-scaled.jpg\" alt=\"\" data-no-lazy=\"1\" itemprop=\"thumbnail\" width=\"2560\" height=\"1707\" \/>\n\t\t\t<!-- Overlay Wrapper -->\n\t\t\t <!-- Overlay Wrapper Closed -->\n\t\t\t\t<\/a>\n\t\t\t\t\t\t\t<meta itemprop=\"width\" content=\"2560\" \/>\n\t\t\t<meta itemprop=\"height\" content=\"1707\" \/>\n\t\t\t\t<a\n\t\t\thref=\"https:\/\/portage.ca\/wp-content\/uploads\/2026\/01\/20230515_Portage_0122-1024x683.jpg\"\n\t\t\t\t\t\tdata-fancybox=\"images\" \n\t\t\ttitle=\"20230515_Portage_0122\" \n\t\t\t\t\t\tdata-description=\"\" \n\t\t\titemprop=\"contentUrl\">\n\t\t\t<img loading=\"lazy\" decoding=\"async\" src=\"https:\/\/portage.ca\/wp-content\/uploads\/2026\/01\/20230515_Portage_0122-scaled.jpg\" alt=\"\" data-no-lazy=\"1\" itemprop=\"thumbnail\" width=\"2560\" height=\"1707\" \/>\n\t\t\t<!-- Overlay Wrapper -->\n\t\t\t <!-- Overlay Wrapper Closed -->\n\t\t\t\t<\/a>\n\t\t\t\t\t\t\t<meta itemprop=\"width\" content=\"2560\" \/>\n\t\t\t<meta itemprop=\"height\" content=\"1707\" \/>\n\t\n","protected":false},"excerpt":{"rendered":"<p>Table du Chef Montr\u00e9al Mardi 17 f\u00e9vrier 2026 La Table du Chef Montr\u00e9al offre un acc\u00e8s privil\u00e9gi\u00e9 \u00e0 une exp\u00e9rience culinaire priv\u00e9e, au c\u0153ur des cuisines du Bistro Ros\u00e9lys &#8211; Fairmont Le Reine Elizabeth. Sous la direction du Chef ex\u00e9cutif et de sa brigade, les invit\u00e9s prennent part \u00e0 un atelier culinaire de haute gastronomie,&#8230;  <a href=\"https:\/\/portage.ca\/fr\/fondation\/table-du-chef-montreal\/\" class=\"more-link\" title=\"Read Table du Chef Montr\u00e9al\">Read more &raquo;<\/a><\/p>\n","protected":false},"author":13,"featured_media":47362,"parent":12632,"menu_order":0,"comment_status":"closed","ping_status":"closed","template":"page-full-width.php","meta":{"_acf_changed":false,"footnotes":"","_links_to":"","_links_to_target":""},"class_list":["post-47371","page","type-page","status-publish","has-post-thumbnail","hentry"],"acf":[],"_links":{"self":[{"href":"https:\/\/portage.ca\/fr\/wp-json\/wp\/v2\/pages\/47371","targetHints":{"allow":["GET"]}}],"collection":[{"href":"https:\/\/portage.ca\/fr\/wp-json\/wp\/v2\/pages"}],"about":[{"href":"https:\/\/portage.ca\/fr\/wp-json\/wp\/v2\/types\/page"}],"author":[{"embeddable":true,"href":"https:\/\/portage.ca\/fr\/wp-json\/wp\/v2\/users\/13"}],"replies":[{"embeddable":true,"href":"https:\/\/portage.ca\/fr\/wp-json\/wp\/v2\/comments?post=47371"}],"version-history":[{"count":5,"href":"https:\/\/portage.ca\/fr\/wp-json\/wp\/v2\/pages\/47371\/revisions"}],"predecessor-version":[{"id":47483,"href":"https:\/\/portage.ca\/fr\/wp-json\/wp\/v2\/pages\/47371\/revisions\/47483"}],"up":[{"embeddable":true,"href":"https:\/\/portage.ca\/fr\/wp-json\/wp\/v2\/pages\/12632"}],"wp:featuredmedia":[{"embeddable":true,"href":"https:\/\/portage.ca\/fr\/wp-json\/wp\/v2\/media\/47362"}],"wp:attachment":[{"href":"https:\/\/portage.ca\/fr\/wp-json\/wp\/v2\/media?parent=47371"}],"curies":[{"name":"wp","href":"https:\/\/api.w.org\/{rel}","templated":true}]}}