{"id":41098,"date":"2024-10-21T13:36:58","date_gmt":"2024-10-21T18:36:58","guid":{"rendered":"https:\/\/portage.ca\/?page_id=41098"},"modified":"2025-10-08T07:55:40","modified_gmt":"2025-10-08T12:55:40","slug":"toxicomanie-questionnaire","status":"publish","type":"page","link":"https:\/\/portage.ca\/fr\/a-propos\/toxicomanie-questionnaire\/","title":{"rendered":"Souffrez-vous d&rsquo;un probl\u00e8me de d\u00e9pendance \u00e0 la drogue? Questionnaire"},"content":{"rendered":"\n<h1>\n\t\t\tSouffrez-vous d&rsquo;un probl\u00e8me de d\u00e9pendance \u00e0 la drogue?\t<\/h1>\n<h4>\n\t\t\tPrenez un moment pour r\u00e9pondre honn\u00eatement aux questions ci-dessous. Ce questionnaire vise \u00e0 vous aider \u00e0 r\u00e9fl\u00e9chir \u00e0 votre consommation et \u00e0 \u00e9valuer si elle pourrait avoir un impact sur votre vie.\t<\/h4>\n\t<p class=\"lead\"><strong>Important<\/strong> : Ce questionnaire est un outil d&rsquo;auto-\u00e9valuation. M\u00eame si vous r\u00e9pondez \u00ab oui \u00bb \u00e0 plusieurs questions, cela ne signifie pas automatiquement que vous devez suivre une th\u00e9rapie. Il vise simplement \u00e0 vous aider \u00e0 r\u00e9fl\u00e9chir \u00e0 votre consommation et \u00e0 envisager, si n\u00e9cessaire, de parler \u00e0 un professionnel.<\/p>\n\t<ol>\n<li>Avez-vous besoin de consommer de la drogue (ou de l&rsquo;alcool) pour fonctionner?<\/li>\n<li>Vous est-il difficile de contr\u00f4ler votre consommation?<\/li>\n<li>Avez-vous de la difficult\u00e9 \u00e0 vous abstenir de consommer pendant plusieurs jours?<\/li>\n<li>Consommez-vous plus d&rsquo;une drogue \u00e0 la fois?<\/li>\n<li>Avez-vous d\u00e9j\u00e0 cach\u00e9 \u00e0 vos proches au sujet de votre consommation?<\/li>\n<li>Avez-vous d\u00e9j\u00e0 consomm\u00e9 de la drogue en solitaire?<\/li>\n<li>Est-ce que votre consommation vous am\u00e8ne \u00e0 vous isoler de vos proches et amis?<\/li>\n<li>Cachez-vous votre consommation de drogue ou d&rsquo;alcool \u00e0 vos proches et amis?<\/li>\n<li>Est-ce que vous consommez pour g\u00e9rer vos \u00e9motions ou fuir vos probl\u00e8mes?<\/li>\n<li>Est-ce qu&rsquo;il vous arrive de vous sentir coupable, m\u00e9fiant, inquiet, pi\u00e9g\u00e9, solitaire, triste, d\u00e9prim\u00e9, ou d\u00e9sesp\u00e9r\u00e9 apr\u00e8s avoir consomm\u00e9 de la drogue?<\/li>\n<li>Est-ce que votre consommation de drogue ou d&rsquo;alcool vous rend confus, incoh\u00e9rent, d\u00e9sorganis\u00e9, d\u00e9sorient\u00e9 ou occasionne des pertes de m\u00e9moire?<\/li>\n<li>Votre consommation vous pose-t-elle des probl\u00e8mes de motivation, de concentration ou de perte de m\u00e9moire?<\/li>\n<li>Votre consommation\u00a0vous a-t-elle d\u00e9j\u00e0 pos\u00e9 des probl\u00e8mes au travail, \u00e0 l&rsquo;\u00e9cole, dans vos loisirs ou \u00e0 la maison?<\/li>\n<li>Est-ce que la consommation de drogue vous cr\u00e9e des probl\u00e8mes d&rsquo;ordre physique, \u00e9motif, psychologique, familial, social, financier ou judiciaire?<\/li>\n<li>Est-ce que votre entourage (familial, social, scolaire, professionnel, etc.) se plaint que votre consommation nuit \u00e0 votre relation ou vous reproche de consommer?<\/li>\n<li>Vous arrive-t-il d&rsquo;\u00eatre agressif apr\u00e8s avoir consomm\u00e9?<\/li>\n<li>Avez-vous d\u00e9j\u00e0 pens\u00e9 \u00e0 l&rsquo;automutilation ou \u00e0 mettre fin \u00e0 vos jours \u00e0 cause de votre consommation?<\/li>\n<li>Vous \u00eates-vous d\u00e9j\u00e0 retrouv\u00e9 \u00e0 l&rsquo;h\u00f4pital suite \u00e0 une consommation ?<\/li>\n<li>Est-ce que votre entourage (familial, social, scolaire, professionnel, etc.) vous a d\u00e9j\u00e0 sugg\u00e9r\u00e9 de consulter ou de demander de l&rsquo;aide pour votre consommation?<\/li>\n<li>Est-ce que votre m\u00e9decin vous a d\u00e9j\u00e0 orient\u00e9 vers des services d&rsquo;\u00e9valuation en toxicomanie? Vous a-t-il d\u00e9j\u00e0 dit d&rsquo;arr\u00eater de prendre les m\u00e9dicaments prescrits parce qu&rsquo;ils seraient possiblement dangereux ajout\u00e9s \u00e0 votre consommation d&rsquo;alcool ou de drogue?<\/li>\n<\/ol>\n<h3>\n\t\t\tSi vous r\u00e9pondez oui&#8230;\t<\/h3>\n\t<p>Si vous avez r\u00e9pondu \u00ab oui \u00bb \u00e0 une ou plusieurs questions, cela peut indiquer que votre consommation a un impact sur votre vie. Nous vous invitons \u00e0 <strong><a href=\"https:\/\/portage.ca\/fr\/contact\/\">communiquer avec notre \u00e9quipe<\/a><\/strong> pour discuter de votre situation. Une \u00e9valuation professionnelle pourra vous aider \u00e0 d\u00e9terminer si un accompagnement ou une th\u00e9rapie est appropri\u00e9 pour vous.<\/p>\n<p>Portage a soutenu des milliers de personnes dans leur d\u00e9marche de r\u00e9adaptation. Nous sommes l\u00e0 pour vous \u00e9couter, sans jugement.<\/p>\n\n","protected":false},"excerpt":{"rendered":"<p>Souffrez-vous d&rsquo;un probl\u00e8me de d\u00e9pendance \u00e0 la drogue? Prenez un moment pour r\u00e9pondre honn\u00eatement aux questions ci-dessous. Ce questionnaire vise \u00e0 vous aider \u00e0 r\u00e9fl\u00e9chir \u00e0 votre consommation et \u00e0 \u00e9valuer si elle pourrait avoir un impact sur votre vie. Important : Ce questionnaire est un outil d&rsquo;auto-\u00e9valuation. M\u00eame si vous r\u00e9pondez \u00ab oui \u00bb&#8230;  <a href=\"https:\/\/portage.ca\/fr\/a-propos\/toxicomanie-questionnaire\/\" class=\"more-link\" title=\"Read Souffrez-vous d&rsquo;un probl\u00e8me de d\u00e9pendance \u00e0 la drogue? Questionnaire\">Read more &raquo;<\/a><\/p>\n","protected":false},"author":10,"featured_media":10157,"parent":12641,"menu_order":0,"comment_status":"closed","ping_status":"closed","template":"page-full-width.php","meta":{"_acf_changed":false,"footnotes":"","_links_to":"","_links_to_target":""},"class_list":["post-41098","page","type-page","status-publish","has-post-thumbnail","hentry"],"acf":[],"_links":{"self":[{"href":"https:\/\/portage.ca\/fr\/wp-json\/wp\/v2\/pages\/41098","targetHints":{"allow":["GET"]}}],"collection":[{"href":"https:\/\/portage.ca\/fr\/wp-json\/wp\/v2\/pages"}],"about":[{"href":"https:\/\/portage.ca\/fr\/wp-json\/wp\/v2\/types\/page"}],"author":[{"embeddable":true,"href":"https:\/\/portage.ca\/fr\/wp-json\/wp\/v2\/users\/10"}],"replies":[{"embeddable":true,"href":"https:\/\/portage.ca\/fr\/wp-json\/wp\/v2\/comments?post=41098"}],"version-history":[{"count":4,"href":"https:\/\/portage.ca\/fr\/wp-json\/wp\/v2\/pages\/41098\/revisions"}],"predecessor-version":[{"id":46104,"href":"https:\/\/portage.ca\/fr\/wp-json\/wp\/v2\/pages\/41098\/revisions\/46104"}],"up":[{"embeddable":true,"href":"https:\/\/portage.ca\/fr\/wp-json\/wp\/v2\/pages\/12641"}],"wp:featuredmedia":[{"embeddable":true,"href":"https:\/\/portage.ca\/fr\/wp-json\/wp\/v2\/media\/10157"}],"wp:attachment":[{"href":"https:\/\/portage.ca\/fr\/wp-json\/wp\/v2\/media?parent=41098"}],"curies":[{"name":"wp","href":"https:\/\/api.w.org\/{rel}","templated":true}]}}