{"id":39221,"date":"2024-01-23T13:06:20","date_gmt":"2024-01-23T18:06:20","guid":{"rendered":"https:\/\/portage.ca\/?page_id=39221"},"modified":"2025-09-11T09:53:01","modified_gmt":"2025-09-11T14:53:01","slug":"rapports-annuels-et-etats-financiers","status":"publish","type":"page","link":"https:\/\/portage.ca\/fr\/a-propos\/rapports-annuels-et-etats-financiers\/","title":{"rendered":"Rapports annuels et \u00e9tats financiers"},"content":{"rendered":"\n<h1>\n\t\t\tRapports annuels et \u00e9tats financiers\t<\/h1>\n<h4>\n\t\t\tPortage est un organisme \u00e0 but non lucratif priv\u00e9 subventionn\u00e9 par les gouvernements provinciaux et f\u00e9d\u00e9ral. \u00c0 l&rsquo;aide de sa fondation, l&rsquo;organisation est en mesure de recueillir des dons du secteur priv\u00e9 pour enrichir l&rsquo;ensemble de son offre de services. \t<\/h4>\n\t<span><span><a href=\"https:\/\/portage.ca\/fr\/\">Accueil<\/a><\/span><\/span>\n\t<p class=\"lead\">Parce que chaque dollar peut faire la diff\u00e9rence dans la vie des gens aux prises avec des probl\u00e8mes de d\u00e9pendance, Portage place au c\u0153ur de ses priorit\u00e9s l&rsquo;\u00e9thique et la transparence. Portage est par ailleurs reconnu pour l&rsquo;excellence de son travaille par l&rsquo;organisme Agr\u00e9ment Canada avec mention d&rsquo;honneur.<\/p>\n<p>&nbsp;<\/p>\n<p>Chaque ann\u00e9e, l&rsquo;organisation publie l&rsquo;ensemble de ses activit\u00e9s, les \u00e9tats financiers et les r\u00e9alisations rendues possibles gr\u00e2ce aux dons amass\u00e9s par la fondation. En consultant le rapport annuel, vous comprendrez l&rsquo;impact de vos dons sur les milliers de personnes que Portage aide chaque ann\u00e9e.<\/p>\n\t<h3>Rapports annuels<\/h3>\n\t\t\t\t<a href=\"https:\/\/portage.ca\/fr\/rapport-annuel-2024-2025\/\"  target=\"_blank\" rel=\"noopener\"  itemprop=\"url\">\n\t\t\t\t<img decoding=\"async\" src=\"https:\/\/portage.ca\/wp-content\/uploads\/2025\/09\/Rapport-annuel-Cover-2024-2025-FR.png\" alt=\"Rapport annuel Cover 2024-2025 FR\" itemprop=\"image\" height=\"2000\" width=\"1410\" title=\"Rapport annuel Cover 2024-2025 FR\" onerror=\"this.style.display='none'\" loading=\"lazy\" \/>\n\t\t\t\t<\/a>\n\t<h3>2024-2025<\/h3>\n\t\t\t\t<a href=\"https:\/\/portage.ca\/wp-content\/uploads\/2024\/09\/Rapport-annuel-2023-2024-F003-ETENDUE.pdf\"  target=\"_blank\" rel=\"noopener\"  itemprop=\"url\">\n\t\t\t\t<img decoding=\"async\" src=\"https:\/\/portage.ca\/wp-content\/uploads\/2024\/09\/Rapport-annuel-2023-2024-F00.jpg\" alt=\"Rapport annuel 2023-2024 F00\" itemprop=\"image\" height=\"792\" width=\"612\" title=\"Rapport annuel 2023-2024 F00\" onerror=\"this.style.display='none'\" loading=\"lazy\" \/>\n\t\t\t\t<\/a>\n\t<h3>2023-2024<\/h3>\n<h3>\n\t\t\t\u00c9tats Financiers\t<\/h3>\n\t<h3>\u00c9tats financiers 31 mars 2025<\/h3>\n\t<p>Centre d&rsquo;accueil le Programme de Portage Inc.\u00a0 <a href=\"https:\/\/portage.ca\/wp-content\/uploads\/2025\/08\/Centre-d-accueil-Le-Programme-de-Portage-Inc-2025-03-31-EF-Final2025-08-19-15.51.33.pdf\" target=\"_blank\" rel=\"noopener\"><img loading=\"lazy\" decoding=\"async\" src=\"https:\/\/portage.ca\/wp-content\/uploads\/2024\/01\/DL-icon-125x125.png\" alt=\"\" width=\"20\" height=\"24\" \/><\/a><\/p>\n\t<p>Le Programme de Portage relatif \u00e0 la D\u00e9pendance de la Drogue Inc. <a href=\"https:\/\/portage.ca\/wp-content\/uploads\/2025\/08\/Le-Programme-de-Portage-Relatif-a-la-Dependance-de-la-Drogue-Inc-2025-03-31-EF-Final2025-08-19-15.51.33.pdf\" target=\"_blank\" rel=\"noopener\"><img loading=\"lazy\" decoding=\"async\" src=\"https:\/\/portage.ca\/wp-content\/uploads\/2024\/01\/DL-icon-125x125.png\" alt=\"\" width=\"20\" height=\"24\" \/><\/a><\/p>\n\t<p>La Fondation Portage <a href=\"https:\/\/portage.ca\/wp-content\/uploads\/2025\/09\/Etats-Financiers-la-Fondation-Portage.pdf\" target=\"_blank\" rel=\"noopener\"><img loading=\"lazy\" decoding=\"async\" src=\"https:\/\/portage.ca\/wp-content\/uploads\/2024\/01\/DL-icon-125x125.png\" alt=\"\" width=\"20\" height=\"24\" \/><\/a><\/p>\n\t<h3>\u00c9tats financiers 31 mars 2024<\/h3>\n\t<p>Centre d&rsquo;accueil le Programme de Portage Inc. <a href=\"https:\/\/portage.ca\/wp-content\/uploads\/2024\/09\/Centre-daccueil-Le-Programme-de-Portage-Inc-2024-03-31-EF-Final.pdf\" target=\"_blank\" rel=\"noopener\"><img loading=\"lazy\" decoding=\"async\" src=\"https:\/\/portage.ca\/wp-content\/uploads\/2024\/01\/DL-icon-125x125.png\" alt=\"\" width=\"20\" height=\"24\" \/><\/a><\/p>\n\t<p>Le Programme de Portage relatif \u00e0 la D\u00e9pendance de la Drogue Inc. <a href=\"https:\/\/portage.ca\/wp-content\/uploads\/2024\/09\/Le-Programme-de-Portage-Relatif-a-la-Dependance-de-la-Drogue-Inc-2024-03-31-EF-Final.pdf\" target=\"_blank\" rel=\"noopener\"><img loading=\"lazy\" decoding=\"async\" src=\"https:\/\/portage.ca\/wp-content\/uploads\/2024\/01\/DL-icon-125x125.png\" alt=\"\" width=\"20\" height=\"24\" \/><\/a><\/p>\n\t<p>La Fondation Portage <a href=\"https:\/\/portage.ca\/wp-content\/uploads\/2024\/09\/La-Fondation-Portage-2024-03-31-EF-Final.pdf\" target=\"_blank\" rel=\"noopener\"><img loading=\"lazy\" decoding=\"async\" src=\"https:\/\/portage.ca\/wp-content\/uploads\/2024\/01\/DL-icon-125x125.png\" alt=\"\" width=\"20\" height=\"24\" \/><\/a><\/p>\n\n","protected":false},"excerpt":{"rendered":"<p>Rapports annuels et \u00e9tats financiers Portage est un organisme \u00e0 but non lucratif priv\u00e9 subventionn\u00e9 par les gouvernements provinciaux et f\u00e9d\u00e9ral. \u00c0 l&rsquo;aide de sa fondation, l&rsquo;organisation est en mesure de recueillir des dons du secteur priv\u00e9 pour enrichir l&rsquo;ensemble de son offre de services. Parce que chaque dollar peut faire la diff\u00e9rence dans la&#8230;  <a href=\"https:\/\/portage.ca\/fr\/a-propos\/rapports-annuels-et-etats-financiers\/\" class=\"more-link\" title=\"Read Rapports annuels et \u00e9tats financiers\">Read more &raquo;<\/a><\/p>\n","protected":false},"author":13,"featured_media":10157,"parent":12641,"menu_order":0,"comment_status":"closed","ping_status":"closed","template":"","meta":{"_acf_changed":false,"footnotes":"","_links_to":"","_links_to_target":""},"class_list":["post-39221","page","type-page","status-publish","has-post-thumbnail","hentry"],"acf":[],"_links":{"self":[{"href":"https:\/\/portage.ca\/fr\/wp-json\/wp\/v2\/pages\/39221","targetHints":{"allow":["GET"]}}],"collection":[{"href":"https:\/\/portage.ca\/fr\/wp-json\/wp\/v2\/pages"}],"about":[{"href":"https:\/\/portage.ca\/fr\/wp-json\/wp\/v2\/types\/page"}],"author":[{"embeddable":true,"href":"https:\/\/portage.ca\/fr\/wp-json\/wp\/v2\/users\/13"}],"replies":[{"embeddable":true,"href":"https:\/\/portage.ca\/fr\/wp-json\/wp\/v2\/comments?post=39221"}],"version-history":[{"count":14,"href":"https:\/\/portage.ca\/fr\/wp-json\/wp\/v2\/pages\/39221\/revisions"}],"predecessor-version":[{"id":45695,"href":"https:\/\/portage.ca\/fr\/wp-json\/wp\/v2\/pages\/39221\/revisions\/45695"}],"up":[{"embeddable":true,"href":"https:\/\/portage.ca\/fr\/wp-json\/wp\/v2\/pages\/12641"}],"wp:featuredmedia":[{"embeddable":true,"href":"https:\/\/portage.ca\/fr\/wp-json\/wp\/v2\/media\/10157"}],"wp:attachment":[{"href":"https:\/\/portage.ca\/fr\/wp-json\/wp\/v2\/media?parent=39221"}],"curies":[{"name":"wp","href":"https:\/\/api.w.org\/{rel}","templated":true}]}}