{"id":37247,"date":"2023-05-29T13:28:22","date_gmt":"2023-05-29T18:28:22","guid":{"rendered":"https:\/\/portage.ca\/?page_id=37247"},"modified":"2023-05-29T13:38:54","modified_gmt":"2023-05-29T18:38:54","slug":"politique-de-confidentialite-applications-pour-telephones-intelligents","status":"publish","type":"page","link":"https:\/\/portage.ca\/fr\/politique-de-confidentialite-applications-pour-telephones-intelligents\/","title":{"rendered":"Politique de confidentialit\u00e9 &#8211; Applications pour t\u00e9l\u00e9phones intelligents"},"content":{"rendered":"\n\n\t<p class=\"lead\">L&rsquo;application Portage RS est con\u00e7ue par le Centre d&rsquo;accueil le Programme de Portage inc., Le Programme de Portage relatif \u00e0 la d\u00e9pendance de la drogue inc., (collectivement appel\u00e9 Portage).<\/p>\n<p>&nbsp;<\/p>\n<p><strong>TERMES ET CONDITIONS<\/strong><\/p>\n<p>Les pr\u00e9sents Termes et conditions r\u00e9gissent l&rsquo;utilisation et l&rsquo;abonnement gratuit \u00e0 l&rsquo;application Portage RS.<\/p>\n<p>Les pr\u00e9sents Termes et conditions ont pour objet l&rsquo;encadrement juridique des modalit\u00e9s de mise \u00e0 disposition du site et des services par Portage et de d\u00e9finir les conditions d&rsquo;acc\u00e8s et d&rsquo;utilisations de l&rsquo;utilisateur.<\/p>\n<p>Avant d&rsquo;acc\u00e9der \u00e0 l&rsquo;application, nous vous demandons de bien vouloir lire les pr\u00e9sents Termes et conditions parce qu&rsquo;ils constituent un contrat l\u00e9gal entre vous et Portage.<\/p>\n<p>EN ACC\u00c9DANT \u00c0 NOTRE APPLICATION, VOUS CONFIRMEZ QUE\u00a0:<\/p>\n<p>VOUS AVEZ LU ET CONSENTI AUX TERMES ET CONDITIONS, VOUS ALLEZ VOUS Y CONFORMER, VOUS AVEZ L&rsquo;\u00c2GE L\u00c9GAL ET LES COMP\u00c9TENCES POUR CONTRACTER L\u00c9GALEMENT ET\/OU VOUS AVEZ RECU L&rsquo;AUTORISATION D&rsquo;UNE PERSONNE COMP\u00c9TENTE POUR LE FAIRE EN VOTRE NOM ET \u00c0 VOTRE PLACE.<\/p>\n<p>Nous r\u00e9servons nos droits de modifier les Termes et conditions en tout temps. Toute modification prend effet imm\u00e9diatement d\u00e8s sa publication.<\/p>\n<p>Votre utilisation de nos services constitue l&rsquo;acceptation desdits Termes et conditions.<\/p>\n<p>&nbsp;<\/p>\n<p>ATTENTION\u00a0: CECI N&rsquo;EST PAS UNE APPLICATION M\u00c9DICALE ET\/OU CLINIQUE<\/p>\n<p>L&rsquo;application est \u00e0 titre informationnelle uniquement, \u00e0 utilisation priv\u00e9e, limit\u00e9e \u00e0 une cl\u00e9 unique d&rsquo;installation. L&rsquo;utilisateur qui a d\u00e9j\u00e0 suivi le programme de Portage et l&rsquo;a compl\u00e9t\u00e9 pourra y acc\u00e9der uniquement pour y d\u00e9poser ses r\u00e9flexions dans le but de pr\u00e9parer sa r\u00e9insertion sociale.<\/p>\n<p>Toute implication d&rsquo;une tierce partie comme par exemple mais sans restreindre la g\u00e9n\u00e9ralit\u00e9 de ce qui pr\u00e9c\u00e8de, Android ou Apple n&rsquo;est aucunement li\u00e9e \u00e0 nous et nous d\u00e9clinons toute responsabilit\u00e9 de leurs actions, omissions, produits, services.<\/p>\n<p>Tout comme un carnet de note, le contenu de l&rsquo;application est personnel et n&rsquo;est pas cr\u00e9\u00e9 dans le but d&rsquo;\u00eatre partag\u00e9. Ainsi, aucun suivi quelconque n&rsquo;est effectu\u00e9 \u00e0 cet \u00e9gard et nous ne r\u00e9pondons \u00e0 aucune question que vous poserez \u00e0 travers l&rsquo;application, par email ou autre moyen de communication. Sachez que l&rsquo;application n&rsquo;est pas un outil de communication avec les membres du personnel. Portage d\u00e9cline toute responsabilit\u00e9 concernant le contenu d\u00e9pos\u00e9 par l&rsquo;utilisateur, les cons\u00e9quences, actions, actes, omissions en lien directement ou indirectement avec le contenu d\u00e9pos\u00e9 par l&rsquo;utilisateur. Nous ne garantissons, ne rempla\u00e7ons, ne nous substituons pas et ne pr\u00e9tendons aucunement pr\u00e9senter un quelconque traitement, cure, th\u00e9rapie, m\u00e9dicamentation, diagnostic, recommandation m\u00e9dicale quelconque.<\/p>\n<p><strong>En tout temps, veuillez consulter un professionnel de la sant\u00e9 sans attendre si votre \u00e9tat de sant\u00e9 le demande. EN CAS D&rsquo;URGENCE, VEUILLEZ APPELEZ LE 911.<\/strong><\/p>\n<p>&nbsp;<\/p>\n<p>Compte et inscription\u00a0:<\/p>\n<p>En cr\u00e9ant un compte, vous \u00eates responsable de la protection de la s\u00e9curit\u00e9 de ce compte ainsi que des activit\u00e9s ou actions prises en relations avec ce dernier. Vous avez donc l&rsquo;obligation de nous informer de toute violation du compte. Nous ne sommes pas responsables des actes et omissions de votre part ainsi que des dommages reli\u00e9s auxdits actes et omissions.<\/p>\n<p>&nbsp;<\/p>\n<p>Contenu du compte\u00a0:<\/p>\n<p>Vous \u00eates le seul propri\u00e9taire du contenu que vous d\u00e9posez dans l&rsquo;application de Portage dans le cadre de l&rsquo;utilisation de nos services. Vous \u00eates le seul responsable de l&rsquo;int\u00e9grit\u00e9, fiabilit\u00e9, caract\u00e8re appropri\u00e9, propri\u00e9t\u00e9 intellectuelle et\/ou du droit d&rsquo;utilisation du contenu d\u00e9pos\u00e9.<\/p>\n<p><strong>Aucune utilisation interdite par les lois en vigueur ne sera tol\u00e9r\u00e9e.<\/strong><\/p>\n<p>Afin de vous fournir le service, vous nous donnez l&rsquo;autorisation d&rsquo;acc\u00e9der, copier, stocker, reformater, transformer le contenu d\u00e9pos\u00e9. En tout temps, sachez que nous prenons toutes les mesures n\u00e9cessaires afin de prot\u00e9ger votre vie priv\u00e9e et la confidentialit\u00e9 de vos informations, mais nous nous r\u00e9servons le droit de supprimer, retirer ou fermer un compte si la situation l&rsquo;exige ou les lois en vigueur.<\/p>\n<p>&nbsp;<\/p>\n<p>Propri\u00e9t\u00e9 intellectuelle<\/p>\n<p>Portage d\u00e9tient le canva de l&rsquo;application ainsi que les droits de propri\u00e9t\u00e9s.<\/p>\n<p>\u00c0 moins d&rsquo;avis contraire, les droits s&rsquo;appliquent \u00e0 tous les documents, donn\u00e9es, compilations et autres \u0153uvres qui y sont diffus\u00e9es. Les marques de commerce et logos utilis\u00e9s ou affich\u00e9s sur l&rsquo;application sont des marques de commerce enregistr\u00e9es ou non par Portage. Il est interdit d&rsquo;utiliser une marque de commerce ou un logo reproduit sur le portail sans l&rsquo;autorisation \u00e9crite pr\u00e9alable de son propri\u00e9taire.<\/p>\n<p>L&rsquo;affichage, le t\u00e9l\u00e9chargement, la reproduction des \u00e9l\u00e9ments (textes et images) de l&rsquo;application de Portage sont autoris\u00e9s \u00e0 la condition qu&rsquo;ils soient effectu\u00e9s \u00e0 des fins non commerciales, que les \u00e9l\u00e9ments du portail n&rsquo;en soient pas modifi\u00e9s, et que l&rsquo;utilisateur en conserve tous les avis de propri\u00e9t\u00e9 intellectuelle qu&rsquo;il contient lors de l&rsquo;une ou l&rsquo;autre de ces op\u00e9rations.<\/p>\n<p>&nbsp;<\/p>\n<p>Limitation de responsabilit\u00e9<\/p>\n<p>Portage ainsi que tous ses repr\u00e9sentants, agents, directeurs et employ\u00e9s, ou toute autre personne associ\u00e9e \u00e0 la cr\u00e9ation de cette application, ne seront pas responsables de tous dommages ou de toutes pertes (que ce soit de nature contractuelle ou suite \u00e0 un tort ou \u00e0 une n\u00e9gligence ou autres) qui peuvent survenir relativement au contenu, \u00e0 l&rsquo;utilisation ou \u00e0 l&rsquo;impossibilit\u00e9 d&rsquo;utilisation de ce site, ou \u00e0 toute panne, toute erreur, toute omission, toute interruption, toute d\u00e9fectuosit\u00e9, tout retard de fonctionnement ou de transmission, tout virus informatique, tout d\u00e9rangement en ligne ou toute panne de syst\u00e8me, perte de donn\u00e9es ou autres, y compris, sans s&rsquo;y limiter, les dommages-int\u00e9r\u00eats, pertes ou frais directs, indirects, particuliers, cons\u00e9cutifs, exemplaires ou punitifs.<\/p>\n<p>La pr\u00e9sente politique de confidentialit\u00e9 vous informe sur les renseignements que Portage recueille et la fa\u00e7on dont il les utilise. Elle vous informe \u00e9galement sur les mesures de s\u00e9curit\u00e9 mises en place pour prot\u00e9ger vos renseignements et votre vie priv\u00e9e lorsque vous utilisez l&rsquo;application.<\/p>\n<p>Dans ce contexte, des\u00a0modifications \u00e0 la pr\u00e9sente politique de confidentialit\u00e9 pourraient survenir \u00e0 tout moment. Nous vous informerons de tout changement en mettant \u00e0 jour la date de \u00ab\u00a0Derni\u00e8re mise \u00e0 jour\u00a0\u00bb de la pr\u00e9sente politique de confidentialit\u00e9. Nous vous encourageons donc \u00e0 consulter p\u00e9riodiquement cette politique de confidentialit\u00e9 pour rester inform\u00e9 des mises \u00e0 jour.<\/p>\n<p>Il est \u00e0 noter que la pr\u00e9sente politique de confidentialit\u00e9 ne remplace pas celle de la plateforme \u00e0 partir de laquelle vous installez l&rsquo;application et est compl\u00e9mentaire \u00e0 celle-ci.<\/p>\n<p>&nbsp;<\/p>\n<p>Consentement libre et \u00e9clair\u00e9<\/p>\n<p>Cette politique de confidentialit\u00e9 fait \u00e9tat des informations pr\u00e9vues par les lois en vigueur ainsi que des informations additionnelles qui vous permettront de faire un choix libre et \u00e9clair\u00e9 quant \u00e0 l&rsquo;utilisation de notre application.<\/p>\n<p>&nbsp;<\/p>\n<p>Limitations g\u00e9n\u00e9rales<\/p>\n<p>Portage limite la collecte, l&rsquo;utilisation et la divulgation de vos renseignements personnels uniquement aux fins indiqu\u00e9es dans cette politique de confidentialit\u00e9.<\/p>\n<p>Vos renseignements personnels ne peuvent \u00eatre consult\u00e9s que par les personnes autoris\u00e9es, et ce, uniquement dans le cadre des fonctions qui leur ont \u00e9t\u00e9 attribu\u00e9es.<\/p>\n<p>Dans certaines circonstances particuli\u00e8res, Portage peut recueillir, utiliser ou divulguer des renseignements personnels sans que vous en soyez inform\u00e9s ou que vous ayez donn\u00e9 votre consentement. De telles circonstances sont r\u00e9unies lorsque, pour des raisons juridiques, m\u00e9dicales ou de s\u00e9curit\u00e9, il est impossible ou peu probable d&rsquo;obtenir votre consentement ou lorsque les renseignements sont n\u00e9cessaires pour l&rsquo;application des lois en vigueur.<\/p>\n<p>&nbsp;<\/p>\n<p>Objectifs de la collecte et personnes autoris\u00e9es<\/p>\n<p>Si vous utilisez l&rsquo;application, Portage conclura que vous consentez implicitement \u00e0 ce que les renseignements personnels qui y sont contenus soient utilis\u00e9s pour permettre le fonctionnement de l&rsquo;application.<\/p>\n<p>Les informations personnelles contenues dans l&rsquo;application sont les suivantes\u00a0:<\/p>\n<p>&#8211;\u00a0\u00a0\u00a0\u00a0\u00a0\u00a0\u00a0Date de naissance<\/p>\n<p>&nbsp;<\/p>\n<p>Collecte de renseignements dans l&rsquo;application<\/p>\n<p>Les informations que vous communiquez dans l&rsquo;application restent votre propri\u00e9t\u00e9 et sont sauvegard\u00e9s dans les serveurs de Portage. Certaines informations peuvent \u00eatre stock\u00e9es momentan\u00e9ment dans votre t\u00e9l\u00e9phone intelligent mais ne sont pas partag\u00e9es avec des tiers.<\/p>\n<p>&nbsp;<\/p>\n<p>Conservation des renseignements<\/p>\n<p>Portage conserve vos renseignements personnels aussi longtemps que n\u00e9cessaire aux fins pour lesquelles ils ont \u00e9t\u00e9 recueillis. Portage d\u00e9truit ces renseignements personnels conform\u00e9ment aux lois en vigueur. Lorsque Portage d\u00e9truit vos renseignements personnels, il prend les mesures n\u00e9cessaires pour en assurer la confidentialit\u00e9 et veiller \u00e0 ce qu&rsquo;aucune personne non autoris\u00e9e ne puisse y avoir acc\u00e8s pendant le processus de destruction.<\/p>\n<p>Vos renseignements personnels et confidentiels sont conserv\u00e9s, directement ou par l&rsquo;entremise de sous-traitants, seulement pour la dur\u00e9e n\u00e9cessaire de ce pour quoi ils ont \u00e9t\u00e9 collect\u00e9s et des exigences l\u00e9gales et r\u00e9glementaires applicables. Dans tous les cas, l&rsquo;acc\u00e8s \u00e0 vos renseignements personnels et confidentiels est restreint aux personnes pour qui l&rsquo;acc\u00e8s est requis dans le cadre de l&rsquo;exercice de leurs fonctions.<\/p>\n<p>&nbsp;<\/p>\n<p>Mesures de s\u00e9curit\u00e9<\/p>\n<p>Portage a mis en \u0153uvre plusieurs mesures de s\u00e9curit\u00e9 \u00e0 l&rsquo;\u00e9gard des renseignements personnels et des donn\u00e9es confidentielles que vous lui transmettez, en vue de les prot\u00e9ger contre la perte, le vol et pour pr\u00e9venir l&rsquo;acc\u00e8s, la transmission, l&rsquo;utilisation ou la modification non autoris\u00e9s.<\/p>\n<p>&nbsp;<\/p>\n<p>Droit d&rsquo;acc\u00e8s<\/p>\n<p>Vous pouvez, \u00e0 la suite du d\u00e9p\u00f4t d&rsquo;une demande et apr\u00e8s un pr\u00e9avis raisonnable, sous r\u00e9serve de toute restriction de nature r\u00e9glementaire ou contractuelle, demander le retrait, consulter ou faire corriger les renseignements personnels que Portage d\u00e9tient \u00e0 votre sujet. Portage s&rsquo;assurera de vous transmettre de telles informations dans un d\u00e9lai raisonnable \u00e0 compter de la date de r\u00e9ception de la demande \u00e9crite sauf si le droit d&rsquo;acc\u00e8s serait refus\u00e9 pour des raisons l\u00e9gales ou de s\u00e9curit\u00e9.<\/p>\n<p>Toute demande en ce sens doit \u00eatre achemin\u00e9e au\u00a0responsable de l&rsquo;acc\u00e8s \u00e0 l&rsquo;information.<\/p>\n<p>&nbsp;<\/p>\n<p>Plaintes et questions<\/p>\n<p>Il nous fera plaisir de r\u00e9pondre \u00e0 vos questions.<\/p>\n<p>En tout temps, vous pouvez communiquer avec le responsable de la protection des renseignements personnels.<\/p>\n<p>Nous sommes l\u00e0 pour \u00e9couter vos demandes. Ainsi, nous vous demandons de bien vouloir communiquer avec nous pour tout questionnement et il nous fera un grand plaisir de vous assister\u00a0:<\/p>\n<p>Agent \u00e0 la protection de la vie priv\u00e9e<\/p>\n<p>865, square Richmond, Montr\u00e9al (Qu\u00e9bec) H3J 1V8, Canada<\/p>\n<p><a href=\"mailto:pierreguinard01@gmail.com\">pierreguinard01@gmail.com<\/a><\/p>\n<p>(450)\u00a0821-4084<\/p>\n<p>Advenant m\u00e9sentente, la Commission d&rsquo;acc\u00e8s \u00e0 l&rsquo;information \u00e9tudiera sur demande d&rsquo;examen de m\u00e9sentente vos plaintes.<\/p>\n<p>&nbsp;<\/p>\n<p><strong>Acc\u00e8s \u00e0 l&rsquo;information et protection des renseignements personnels<\/strong><\/p>\n<p><strong>Nous sommes soumis \u00e0 la\u00a0Loi sur la protection des renseignements personnels dans le secteur priv\u00e9 et Loi sur l&rsquo;acc\u00e8s aux documents des organismes publics et sur la protection des renseignements personnels\u00a0en ce qui concerne l&rsquo;acc\u00e8s \u00e0 l&rsquo;information.<\/strong><\/p>\n<p>Pour toute demande d&rsquo;acc\u00e8s, nous vous prions de suivre les d\u00e9marches suivantes\u00a0:<\/p>\n<p>Votre demande doit \u00eatre faite par \u00e9crit et y indiquer le nom du document pour lequel vous souhaitez obtenir un acc\u00e8s ainsi que vos coordonn\u00e9es compl\u00e8tes.<\/p>\n<p>Votre demande doit \u00eatre transmise par courriel, par t\u00e9l\u00e9copieur ou par la poste \u00e0 l&rsquo;adresse suivante\u00a0:<\/p>\n<p>Responsable de l&rsquo;acc\u00e8s aux documents\/ Access to information officer<\/p>\n<p>865, square Richmond<\/p>\n<p>Montr\u00e9al, Qu\u00e9bec H3J 1V8<\/p>\n<p>Tel.: 514-939-0202 ext. 1122<\/p>\n<p>Fax: 514-939-3929<\/p>\n<p><a href=\"mailto:erizkallah@portage.ca\">erizkallah@portage.ca<\/a><\/p>\n<p><a href=\"https:\/\/portage.ca\/\">www.portage.ca<\/a><\/p>\n<p>Seules les d\u00e9cisions rendues en r\u00e9ponse \u00e0 des demandes d&rsquo;acc\u00e8s re\u00e7ues par \u00e9crit peuvent faire l&rsquo;objet d&rsquo;un recours en r\u00e9vision devant la Commission d&rsquo;acc\u00e8s \u00e0 l&rsquo;information.<\/p>\n<p>Toutes les demandes d&rsquo;acc\u00e8s adress\u00e9es au responsable de l&rsquo;acc\u00e8s \u00e0 l&rsquo;information recevront un accus\u00e9 de r\u00e9ception par \u00e9crit.<\/p>\n<p>&nbsp;<\/p>\n<p>Pour toute autre demande, veuillez-vous r\u00e9f\u00e9rer aux membres du personnel de Portage qui se fera un grand plaisir de vous assister.<\/p>\n<p>Derni\u00e8re mise \u00e0 jour\u00a0: 3 janvier 2023<\/p>\n\n","protected":false},"excerpt":{"rendered":"<p>L&rsquo;application Portage RS est con\u00e7ue par le Centre d&rsquo;accueil le Programme de Portage inc., Le Programme de Portage relatif \u00e0 la d\u00e9pendance de la drogue inc., (collectivement appel\u00e9 Portage). &nbsp; TERMES ET CONDITIONS Les pr\u00e9sents Termes et conditions r\u00e9gissent l&rsquo;utilisation et l&rsquo;abonnement gratuit \u00e0 l&rsquo;application Portage RS. Les pr\u00e9sents Termes et conditions ont pour objet&#8230;  <a href=\"https:\/\/portage.ca\/fr\/politique-de-confidentialite-applications-pour-telephones-intelligents\/\" class=\"more-link\" title=\"Read Politique de confidentialit\u00e9 &#8211; Applications pour t\u00e9l\u00e9phones intelligents\">Read more &raquo;<\/a><\/p>\n","protected":false},"author":13,"featured_media":10157,"parent":0,"menu_order":131,"comment_status":"closed","ping_status":"closed","template":"page-full-width.php","meta":{"_acf_changed":false,"footnotes":"","_links_to":"","_links_to_target":""},"class_list":["post-37247","page","type-page","status-publish","has-post-thumbnail","hentry"],"acf":[],"_links":{"self":[{"href":"https:\/\/portage.ca\/fr\/wp-json\/wp\/v2\/pages\/37247","targetHints":{"allow":["GET"]}}],"collection":[{"href":"https:\/\/portage.ca\/fr\/wp-json\/wp\/v2\/pages"}],"about":[{"href":"https:\/\/portage.ca\/fr\/wp-json\/wp\/v2\/types\/page"}],"author":[{"embeddable":true,"href":"https:\/\/portage.ca\/fr\/wp-json\/wp\/v2\/users\/13"}],"replies":[{"embeddable":true,"href":"https:\/\/portage.ca\/fr\/wp-json\/wp\/v2\/comments?post=37247"}],"version-history":[{"count":3,"href":"https:\/\/portage.ca\/fr\/wp-json\/wp\/v2\/pages\/37247\/revisions"}],"predecessor-version":[{"id":37251,"href":"https:\/\/portage.ca\/fr\/wp-json\/wp\/v2\/pages\/37247\/revisions\/37251"}],"wp:featuredmedia":[{"embeddable":true,"href":"https:\/\/portage.ca\/fr\/wp-json\/wp\/v2\/media\/10157"}],"wp:attachment":[{"href":"https:\/\/portage.ca\/fr\/wp-json\/wp\/v2\/media?parent=37247"}],"curies":[{"name":"wp","href":"https:\/\/api.w.org\/{rel}","templated":true}]}}