{"id":35871,"date":"2023-03-07T15:50:21","date_gmt":"2023-03-07T20:50:21","guid":{"rendered":"https:\/\/portage.ca\/?page_id=35871"},"modified":"2023-07-12T13:21:36","modified_gmt":"2023-07-12T18:21:36","slug":"terme-et-usages","status":"publish","type":"page","link":"https:\/\/portage.ca\/fr\/terme-et-usages\/","title":{"rendered":"Termes et usages"},"content":{"rendered":"\n\n\t<p class=\"lead\"><strong>Description du service<\/strong><\/p>\n<p>Portage fournit \u00e0 ses usagers un choix de service en ligne dont de l&rsquo;information et des outils de communication.<\/p>\n<p>Tout service en vigueur ou additionnel sera soumis aux pr\u00e9sents Termes et usages.<\/p>\n<p>&nbsp;<\/p>\n<p><strong>Identification de l&rsquo;usag\u00e9<\/strong><\/p>\n<p>En utilisant et visitant notre site, vous n&rsquo;avez pas besoin de vous identifier. Vous serez appel\u00e9 \u00e0 le faire uniquement lorsque vous utilisez nos outils pour nous \u00e9crire un courriel et s&rsquo;inscrire \u00e0 notre infolettre.<\/p>\n<p><strong>\u00a0<\/strong><\/p>\n<p><strong>Comp\u00e9tence l\u00e9gislative<\/strong><\/p>\n<p>Notre site est r\u00e9gi par les lois de la province de Qu\u00e9bec. Tout litige r\u00e9sultant de l&rsquo;utilisation de ce site doit \u00eatre soumis \u00e0 la comp\u00e9tence des tribunaux de la province de Qu\u00e9bec, district de Montr\u00e9al qui ont la comp\u00e9tence exclusive en ce qui a trait \u00e0 toute poursuite, action ou proc\u00e9dure r\u00e9sultant de l&rsquo;utilisation du pr\u00e9sent site ou relative \u00e0 ce dernier.<\/p>\n<p>&nbsp;<\/p>\n<p><strong>Protection des enfants<\/strong><\/p>\n<p>Nous prenons \u00e0 c\u0153ur la s\u00e9curit\u00e9 des enfants qui utiliseront notre site. Nous invitons les parents \u00e0 surveiller l&rsquo;usage fait par leurs enfants de l&rsquo;acc\u00e8s \u00e0 internet et garder \u00e0 l&rsquo;esprit que le site est con\u00e7u pour toucher un large public et qu&rsquo;il est de la responsabilit\u00e9 des parents de d\u00e9terminer quel service est appropri\u00e9, ou ne l&rsquo;est pas pour leurs enfants.<\/p>\n<p>&nbsp;<\/p>\n<p><strong>Information partag\u00e9e<\/strong><\/p>\n<p>Notre site pr\u00e9sente des informations sur la sant\u00e9, cependant, il ne saurait en aucun cas remplacer une consultation aupr\u00e8s d&rsquo;un m\u00e9decin ou de tout autre professionnel de la sant\u00e9. Portage ne peut en aucun temps \u00eatre tenu responsable de toute d\u00e9cision qui a \u00e9t\u00e9 prise par un usag\u00e9 et qui est bas\u00e9e sur de telles informations.<\/p>\n<p>&nbsp;<\/p>\n<p><strong>Utilisation du contenu<\/strong><\/p>\n<p>Le site est la propri\u00e9t\u00e9 de Portage. En tout temps, les informations partag\u00e9es sur notre site ne peuvent \u00eatre reproduites. Les usagers de ce site sont autoris\u00e9s \u00e0 en copier le contenu pour leur usage personnel, mais nul n&rsquo;a le droit de redistribuer, reproduire, publier, transmettre ou modifier les informations contenues sur le site \u00e0 des fins commerciales sans l&rsquo;autorisation de Portage ou d&rsquo;en faire un usage public sans mentionner la source.<\/p>\n<p>Ainsi, vous ne pouvez modifier, copier, reproduire, publier de nouveau, t\u00e9l\u00e9transmettre, afficher, transmettre ou distribuer de quelque fa\u00e7on que ce soit le contenu et les mises \u00e0 jour du pr\u00e9sent Site Internet, y compris les codes et les logiciels. Il est interdit de tenter d&rsquo;acc\u00e9der au code source du pr\u00e9sent Site Internet. Vous ne pouvez t\u00e9l\u00e9charger des documents du pr\u00e9sent site qu&rsquo;\u00e0 des fins personnelles, et non commerciales ou professionnelles, et ce, seulement \u00e0 la condition que vous conserviez, tels quels, les avis concernant les marques de commerce, droits d&rsquo;auteur et autres avis de propri\u00e9t\u00e9. Il est strictement d\u00e9fendu d&rsquo;utiliser les marques de commerce et noms commerciaux contenus dans ce Site Internet autrement qu&rsquo;autoris\u00e9 par les pr\u00e9sentes Conditions d&rsquo;utilisation ou autoris\u00e9 par \u00e9crit par Portage<\/p>\n<p>Les informations contenues sur notre site peuvent \u00eatre prot\u00e9g\u00e9es par le droit de propri\u00e9t\u00e9 intellectuelle en vigueur ou toute autre loi.<\/p>\n<p>&nbsp;<\/p>\n<p><strong>Garantie de l&rsquo;utilisation du contenu<\/strong><\/p>\n<p>Le service est fourni et accessible en fonction de sa disponibilit\u00e9. Portage ne peut garantir la qualit\u00e9 et la compatibilit\u00e9 du site en tout temps.<\/p>\n<p>Vous serez seul responsable pour tout pr\u00e9judice ou perte de donn\u00e9es r\u00e9sultant de tout t\u00e9l\u00e9chargement de mat\u00e9riel.<\/p>\n<p>En respect des lois en vigueur, Portage ne peut en aucun temps \u00eatre tenu responsable de tout dommage direct ou indirect, incluant notamment mais non limitativement, les pertes de profits, de client\u00e8le, de donn\u00e9es ou toute autre perte de biens incorporels, et ce, en lien avec\u00a0:<\/p>\n<ul>\n<li>L&rsquo;utilisation des services;<\/li>\n<li>Conduite d&rsquo;un tiers lors de l&rsquo;utilisation des services;<\/li>\n<li>Acc\u00e8s non autoris\u00e9 au service;<\/li>\n<\/ul>\n<p>Portage n&rsquo;a aucun contr\u00f4le et ne donne aucune garantie quant \u00e0 l&rsquo;exactitude, l&rsquo;int\u00e9gralit\u00e9, la pertinence ou la mise \u00e0 jour des documents et renseignements contenus dans le pr\u00e9sent site ni sur l&rsquo;absence de virus informatiques ou autres programmes nuisibles.<\/p>\n<p>&nbsp;<\/p>\n<p>Mise \u00e0 jour : 12 juillet 2023<\/p>\n\n","protected":false},"excerpt":{"rendered":"<p>Description du service Portage fournit \u00e0 ses usagers un choix de service en ligne dont de l&rsquo;information et des outils de communication. Tout service en vigueur ou additionnel sera soumis aux pr\u00e9sents Termes et usages. &nbsp; Identification de l&rsquo;usag\u00e9 En utilisant et visitant notre site, vous n&rsquo;avez pas besoin de vous identifier. Vous serez appel\u00e9&#8230;  <a href=\"https:\/\/portage.ca\/fr\/terme-et-usages\/\" class=\"more-link\" title=\"Read Termes et usages\">Read more &raquo;<\/a><\/p>\n","protected":false},"author":13,"featured_media":10157,"parent":0,"menu_order":131,"comment_status":"closed","ping_status":"closed","template":"page-full-width.php","meta":{"_acf_changed":false,"footnotes":"","_links_to":"","_links_to_target":""},"class_list":["post-35871","page","type-page","status-publish","has-post-thumbnail","hentry"],"acf":[],"_links":{"self":[{"href":"https:\/\/portage.ca\/fr\/wp-json\/wp\/v2\/pages\/35871","targetHints":{"allow":["GET"]}}],"collection":[{"href":"https:\/\/portage.ca\/fr\/wp-json\/wp\/v2\/pages"}],"about":[{"href":"https:\/\/portage.ca\/fr\/wp-json\/wp\/v2\/types\/page"}],"author":[{"embeddable":true,"href":"https:\/\/portage.ca\/fr\/wp-json\/wp\/v2\/users\/13"}],"replies":[{"embeddable":true,"href":"https:\/\/portage.ca\/fr\/wp-json\/wp\/v2\/comments?post=35871"}],"version-history":[{"count":6,"href":"https:\/\/portage.ca\/fr\/wp-json\/wp\/v2\/pages\/35871\/revisions"}],"predecessor-version":[{"id":37716,"href":"https:\/\/portage.ca\/fr\/wp-json\/wp\/v2\/pages\/35871\/revisions\/37716"}],"wp:featuredmedia":[{"embeddable":true,"href":"https:\/\/portage.ca\/fr\/wp-json\/wp\/v2\/media\/10157"}],"wp:attachment":[{"href":"https:\/\/portage.ca\/fr\/wp-json\/wp\/v2\/media?parent=35871"}],"curies":[{"name":"wp","href":"https:\/\/api.w.org\/{rel}","templated":true}]}}