{"id":35083,"date":"2023-02-06T09:21:41","date_gmt":"2023-02-06T14:21:41","guid":{"rendered":"https:\/\/portage.ca\/?page_id=35083"},"modified":"2026-04-21T08:57:26","modified_gmt":"2026-04-21T13:57:26","slug":"soiree-des-grands-philanthropes","status":"publish","type":"page","link":"https:\/\/portage.ca\/fr\/soiree-des-grands-philanthropes\/","title":{"rendered":"Soir\u00e9e des Grands Philanthropes"},"content":{"rendered":"\n<figure itemscope itemtype=\"https:\/\/schema.org\/ImageObject\">\n\t\t\t\t<img decoding=\"async\" src=\"https:\/\/portage.ca\/wp-content\/uploads\/2025\/03\/Logo_site_web_blanc-1024x570.png\" alt=\"Logo_site_web_blanc\" height=\"323\" width=\"580\" title=\"Logo_site_web_blanc\" onerror=\"this.style.display='none'\" loading=\"lazy\" \/>\n\t<\/figure>\n\t\t\t<a href=\"https:\/\/portage.ca\/en\/soiree-des-grands-philanthropes\/\"  target=\"_self\">\n\t\t\t\t\t\t\tEN\n\t\t\t\t\t<\/a>\n\t<h1>La Soir\u00e9e des Grands Philanthropes<\/h1>\n\t<p class=\"lead\">La Soir\u00e9e des Grands Philanthropes est l&rsquo;occasion de rendre hommage \u00e0 une personnalit\u00e9 marquante du monde des affaires qu\u00e9b\u00e9cois. Depuis 2004, Portage rend hommage \u00e0 des chefs de file, des entrepreneurs et des grands philanthropes qui cultivent l&rsquo;excellence et contribuent \u00e0 l&rsquo;avancement et au mieux-\u00eatre de la soci\u00e9t\u00e9 par leur engagement et leur vision. Tous les profits de cet \u00e9v\u00e9nement prestigieux sont remis \u00e0 Portage afin de financer ses\u00a0<a href=\"https:\/\/portage.ca\/fr\/\" target=\"_blank\" rel=\"noopener\">programmes de r\u00e9adaptation en toxicomanie au Qu\u00e9bec<\/a>.<\/p>\n<p>Cette ann\u00e9e, Portage est fier de rendre hommage \u00e0 Pierre Pomerleau, pr\u00e9sident ex\u00e9cutif du conseil d&rsquo;administration de <a href=\"https:\/\/pomerleau.ca\/fr\" target=\"_blank\" rel=\"noopener\">Pomerleau<\/a>. Ce leader d&rsquo;exception se distingue par sa contribution remarquable au\u00a0bien-\u00eatre\u00a0de la collectivit\u00e9, par son\u00a0profond engagement philanthropique et son apport au milieu des affaires. Il a particip\u00e9 \u00e0 de nombreuses campagnes majeures de financement pour des causes caritatives au Qu\u00e9bec. Convaincu de l&rsquo;importance de redonner, il soutient personnellement plusieurs initiatives, consolidant ainsi son h\u00e9ritage de b\u00e2tisseur visionnaire et de leader engag\u00e9 dans sa communaut\u00e9.<\/p>\n\t<h2>Copr\u00e9sidents<\/h2>\n\t<h2>Comit\u00e9<\/h2>\n\t<h3>Denis Dubois<\/h3>\n\tPr\u00e9sident et chef de la direction<br \/>\n<em>Mouvement Desjardins<\/em>\n\t<h3>Marcel Dutil<\/h3>\n\tPr\u00e9sident du conseil<br \/>\n<em>Groupe Canam inc.<\/em>\n\t<h3>Marc Giroux<\/h3>\n\tChef de l&rsquo;exploitation<br \/>\n<i>METRO inc.<\/i>\n\t<h3>Martin Jacques<\/h3>\n\tChef des op\u00e9rations, B\u00e2timent<br \/>\n<i>Pomerleau<\/i>\n\t<h3>Annie Lapointe<\/h3>\n\tDirectrice g\u00e9n\u00e9rale et cocheffe<br \/>\n<em>BMO March\u00e9s des capitaux, Qu\u00e9bec<\/em>\n\t<h3>Fran\u00e7ois Olivier<\/h3>\n\t<p>Gouverneur de Portage<\/p>\n\t<h3>John A. Rae<\/h3>\n\t<p>Cadre sup\u00e9rieur \u00e0 la retraite<\/p>\n\t<h3>Colette Taylor<\/h3>\n\tVice-pr\u00e9sidente,<br \/>\nD\u00e9veloppement philanthropique<br \/>\n<em>Portage<\/em>\n\t<h3>Fran\u00e7ois Tellier<\/h3>\n\tAssoci\u00e9 Directeur<br \/>\nQu\u00e9bec et Est du Canada<br \/>\n<em>EY<\/em>\n\t<h3>Fran\u00e7ois Tremblay<\/h3>\n\tVice-pr\u00e9sident principal, Secteur priv\u00e9<br \/>\n<i>Pomerleau<\/i>\n\t<h2>Nos partenaires<\/h2>\n\t<h3>Partenaire Principal<\/h3>\n<figure itemscope itemtype=\"https:\/\/schema.org\/ImageObject\">\n\t\t\t\t<a href=\"https:\/\/pomerleau.ca\/fr\"  target=\"_blank\" rel=\"noopener\"  itemprop=\"url\">\n\t\t\t\t<img decoding=\"async\" src=\"https:\/\/portage.ca\/wp-content\/uploads\/2026\/03\/Pomerleau_BLEU_RGB.png\" alt=\"Pomerleau_BLEU_RGB\" height=\"431\" width=\"1223\" title=\"Pomerleau_BLEU_RGB\" onerror=\"this.style.display='none'\" loading=\"lazy\" \/>\n\t\t\t\t<\/a>\n\t<\/figure>\n\t<h3>Partenaire Prestige<\/h3>\n<figure itemscope itemtype=\"https:\/\/schema.org\/ImageObject\">\n\t\t\t\t<a href=\"https:\/\/www.desjardins.com\/qc\/fr.html\"  target=\"_blank\" rel=\"noopener\"  itemprop=\"url\">\n\t\t\t\t<img decoding=\"async\" src=\"https:\/\/portage.ca\/wp-content\/uploads\/2023\/03\/Logo_Desjardins-PlusGros_Vert_Site_Web_SGP_2023-300x104.png\" alt=\"Logo_Desjardins-PlusGros_Vert_Site_Web_SGP_2023\" height=\"104\" width=\"300\" title=\"Logo_Desjardins-PlusGros_Vert_Site_Web_SGP_2023\" onerror=\"this.style.display='none'\" loading=\"lazy\" \/>\n\t\t\t\t<\/a>\n\t<\/figure>\n\t<h3>Partenaires Platine<\/h3>\n<figure itemscope itemtype=\"https:\/\/schema.org\/ImageObject\">\n\t\t\t\t<a href=\"https:\/\/www.lacaisse.com\/fr\"  target=\"_blank\" rel=\"noopener\"  itemprop=\"url\">\n\t\t\t\t<img decoding=\"async\" src=\"https:\/\/portage.ca\/wp-content\/uploads\/2025\/07\/La_Caisse_Prestige-1-scaled.png\" alt=\"La_Caisse_Prestige\" height=\"989\" width=\"2560\" title=\"La_Caisse_Prestige\" onerror=\"this.style.display='none'\" loading=\"lazy\" \/>\n\t\t\t\t<\/a>\n\t<\/figure>\n<figure itemscope itemtype=\"https:\/\/schema.org\/ImageObject\">\n\t\t\t\t<a href=\"https:\/\/www.rbccm.com\/fr\/\"  target=\"_blank\" rel=\"noopener\"  itemprop=\"url\">\n\t\t\t\t<img decoding=\"async\" src=\"https:\/\/portage.ca\/wp-content\/uploads\/2026\/03\/RBC_Marches_capitaux_french-colour-dark.png\" alt=\"RBC_Marches_capitaux_french-colour-dark\" height=\"904\" width=\"2465\" title=\"RBC_Marches_capitaux_french-colour-dark\" onerror=\"this.style.display='none'\" loading=\"lazy\" \/>\n\t\t\t\t<\/a>\n\t<\/figure>\n\t<h2>Engagement philanthropique de Pierre Pomerleau<\/h2>\n\t<p>Depuis plus de trente ans, Pierre Pomerleau s&rsquo;engage activement \u00e0 b\u00e2tir des communaut\u00e9s plus r\u00e9silientes en soutenant des causes qui lui sont profond\u00e9ment ch\u00e8res, notamment le bien-\u00eatre des enfants, la sant\u00e9, l&rsquo;\u00e9ducation et la rel\u00e8ve entrepreneuriale. Anim\u00e9 par la conviction que chaque personne m\u00e9rite les meilleures chances de s&rsquo;\u00e9panouir, il con\u00e7oit la philanthropie comme un levier de transformation durable, au service des g\u00e9n\u00e9rations pr\u00e9sentes et futures.<\/p>\n<p>Sous son leadership visionnaire, l&rsquo;entreprise <a href=\"https:\/\/pomerleau.ca\/fr\" target=\"_blank\" rel=\"noopener\">Pomerleau<\/a> a b\u00e2ti bien plus que des infrastructures\u202f: elle a contribu\u00e9 \u00e0 renforcer le tissu social des communaut\u00e9s partout au Canada. C&rsquo;est sous sa direction que l&rsquo;organisation a consolid\u00e9 un programme d&rsquo;engagement communautaire profond\u00e9ment ancr\u00e9 dans l&rsquo;ADN de ses quelque 5 000 employ\u00e9s.<\/p>\n<p>L&rsquo;engagement philanthropique de Pierre s&rsquo;exprime avec une force particuli\u00e8re dans le domaine de la sant\u00e9. De 2023 \u00e0 2025, tout en poursuivant son r\u00f4le de pr\u00e9sident du conseil d&rsquo;administration de Pomerleau, il pr\u00e9side le conseil d&rsquo;administration de la Fondation CHU Sainte-Justine, et m\u00e8ne \u00e0 leurs c\u00f4t\u00e9s la plus importante campagne de financement hospitali\u00e8re jamais r\u00e9alis\u00e9e au Qu\u00e9bec. Au fil des ans, Pierre a particip\u00e9 \u00e0 de nombreuses campagnes majeures de financement et a \u00e9galement agi \u00e0 titre de pr\u00e9sident d&rsquo;honneur ou de membre de cabinets de campagne pour plusieurs initiatives d&rsquo;envergure.<\/p>\n<p>Convaincu que l&rsquo;\u00e9ducation est l&rsquo;un des piliers fondamentaux du progr\u00e8s social et \u00e9conomique, Pierre soutient depuis toujours la formation et la rel\u00e8ve. Son implication s&rsquo;est manifest\u00e9e entre autres \u00e0 l&rsquo;\u00c9cole d&rsquo;Entrepreneurship de Beauce, sa r\u00e9gion natale, o\u00f9 il a \u00e9t\u00e9 le tout premier entrepreneur-entra\u00eeneur b\u00e9n\u00e9vole. Parall\u00e8lement, il s&rsquo;implique activement aupr\u00e8s de plusieurs institutions d&rsquo;enseignement, notamment Polytechnique Montr\u00e9al, l&rsquo;\u00c9cole de technologie sup\u00e9rieure et des fondations scolaires, afin de favoriser l&rsquo;accessibilit\u00e9 \u00e0 l&rsquo;\u00e9ducation et l&rsquo;\u00e9mergence d&rsquo;une nouvelle g\u00e9n\u00e9ration de b\u00e2tisseurs.<\/p>\n<figure itemscope itemtype=\"https:\/\/schema.org\/ImageObject\">\n\t\t\t\t<img decoding=\"async\" src=\"https:\/\/portage.ca\/wp-content\/uploads\/2026\/03\/P_Pomerleau_Pho_Bio.jpg\" alt=\"City, Lighting Equipment, Web Banner, Street Light, Light - Natural Phenomenon\" height=\"1742\" width=\"1179\" title=\"Soft blurred sweet bokeh nature abstract\" onerror=\"this.style.display='none'\" loading=\"lazy\" \/>\n\t<\/figure>\n\t<p>\u00ab Lorsqu&rsquo;on a la capacit\u00e9 d&rsquo;agir, on a le devoir d&rsquo;\u00e9lever sa communaut\u00e9. Mon engagement de longue date avec la Fondation Portage permet d&rsquo;aider ces <em>jeunes aux prises avec des probl\u00e8mes de d\u00e9pendance, de se relever et de se b\u00e2tir une nouvelle trajectoire de vie. \u00a0Ensemble, aidons-les \u00e0 prendre leur envol. \u00bb<\/em><\/p>\n<p>&#8211; Pierre Pomerleau, pr\u00e9sident du conseil d&rsquo;administration de Pomerleau<\/p>\n\t<h2>53 ans de services \u00e0 la communaut\u00e9<\/h2>\n\t<p>Depuis 53 ans, Portage vient en aide annuellement \u00e0 des milliers de femmes, d&rsquo;hommes, d&rsquo;adolescents ainsi que leurs proches \u00e0 retrouver l&rsquo;espoir d&rsquo;une vie meilleure. Les probl\u00e8mes de d\u00e9pendance, alli\u00e9s \u00e0 ceux de la sant\u00e9 mentale, connaissent une croissance sans pr\u00e9c\u00e9dent aupr\u00e8s de notre client\u00e8le. Plus que jamais, ces personnes vuln\u00e9rables ont besoin de vous.<\/p>\n\t\t\t<a href=\"https:\/\/portage.ca\/fr\/quebec\/fondation-quebec\/\"  target=\"_blank\" rel=\"noopener\"    rel=\"noopener\">\n\t\t\t\t\t\t\tLa Fondation Portage\n\t\t\t\t\t<\/a>\n\t\t<iframe loading=\"lazy\" title=\"Fondation Portage, Qu\u00e9bec\" src=\"https:\/\/player.vimeo.com\/video\/734469375?dnt=1&amp;app_id=122963\" width=\"580\" height=\"326\" frameborder=\"0\" allow=\"autoplay; fullscreen; picture-in-picture; clipboard-write\"><\/iframe>\t\n\t<h2><u>R\u00e9sultats<\/u><\/h2>\n\t<p>22<sup>e<\/sup> \u00e9dition &#8211; 2025<\/p>\n<h1>1 850 000 $ net<\/h1>\n<h2>844 participants<\/h2>\n\t<h2><u>Galerie photos<\/u><\/h2>\n\t<h2><u>Plan de visibilit\u00e9<\/u><\/h2>\n\t<p>Pour plus de d\u00e9tails concernant le plan de visibilit\u00e9 ou pour r\u00e9server un partenariat, nous vous invitons \u00e0 communiquer avec nous \u00e0 l&rsquo;adresse courriel <u><a href=\"mailto:fondation@portage.ca\">fondation@portage.ca<\/a><\/u> ou par t\u00e9l\u00e9phone au (514) 939-0202, poste 1158.<\/p>\n\t\t\t\t\t\t\t\t\t\t<h3>Prestige | 100 000 $<\/h3>\n\t\t\t\t\t\t\t\t<ul><li>Repas gastronomiques, soit 2 tables de 10 convives dans le cercle d&rsquo;honneur et 2 places \u00e0 la table d&rsquo;honneur<\/li><li>Invitation \u00e0 joindre le comit\u00e9 d&rsquo;honneur, projection du nom, du titre et de la photo sur \u00e9cran g\u00e9ant durant l&rsquo;\u00e9v\u00e9nement et prise de photos avec les membres du comit\u00e9 d&rsquo;honneur<\/li><li>Mention du nom de l&rsquo;entreprise par le ma\u00eetre de c\u00e9r\u00e9monie lors de l&rsquo;\u00e9v\u00e9nement et projection d&rsquo;une publicit\u00e9 plein \u00e9cran de l&rsquo;entreprise en continu sur \u00e9cran g\u00e9ant<\/li><li>Logo de l&rsquo;entreprise sur le site internet de l&rsquo;\u00e9v\u00e9nement et sur les m\u00e9dias sociaux de Portage<\/li><\/ul>\t\t\t\t\t\t\t\n\t\t\t\t\t\t\t\t\t\t<h3>Platine | 50 000 $<\/h3>\n\t\t\t\t\t\t\t\t<ul><li>Repas gastronomiques, soit 1 table de 10 convives dans le cercle d&rsquo;honneur et 2 places \u00e0 la table d&rsquo;honneur<\/li><li>Invitation \u00e0 joindre le comit\u00e9 d&rsquo;honneur, projection du nom, du titre et de la photo sur \u00e9cran g\u00e9ant durant l&rsquo;\u00e9v\u00e9nement et prise de photos avec les membres du comit\u00e9 d&rsquo;honneur<\/li><li>Mention du nom de l&rsquo;entreprise par le ma\u00eetre de c\u00e9r\u00e9monie lors de l&rsquo;\u00e9v\u00e9nement et projection d&rsquo;une publicit\u00e9 plein \u00e9cran de l&rsquo;entreprise en continu sur \u00e9cran g\u00e9ant<\/li><li>Logo de l&rsquo;entreprise sur le site internet de l&rsquo;\u00e9v\u00e9nement et sur les m\u00e9dias sociaux de Portage<\/li><\/ul>\t\t\t\t\t\t\t\n\t\t\t\t\t\t\t\t\t\t<h3>Or | 25 000 $<\/h3>\n\t\t\t\t\t\t\t\t<ul><li>Repas gastronomiques, soit 1 table de 10 convives<\/li><li>Logo de l&rsquo;entreprise sur les m\u00e9dias sociaux de Portage<\/li><li>Projection d&rsquo;une publicit\u00e9 plein \u00e9cran de l&rsquo;entreprise en continu sur \u00e9cran g\u00e9ant lors de l&rsquo;\u00e9v\u00e9nement<\/li><\/ul>\t\t\t\t\t\t\t\n\t\t\t\t\t\t\t\t\t\t<h3>Argent | 15 000 $<\/h3>\n\t\t\t\t\t\t\t\t<ul><li>Repas gastronomiques, soit 1 table de 10 convives<\/li><li>Logo de l&rsquo;entreprise projet\u00e9 en continu sur \u00e9cran g\u00e9ant lors de l&rsquo;\u00e9v\u00e9nement<\/li><\/ul>\t\t\t\t\t\t\t\n\t\t\t<a href=\"https:\/\/forms.office.com\/r\/PrR6LEdN0g\"  target=\"_blank\" rel=\"noopener\"    rel=\"noopener\">\n\t\t\t\t\t\t\tChoix du partenariat et inscription\n\t\t\t\t\t<\/a>\n\t<h2>Lieu et tenue vestimentaire<\/h2>\n\t<h3>Montr\u00e9al<\/h3>\n\t<h4>Salle des pas perdus, Gare Windsor<\/h4>\n1160, avenue des Canadiens-de-Montr\u00e9al<br \/>\nMontr\u00e9al (Qu\u00e9bec) H3B 2S2\n\t<h3>Qu\u00e9bec<\/h3>\n\t<h4>Chapelle du S\u00e9minaire<\/h4>\n2, c\u00f4te de la Fabrique<br \/>\nQu\u00e9bec (Qu\u00e9bec) G1R 3V6\n\t\t\t\t\t\t<h4>Tenue vestimentaire<\/h4>\t\t\t\t\t\n\t\t\t<p>Tenue de ville et robe cocktail<\/p>\t\t\n\t<h2><u>D\u00e9roulement de la Soir\u00e9e<\/u><\/h2>\n\t<h2><u>Encan virtuel<\/u><\/h2>\n\t<p>L&rsquo;encan sera actif \u00e0 compter du 18 septembre 2026.<\/p>\n\t<h2><u>Philanthropes honor\u00e9s par le pass\u00e9<\/u><\/h2>\n\t<h2><u>Nous joindre<\/u><\/h2>\n\t<p>Pour plus d&rsquo;information en lien avec l&rsquo;\u00e9v\u00e9nement, veuillez communiquer \u00e0 <a href=\"mailto:fondation@portage.ca\">fondation@portage.ca<\/a> ou au (514) 939-0202, poste 1158.<\/p>\n<p>Pour faire un don ou en conna\u00eetre davantage sur les services de Portage, veuillez visiter le site suivant :<\/p>\n<h6>\n\t\t<a href=\"https:\/\/portage.ca\/fr\/quebec\/fondation-quebec\/\" title=\"La Fondation Portage\"  target=\"_blank\"  rel=\"noopener\">\n\t\t\tLa Fondation Portage\t\t<\/a>\n\t<\/h6>\n\t865, square Richmond<br \/>\nMontr\u00e9al (Qu\u00e9bec) H3J 1V8\n\t\u00a9 2026 Portage &#8211; Tous droits r\u00e9serv\u00e9s\n\t<p>Cr\u00e9dits <em><a href=\"http:\/\/hamak.ca\">Hamak<\/a><\/em><\/p>\n\n","protected":false},"excerpt":{"rendered":"<p>EN La Soir\u00e9e des Grands Philanthropes La Soir\u00e9e des Grands Philanthropes est l&rsquo;occasion de rendre hommage \u00e0 une personnalit\u00e9 marquante du monde des affaires qu\u00e9b\u00e9cois. Depuis 2004, Portage rend hommage \u00e0 des chefs de file, des entrepreneurs et des grands philanthropes qui cultivent l&rsquo;excellence et contribuent \u00e0 l&rsquo;avancement et au mieux-\u00eatre de la soci\u00e9t\u00e9 par&#8230;  <a href=\"https:\/\/portage.ca\/fr\/soiree-des-grands-philanthropes\/\" class=\"more-link\" title=\"Read Soir\u00e9e des Grands Philanthropes\">Read more &raquo;<\/a><\/p>\n","protected":false},"author":10,"featured_media":48186,"parent":0,"menu_order":0,"comment_status":"closed","ping_status":"closed","template":"","meta":{"_acf_changed":false,"footnotes":"","_links_to":"","_links_to_target":""},"class_list":["post-35083","page","type-page","status-publish","has-post-thumbnail","hentry"],"acf":[],"_links":{"self":[{"href":"https:\/\/portage.ca\/fr\/wp-json\/wp\/v2\/pages\/35083","targetHints":{"allow":["GET"]}}],"collection":[{"href":"https:\/\/portage.ca\/fr\/wp-json\/wp\/v2\/pages"}],"about":[{"href":"https:\/\/portage.ca\/fr\/wp-json\/wp\/v2\/types\/page"}],"author":[{"embeddable":true,"href":"https:\/\/portage.ca\/fr\/wp-json\/wp\/v2\/users\/10"}],"replies":[{"embeddable":true,"href":"https:\/\/portage.ca\/fr\/wp-json\/wp\/v2\/comments?post=35083"}],"version-history":[{"count":11,"href":"https:\/\/portage.ca\/fr\/wp-json\/wp\/v2\/pages\/35083\/revisions"}],"predecessor-version":[{"id":48247,"href":"https:\/\/portage.ca\/fr\/wp-json\/wp\/v2\/pages\/35083\/revisions\/48247"}],"wp:featuredmedia":[{"embeddable":true,"href":"https:\/\/portage.ca\/fr\/wp-json\/wp\/v2\/media\/48186"}],"wp:attachment":[{"href":"https:\/\/portage.ca\/fr\/wp-json\/wp\/v2\/media?parent=35083"}],"curies":[{"name":"wp","href":"https:\/\/api.w.org\/{rel}","templated":true}]}}