{"id":34344,"date":"2022-11-24T11:07:46","date_gmt":"2022-11-24T16:07:46","guid":{"rendered":"https:\/\/portage.ca\/toxicomalpris\/"},"modified":"2022-11-24T11:50:19","modified_gmt":"2022-11-24T16:50:19","slug":"toxicomalpris","status":"publish","type":"page","link":"https:\/\/portage.ca\/fr\/toxicomalpris\/","title":{"rendered":"ToxicoMalpris"},"content":{"rendered":"\n\n\t<iframe allowfullscreen allow=\"autoplay\" src=\"https:\/\/player.vimeo.com\/video\/771625739?color&amp;autopause=0&amp;loop=0&amp;muted=0&amp;title=0&amp;portrait=0&amp;byline=0&amp;h#t=\"><\/iframe>\t\n<h1>\n\t\tCampagne nationale de sensibilisation\n\t<\/h1>\n\t<p class=\"lead\">La campagne de sensibilisation ToxicoMalpris met en lumi\u00e8re la simplicit\u00e9, la rapidit\u00e9 et la cruaut\u00e9 avec laquelle la d\u00e9pendance peut isoler une personne. Elle met en sc\u00e8ne un jeune adolescent qui se retrouve pris au pi\u00e8ge dans une bo\u00eete. Incapable de s&rsquo;en \u00e9chapper, ce jeune est retenu par ses d\u00e9pendances qui le garde pris au pi\u00e8ge dans un cercle vicieux. Que ce soit pour ouvrir une discussion ou obtenir rapidement de l&rsquo;aide face \u00e0 une telle situation, la publicit\u00e9 souhaite \u00e9galement d\u00e9montrer l&rsquo;accompagnement qui peut \u00eatre offert par Portage, pr\u00e9sent pour aider les jeunes \u00e0 s&rsquo;en sortir.<\/p>\n\t\t\t<a href=\"https:\/\/portage.ca\/fr\/contact-ados\/\" target=\"_self\" role=\"button\" rel=\"noopener\">\n\t\t\t\t\t\t\tJ&rsquo;ai besoin d&rsquo;aide\n\t\t\t\t\t<\/a>\n\t\t\t\t<p>La COVID-19 n&rsquo;a pas ralenti les habitudes de consommation d&rsquo;alcool et de drogues des Canadiens; elle a, au contraire, eu un effet d\u00e9vastateur sur la sant\u00e9 mentale de nos jeunes. Les cons\u00e9quences sont bien r\u00e9elles : consommation abusive de cannabis, autom\u00e9dication, abus d&rsquo;alcool, d\u00e9pression, etc. Plusieurs jeunes ne savent plus comment g\u00e9rer leurs \u00e9motions et se retrouvent malgr\u00e9 eux enferm\u00e9s dans la d\u00e9pendance.<\/p>\n\t\t\t\t\n\t<h3>Affichage<\/h3>\n\t\t\t\t<img loading=\"lazy\" decoding=\"async\" src=\"https:\/\/portage.ca\/wp-content\/uploads\/2022\/11\/abribus.png\" alt=\"abribus\" itemprop=\"image\" height=\"882\" width=\"1565\" title=\"abribus\" onerror=\"this.style.display='none'\"  \/>\n\t<p>La campagne se base sur le mot TOXICOMANIE qui d\u00e9signe le probl\u00e8me, afin de le d\u00e9construire et de lui ajouter des lettres pour exprimer les cons\u00e9quences et l&rsquo;ampleur du probl\u00e8me.<\/p>\n<p>Une astuce jouant avec la r\u00e9p\u00e9tition qui livre le message et l&rsquo;ancre solidement.<\/p>\n\t\t\t\t<img loading=\"lazy\" decoding=\"async\" src=\"https:\/\/portage.ca\/wp-content\/uploads\/2022\/11\/POR-012-Bannie\u0300res-1080x1350-Jeunes-FR.jpg\" alt=\"POR-012 Bannie\u0300res 1080x1350 Jeunes FR\" itemprop=\"image\" height=\"1350\" width=\"1080\" title=\"POR-012 Bannie\u0300res 1080x1350 Jeunes FR\" onerror=\"this.style.display='none'\"  \/>\n<h3>\n\t\tAudio\n\t<\/h3>\n\t<p>Nous sommes heureux d&rsquo;avoir eu la collaboration d&rsquo;Emmanuel Bilodeau pour l&rsquo;enregistrement de la version radio de notre campagne.<\/p>\n\t\t<meta itemprop=\"url\" content=\"https:\/\/portage.ca\/wp-content\/uploads\/2022\/11\/PasDeFruit_ToxicoRadio_30FR_RAD.wav\" \/><audio class=\"wp-audio-shortcode\" id=\"audio-34344-1\" preload=\"none\" style=\"width: 100%;\" controls=\"controls\"><source type=\"audio\/wav\" src=\"https:\/\/portage.ca\/wp-content\/uploads\/2022\/11\/PasDeFruit_ToxicoRadio_30FR_RAD.wav?_=1\" \/><a href=\"https:\/\/portage.ca\/wp-content\/uploads\/2022\/11\/PasDeFruit_ToxicoRadio_30FR_RAD.wav\">https:\/\/portage.ca\/wp-content\/uploads\/2022\/11\/PasDeFruit_ToxicoRadio_30FR_RAD.wav<\/a><\/audio>\n\t\u00ab ToxicoMalaise, ToxicoMalheur, ToxicoMalsain, ToxicoManigance, ToxicoManipulation, ToxicoMarginalis\u00e9, ToxicoMalpris.<br \/>\nQuand la toxicomanie emprisonne ta vie, celle d&rsquo;un adolescent ou d&rsquo;un ami, le programme de r\u00e9adaptation de Portage est l\u00e0 pour aider \u00e0 s&rsquo;en \u00e9chapper. \u00bb\n<h2>\n\t\tVideos\n\t<\/h2>\n\t<iframe loading=\"lazy\" title=\"ToxicoMalpris\" src=\"https:\/\/player.vimeo.com\/video\/771624187?h=74403f62d9&amp;dnt=1&amp;app_id=122963\" width=\"580\" height=\"326\" frameborder=\"0\" allow=\"autoplay; fullscreen; picture-in-picture\" allowfullscreen><\/iframe>\n\t<p>Version 15 secondes<\/p>\n\t<iframe loading=\"lazy\" title=\"ToxicoMalpris\" src=\"https:\/\/player.vimeo.com\/video\/771625739?h=31255154af&amp;dnt=1&amp;app_id=122963\" width=\"580\" height=\"326\" frameborder=\"0\" allow=\"autoplay; fullscreen; picture-in-picture\" allowfullscreen><\/iframe>\n\t<p>Version 30 secondes<\/p>\n\t\t\t<a href=\"https:\/\/portage.ca\/fr\/contact-ados\/\" target=\"_self\" role=\"button\" rel=\"noopener\">\n\t\t\t\t\t\t\tJ&rsquo;ai besoin d&rsquo;aide\n\t\t\t\t\t<\/a>\n\n","protected":false},"excerpt":{"rendered":"<p>Campagne nationale de sensibilisation La campagne de sensibilisation ToxicoMalpris met en lumi\u00e8re la simplicit\u00e9, la rapidit\u00e9 et la cruaut\u00e9 avec laquelle la d\u00e9pendance peut isoler une personne. Elle met en sc\u00e8ne un jeune adolescent qui se retrouve pris au pi\u00e8ge dans une bo\u00eete. Incapable de s&rsquo;en \u00e9chapper, ce jeune est retenu par ses d\u00e9pendances qui&#8230;  <a href=\"https:\/\/portage.ca\/fr\/toxicomalpris\/\" class=\"more-link\" title=\"Read ToxicoMalpris\">Read more &raquo;<\/a><\/p>\n","protected":false},"author":13,"featured_media":34312,"parent":0,"menu_order":0,"comment_status":"closed","ping_status":"closed","template":"","meta":{"_acf_changed":false,"footnotes":"","_links_to":"","_links_to_target":""},"class_list":["post-34344","page","type-page","status-publish","has-post-thumbnail","hentry"],"acf":[],"_links":{"self":[{"href":"https:\/\/portage.ca\/fr\/wp-json\/wp\/v2\/pages\/34344","targetHints":{"allow":["GET"]}}],"collection":[{"href":"https:\/\/portage.ca\/fr\/wp-json\/wp\/v2\/pages"}],"about":[{"href":"https:\/\/portage.ca\/fr\/wp-json\/wp\/v2\/types\/page"}],"author":[{"embeddable":true,"href":"https:\/\/portage.ca\/fr\/wp-json\/wp\/v2\/users\/13"}],"replies":[{"embeddable":true,"href":"https:\/\/portage.ca\/fr\/wp-json\/wp\/v2\/comments?post=34344"}],"version-history":[{"count":2,"href":"https:\/\/portage.ca\/fr\/wp-json\/wp\/v2\/pages\/34344\/revisions"}],"predecessor-version":[{"id":34356,"href":"https:\/\/portage.ca\/fr\/wp-json\/wp\/v2\/pages\/34344\/revisions\/34356"}],"wp:featuredmedia":[{"embeddable":true,"href":"https:\/\/portage.ca\/fr\/wp-json\/wp\/v2\/media\/34312"}],"wp:attachment":[{"href":"https:\/\/portage.ca\/fr\/wp-json\/wp\/v2\/media?parent=34344"}],"curies":[{"name":"wp","href":"https:\/\/api.w.org\/{rel}","templated":true}]}}