{"id":29344,"date":"2022-07-20T14:08:30","date_gmt":"2022-07-20T19:08:30","guid":{"rendered":"https:\/\/portage.ca\/?page_id=29344"},"modified":"2026-02-09T15:22:05","modified_gmt":"2026-02-09T20:22:05","slug":"fondation-quebec","status":"publish","type":"page","link":"https:\/\/portage.ca\/fr\/quebec\/fondation-quebec\/","title":{"rendered":"Fondation Portage au Qu\u00e9bec"},"content":{"rendered":"\n<h1>\n\t\t\tLa Fondation Portage au <b>Qu\u00e9bec<\/b>\t<\/h1>\n\t<p class=\"lead\">L&rsquo;objectif de la Fondation Portage est d&rsquo;amasser des fonds pour maintenir et bonifier les programmes th\u00e9rapeutiques con\u00e7us pour les personnes aux prises avec des probl\u00e8mes de d\u00e9pendance.<\/p>\n<p><strong>Tout don est important et cr\u00e9e une diff\u00e9rence.<\/strong><\/p>\n<p>Votre soutien financier est porteur d&rsquo;avenir pour tous ceux et celles qui font appel \u00e0 nos services et qui aspirent \u00e0 prendre leur envol.<\/p>\n<p>&nbsp;<\/p>\n<p><a href=\"https:\/\/portage.ca\/fr\/rapport-annuel-2024-2025\/\" target=\"_blank\" rel=\"noopener\"><em><strong>Cliquez ici<\/strong><\/em><\/a>\u00a0pour consulter notre rapport annuel.<\/p>\n\t<span><span><a href=\"https:\/\/portage.ca\/fr\/\">Accueil<\/a><\/span><\/span>\n<h3>\n\t\t\tChoisir la r\u00e9gion \u00e0 laquelle vous voulez faire un don\t<\/h3>\n<figure data-animation-delay=\"0\" data-animation-duration=\"2\" itemscope itemtype=\"https:\/\/schema.org\/ImageObject\">\n\t\t\t\t<a href=\"https:\/\/portage.akaraisin.com\/ui\/montrealfr\/donations\/start?it=1&#038;amt=50%20\"  target=\"_blank\" rel=\"noopener\"  itemprop=\"url\">\n\t\t\t\t<img decoding=\"async\" src=\"https:\/\/portage.ca\/wp-content\/uploads\/2022\/07\/Boutons-Fondation-QC-MTL.png\" alt=\"Boutons Fondation QC-MTL\" height=\"417\" width=\"625\" title=\"Boutons Fondation QC-MTL\" onerror=\"this.style.display='none'\" loading=\"lazy\" \/>\n\t\t\t\t<\/a>\n\t<\/figure>\n<figure data-animation-delay=\"0\" data-animation-duration=\"2\" itemscope itemtype=\"https:\/\/schema.org\/ImageObject\">\n\t\t\t\t<a href=\"https:\/\/portage.akaraisin.com\/ui\/quebecfr\/donations\/start?it=1&#038;amt=50%20\"  target=\"_blank\" rel=\"noopener\"  itemprop=\"url\">\n\t\t\t\t<img decoding=\"async\" src=\"https:\/\/portage.ca\/wp-content\/uploads\/2022\/07\/Boutons-Fondation-QC-qc.png\" alt=\"Boutons Fondation QC-qc\" height=\"417\" width=\"625\" title=\"Boutons Fondation QC-qc\" onerror=\"this.style.display='none'\" loading=\"lazy\" \/>\n\t\t\t\t<\/a>\n\t<\/figure>\n\t<iframe allowfullscreen allow=\"autoplay\" data-src=\"https:\/\/player.vimeo.com\/video\/734469375?color&amp;autopause=0&amp;loop=0&amp;muted=0&amp;title=0&amp;portrait=0&amp;byline=0&amp;h\"><\/iframe>\t\t\n\t\t\t\t\tPlay Video\n<h3>\n\t\t\tIMPACT DE VOS DONS\t<\/h3>\n\t<p>Portage est subventionn\u00e9 en partie par le minist\u00e8re de la Sant\u00e9 et des Services sociaux, mais doit faire appel au secteur priv\u00e9 afin de bonifier ses services et les adapter \u00e0 la r\u00e9alit\u00e9 d&rsquo;aujourd&rsquo;hui. Pour ce faire, la Fondation Portage organise deux campagnes de financement annuelles, une dans la r\u00e9gion de Montr\u00e9al et une autre dans la r\u00e9gion de Qu\u00e9bec. Chacune est men\u00e9e par un comit\u00e9 de gens d&rsquo;affaires qui ont \u00e0 c\u0153ur notre cause et qui mobilisent leurs contacts pour atteindre notre objectif global de deux millions de dollars.<\/p>\n<p>Les sommes recueillies sont consacr\u00e9es enti\u00e8rement aux programmes de Portage au Qu\u00e9bec, pour lesquels nous avons \u00e9labor\u00e9 un \u00e9nonc\u00e9 de besoins sp\u00e9cifiques \u00e0 chaque centre.<\/p>\n\t\t\t2 M$\n<figure itemscope itemtype=\"https:\/\/schema.org\/ImageObject\">\n\t\t\t\t<a href=\"https:\/\/portage.ca\/wp-content\/uploads\/2025\/08\/Pie-Charts-Foundation-FR-scaled.png\"  target=\"_self\" itemprop=\"url\">\n\t\t\t\t<img decoding=\"async\" src=\"https:\/\/portage.ca\/wp-content\/uploads\/2025\/08\/Pie-Charts-Foundation-FR-scaled.png\" alt=\"Pie Charts Foundation FR\" height=\"1372\" width=\"2560\" title=\"Pie Charts Foundation FR\" onerror=\"this.style.display='none'\" loading=\"lazy\" \/>\n\t\t\t\t<\/a>\n\t<\/figure>\n<h3>\n\t\t\t\u00c9v\u00e9nements et activit\u00e9s\t<\/h3>\n\t\t<figure itemscope itemtype=\"https:\/\/schema.org\/ImageObject\">\n\t\t\t\t<a href=\"\/fr\/quebec\/fondation\/soiree-grands-philanthropes\/\"  target=\"_self\" itemprop=\"url\">\n\t\t\t\t<img decoding=\"async\" src=\"https:\/\/portage.ca\/wp-content\/uploads\/2019\/07\/20180920_portage_315-780x300.jpg\" alt=\"Client : Portage\n20 septembre 2018\nEricCarriere.ca\" height=\"223\" width=\"580\" title=\"Client : Portage20 septembre 2018EricCarriere.ca\" onerror=\"this.style.display='none'\" loading=\"lazy\" \/>\n\t\t\t\t<\/a>\n\t<\/figure>\n<h4><a href=\"\/fr\/quebec\/fondation\/soiree-grands-philanthropes\/\" target=\"_self\">La Soir\u00e9e des Grands Philanthropes<\/a><\/h4>\t\n\t\t<figure itemscope itemtype=\"https:\/\/schema.org\/ImageObject\">\n\t\t\t\t<a href=\"https:\/\/portage.ca\/fr\/fondation\/omnium-de-golf-de-portage-montreal-2\/\"  target=\"_self\" itemprop=\"url\">\n\t\t\t\t<img decoding=\"async\" src=\"https:\/\/portage.ca\/wp-content\/uploads\/2026\/01\/20250602_Portage_0009.jpg\" alt=\"20250602_Portage_0009\" height=\"1365\" width=\"2048\" title=\"20250602_Portage_0009\" onerror=\"this.style.display='none'\" loading=\"lazy\" \/>\n\t\t\t\t<\/a>\n\t<\/figure>\n<h4><a href=\"https:\/\/portage.ca\/fr\/fondation\/omnium-de-golf-de-portage-montreal-2\/\" target=\"_self\">Golf Montr\u00e9al<\/a><\/h4>\t\n\t\t<figure itemscope itemtype=\"https:\/\/schema.org\/ImageObject\">\n\t\t\t\t<a href=\"https:\/\/portage.ca\/fr\/fondation\/table-du-chef-montreal\/\"  target=\"_self\" itemprop=\"url\">\n\t\t\t\t<img decoding=\"async\" src=\"https:\/\/portage.ca\/wp-content\/uploads\/2026\/01\/20230515_Portage_0071-scaled.jpg\" alt=\"20230515_Portage_0071\" height=\"1707\" width=\"2560\" title=\"20230515_Portage_0071\" onerror=\"this.style.display='none'\" loading=\"lazy\" \/>\n\t\t\t\t<\/a>\n\t<\/figure>\n<h4><a href=\"https:\/\/portage.ca\/fr\/fondation\/table-du-chef-montreal\/\" target=\"_self\">Table du chef Montr\u00e9al<\/a><\/h4>\t\n\t\t<figure itemscope itemtype=\"https:\/\/schema.org\/ImageObject\">\n\t\t\t\t<a href=\"https:\/\/portage.ca\/fr\/fondation\/omnium-de-golf-de-portage-quebec\/\"  target=\"_self\" itemprop=\"url\">\n\t\t\t\t<img decoding=\"async\" src=\"https:\/\/portage.ca\/wp-content\/uploads\/2022\/08\/20220615_Golf_Qc_0018.jpg\" alt=\"20220615_Golf_Qc_0018\" height=\"1365\" width=\"2048\" title=\"20220615_Golf_Qc_0018\" onerror=\"this.style.display='none'\" loading=\"lazy\" \/>\n\t\t\t\t<\/a>\n\t<\/figure>\n<h4><a href=\"https:\/\/portage.ca\/fr\/fondation\/omnium-de-golf-de-portage-quebec\/\" target=\"_self\">Golf Qu\u00e9bec<\/a><\/h4>\t\n\t\t<figure itemscope itemtype=\"https:\/\/schema.org\/ImageObject\">\n\t\t\t\t<a href=\"https:\/\/portage.ca\/fr\/fondation\/table-du-chef-quebec\/\"  target=\"_self\" itemprop=\"url\">\n\t\t\t\t<img decoding=\"async\" src=\"https:\/\/portage.ca\/wp-content\/uploads\/2016\/03\/DSC_6491-1024x683.jpg\" alt=\"Cocktail d\u00eenatoire - Fondation Portage\" height=\"387\" width=\"580\" title=\"Cocktail d\u00eenatoire - Fondation Portage\" onerror=\"this.style.display='none'\" loading=\"lazy\" \/>\n\t\t\t\t<\/a>\n\t<\/figure>\n<h4><a href=\"https:\/\/portage.ca\/fr\/fondation\/table-du-chef-quebec\/\" target=\"_self\">Table du chef Qu\u00e9bec<\/a><\/h4>\t\n<h3>\n\t\t\t Nouvelles de la Fondation Portage au Qu\u00e9bec\t<\/h3>\n<h3>\n\t\t\tGrands donateurs\t<\/h3>\n\t<p>Portage remercie ses fid\u00e8les donateurs qui ont le plus g\u00e9n\u00e9reusement contribu\u00e9 depuis sa cr\u00e9ation.<\/p>\n<h4>\n\t\t\tPARTENAIRES FONDATEURS\t<\/h4>\n<figure itemscope itemtype=\"https:\/\/schema.org\/ImageObject\">\n\t\t\t\t<img decoding=\"async\" src=\"https:\/\/portage.ca\/wp-content\/uploads\/2022\/08\/Fondation_Marcelle_et_Jean_Coutu.jpg\" alt=\"Fondation_Marcelle_et_Jean_Coutu\" height=\"307\" width=\"475\" title=\"Fondation_Marcelle_et_Jean_Coutu\" onerror=\"this.style.display='none'\" loading=\"lazy\" \/>\n\t<\/figure>\n<figure itemscope itemtype=\"https:\/\/schema.org\/ImageObject\">\n\t\t\t\t<img decoding=\"async\" src=\"https:\/\/portage.ca\/wp-content\/uploads\/2022\/08\/La_Famille_Chagnon.jpg\" alt=\"La_Famille_Chagnon\" height=\"307\" width=\"493\" title=\"La_Famille_Chagnon\" onerror=\"this.style.display='none'\" loading=\"lazy\" \/>\n\t<\/figure>\n<h4>\n\t\t\tPARTENAIRES B\u00c2TISSEURS\t<\/h4>\n<figure itemscope itemtype=\"https:\/\/schema.org\/ImageObject\">\n\t\t\t\t<img decoding=\"async\" src=\"https:\/\/portage.ca\/wp-content\/uploads\/2022\/08\/Banque_Nationale.jpg\" alt=\"Banque_Nationale\" height=\"307\" width=\"757\" title=\"Banque_Nationale\" onerror=\"this.style.display='none'\" loading=\"lazy\" \/>\n\t<\/figure>\n<figure itemscope itemtype=\"https:\/\/schema.org\/ImageObject\">\n\t\t\t\t<img decoding=\"async\" src=\"https:\/\/portage.ca\/wp-content\/uploads\/2022\/08\/Desjardins.jpg\" alt=\"Desjardins\" height=\"307\" width=\"793\" title=\"Desjardins\" onerror=\"this.style.display='none'\" loading=\"lazy\" \/>\n\t<\/figure>\n<figure itemscope itemtype=\"https:\/\/schema.org\/ImageObject\">\n\t\t\t\t<img decoding=\"async\" src=\"https:\/\/portage.ca\/wp-content\/uploads\/2022\/08\/Fondation_J_A_DeSeve.jpg\" alt=\"Fondation_J_A_DeSeve\" height=\"307\" width=\"739\" title=\"Fondation_J_A_DeSeve\" onerror=\"this.style.display='none'\" loading=\"lazy\" \/>\n\t<\/figure>\n<figure itemscope itemtype=\"https:\/\/schema.org\/ImageObject\">\n\t\t\t\t<img decoding=\"async\" src=\"https:\/\/portage.ca\/wp-content\/uploads\/2022\/08\/Bell_Cause_pour_la_cause.jpg\" alt=\"Bell_Cause_pour_la_cause\" height=\"307\" width=\"713\" title=\"Bell_Cause_pour_la_cause\" onerror=\"this.style.display='none'\" loading=\"lazy\" \/>\n\t<\/figure>\n<figure itemscope itemtype=\"https:\/\/schema.org\/ImageObject\">\n\t\t\t\t<img decoding=\"async\" src=\"https:\/\/portage.ca\/wp-content\/uploads\/2022\/08\/Fondation_Echo.jpg\" alt=\"Fondation_Echo\" height=\"307\" width=\"793\" title=\"Fondation_Echo\" onerror=\"this.style.display='none'\" loading=\"lazy\" \/>\n\t<\/figure>\n<figure itemscope itemtype=\"https:\/\/schema.org\/ImageObject\">\n\t\t\t\t<img decoding=\"async\" src=\"https:\/\/portage.ca\/wp-content\/uploads\/2022\/08\/Power_Corporation_du_Canada_2.jpg\" alt=\"Power_Corporation_du_Canada_2\" height=\"307\" width=\"716\" title=\"Power_Corporation_du_Canada_2\" onerror=\"this.style.display='none'\" loading=\"lazy\" \/>\n\t<\/figure>\n<figure itemscope itemtype=\"https:\/\/schema.org\/ImageObject\">\n\t\t\t\t<img decoding=\"async\" src=\"https:\/\/portage.ca\/wp-content\/uploads\/2024\/10\/Logo_CGI_Cell.png\" alt=\"Logo_CGI_Cell\" height=\"1275\" width=\"3300\" title=\"Logo_CGI_Cell\" onerror=\"this.style.display='none'\" loading=\"lazy\" \/>\n\t<\/figure>\n<figure itemscope itemtype=\"https:\/\/schema.org\/ImageObject\">\n\t\t\t\t<img decoding=\"async\" src=\"https:\/\/portage.ca\/wp-content\/uploads\/2026\/02\/HQ_Couleur.jpg\" alt=\"HQ_Couleur\" height=\"767\" width=\"2410\" title=\"HQ_Couleur\" onerror=\"this.style.display='none'\" loading=\"lazy\" \/>\n\t<\/figure>\n<figure itemscope itemtype=\"https:\/\/schema.org\/ImageObject\">\n\t\t\t\t<img decoding=\"async\" src=\"https:\/\/portage.ca\/wp-content\/uploads\/2026\/01\/2022-Soeurs-de-la-Charite-de-Quebec-2026.jpg\" alt=\"2022 - Soeurs de la Charit\u00e9 de Qu\u00e9bec-2026\" height=\"572\" width=\"1748\" title=\"2022 - Soeurs de la Charit\u00e9 de Qu\u00e9bec-2026\" onerror=\"this.style.display='none'\" loading=\"lazy\" \/>\n\t<\/figure>\n<h3>\n\t\t\t Pourquoi donner \u00e0 Portage?\t<\/h3>\n\t\t\t\t\t\t\t<button aria-label=\"previous\" type=\"button\">\n<\/button>\n\t\t\t\t<button aria-label=\"next\" type=\"button\">\n<\/button>\n\t\t<ul>\n\t\t\t\t<li>\n\t\t\t<img decoding=\"async\" loading=\"false\" src=\"https:\/\/portage.ca\/wp-content\/uploads\/2022\/07\/G_Cormier-_2019-new.jpg\" alt=\"\" \/>\t\t\t\n\t\t\t\t<p><em>\u00ab D<\/em><em>epuis pr\u00e8s de 35 ans, le Mouvement Desjardins et l&rsquo;\u00e9quipe de Portage travaillent en \u00e9troite collaboration.\u00a0En effet, la jeunesse est l&rsquo;une de nos priorit\u00e9s et c&rsquo;est par l&rsquo;\u00e9ducation qu&rsquo;on croit pouvoir faire une diff\u00e9rence.\u00a0\u00a0 <\/em><\/p>\n<p><em>C&rsquo;est pour cette raison que la contribution de Desjardins a toujours \u00e9t\u00e9 d\u00e9di\u00e9e \u00e0 3 programmes pour adolescents. Lorsqu&rsquo;un jeune vient \u00e0 Portage, il reconnecte avec le syst\u00e8me de l&rsquo;\u00e9ducation et c&rsquo;est \u00e0 ce moment qu&rsquo;il regagne espoir pour atteindre ses buts. \u00bb <\/em><\/p>\n<p><strong>Guy Cormier, pr\u00e9sident sortant, Mouvement Desjardins<\/strong><\/p>\n<img decoding=\"async\" loading=\"false\" src=\"https:\/\/portage.ca\/wp-content\/uploads\/2022\/07\/G_Cormier-_2019-new.jpg\" alt=\"\" \/>\t\t\t\n\t\t<\/li>\n\t\t\t<li>\n\t\t\t<img decoding=\"async\" loading=\"false\" src=\"https:\/\/portage.ca\/wp-content\/uploads\/2022\/08\/F.-Olivier-3.jpg\" alt=\"\" \/>\t\t\t\n\t\t\t\t<p><em>\u00ab Je suis engag\u00e9 aupr\u00e8s de Portage depuis pr\u00e8s de 25 ans parce que je crois profond\u00e9ment en sa mission. C&rsquo;est un organisme qui redonne l&rsquo;espoir \u00e0 ceux qui l&rsquo;avaient perdu. En aidant Portage, nous contribuons \u00e0 une soci\u00e9t\u00e9 meilleure. \u00bb<\/em><\/p>\n<p><strong>Fran\u00e7ois Olivier, Gouverneur de Portage<\/strong><\/p>\n<img decoding=\"async\" loading=\"false\" src=\"https:\/\/portage.ca\/wp-content\/uploads\/2022\/08\/F.-Olivier-3.jpg\" alt=\"\" \/>\t\t\t\n\t\t<\/li>\n\t\t\t<li>\n\t\t\t<img decoding=\"async\" loading=\"false\" src=\"https:\/\/portage.ca\/wp-content\/uploads\/2022\/07\/ANDRE-ROY_PMT-ROY-Assurances-et-services-financiers-inc.jpg\" alt=\"\" \/>\t\t\t\n\t\t\t\t<p><em>\u00ab Les probl\u00e8mes de d\u00e9pendance alli\u00e9s \u00e0 ceux de la sant\u00e9 mentale connaissent une hausse fulgurante. Portage est une cause qui me tient \u00e0 c\u0153ur, car elle apporte une solution! C&rsquo;est pour cette raison que je suis impliqu\u00e9 depuis pr\u00e8s de 10 ans.<\/em><\/p>\n<p><em>Au fil des ans, j&rsquo;ai pu constater l&rsquo;impact positif de ses programmes aupr\u00e8s de sa client\u00e8le adulte et adolescente. Portage sauve des vies. \u00bb<\/em><\/p>\n<p><strong>Andr\u00e9 Roy, pr\u00e9sident de 2011 \u00e0 2023, PMT ROY Assurances et services financiers, vice-pr\u00e9sident du conseil de Portage et pr\u00e9sident de la campagne annuelle de financement pour la r\u00e9gion de Qu\u00e9bec<\/strong><\/p>\n<img decoding=\"async\" loading=\"false\" src=\"https:\/\/portage.ca\/wp-content\/uploads\/2022\/07\/ANDRE-ROY_PMT-ROY-Assurances-et-services-financiers-inc.jpg\" alt=\"\" \/>\t\t\t\n\t\t<\/li>\n\t\t<\/ul>\n<h3>\n\t\t\tVous pouvez donner de diverses fa\u00e7ons\t<\/h3>\n\t<h3>Don par t\u00e9l\u00e9phone, par courriel ou par la poste<\/h3>\n\t<p>Communiquer avec nous au 514-939-0202, poste 1158 ou par <a href=\"mailto:fondation@portage.ca%20%3cfondation@portage.ca%3e;\">courriel<\/a><\/p>\n<p>Poste : Fondation Portage, 865, square Richmond, Montr\u00e9al QC H3J 1V8<\/p>\n\t<h3>Don In Memoriam<\/h3>\n\t<p>Honorer la m\u00e9moire d&rsquo;un proche en faisant un don \u00e0 Portage.<\/p>\n\t\t\t<a href=\"https:\/\/portage.akaraisin.com\/ui\/montrealfr\/donations\/start?it=1&#038;amt=50%20\"  target=\"_blank\" rel=\"noopener\"    rel=\"noopener\">\n\t\t\t\t\t\t\tMontr\u00e9al\n\t\t\t\t\t<\/a>\n\t\t\t<a href=\"https:\/\/portage.akaraisin.com\/ui\/quebecfr\/donations\/start?it=1&#038;amt=50%20\"  target=\"_blank\" rel=\"noopener\"    rel=\"noopener\">\n\t\t\t\t\t\t\tQu\u00e9bec\n\t\t\t\t\t<\/a>\n\t<h3>Don en actions<\/h3>\n\t<p>Avez-vous d\u00e9j\u00e0\u00a0\u00e9valu\u00e9 s&rsquo;il est pr\u00e9f\u00e9rable de <strong>donner des titres au lieu de l&rsquo;argent<\/strong> \u00e0 l&rsquo;organisme de bienfaisance de votre choix?<\/p>\n<p>Pour tout donateur, un don de titre permettra potentiellement d&rsquo;optimiser davantage sa fiscalit\u00e9. <a href=\"https:\/\/portage.ca\/wp-content\/uploads\/2025\/12\/Dons_en_actions_et_formulaire.pdf\" target=\"_blank\" rel=\"noopener\"><strong>Cliquez ici pour comprendre les avantages.<\/strong><\/a><\/p>\n\t<h3>Don planifi\u00e9<\/h3>\n\t<p>La mission de Portage vous tient particuli\u00e8rement \u00e0 c\u0153ur? Envisager la possibilit\u00e9 d&rsquo;inclure Portage dans votre testament. <a href=\"https:\/\/portage.ca\/wp-content\/uploads\/2022\/08\/Depliant-Fonds-de-dotation-francais.pdf\" target=\"_blank\" rel=\"noopener\">Consulter notre d\u00e9pliant du programme de dons planifi\u00e9s<\/a>.<\/p>\n<p>La Fondation Portage est un organisme partenaire du programme <a href=\"https:\/\/unheritage.org\/\" target=\"_blank\" rel=\"noopener\">Un h\u00e9ritage \u00e0 partager<\/a>.<\/p>\n\n","protected":false},"excerpt":{"rendered":"<p>La Fondation Portage au Qu\u00e9bec L&rsquo;objectif de la Fondation Portage est d&rsquo;amasser des fonds pour maintenir et bonifier les programmes th\u00e9rapeutiques con\u00e7us pour les personnes aux prises avec des probl\u00e8mes de d\u00e9pendance. Tout don est important et cr\u00e9e une diff\u00e9rence. Votre soutien financier est porteur d&rsquo;avenir pour tous ceux et celles qui font appel \u00e0&#8230;  <a href=\"https:\/\/portage.ca\/fr\/quebec\/fondation-quebec\/\" class=\"more-link\" title=\"Read Fondation Portage au Qu\u00e9bec\">Read more &raquo;<\/a><\/p>\n","protected":false},"author":13,"featured_media":29347,"parent":7209,"menu_order":12,"comment_status":"closed","ping_status":"closed","template":"page-full-width.php","meta":{"_acf_changed":false,"footnotes":"","_links_to":"","_links_to_target":""},"class_list":["post-29344","page","type-page","status-publish","has-post-thumbnail","hentry"],"acf":[],"_links":{"self":[{"href":"https:\/\/portage.ca\/fr\/wp-json\/wp\/v2\/pages\/29344","targetHints":{"allow":["GET"]}}],"collection":[{"href":"https:\/\/portage.ca\/fr\/wp-json\/wp\/v2\/pages"}],"about":[{"href":"https:\/\/portage.ca\/fr\/wp-json\/wp\/v2\/types\/page"}],"author":[{"embeddable":true,"href":"https:\/\/portage.ca\/fr\/wp-json\/wp\/v2\/users\/13"}],"replies":[{"embeddable":true,"href":"https:\/\/portage.ca\/fr\/wp-json\/wp\/v2\/comments?post=29344"}],"version-history":[{"count":12,"href":"https:\/\/portage.ca\/fr\/wp-json\/wp\/v2\/pages\/29344\/revisions"}],"predecessor-version":[{"id":47619,"href":"https:\/\/portage.ca\/fr\/wp-json\/wp\/v2\/pages\/29344\/revisions\/47619"}],"up":[{"embeddable":true,"href":"https:\/\/portage.ca\/fr\/wp-json\/wp\/v2\/pages\/7209"}],"wp:featuredmedia":[{"embeddable":true,"href":"https:\/\/portage.ca\/fr\/wp-json\/wp\/v2\/media\/29347"}],"wp:attachment":[{"href":"https:\/\/portage.ca\/fr\/wp-json\/wp\/v2\/media?parent=29344"}],"curies":[{"name":"wp","href":"https:\/\/api.w.org\/{rel}","templated":true}]}}