{"id":23524,"date":"2019-07-17T08:53:08","date_gmt":"2019-07-17T13:53:08","guid":{"rendered":"https:\/\/portage.hamakmarketingnumerique.com\/?page_id=23524"},"modified":"2025-12-09T15:28:20","modified_gmt":"2025-12-09T20:28:20","slug":"ile-du-prince-edouard","status":"publish","type":"page","link":"https:\/\/portage.ca\/fr\/atlantique\/ile-du-prince-edouard\/","title":{"rendered":"R\u00e9adaptation en toxicomanie l&rsquo;\u00cele-du-Prince-\u00c9douard"},"content":{"rendered":"\n<h1>\n\t\t\tR\u00c9ADAPTATION EN TOXICOMANIE POUR ADOLESCENTS DE l&rsquo;<b>\u00cele-du-Prince-\u00c9douard<\/b>\t<\/h1>\n<h3>\n\t\t\tFond\u00e9 en 1996, le centre de r\u00e9adaptation en toxicomanie de Portage Atlantique a aid\u00e9 des centaines de jeunes canadiens (14-21 ans) aux prises avec des probl\u00e8mes de toxicomanie.\t<\/h3>\n\t\t\t<a href=\"mailto:info_adoatl@portage.ca\" target=\"_self\">\n\t\t\t\t\t\t\tNous contacter\n\t\t\t\t\t<\/a>\n<h1>\n\t\t\t1-888-735-9800\t<\/h1>\n<h3>\n\t\t\tOn peut vous aider\t<\/h3>\n\t<p class=\"lead\"><strong>Un programme r\u00e9sidentiel de r\u00e9adaptation en toxicomanie<\/strong><\/p>\n<p>Une opportunit\u00e9 de s&rsquo;\u00e9loigner des influences n\u00e9gatives de l&rsquo;environnement o\u00f9 les probl\u00e8mes de toxicomanie ont d\u00e9but\u00e9 et de prendre le temps de travailler pleinement sur ceux-ci afin de les r\u00e9gler.<\/p>\n<p><strong>Une \u00e9quipe professionnelle et exp\u00e9riment\u00e9e<\/strong><\/p>\n<p>Services accr\u00e9dit\u00e9s par Agr\u00e9ment Canada<\/p>\n<p><strong>Communaut\u00e9 th\u00e9rapeutique<\/strong><\/p>\n<p>Les jeunes se soutiennent et s&rsquo;encouragent tout au long du processus de r\u00e9adaptation<\/p>\n<p><strong>\u00c9tudes secondaires sur place<\/strong><\/p>\n<p>Enseignants certifi\u00e9s du minist\u00e8re de l&rsquo;\u00c9ducation<\/p>\n<p><strong>Pas de liste d&rsquo;attente<\/strong><\/p>\n<p>Processus d&rsquo;admission rapide apr\u00e8s une \u00e9valuation approfondie<\/p>\n\t\t\t<a href=\"https:\/\/portage.ca\/fr\/atlantique\/\" target=\"_self\">\n\t\t\t\t\t\t\tEn savoir plus sur notre programme\n\t\t\t\t\t<\/a>\n\t<p>\u00ab Au cours de mon s\u00e9jour chez Portage, j&rsquo;ai beaucoup appris sur moi-m\u00eame et sur les probl\u00e8mes qui ont entra\u00een\u00e9 ma toxicomanie. Portage m&rsquo;a permis de reprendre ma vie en mains et de renouer avec ma famille. Sans Portage, je ne serais pas la personne que je suis aujourd&rsquo;hui. Je suis sain d&rsquo;esprit et de corps, et je suis heureux comme je ne l&rsquo;ai pas \u00e9t\u00e9 depuis longtemps. Je ne serai jamais assez reconnaissant \u00e0 Portage de ce qu&rsquo;elle a procur\u00e9 \u00e0 ma famille et \u00e0 moi-m\u00eame. \u00bb &#8211; Brandon<\/p>\n<h3>\n\t\t\tContactez nous au  1-888-735-9800\t<\/h3>\n<h3>\n\t\t\tNous envoyer un message\t<\/h3>\n\n","protected":false},"excerpt":{"rendered":"<p>R\u00c9ADAPTATION EN TOXICOMANIE POUR ADOLESCENTS DE l&rsquo;\u00cele-du-Prince-\u00c9douard Fond\u00e9 en 1996, le centre de r\u00e9adaptation en toxicomanie de Portage Atlantique a aid\u00e9 des centaines de jeunes canadiens (14-21 ans) aux prises avec des probl\u00e8mes de toxicomanie. Nous contacter 1-888-735-9800 On peut vous aider Un programme r\u00e9sidentiel de r\u00e9adaptation en toxicomanie Une opportunit\u00e9 de s&rsquo;\u00e9loigner des influences&#8230;  <a href=\"https:\/\/portage.ca\/fr\/atlantique\/ile-du-prince-edouard\/\" class=\"more-link\" title=\"Read R\u00e9adaptation en toxicomanie l&rsquo;\u00cele-du-Prince-\u00c9douard\">Read more &raquo;<\/a><\/p>\n","protected":false},"author":10,"featured_media":10157,"parent":7196,"menu_order":18,"comment_status":"closed","ping_status":"closed","template":"page-full-width.php","meta":{"_acf_changed":false,"footnotes":"","_links_to":"","_links_to_target":""},"class_list":["post-23524","page","type-page","status-publish","has-post-thumbnail","hentry"],"acf":[],"_links":{"self":[{"href":"https:\/\/portage.ca\/fr\/wp-json\/wp\/v2\/pages\/23524","targetHints":{"allow":["GET"]}}],"collection":[{"href":"https:\/\/portage.ca\/fr\/wp-json\/wp\/v2\/pages"}],"about":[{"href":"https:\/\/portage.ca\/fr\/wp-json\/wp\/v2\/types\/page"}],"author":[{"embeddable":true,"href":"https:\/\/portage.ca\/fr\/wp-json\/wp\/v2\/users\/10"}],"replies":[{"embeddable":true,"href":"https:\/\/portage.ca\/fr\/wp-json\/wp\/v2\/comments?post=23524"}],"version-history":[{"count":2,"href":"https:\/\/portage.ca\/fr\/wp-json\/wp\/v2\/pages\/23524\/revisions"}],"predecessor-version":[{"id":46913,"href":"https:\/\/portage.ca\/fr\/wp-json\/wp\/v2\/pages\/23524\/revisions\/46913"}],"up":[{"embeddable":true,"href":"https:\/\/portage.ca\/fr\/wp-json\/wp\/v2\/pages\/7196"}],"wp:featuredmedia":[{"embeddable":true,"href":"https:\/\/portage.ca\/fr\/wp-json\/wp\/v2\/media\/10157"}],"wp:attachment":[{"href":"https:\/\/portage.ca\/fr\/wp-json\/wp\/v2\/media?parent=23524"}],"curies":[{"name":"wp","href":"https:\/\/api.w.org\/{rel}","templated":true}]}}