{"id":23064,"date":"2019-06-20T15:16:51","date_gmt":"2019-06-20T20:16:51","guid":{"rendered":"https:\/\/portage.hamakmarketingnumerique.com\/?page_id=23064"},"modified":"2023-11-10T15:17:33","modified_gmt":"2023-11-10T20:17:33","slug":"diner-benefice","status":"publish","type":"page","link":"https:\/\/portage.ca\/fr\/atlantique\/fondation\/diner-benefice\/","title":{"rendered":"D\u00eener b\u00e9n\u00e9fice"},"content":{"rendered":"\r\n<p class=\"lead\"><img decoding=\"async\" src=\"https:\/\/portage.ca\/wp-content\/uploads\/2019\/06\/190614-PortageAtlantic-Print-008.jpg\" alt=\"\" \/> <img decoding=\"async\" src=\"https:\/\/portage.ca\/wp-content\/uploads\/2019\/06\/190614-PortageAtlantic-Web-173.jpg\" alt=\"\" \/> <img decoding=\"async\" src=\"https:\/\/portage.ca\/wp-content\/uploads\/2019\/06\/190614-PortageAtlantic-Web-165.jpg\" alt=\"\" \/> <img decoding=\"async\" src=\"https:\/\/portage.ca\/wp-content\/uploads\/2019\/06\/190614-PortageAtlantic-Web-207.jpg\" alt=\"\" \/> <img decoding=\"async\" src=\"https:\/\/portage.ca\/wp-content\/uploads\/2019\/06\/190614-PortageAtlantic-Web-019.jpg\" alt=\"\" \/><\/p>\r\n<p>Portage Atlantique tenait le 14 juin, \u00e0 Moncton au Nouveau Brunswick, la 3<sup>e<\/sup> \u00e9dition de son d\u00eener b\u00e9n\u00e9fice pour sensibiliser \u00e0 sa cause et lever des fonds pour ses programmes et services. Parmi les invit\u00e9s figurent des personnes du monde des affaires, le conseil d&rsquo;administration de Portage, des membres du personnel de Portage, des anciens et des jeunes finissants accompagn\u00e9s de leurs familles.<\/p>\r\n<p>Les histoires racont\u00e9es par les invit\u00e9s sp\u00e9ciaux, Dan Martell et sa m\u00e8re Jennifer, illustrent avec force le d\u00e9sespoir, la lutte et le r\u00e9tablissement v\u00e9cus par tant de jeunes et de familles qui ont suivi le programme de r\u00e9adaptation \u00e0 Cassidy Lake. Ces histoires, remplis d&rsquo;\u00e9motion, d&rsquo;adversit\u00e9 et de courage contribuent \u00e0 sensibiliser les invit\u00e9s pr\u00e9sents au probl\u00e8me de la d\u00e9pendance et l&rsquo;espoir d&rsquo;une vie saine et productive.<\/p>\r\n<p>Les trois \u00e9v\u00e9nements ont permis d&rsquo;amasser pr\u00e8s de 215 000 $ pour des programmes et services \u00e0 Cassidy Lake. Ce financement est essentiel pour aider \u00e0 am\u00e9liorer et, dans certains cas, \u00e0 maintenir les \u00e9l\u00e9ments cl\u00e9s du programme en mati\u00e8re de r\u00e9habilitation.<\/p>\r\n<p>Si vous souhaitez devenir un partenaire de Portage Atlantique et aider les g\u00e9n\u00e9rations futures \u00e0 atteindre leur plein potentiel, appelez-nous au 506\u00a0472-4847 ou envoyez-nous un courriel \u00e0 l&rsquo;adresse <a href=\"mailto:ctracey@portage.ca\">ctracey@portage.ca<\/a><\/p>\r\n<p>&nbsp;<\/p>\r\n<p>Photos : Philip Boudreau Photography<\/p>\r\n","protected":false},"excerpt":{"rendered":"<p>Portage Atlantique tenait le 14 juin, \u00e0 Moncton au Nouveau Brunswick, la 3e \u00e9dition de son d\u00eener b\u00e9n\u00e9fice pour sensibiliser \u00e0 sa cause et lever des fonds pour ses programmes et services. Parmi les invit\u00e9s figurent des personnes du monde des affaires, le conseil d&rsquo;administration de Portage, des membres du personnel de Portage, des anciens&#8230;  <a href=\"https:\/\/portage.ca\/fr\/atlantique\/fondation\/diner-benefice\/\" class=\"more-link\" title=\"Read D\u00eener b\u00e9n\u00e9fice\">Read more &raquo;<\/a><\/p>\n","protected":false},"author":10,"featured_media":10157,"parent":12649,"menu_order":0,"comment_status":"closed","ping_status":"closed","template":"page-full-width.php","meta":{"_acf_changed":false,"footnotes":"","_links_to":"","_links_to_target":""},"class_list":["post-23064","page","type-page","status-publish","has-post-thumbnail","hentry"],"acf":[],"_links":{"self":[{"href":"https:\/\/portage.ca\/fr\/wp-json\/wp\/v2\/pages\/23064","targetHints":{"allow":["GET"]}}],"collection":[{"href":"https:\/\/portage.ca\/fr\/wp-json\/wp\/v2\/pages"}],"about":[{"href":"https:\/\/portage.ca\/fr\/wp-json\/wp\/v2\/types\/page"}],"author":[{"embeddable":true,"href":"https:\/\/portage.ca\/fr\/wp-json\/wp\/v2\/users\/10"}],"replies":[{"embeddable":true,"href":"https:\/\/portage.ca\/fr\/wp-json\/wp\/v2\/comments?post=23064"}],"version-history":[{"count":6,"href":"https:\/\/portage.ca\/fr\/wp-json\/wp\/v2\/pages\/23064\/revisions"}],"predecessor-version":[{"id":38634,"href":"https:\/\/portage.ca\/fr\/wp-json\/wp\/v2\/pages\/23064\/revisions\/38634"}],"up":[{"embeddable":true,"href":"https:\/\/portage.ca\/fr\/wp-json\/wp\/v2\/pages\/12649"}],"wp:featuredmedia":[{"embeddable":true,"href":"https:\/\/portage.ca\/fr\/wp-json\/wp\/v2\/media\/10157"}],"wp:attachment":[{"href":"https:\/\/portage.ca\/fr\/wp-json\/wp\/v2\/media?parent=23064"}],"curies":[{"name":"wp","href":"https:\/\/api.w.org\/{rel}","templated":true}]}}