{"id":21415,"date":"2018-10-12T13:23:56","date_gmt":"2018-10-12T18:23:56","guid":{"rendered":"https:\/\/portage.hamakmarketingnumerique.com\/?page_id=21415"},"modified":"2023-03-27T12:42:04","modified_gmt":"2023-03-27T17:42:04","slug":"partie-4","status":"publish","type":"page","link":"https:\/\/portage.ca\/fr\/dossier-special-cannabis-2\/partie-4\/","title":{"rendered":"Dossier sp\u00e9cial cannabis partie 4"},"content":{"rendered":"\n\n\t<p class=\"lead\">Se d\u00e9faire d&rsquo;une d\u00e9pendance est une chose extr\u00eamement dure pour toute personne prise au pi\u00e8ge de l&rsquo;addiction, que ce soit pour le cannabis ou toute autre substance. N\u00e9anmoins, dans la plupart des situations de d\u00e9pendance on observe le m\u00eame sch\u00e9ma se dessiner.\u00a0<\/p>\n<p>Il existe un grand nombre de fa\u00e7on de se lib\u00e9rer de sa d\u00e9pendance, mais elles ont toutes la m\u00eame finalit\u00e9 :\u00a0retrouver une vie heureuse et productive.<\/p>\n\t\t\t\t<img loading=\"lazy\" decoding=\"async\" src=\"https:\/\/portage.ca\/wp-content\/uploads\/2018\/10\/Cycle-de-la-de\u0301pendance-et-comment-sen-sortir-infographie-V3-543x768.png\" alt=\"Cycle de la de\u0301pendance et comment s'en sortir infographie V3\" itemprop=\"image\" height=\"768\" width=\"543\" title=\"Cycle de la de\u0301pendance et comment s'en sortir infographie V3\" onerror=\"this.style.display='none'\"  \/>\n<h3>\n\t\tle cycle de la d\u00e9pendance et comment s&rsquo;en sortir\n\t<\/h3>\n\t<p>L&rsquo;\u00e9tat de d\u00e9pendance envers quelque chose, que ce soit la cigarette, l&rsquo;alcool, toute autre drogue, ou un comportement (shopping, jeu, pornographie, etc.), est rarement v\u00e9cu comme une partie de plaisir par la personne d\u00e9pendante, mais plut\u00f4t comme une situation d&rsquo;asservissement. Consommer, ou r\u00e9p\u00e9ter de fa\u00e7on chronique un comportement, n&rsquo;est plus un choix qui peut \u00eatre r\u00e9gul\u00e9 par la volont\u00e9 de la personne. D\u00e8s qu&rsquo;elle est entr\u00e9e dans le cycle de la d\u00e9pendance, elle se sent incapable d&rsquo;en sortir, sans trop \u00eatre capable de savoir pourquoi <\/p>\n\t\t\t<a href=\"https:\/\/portage.ca\/fr\/blogue\/cycle-de-dependanceet-sortir\/\" target=\"_blank\" role=\"button\" rel=\"noopener\">\n\t\t\t\t\t\t\tLire la suite\n\t\t\t\t\t<\/a>\n<h3>\n\t\tDe fumeur de pot \u00e0 allumeur de r\u00e9verb\u00e8res\n\t<\/h3>\n\t<p><em>J&rsquo;avais 14 ans lorsque j&rsquo;ai fum\u00e9 mon premier joint de cannabis. Je vivais en r\u00e9gion et c&rsquo;\u00e9tait notre fa\u00e7on de s&rsquo;amuser entre amis les week-ends. La semaine, j&rsquo;\u00e9tais un \u00e9l\u00e8ve studieux, j&rsquo;obtenais de bons r\u00e9sultats scolaires, j&rsquo;\u00e9tais sportif et socialement tr\u00e8s impliqu\u00e9.<\/em><\/p>\n<p><em>Cinq ans plus tard, j&rsquo;ai d\u00e9cid\u00e9 de quitter ma r\u00e9gion pour vivre ma vie \u00e0 Montr\u00e9al. J&rsquo;ai cumul\u00e9 les jobines, les occasions de faire du sport \u00e9taient plut\u00f4t rares et les opportunit\u00e9s de fumer se sont multipli\u00e9es. Je pensais \u00e0 ce moment-l\u00e0 que le pot m&rsquo;aidait \u00e0 relaxer et il est rapidement devenu mon pain quotidien.<\/em><\/p>\n\t\t\t<a href=\"https:\/\/portage.ca\/fr\/blogue\/de-fumeur-de-pot-a-allumeur-de-reverberes\/\" target=\"_blank\" role=\"button\" rel=\"noopener\">\n\t\t\t\t\t\t\tLire la suite\n\t\t\t\t\t<\/a>\n\t\t\t\t<img loading=\"lazy\" decoding=\"async\" src=\"https:\/\/portage.ca\/wp-content\/uploads\/2018\/04\/14-01-e1523885117426.jpg\" alt=\"pot cannabis marijuana\" itemprop=\"image\" height=\"404\" width=\"446\" title=\"14-01\" onerror=\"this.style.display='none'\"  \/>\n\t\t\t\t<img loading=\"lazy\" decoding=\"async\" src=\"https:\/\/portage.ca\/wp-content\/uploads\/2018\/10\/people-3163556_1920.jpg\" alt=\"people-3163556_1920\" itemprop=\"image\" height=\"1281\" width=\"1920\" title=\"people-3163556_1920\" onerror=\"this.style.display='none'\"  \/>\n<h3>\n\t\t7 fa\u00e7ons d&rsquo;entamer une discussion sur la consommation de drogues avec un jeune\n\t<\/h3>\n\t<p>Il n&rsquo;est pas facile pour un parent de d\u00e9buter une conversation sur la consommation de drogues avec son enfant. Pourtant, les jeunes sont des cibles vuln\u00e9rables d\u00e8s leur entr\u00e9e \u00e0 l&rsquo;\u00e9cole, o\u00f9 ils sont mis en contact rapidement avec des gens qui en consomment. C&rsquo;est pourquoi il est n\u00e9cessaire pour leurs parents de prendre le temps d&rsquo;aborder le sujet et d&rsquo;en discuter avec eux.<\/p>\n<p>Bien s\u00fbr, sujet est parfois tabou et difficile, mais dites-vous que votre enfant a s\u00fbrement d\u00e9j\u00e0 \u00e9t\u00e9 en contact avec des jeunes, du m\u00eame \u00e2ge ou non, qui consomment des drogues, peu importe leur type de consommation.<\/p>\n\t\t\t<a href=\"https:\/\/portage.ca\/fr\/blogue\/7-facons-dentamer-discussion-consommation-de-drogues-jeune\/\" target=\"_blank\" role=\"button\" rel=\"noopener\">\n\t\t\t\t\t\t\tLire la suite\n\t\t\t\t\t<\/a>\n<h2>\n\t\tLe dossier sp\u00e9cial\n\t<\/h2>\n\t\t\t\t<a href=\"https:\/\/portage.ca\/fr\/dossier-special-cannabis\/partie-1\/\" target=\"_blank\" rel=\"noopener\" itemprop=\"url\">\n\t\t\t\t<img loading=\"lazy\" decoding=\"async\" src=\"https:\/\/portage.ca\/wp-content\/uploads\/2018\/10\/banni\u00e8res-parties-dossier-sp\u00e9cial-FR-e1540844055302.jpg\" alt=\"banni\u00e8res parties dossier sp\u00e9cial FR\" itemprop=\"image\" height=\"555\" width=\"2417\" title=\"banni\u00e8res parties dossier sp\u00e9cial FR\" onerror=\"this.style.display='none'\"  \/>\n\t\t\t\t<\/a>\n<h3><a href=\"https:\/\/portage.ca\/fr\/dossier-special-cannabis\/partie-1\/\" target=\"_blank\" rel=\"noopener\">Partie 1<\/a><\/h3>\t\t\n\t\t\t\t<a href=\"https:\/\/portage.ca\/fr\/dossier-special-cannabis\/partie-3\/\" target=\"_blank\" rel=\"noopener\" itemprop=\"url\">\n\t\t\t\t<img loading=\"lazy\" decoding=\"async\" src=\"https:\/\/portage.ca\/wp-content\/uploads\/2018\/10\/banni\u00e8res-parties-dossier-sp\u00e9cial-FR3-e1540844122740.jpg\" alt=\"banni\u00e8res parties dossier sp\u00e9cial FR3\" itemprop=\"image\" height=\"555\" width=\"2417\" title=\"banni\u00e8res parties dossier sp\u00e9cial FR3\" onerror=\"this.style.display='none'\"  \/>\n\t\t\t\t<\/a>\n<h3><a href=\"https:\/\/portage.ca\/fr\/dossier-special-cannabis\/partie-3\/\" target=\"_blank\" rel=\"noopener\">Partie 3<\/a><\/h3>\t\t\n\t\t\t\t<a href=\"https:\/\/portage.ca\/fr\/dossier-special-cannabis\/partie-2\/\" target=\"_blank\" rel=\"noopener\" itemprop=\"url\">\n\t\t\t\t<img loading=\"lazy\" decoding=\"async\" src=\"https:\/\/portage.ca\/wp-content\/uploads\/2018\/10\/banni\u00e8res-parties-dossier-sp\u00e9cial-FR2-e1540844079303.jpg\" alt=\"effet du cannabis\" itemprop=\"image\" height=\"555\" width=\"2417\" title=\"banni\u00e8res parties dossier sp\u00e9cial FR2\" onerror=\"this.style.display='none'\"  \/>\n\t\t\t\t<\/a>\n<h3><a href=\"https:\/\/portage.ca\/fr\/dossier-special-cannabis\/partie-2\/\" target=\"_blank\" rel=\"noopener\">Partie 2<\/a><\/h3>\t\t\n\t\t\t\t<a href=\"https:\/\/portage.ca\/fr\/dossier-special-cannabis\/partie-4\/\" target=\"_self\" itemprop=\"url\" rel=\"noopener\">\n\t\t\t\t<img loading=\"lazy\" decoding=\"async\" src=\"https:\/\/portage.ca\/wp-content\/uploads\/2018\/10\/banni\u00e8res-parties-dossier-sp\u00e9cial-FR4-e1540844102146.jpg\" alt=\"banni\u00e8res parties dossier sp\u00e9cial FR4\" itemprop=\"image\" height=\"555\" width=\"2417\" title=\"banni\u00e8res parties dossier sp\u00e9cial FR4\" onerror=\"this.style.display='none'\"  \/>\n\t\t\t\t<\/a>\n<h3><a href=\"https:\/\/portage.ca\/fr\/dossier-special-cannabis\/partie-4\/\" target=\"_self\" rel=\"noopener\">Partie 4<\/a><\/h3>\t\t\n\n","protected":false},"excerpt":{"rendered":"<p>Se d\u00e9faire d&rsquo;une d\u00e9pendance est une chose extr\u00eamement dure pour toute personne prise au pi\u00e8ge de l&rsquo;addiction, que ce soit pour le cannabis ou toute autre substance. N\u00e9anmoins, dans la plupart des situations de d\u00e9pendance on observe le m\u00eame sch\u00e9ma se dessiner.\u00a0 Il existe un grand nombre de fa\u00e7on de se lib\u00e9rer de sa d\u00e9pendance,&#8230;  <a href=\"https:\/\/portage.ca\/fr\/dossier-special-cannabis-2\/partie-4\/\" class=\"more-link\" title=\"Read Dossier sp\u00e9cial cannabis partie 4\">Read more &raquo;<\/a><\/p>\n","protected":false},"author":10,"featured_media":10157,"parent":21280,"menu_order":2,"comment_status":"closed","ping_status":"closed","template":"page-full-width.php","meta":{"_acf_changed":false,"footnotes":"","_links_to":"","_links_to_target":""},"class_list":["post-21415","page","type-page","status-publish","has-post-thumbnail","hentry"],"acf":[],"_links":{"self":[{"href":"https:\/\/portage.ca\/fr\/wp-json\/wp\/v2\/pages\/21415","targetHints":{"allow":["GET"]}}],"collection":[{"href":"https:\/\/portage.ca\/fr\/wp-json\/wp\/v2\/pages"}],"about":[{"href":"https:\/\/portage.ca\/fr\/wp-json\/wp\/v2\/types\/page"}],"author":[{"embeddable":true,"href":"https:\/\/portage.ca\/fr\/wp-json\/wp\/v2\/users\/10"}],"replies":[{"embeddable":true,"href":"https:\/\/portage.ca\/fr\/wp-json\/wp\/v2\/comments?post=21415"}],"version-history":[{"count":1,"href":"https:\/\/portage.ca\/fr\/wp-json\/wp\/v2\/pages\/21415\/revisions"}],"predecessor-version":[{"id":36356,"href":"https:\/\/portage.ca\/fr\/wp-json\/wp\/v2\/pages\/21415\/revisions\/36356"}],"up":[{"embeddable":true,"href":"https:\/\/portage.ca\/fr\/wp-json\/wp\/v2\/pages\/21280"}],"wp:featuredmedia":[{"embeddable":true,"href":"https:\/\/portage.ca\/fr\/wp-json\/wp\/v2\/media\/10157"}],"wp:attachment":[{"href":"https:\/\/portage.ca\/fr\/wp-json\/wp\/v2\/media?parent=21415"}],"curies":[{"name":"wp","href":"https:\/\/api.w.org\/{rel}","templated":true}]}}