{"id":21406,"date":"2018-10-12T11:51:29","date_gmt":"2018-10-12T16:51:29","guid":{"rendered":"https:\/\/portage.hamakmarketingnumerique.com\/?page_id=21406"},"modified":"2023-03-27T12:40:42","modified_gmt":"2023-03-27T17:40:42","slug":"partie-3","status":"publish","type":"page","link":"https:\/\/portage.ca\/fr\/dossier-special-cannabis-2\/partie-3\/","title":{"rendered":"Dossier sp\u00e9cial cannabis partie 3"},"content":{"rendered":"\n\n\t<p class=\"lead\">Le cannabis a \u00e9volu\u00e9 au cours des ann\u00e9es. La teneur en principe actif (THC) a consid\u00e9rablement augment\u00e9 et ses modes de consommation \u00e9galement. Portage souhaite montrer que la consommation de cannabis, surtout lorsqu&rsquo;elle survient \u00e0 un jeune \u00e2ge, n&rsquo;est pas anodine et provoque des m\u00e9faits consid\u00e9rables sur la vie des individus et celle de leurs proches. Les t\u00e9moignages d&rsquo;anciens r\u00e9sidents de ses centres de r\u00e9adaptation en toxicomanie nous d\u00e9montrent l&rsquo;ampleur des d\u00e9g\u00e2ts qui en d\u00e9coulent.<\/p>\n\t\t\t\t<img loading=\"lazy\" decoding=\"async\" src=\"https:\/\/portage.ca\/wp-content\/uploads\/2018\/10\/smoke-69124_1280.jpg\" alt=\"smoke-69124_1280\" itemprop=\"image\" height=\"853\" width=\"1280\" title=\"smoke-69124_1280\" onerror=\"this.style.display='none'\"  \/>\n<h3>\n\t\tle cannabis : une herbe sournoise\n\t<\/h3>\n\t<p><em>J&rsquo;ai commenc\u00e9 \u00e0 consommer \u00e0 l&rsquo;\u00e2ge de 12 ou 13 ans, pour calmer toute ma col\u00e8re et mon sentiment d&rsquo;injustice par rapport \u00e0 ce qui se passait dans mon pays, le Maroc. Fumer du cannabis me permettait de me faire des amis et d&rsquo;\u00eatre cool. <\/em><\/p>\n<p><em>Ma consommation a d\u00e9but\u00e9 de fa\u00e7on ponctuelle, une fois par semaine avec des amis plus \u00e2g\u00e9s, et elle est devenue de plus en plus fr\u00e9quente. Au fur et \u00e0 mesure que je d\u00e9couvrais mon homosexualit\u00e9 et que je constatais simultan\u00e9ment l&rsquo;homophobie qui r\u00e9gnait dans ma communaut\u00e9, le cannabis est devenu rapidement la seule chose qui me rendait \u00abheureuse\u00bb. C&rsquo;\u00e9tait mon \u00e9chappatoire, mon calmant.<\/em><\/p>\n\t\t\t<a href=\"https:\/\/portage.ca\/fr\/blogue\/cannabis-herbe-sournoise\/\" target=\"_blank\" role=\"button\" rel=\"noopener\">\n\t\t\t\t\t\t\tLire la suite\n\t\t\t\t\t<\/a>\n<h3>\n\t\tcomment le cannabis m&rsquo;a d\u00e9truite\n\t<\/h3>\n\t<p><em>J&rsquo;ai fum\u00e9 du cannabis pour la premi\u00e8re fois en octobre 2014. Je l&rsquo;ai fait parce que j&rsquo;\u00e9tais en col\u00e8re contre mon ex et je voulais lui prouver quelque chose (jusqu&rsquo;\u00e0 aujourd&rsquo;hui, je ne sais toujours pas ce que je voulais lui prouver). J&rsquo;en ai repris lors du cong\u00e9 de No\u00ebl de la m\u00eame ann\u00e9e et ma consommation a progress\u00e9 au cours de la derni\u00e8re semaine du secondaire, plus rapidement que je ne pouvais l&rsquo;imaginer.<\/em><\/p>\n<p><em>Lorsque j&rsquo;ai commenc\u00e9 mes \u00e9tudes coll\u00e9giales, je me suis rapproch\u00e9e d&rsquo;une bande de fumeurs et j&rsquo;ai commenc\u00e9 \u00e0 fumer quotidiennement des cigarettes et du cannabis. Trois ann\u00e9es se sont \u00e9coul\u00e9es\u00a0: j&rsquo;ai abandonn\u00e9 mes \u00e9tudes, j&rsquo;ai perdu trois emplois et l&rsquo;espoir de vivre\u00a0 une vie saine et heureuse. Le cannabis m&rsquo;a d\u00e9truite<\/em><\/p>\n\t\t\t<a href=\"https:\/\/portage.ca\/fr\/blogue\/comment-le-cannabis-ma-detruite\/\" target=\"_blank\" role=\"button\" rel=\"noopener\">\n\t\t\t\t\t\t\tLire la suite\n\t\t\t\t\t<\/a>\n\t\t\t\t<img loading=\"lazy\" decoding=\"async\" src=\"https:\/\/portage.ca\/wp-content\/uploads\/2018\/10\/woman-1006100_1920-1024x577.jpg\" alt=\"woman-1006100_1920\" itemprop=\"image\" height=\"327\" width=\"580\" title=\"woman-1006100_1920\" onerror=\"this.style.display='none'\"  \/>\n\t\t\t\t<img loading=\"lazy\" decoding=\"async\" src=\"https:\/\/portage.ca\/wp-content\/uploads\/2018\/10\/Cr\u00e9ation-sans-titre-1.png\" alt=\"Cr\u00e9ation sans titre\" itemprop=\"image\" height=\"788\" width=\"940\" title=\"Cr\u00e9ation sans titre\" onerror=\"this.style.display='none'\"  \/>\n<h3>\n\t\t\u00c9volution de la drogue : plus haute, plus grande, plus forte\n\t<\/h3>\n\t<p>La consommation de drogues a connu de nombreux changements au cours des derni\u00e8res ann\u00e9es. Une hausse de l&rsquo;offre de drogues sur le march\u00e9, des consommateurs de plus en plus jeunes et un taux de concentration de substances actives extr\u00eamement \u00e9lev\u00e9 sont autant de facteurs qui doivent \u00eatre port\u00e9s au grand jour. <\/p>\n<p>Dans le contexte de la l\u00e9galisation du cannabis au Canada le 17 octobre 2018, une question ressort souvent des d\u00e9bats\u00a0: quelle teneur maximale en THC (principe actif du cannabis) doit-on imposer? Il convient d&rsquo;expliquer en quoi cette question rev\u00eat une importance primordiale au regard de l&rsquo;\u00e9volution de la composition des drogues.<\/p>\n\t\t\t<a href=\"https:\/\/portage.ca\/fr\/blogue\/evolution-de-la-drogue-plus-haute-plus-grande-plus-forte\/\" target=\"_blank\" role=\"button\" rel=\"noopener\">\n\t\t\t\t\t\t\tLire la suite\n\t\t\t\t\t<\/a>\n<h2>\n\t\tLe dossier sp\u00e9cial\n\t<\/h2>\n\t\t\t\t<a href=\"https:\/\/portage.ca\/fr\/dossier-special-cannabis\/partie-1\/\" target=\"_blank\" rel=\"noopener\" itemprop=\"url\">\n\t\t\t\t<img loading=\"lazy\" decoding=\"async\" src=\"https:\/\/portage.ca\/wp-content\/uploads\/2018\/10\/banni\u00e8res-parties-dossier-sp\u00e9cial-FR-e1540844055302.jpg\" alt=\"banni\u00e8res parties dossier sp\u00e9cial FR\" itemprop=\"image\" height=\"555\" width=\"2417\" title=\"banni\u00e8res parties dossier sp\u00e9cial FR\" onerror=\"this.style.display='none'\"  \/>\n\t\t\t\t<\/a>\n<h3><a href=\"https:\/\/portage.ca\/fr\/dossier-special-cannabis\/partie-1\/\" target=\"_blank\" rel=\"noopener\">Partie 1<\/a><\/h3>\t\t\n\t\t\t\t<a href=\"https:\/\/portage.ca\/fr\/dossier-special-cannabis\/partie-3\/\" target=\"_blank\" rel=\"noopener\" itemprop=\"url\">\n\t\t\t\t<img loading=\"lazy\" decoding=\"async\" src=\"https:\/\/portage.ca\/wp-content\/uploads\/2018\/10\/banni\u00e8res-parties-dossier-sp\u00e9cial-FR3-e1540844122740.jpg\" alt=\"banni\u00e8res parties dossier sp\u00e9cial FR3\" itemprop=\"image\" height=\"555\" width=\"2417\" title=\"banni\u00e8res parties dossier sp\u00e9cial FR3\" onerror=\"this.style.display='none'\"  \/>\n\t\t\t\t<\/a>\n<h3><a href=\"https:\/\/portage.ca\/fr\/dossier-special-cannabis\/partie-3\/\" target=\"_blank\" rel=\"noopener\">Partie 3<\/a><\/h3>\t\t\n\t\t\t\t<a href=\"https:\/\/portage.ca\/fr\/dossier-special-cannabis\/partie-2\/\" target=\"_blank\" rel=\"noopener\" itemprop=\"url\">\n\t\t\t\t<img loading=\"lazy\" decoding=\"async\" src=\"https:\/\/portage.ca\/wp-content\/uploads\/2018\/10\/banni\u00e8res-parties-dossier-sp\u00e9cial-FR2-e1540844079303.jpg\" alt=\"effet du cannabis\" itemprop=\"image\" height=\"555\" width=\"2417\" title=\"banni\u00e8res parties dossier sp\u00e9cial FR2\" onerror=\"this.style.display='none'\"  \/>\n\t\t\t\t<\/a>\n<h3><a href=\"https:\/\/portage.ca\/fr\/dossier-special-cannabis\/partie-2\/\" target=\"_blank\" rel=\"noopener\">Partie 2<\/a><\/h3>\t\t\n\t\t\t\t<a href=\"https:\/\/portage.ca\/fr\/dossier-special-cannabis\/partie-4\/\" target=\"_blank\" rel=\"noopener\" itemprop=\"url\">\n\t\t\t\t<img loading=\"lazy\" decoding=\"async\" src=\"https:\/\/portage.ca\/wp-content\/uploads\/2018\/10\/banni\u00e8res-parties-dossier-sp\u00e9cial-FR4-e1540844102146.jpg\" alt=\"banni\u00e8res parties dossier sp\u00e9cial FR4\" itemprop=\"image\" height=\"555\" width=\"2417\" title=\"banni\u00e8res parties dossier sp\u00e9cial FR4\" onerror=\"this.style.display='none'\"  \/>\n\t\t\t\t<\/a>\n<h3><a href=\"https:\/\/portage.ca\/fr\/dossier-special-cannabis\/partie-4\/\" target=\"_blank\" rel=\"noopener\">Partie 4<\/a><\/h3>\t\t\n\n","protected":false},"excerpt":{"rendered":"<p>Le cannabis a \u00e9volu\u00e9 au cours des ann\u00e9es. La teneur en principe actif (THC) a consid\u00e9rablement augment\u00e9 et ses modes de consommation \u00e9galement. Portage souhaite montrer que la consommation de cannabis, surtout lorsqu&rsquo;elle survient \u00e0 un jeune \u00e2ge, n&rsquo;est pas anodine et provoque des m\u00e9faits consid\u00e9rables sur la vie des individus et celle de leurs&#8230;  <a href=\"https:\/\/portage.ca\/fr\/dossier-special-cannabis-2\/partie-3\/\" class=\"more-link\" title=\"Read Dossier sp\u00e9cial cannabis partie 3\">Read more &raquo;<\/a><\/p>\n","protected":false},"author":10,"featured_media":10157,"parent":21280,"menu_order":2,"comment_status":"closed","ping_status":"closed","template":"page-full-width.php","meta":{"_acf_changed":false,"footnotes":"","_links_to":"","_links_to_target":""},"class_list":["post-21406","page","type-page","status-publish","has-post-thumbnail","hentry"],"acf":[],"_links":{"self":[{"href":"https:\/\/portage.ca\/fr\/wp-json\/wp\/v2\/pages\/21406","targetHints":{"allow":["GET"]}}],"collection":[{"href":"https:\/\/portage.ca\/fr\/wp-json\/wp\/v2\/pages"}],"about":[{"href":"https:\/\/portage.ca\/fr\/wp-json\/wp\/v2\/types\/page"}],"author":[{"embeddable":true,"href":"https:\/\/portage.ca\/fr\/wp-json\/wp\/v2\/users\/10"}],"replies":[{"embeddable":true,"href":"https:\/\/portage.ca\/fr\/wp-json\/wp\/v2\/comments?post=21406"}],"version-history":[{"count":1,"href":"https:\/\/portage.ca\/fr\/wp-json\/wp\/v2\/pages\/21406\/revisions"}],"predecessor-version":[{"id":36355,"href":"https:\/\/portage.ca\/fr\/wp-json\/wp\/v2\/pages\/21406\/revisions\/36355"}],"up":[{"embeddable":true,"href":"https:\/\/portage.ca\/fr\/wp-json\/wp\/v2\/pages\/21280"}],"wp:featuredmedia":[{"embeddable":true,"href":"https:\/\/portage.ca\/fr\/wp-json\/wp\/v2\/media\/10157"}],"wp:attachment":[{"href":"https:\/\/portage.ca\/fr\/wp-json\/wp\/v2\/media?parent=21406"}],"curies":[{"name":"wp","href":"https:\/\/api.w.org\/{rel}","templated":true}]}}