{"id":21375,"date":"2018-10-11T10:52:22","date_gmt":"2018-10-11T15:52:22","guid":{"rendered":"https:\/\/portage.hamakmarketingnumerique.com\/?page_id=21375"},"modified":"2023-03-27T12:39:32","modified_gmt":"2023-03-27T17:39:32","slug":"partie-2","status":"publish","type":"page","link":"https:\/\/portage.ca\/fr\/dossier-special-cannabis-2\/partie-2\/","title":{"rendered":"Dossier sp\u00e9cial cannabis partie 2"},"content":{"rendered":"\n\n\t<p class=\"lead\">Le cannabis est une des drogues les plus couramment\u00a0consomm\u00e9es \u00e0 travers le monde. Selon le Rapport mondial de l&rsquo;ONU sur les drogues, le cannabis reste la drogue de pr\u00e9dilection \u00e0 l&rsquo;\u00e9chelle mondiale. Pas moins de 3,8 % de la population mondiale a consomm\u00e9 du cannabis\u00a0selon\u00a0cette \u00e9tude en\u00a02014.<\/p>\n<p>Au Canada, le cannabis repr\u00e9sente la substance illicite la plus couramment consomm\u00e9e. Selon une enqu\u00eate r\u00e9alis\u00e9e en 2015, plus de 44,5 % des Canadiens \u00e2g\u00e9s de 15 ans et plus ont rapport\u00e9 en avoir d\u00e9j\u00e0 consomm\u00e9 dans leur vie. On notera que 28 % des consommateurs \u00e2g\u00e9s de 15 \u00e0 24 ans d\u00e9clarent consommer de fa\u00e7on hebdomadaire du cannabis.<\/p>\n<p>L&rsquo;usage de cannabis est associ\u00e9 \u00e0 des risques pour la sant\u00e9. Les risques sanitaires identifi\u00e9s pour l&rsquo;usage de cannabis sont principalement regroup\u00e9s selon les sph\u00e8res suivantes : les accidents et les blessures; l&rsquo;usage probl\u00e9matique incluant la d\u00e9pendance; la sant\u00e9 mentale; les affections pulmonaires chroniques et les probl\u00e8mes d&rsquo;ordre cognitif. Alors que la plupart de ces probl\u00e8mes surviennent principalement \u00e0 la suite d&rsquo;un usage fr\u00e9quent ou prolong\u00e9 de la substance, les accidents et les blessures peuvent survenir lors d&rsquo;un simple \u00e9pisode de consommation. <strong>Conna\u00eet-on parfaitement les effets de cette substance\u00a0?<\/strong><\/p>\n\t\t\t\t<img loading=\"lazy\" decoding=\"async\" src=\"https:\/\/portage.ca\/wp-content\/uploads\/2018\/10\/Sans-titre-1.png\" alt=\"Sans titre-1\" itemprop=\"image\" height=\"2500\" width=\"3333\" title=\"Sans titre-1\" onerror=\"this.style.display='none'\"  \/>\n<h3>\n\t\tEffets et m\u00e9faits du cannabis : m\u00e9connaissance chez les jeunes\n\t<\/h3>\n\t<p>Bien que le cannabis constitue la drogue la plus couramment consomm\u00e9e par les jeunes canadiens \u00e2g\u00e9s de 15 \u00e0 24 ans, plusieurs recherches r\u00e9v\u00e8lent que les jeunes ne connaissent pas bien les effets et les m\u00e9faits du cannabis. <\/p>\n<p>Par exemple,\u00a0l&rsquo;ensemble des jeunes\u00a0semblent penser\u00a0que le cannabis est moins nocif que l&rsquo;alcool et les autres substances. Cette perception, qui r\u00e9sulte d&rsquo;une m\u00e9connaissance des effets et des m\u00e9faits du cannabis, tend \u00e0 rendre les jeunes plus susceptibles de commencer \u00e0 consommer.<\/p>\n\t\t\t<a href=\"https:\/\/portage.ca\/fr\/blogue\/effets-mefaits-cannabis-meconnaissance-chez-jeunes\/\" target=\"_blank\" role=\"button\" rel=\"noopener\">\n\t\t\t\t\t\t\tLire la suite\n\t\t\t\t\t<\/a>\n<h3>\n\t\tEffets \u00e0 court et long termes du cannabis\n\t<\/h3>\n\t<p>C&rsquo;est le sujet br\u00fblant de l&rsquo;actualit\u00e9, la l\u00e9galisation du cannabis soul\u00e8ve d&rsquo;ores et d\u00e9j\u00e0 plusieurs questions de sant\u00e9 publique et d&rsquo;enjeux li\u00e9s \u00e0 la toxicomanie. Les probl\u00e8mes de sant\u00e9 mentale et physique, comme l&rsquo;alt\u00e9ration des fonctions cognitives (m\u00e9moire, attention, vitesse psychomotrice), le d\u00e9veloppement des enfants n\u00e9s de m\u00e8res consommatrices ou encore la capacit\u00e9 \u00e0 conduire un v\u00e9hicule motoris\u00e9 de mani\u00e8re s\u00e9curitaire, sont autant de points de questionnement sur cette substance aux effets m\u00e9connus. <\/p>\n<p>Le cannabis est tr\u00e8s souvent associ\u00e9 \u00e0 une drogue dite \u00ab douce \u00bb ou \u00ab r\u00e9cr\u00e9ative \u00bb par les\u00a0 personnes consommatrices. Pourtant, plusieurs \u00e9tudes d\u00e9montrent les effets et les m\u00e9faits\u00a0\u00e0 court et \u00e0 long termes de sa consommation.<\/p>\n\t\t\t<a href=\"https:\/\/portage.ca\/fr\/blogue\/effets-a-court-long-termes-cannabis\/\" target=\"_blank\" role=\"button\" rel=\"noopener\">\n\t\t\t\t\t\t\tLire la suite\n\t\t\t\t\t<\/a>\n\t\t\t\t<img loading=\"lazy\" decoding=\"async\" src=\"https:\/\/portage.ca\/wp-content\/uploads\/2018\/10\/Effets-cannabis-court-long.png\" alt=\"Effets cannabis court long\" itemprop=\"image\" height=\"2500\" width=\"3333\" title=\"Effets cannabis court long\" onerror=\"this.style.display='none'\"  \/>\n\t\t\t\t<img loading=\"lazy\" decoding=\"async\" src=\"https:\/\/portage.ca\/wp-content\/uploads\/2018\/10\/trapped-57248_1920.jpg\" alt=\"trapped-57248_1920\" itemprop=\"image\" height=\"1280\" width=\"1920\" title=\"trapped-57248_1920\" onerror=\"this.style.display='none'\"  \/>\n<h3>\n\t\tla drogue et l&rsquo;alcool : des pi\u00e8ges sournois\n\t<\/h3>\n\t<p>Le degr\u00e9 de vuln\u00e9rabilit\u00e9 personnelle est un facteur d\u00e9terminant dans le d\u00e9veloppement d&rsquo;une addiction. Mais comment mesurer notre propre vuln\u00e9rabilit\u00e9? Malheureusement, on ne la d\u00e9couvre que trop tard, lorsqu&rsquo;on est pris au pi\u00e8ge sournois de l&rsquo;alcool ou de la drogue&#8230;comme la mouche prise dans le n\u00e9penth\u00e8s.<\/p>\n<p><em>Le n\u00e9penth\u00e8s est une plante carnivore \u00e0 pi\u00e8ge passif qui compl\u00e8te ses apports nutritifs en utilisant un proc\u00e9d\u00e9 sournois pour attraper et consommer des insectes.<\/em><\/p>\n<p><em>Il poss\u00e8de des feuilles en forme d&rsquo;urne, dont l&rsquo;int\u00e9rieur est tapiss\u00e9 de nectar collant. Une odeur ent\u00eatante s&rsquo;en d\u00e9gage et attire les mouches qui passent \u00e0 proximit\u00e9. Ce nectar est aussi savoureux que parfum\u00e9, et aucun insecte ne peut r\u00e9sister \u00e0 un tel festin. H\u00e9las! Ce r\u00e9gal va leur co\u00fbter cher. Tout comme le missionnaire na\u00eff qui s&rsquo;imagine \u00eatre l&rsquo;invit\u00e9 d&rsquo;honneur au banquet alors qu&rsquo;il en constitue le plat de r\u00e9sistance, l&rsquo;insecte n&rsquo;est pas un convive, mais une proie.<\/em><\/p>\n\t\t\t<a href=\"https:\/\/portage.ca\/fr\/blogue\/la-drogue-et-lalcool-des-pieges-sournois\/\" target=\"_blank\" role=\"button\" rel=\"noopener\">\n\t\t\t\t\t\t\tLire la suite\n\t\t\t\t\t<\/a>\n<h2>\n\t\tLe dossier sp\u00e9cial\n\t<\/h2>\n\t\t\t\t<a href=\"https:\/\/portage.ca\/fr\/dossier-special-cannabis\/partie-1\/\" target=\"_blank\" rel=\"noopener\" itemprop=\"url\">\n\t\t\t\t<img loading=\"lazy\" decoding=\"async\" src=\"https:\/\/portage.ca\/wp-content\/uploads\/2018\/10\/banni\u00e8res-parties-dossier-sp\u00e9cial-FR-e1540844055302.jpg\" alt=\"banni\u00e8res parties dossier sp\u00e9cial FR\" itemprop=\"image\" height=\"555\" width=\"2417\" title=\"banni\u00e8res parties dossier sp\u00e9cial FR\" onerror=\"this.style.display='none'\"  \/>\n\t\t\t\t<\/a>\n<h3><a href=\"https:\/\/portage.ca\/fr\/dossier-special-cannabis\/partie-1\/\" target=\"_blank\" rel=\"noopener\">Partie 1<\/a><\/h3>\t\t\n\t\t\t\t<a href=\"https:\/\/portage.ca\/fr\/dossier-special-cannabis\/partie-3\/\" target=\"_blank\" rel=\"noopener\" itemprop=\"url\">\n\t\t\t\t<img loading=\"lazy\" decoding=\"async\" src=\"https:\/\/portage.ca\/wp-content\/uploads\/2018\/10\/banni\u00e8res-parties-dossier-sp\u00e9cial-FR3-e1540844122740.jpg\" alt=\"banni\u00e8res parties dossier sp\u00e9cial FR3\" itemprop=\"image\" height=\"555\" width=\"2417\" title=\"banni\u00e8res parties dossier sp\u00e9cial FR3\" onerror=\"this.style.display='none'\"  \/>\n\t\t\t\t<\/a>\n<h3><a href=\"https:\/\/portage.ca\/fr\/dossier-special-cannabis\/partie-3\/\" target=\"_blank\" rel=\"noopener\">Partie 3<\/a><\/h3>\t\t\n\t\t\t\t<a href=\"https:\/\/portage.ca\/fr\/dossier-special-cannabis\/partie-2\/\" target=\"_self\" itemprop=\"url\" rel=\"noopener\">\n\t\t\t\t<img loading=\"lazy\" decoding=\"async\" src=\"https:\/\/portage.ca\/wp-content\/uploads\/2018\/10\/banni\u00e8res-parties-dossier-sp\u00e9cial-FR2-e1540844079303.jpg\" alt=\"effet du cannabis\" itemprop=\"image\" height=\"555\" width=\"2417\" title=\"banni\u00e8res parties dossier sp\u00e9cial FR2\" onerror=\"this.style.display='none'\"  \/>\n\t\t\t\t<\/a>\n<h3><a href=\"https:\/\/portage.ca\/fr\/dossier-special-cannabis\/partie-2\/\" target=\"_self\" rel=\"noopener\">Partie 2<\/a><\/h3>\t\t\n\t\t\t\t<a href=\"https:\/\/portage.ca\/fr\/dossier-special-cannabis\/partie-4\/\" target=\"_blank\" rel=\"noopener\" itemprop=\"url\">\n\t\t\t\t<img loading=\"lazy\" decoding=\"async\" src=\"https:\/\/portage.ca\/wp-content\/uploads\/2018\/10\/banni\u00e8res-parties-dossier-sp\u00e9cial-FR4-e1540844102146.jpg\" alt=\"banni\u00e8res parties dossier sp\u00e9cial FR4\" itemprop=\"image\" height=\"555\" width=\"2417\" title=\"banni\u00e8res parties dossier sp\u00e9cial FR4\" onerror=\"this.style.display='none'\"  \/>\n\t\t\t\t<\/a>\n<h3><a href=\"https:\/\/portage.ca\/fr\/dossier-special-cannabis\/partie-4\/\" target=\"_blank\" rel=\"noopener\">Partie 4<\/a><\/h3>\t\t\n\n","protected":false},"excerpt":{"rendered":"<p>Le cannabis est une des drogues les plus couramment\u00a0consomm\u00e9es \u00e0 travers le monde. Selon le Rapport mondial de l&rsquo;ONU sur les drogues, le cannabis reste la drogue de pr\u00e9dilection \u00e0 l&rsquo;\u00e9chelle mondiale. Pas moins de 3,8 % de la population mondiale a consomm\u00e9 du cannabis\u00a0selon\u00a0cette \u00e9tude en\u00a02014. Au Canada, le cannabis repr\u00e9sente la substance illicite&#8230;  <a href=\"https:\/\/portage.ca\/fr\/dossier-special-cannabis-2\/partie-2\/\" class=\"more-link\" title=\"Read Dossier sp\u00e9cial cannabis partie 2\">Read more &raquo;<\/a><\/p>\n","protected":false},"author":10,"featured_media":10157,"parent":21280,"menu_order":0,"comment_status":"closed","ping_status":"closed","template":"page-full-width.php","meta":{"_acf_changed":false,"footnotes":"","_links_to":"","_links_to_target":""},"class_list":["post-21375","page","type-page","status-publish","has-post-thumbnail","hentry"],"acf":[],"_links":{"self":[{"href":"https:\/\/portage.ca\/fr\/wp-json\/wp\/v2\/pages\/21375","targetHints":{"allow":["GET"]}}],"collection":[{"href":"https:\/\/portage.ca\/fr\/wp-json\/wp\/v2\/pages"}],"about":[{"href":"https:\/\/portage.ca\/fr\/wp-json\/wp\/v2\/types\/page"}],"author":[{"embeddable":true,"href":"https:\/\/portage.ca\/fr\/wp-json\/wp\/v2\/users\/10"}],"replies":[{"embeddable":true,"href":"https:\/\/portage.ca\/fr\/wp-json\/wp\/v2\/comments?post=21375"}],"version-history":[{"count":1,"href":"https:\/\/portage.ca\/fr\/wp-json\/wp\/v2\/pages\/21375\/revisions"}],"predecessor-version":[{"id":36353,"href":"https:\/\/portage.ca\/fr\/wp-json\/wp\/v2\/pages\/21375\/revisions\/36353"}],"up":[{"embeddable":true,"href":"https:\/\/portage.ca\/fr\/wp-json\/wp\/v2\/pages\/21280"}],"wp:featuredmedia":[{"embeddable":true,"href":"https:\/\/portage.ca\/fr\/wp-json\/wp\/v2\/media\/10157"}],"wp:attachment":[{"href":"https:\/\/portage.ca\/fr\/wp-json\/wp\/v2\/media?parent=21375"}],"curies":[{"name":"wp","href":"https:\/\/api.w.org\/{rel}","templated":true}]}}