{"id":21342,"date":"2018-10-05T13:13:50","date_gmt":"2018-10-05T18:13:50","guid":{"rendered":"https:\/\/portage.hamakmarketingnumerique.com\/?page_id=21342"},"modified":"2023-03-27T12:40:09","modified_gmt":"2023-03-27T17:40:09","slug":"partie-1","status":"publish","type":"page","link":"https:\/\/portage.ca\/fr\/dossier-special-cannabis-2\/partie-1\/","title":{"rendered":"Dossier sp\u00e9cial cannabis partie 1"},"content":{"rendered":"\n\n\t<p class=\"lead\">Pour bien saisir l&rsquo;ampleur du probl\u00e8me li\u00e9 \u00e0 la l\u00e9galisation du cannabis, il convient de comprendre ce qui est \u00e0 la base de tout : l&rsquo;addiction.<\/p>\n<p>Contrairement \u00e0 ce que l&rsquo;on pourrait supposer, le mot addiction dans la langue fran\u00e7aise n&rsquo;est pas un anglicisme. Il provient du latin <em>addictus<\/em>, \u00ab affect\u00e9 \u00bb\u00a0\u00e0 tel ma\u00eetre. La personne qui s&rsquo;adonne\u00a0\u00e0 une addiction est asservie, en totale perte de contr\u00f4le et de libert\u00e9. Elle ne peut plus s&#8217;emp\u00eacher de perp\u00e9tuer un comportement ind\u00e9sirable aux cons\u00e9quences n\u00e9gatives pour elle-m\u00eame et son entourage, et cela, en toute conscience.<\/p>\n\t<p>\u00c0 travers plusieurs articles issus du blogue de Portage, nous essaierons de comprendre l&rsquo;addiction par\u00a0le biais d&rsquo;exp\u00e9riences et de t\u00e9moignages.<\/p>\n\t\t\t\t<img loading=\"lazy\" decoding=\"async\" src=\"https:\/\/portage.ca\/wp-content\/uploads\/2018\/10\/12.jpg\" alt=\"12\" itemprop=\"image\" height=\"1667\" width=\"1667\" title=\"12\" onerror=\"this.style.display='none'\"  \/>\n<h3>\n\t\tLes deux visages de la toxicomanie\n\t<\/h3>\n\t<p>La compr\u00e9hension de l&rsquo;addiction rel\u00e8ve de sa propre exp\u00e9rience. Tout au long de ce r\u00e9cit de vie, la toxicomanie et la d\u00e9pendance sont expliqu\u00e9es comme des faits s&rsquo;encha\u00eenant les uns apr\u00e8s les autres et menant la personne dans une spirale infernale.<\/p>\n<p><em>J&rsquo;ai pris les premi\u00e8res doses parce que je voulais vivre, \u00eatre heureuse et \u00e9chapper \u00e0 la douleur mentale. Ce n&rsquo;est qu&rsquo;en d\u00e9veloppant une forte accoutumance que j&rsquo;ai compris que tout en me soulageant, cette pilule d\u00e9truisait ma vie. Mais il \u00e9tait d\u00e9j\u00e0 trop tard\u00a0: elle \u00e9tait devenue le centre de ma vie et le seul rem\u00e8de \u00e0 ma souffrance.<\/em><\/p>\n\t\t\t<a href=\"https:\/\/portage.ca\/fr\/blogue\/les-deux-visages-de-la-toxicomanie\/\" target=\"_blank\" role=\"button\" rel=\"noopener\">\n\t\t\t\t\t\t\tLire la suite\n\t\t\t\t\t<\/a>\n<h3>\n\t\tL&rsquo;exp\u00e9rience du Rat Park : mieux comprendre l&rsquo;addiction\n\t<\/h3>\n\t<p>En menant en 1978 une \u00e9tude qui prenait en compte l&rsquo;environnement du sujet \u00e9tudi\u00e9, le psychologue canadien Bruce K. Alexander allait r\u00e9volutionner notre compr\u00e9hension du ph\u00e9nom\u00e8ne de l&rsquo;addiction.<\/p>\n<p><em>Comme l&rsquo;humain, le rat est de nature sociale et adore le contact et la communication avec ses comparses. Confin\u00e9 et isol\u00e9 dans un endroit \u00e9troit et contigu o\u00f9 une substance narcotique serait librement fournie, l&rsquo;humain, comme le rat, n&rsquo;h\u00e9siterait pas \u00e0 y recourir de fa\u00e7on r\u00e9p\u00e9t\u00e9e pour contrer l&rsquo;ennui, la solitude, l&rsquo;isolement, bref, des conditions de vie n\u00e9fastes \u00e0 son bien-\u00eatre.<\/em><\/p>\n\t\t\t<a href=\"https:\/\/portage.ca\/fr\/blogue\/mieux-comprendre-laddiction\/\" target=\"_blank\" role=\"button\" rel=\"noopener\">\n\t\t\t\t\t\t\tLire la suite\n\t\t\t\t\t<\/a>\n\t\t\t\t<img loading=\"lazy\" decoding=\"async\" src=\"https:\/\/portage.ca\/wp-content\/uploads\/2018\/10\/Cr\u00e9ation-sans-titre.png\" alt=\"Cr\u00e9ation sans titre\" itemprop=\"image\" height=\"788\" width=\"940\" title=\"Cr\u00e9ation sans titre\" onerror=\"this.style.display='none'\"  \/>\n\t\t\t\t<img loading=\"lazy\" decoding=\"async\" src=\"https:\/\/portage.ca\/wp-content\/uploads\/2018\/10\/egaux-face-\u00e0-laddiciton.jpg\" alt=\"egaux face \u00e0 l'addiciton\" itemprop=\"image\" height=\"2500\" width=\"3333\" title=\"egaux face \u00e0 l'addiciton\" onerror=\"this.style.display='none'\"  \/>\n<h3>\n\t\tSommes-nous tous \u00e9gaux devant l&rsquo;addiction?\n\t<\/h3>\n\t<p>Faire le mauvais choix de prendre des drogues ne conduit pas forc\u00e9ment \u00e0 la d\u00e9pendance, mais la d\u00e9pendance conduit certainement \u00e0 faire tous les mauvais choix.<\/p>\n<p><em>La toxicomanie, j&rsquo;ai toujours pens\u00e9 que \u00e7a n&rsquo;arrivait qu&rsquo;aux autres. Je ne suis devenue toxicomane que sur le tard, vers 35 ans, alors que je n&rsquo;avais jamais consomm\u00e9 quoi que ce soit, ni alcool, ni drogue. Toutes les substances sans exception m&rsquo;effrayaient par leur capacit\u00e9 \u00e0 infliger une perte de contr\u00f4le, synonyme d&rsquo;enfer pour la grande angoiss\u00e9e que j&rsquo;\u00e9tais. Comme il \u00e9tait hors de question que j&rsquo;en consomme, je me croyais \u00e0 jamais \u00e9pargn\u00e9e de l&rsquo;addiction.<\/em><\/p>\n\t\t\t<a href=\"https:\/\/portage.ca\/fr\/blogue\/sommes-nous-tous-egaux-devant-laddiction\/\" target=\"_blank\" role=\"button\" rel=\"noopener\">\n\t\t\t\t\t\t\tLire la suite\n\t\t\t\t\t<\/a>\n<h2>\n\t\tLe dossier sp\u00e9cial\n\t<\/h2>\n\t\t\t\t<a href=\"https:\/\/portage.ca\/fr\/dossier-special-cannabis\/partie-1\/\" target=\"_self\" itemprop=\"url\" rel=\"noopener\">\n\t\t\t\t<img loading=\"lazy\" decoding=\"async\" src=\"https:\/\/portage.ca\/wp-content\/uploads\/2018\/10\/banni\u00e8res-parties-dossier-sp\u00e9cial-FR-e1540844055302.jpg\" alt=\"banni\u00e8res parties dossier sp\u00e9cial FR\" itemprop=\"image\" height=\"555\" width=\"2417\" title=\"banni\u00e8res parties dossier sp\u00e9cial FR\" onerror=\"this.style.display='none'\"  \/>\n\t\t\t\t<\/a>\n<h3><a href=\"https:\/\/portage.ca\/fr\/dossier-special-cannabis\/partie-1\/\" target=\"_self\" rel=\"noopener\">Partie 1<\/a><\/h3>\t\t\n\t\t\t\t<a href=\"https:\/\/portage.ca\/fr\/dossier-special-cannabis\/partie-3\/\" target=\"_blank\" rel=\"noopener\" itemprop=\"url\">\n\t\t\t\t<img loading=\"lazy\" decoding=\"async\" src=\"https:\/\/portage.ca\/wp-content\/uploads\/2018\/10\/banni\u00e8res-parties-dossier-sp\u00e9cial-FR3-e1540844122740.jpg\" alt=\"banni\u00e8res parties dossier sp\u00e9cial FR3\" itemprop=\"image\" height=\"555\" width=\"2417\" title=\"banni\u00e8res parties dossier sp\u00e9cial FR3\" onerror=\"this.style.display='none'\"  \/>\n\t\t\t\t<\/a>\n<h3><a href=\"https:\/\/portage.ca\/fr\/dossier-special-cannabis\/partie-3\/\" target=\"_blank\" rel=\"noopener\">Partie 3<\/a><\/h3>\t\t\n\t\t\t\t<a href=\"https:\/\/portage.ca\/fr\/dossier-special-cannabis\/partie-2\/\" target=\"_blank\" rel=\"noopener\" itemprop=\"url\">\n\t\t\t\t<img loading=\"lazy\" decoding=\"async\" src=\"https:\/\/portage.ca\/wp-content\/uploads\/2018\/10\/banni\u00e8res-parties-dossier-sp\u00e9cial-FR2-e1540844079303.jpg\" alt=\"effet du cannabis\" itemprop=\"image\" height=\"555\" width=\"2417\" title=\"banni\u00e8res parties dossier sp\u00e9cial FR2\" onerror=\"this.style.display='none'\"  \/>\n\t\t\t\t<\/a>\n<h3><a href=\"https:\/\/portage.ca\/fr\/dossier-special-cannabis\/partie-2\/\" target=\"_blank\" rel=\"noopener\">Partie 2<\/a><\/h3>\t\t\n\t\t\t\t<a href=\"https:\/\/portage.ca\/fr\/dossier-special-cannabis\/partie-4\/\" target=\"_blank\" rel=\"noopener\" itemprop=\"url\">\n\t\t\t\t<img loading=\"lazy\" decoding=\"async\" src=\"https:\/\/portage.ca\/wp-content\/uploads\/2018\/10\/banni\u00e8res-parties-dossier-sp\u00e9cial-FR4-e1540844102146.jpg\" alt=\"banni\u00e8res parties dossier sp\u00e9cial FR4\" itemprop=\"image\" height=\"555\" width=\"2417\" title=\"banni\u00e8res parties dossier sp\u00e9cial FR4\" onerror=\"this.style.display='none'\"  \/>\n\t\t\t\t<\/a>\n<h3><a href=\"https:\/\/portage.ca\/fr\/dossier-special-cannabis\/partie-4\/\" target=\"_blank\" rel=\"noopener\">Partie 4<\/a><\/h3>\t\t\n\n","protected":false},"excerpt":{"rendered":"<p>Pour bien saisir l&rsquo;ampleur du probl\u00e8me li\u00e9 \u00e0 la l\u00e9galisation du cannabis, il convient de comprendre ce qui est \u00e0 la base de tout : l&rsquo;addiction. Contrairement \u00e0 ce que l&rsquo;on pourrait supposer, le mot addiction dans la langue fran\u00e7aise n&rsquo;est pas un anglicisme. Il provient du latin addictus, \u00ab affect\u00e9 \u00bb\u00a0\u00e0 tel ma\u00eetre. La&#8230;  <a href=\"https:\/\/portage.ca\/fr\/dossier-special-cannabis-2\/partie-1\/\" class=\"more-link\" title=\"Read Dossier sp\u00e9cial cannabis partie 1\">Read more &raquo;<\/a><\/p>\n","protected":false},"author":10,"featured_media":10157,"parent":21280,"menu_order":2,"comment_status":"closed","ping_status":"closed","template":"page-full-width.php","meta":{"_acf_changed":false,"footnotes":"","_links_to":"","_links_to_target":""},"class_list":["post-21342","page","type-page","status-publish","has-post-thumbnail","hentry"],"acf":[],"_links":{"self":[{"href":"https:\/\/portage.ca\/fr\/wp-json\/wp\/v2\/pages\/21342","targetHints":{"allow":["GET"]}}],"collection":[{"href":"https:\/\/portage.ca\/fr\/wp-json\/wp\/v2\/pages"}],"about":[{"href":"https:\/\/portage.ca\/fr\/wp-json\/wp\/v2\/types\/page"}],"author":[{"embeddable":true,"href":"https:\/\/portage.ca\/fr\/wp-json\/wp\/v2\/users\/10"}],"replies":[{"embeddable":true,"href":"https:\/\/portage.ca\/fr\/wp-json\/wp\/v2\/comments?post=21342"}],"version-history":[{"count":1,"href":"https:\/\/portage.ca\/fr\/wp-json\/wp\/v2\/pages\/21342\/revisions"}],"predecessor-version":[{"id":36354,"href":"https:\/\/portage.ca\/fr\/wp-json\/wp\/v2\/pages\/21342\/revisions\/36354"}],"up":[{"embeddable":true,"href":"https:\/\/portage.ca\/fr\/wp-json\/wp\/v2\/pages\/21280"}],"wp:featuredmedia":[{"embeddable":true,"href":"https:\/\/portage.ca\/fr\/wp-json\/wp\/v2\/media\/10157"}],"wp:attachment":[{"href":"https:\/\/portage.ca\/fr\/wp-json\/wp\/v2\/media?parent=21342"}],"curies":[{"name":"wp","href":"https:\/\/api.w.org\/{rel}","templated":true}]}}