{"id":21280,"date":"2018-10-02T10:28:36","date_gmt":"2018-10-02T15:28:36","guid":{"rendered":"https:\/\/portage.hamakmarketingnumerique.com\/?page_id=21280"},"modified":"2023-03-27T12:37:51","modified_gmt":"2023-03-27T17:37:51","slug":"dossier-special-cannabis-2","status":"publish","type":"page","link":"https:\/\/portage.ca\/fr\/dossier-special-cannabis-2\/","title":{"rendered":"Dossier sp\u00e9cial cannabis"},"content":{"rendered":"\n\n\t\t\t\t<img loading=\"lazy\" decoding=\"async\" src=\"https:\/\/portage.ca\/wp-content\/uploads\/2018\/10\/flag-472394_960_720.jpg\" alt=\"flag-472394_960_720\" itemprop=\"image\" height=\"640\" width=\"960\" title=\"flag-472394_960_720\" onerror=\"this.style.display='none'\"  \/>\n<h3>\n\t\tLe 17 octobre 2018, le cannabis est l\u00e9gal\n\t<\/h3>\n\t<p class=\"lead\">La d\u00e9cision du gouvernement f\u00e9d\u00e9ral canadien de l\u00e9galiser le cannabis\u00a0a pris\u00a0effet dans toutes les provinces du pays le 17 octobre 2018. L&rsquo;adoption de la\u00a0<a href=\"http:\/\/laws-lois.justice.gc.ca\/fra\/lois\/C-24.5\/\">loi sur le cannabis<\/a> \u00e9tait, au d\u00e9part, une des principales promesses de la campagne de 2015 du premier ministre Justin Trudeau. Elle est adopt\u00e9e apr\u00e8s de nombreuses discussions par le gouvernement. L&rsquo;objectif assum\u00e9 par Trudeau \u00e9tait de\u00a0mettre\u00a0\u00e0 mal\u00a0un march\u00e9 criminel\u00a0qui serait \u00e9valu\u00e9 \u00e0 plus de 7 milliards de dollars par an. Un tel mouvement, m\u00eame engag\u00e9 pour des raisons louables, aura forc\u00e9ment des r\u00e9percussions importantes sur la soci\u00e9t\u00e9 canadienne.<\/p>\n<p>La loi sur le cannabis permet aux personnes de 18 ans\u00a0et plus : de poss\u00e9der en public jusqu&rsquo;\u00e0 30 grammes de cannabis l\u00e9gal, d&rsquo;acheter du cannabis d&rsquo;un d\u00e9taillant, de cultiver \u00e0 des fins personnelles jusqu&rsquo;\u00e0 quatre plants de cannabis par r\u00e9sidence, et de fabriquer \u00e0 la maison des produits de cannabis, comme des aliments ou des boissons.<\/p>\n<p>Cette mesure permet aux provinces de d\u00e9cider elles-m\u00eames de l&rsquo;\u00e2ge minimum l\u00e9gal pour pouvoir se procurer la substance, des lieux de vente et de consommation ainsi que la quantit\u00e9 pouvant \u00eatre poss\u00e9d\u00e9e.<\/p>\n\t<p>La r\u00e8glementation sur le cannabis soul\u00e8ve un grand nombre de questions lorsque l&rsquo;on conna\u00eet les chiffres alarmants de la consommation\u00a0rendus par l&rsquo;Enqu\u00eate Nationale sur le Cannabis en\u00a02018 (voir infographie ci-dessous).<\/p>\n\t\t\t\t<img loading=\"lazy\" decoding=\"async\" src=\"https:\/\/portage.ca\/wp-content\/uploads\/2018\/04\/publicitesauvagefrancais-512x768.jpg\" alt=\"Legalisation_cannabis_affiche\" itemprop=\"image\" height=\"768\" width=\"512\" title=\"Legalisation_cannabis_affiche\" onerror=\"this.style.display='none'\"  \/>\n<h3>\n\t\tPortage pr\u00f4ne la vigilance\n\t<\/h3>\n\t<p>Dans le contexte de la l\u00e9galisation du cannabis au Canada, Portage essaye de maintenir le d\u00e9bat autour sur les enjeux li\u00e9s\u00a0\u00e0 la consommation, le contr\u00f4le et l&rsquo;utilisation du cannabis.<\/p>\n<p>&nbsp;<\/p>\n<p>\u00c0 Portage, nous pensons qu&rsquo;il est important que les organismes qui traitent de la d\u00e9pendance soient au c\u0153ur des discussions. Apr\u00e8s plus de 45 ann\u00e9es d&rsquo;expertise en r\u00e9adaptation en toxicomanie, Portage communique, en collaboration avec le gouvernement et les m\u00e9dias, les informations utiles afin de faire avancer les id\u00e9es.<\/p>\n<p>&nbsp;<\/p>\n<p>La campagne de sensibilisation, con\u00e7ue en collaboration avec l&rsquo;Agence G\u00e9n\u00e9ration, encourage la discussion et l&rsquo;\u00e9ducation sur les effets potentiels de la l\u00e9galisation.<\/p>\n\t\t\t<a href=\"https:\/\/portage.ca\/fr\/centre-medias\/campagnes-visibilite\/legalisation-cannabis\/\" target=\"_blank\" role=\"button\" rel=\"noopener\">\n\t\t\t\t\t\t\tEn savoir plus\n\t\t\t\t\t<\/a>\n<h3>\n\t\tPourquoi un dossier sp\u00e9cial sur le cannabis?\n\t<\/h3>\n\t<p>Portage s&rsquo;est donn\u00e9 pour mission d&rsquo;informer le mieux possible et de transmettre son expertise en r\u00e9adaptation de la d\u00e9pendance.<\/p>\n<p>Avec la cr\u00e9ation d&rsquo;un blogue il y a un an, l&rsquo;organisme souhaite communiquer, raconter, \u00e9merveiller, instruire et int\u00e9resser le plus grand nombre de personnes \u00e0 la cause qui est la sienne : se lib\u00e9rer de la toxicomanie.<\/p>\n<p>Gr\u00e2ce \u00e0 des t\u00e9moignages de r\u00e9sidents, les r\u00e9cits de vies mais aussi des articles informatifs, le blogue est le vecteur du message de Portage.<\/p>\n<p>\u00c0 travers ce dossier sp\u00e9cial sur le cannabis, Portage souhaite pouvoir \u00e9clairer les individus aux effets et m\u00e9faits de cette substance. Dans un but informatif, ce dossier reprendra toutes les ressources, relatives au cannabis et plus g\u00e9n\u00e9ralement\u00a0\u00e0 la d\u00e9pendance,\u00a0cr\u00e9\u00e9es par l&rsquo;organisme.<\/p>\n\t\t\t\t<img loading=\"lazy\" decoding=\"async\" src=\"https:\/\/portage.ca\/wp-content\/uploads\/2018\/10\/Dossier-sp\u00e9cial-cannabis-image-du-dossier.jpg\" alt=\"Dossier sp\u00e9cial cannabis image du dossier\" itemprop=\"image\" height=\"2500\" width=\"3333\" title=\"Dossier sp\u00e9cial cannabis image du dossier\" onerror=\"this.style.display='none'\"  \/>\n<h2>\n\t\tLe dossier sp\u00e9cial\n\t<\/h2>\n\t\t\t\t<a href=\"https:\/\/portage.ca\/fr\/dossier-special-cannabis\/partie-1\/\" target=\"_blank\" rel=\"noopener\" itemprop=\"url\">\n\t\t\t\t<img loading=\"lazy\" decoding=\"async\" src=\"https:\/\/portage.ca\/wp-content\/uploads\/2018\/10\/banni\u00e8res-parties-dossier-sp\u00e9cial-FR-e1540844055302.jpg\" alt=\"banni\u00e8res parties dossier sp\u00e9cial FR\" itemprop=\"image\" height=\"555\" width=\"2417\" title=\"banni\u00e8res parties dossier sp\u00e9cial FR\" onerror=\"this.style.display='none'\"  \/>\n\t\t\t\t<\/a>\n<h3><a href=\"https:\/\/portage.ca\/fr\/dossier-special-cannabis\/partie-1\/\" target=\"_blank\" rel=\"noopener\">Partie 1<\/a><\/h3>\t\t\n\t\t\t\t<a href=\"https:\/\/portage.ca\/fr\/dossier-special-cannabis\/partie-3\/\" target=\"_blank\" rel=\"noopener\" itemprop=\"url\">\n\t\t\t\t<img loading=\"lazy\" decoding=\"async\" src=\"https:\/\/portage.ca\/wp-content\/uploads\/2018\/10\/banni\u00e8res-parties-dossier-sp\u00e9cial-FR3-e1540844122740.jpg\" alt=\"banni\u00e8res parties dossier sp\u00e9cial FR3\" itemprop=\"image\" height=\"555\" width=\"2417\" title=\"banni\u00e8res parties dossier sp\u00e9cial FR3\" onerror=\"this.style.display='none'\"  \/>\n\t\t\t\t<\/a>\n<h3><a href=\"https:\/\/portage.ca\/fr\/dossier-special-cannabis\/partie-3\/\" target=\"_blank\" rel=\"noopener\">Partie 3<\/a><\/h3>\t\t\n\t\t\t\t<a href=\"https:\/\/portage.ca\/fr\/dossier-special-cannabis\/partie-2\/\" target=\"_blank\" rel=\"noopener\" itemprop=\"url\">\n\t\t\t\t<img loading=\"lazy\" decoding=\"async\" src=\"https:\/\/portage.ca\/wp-content\/uploads\/2018\/10\/banni\u00e8res-parties-dossier-sp\u00e9cial-FR2-e1540844079303.jpg\" alt=\"effet du cannabis\" itemprop=\"image\" height=\"555\" width=\"2417\" title=\"banni\u00e8res parties dossier sp\u00e9cial FR2\" onerror=\"this.style.display='none'\"  \/>\n\t\t\t\t<\/a>\n<h3><a href=\"https:\/\/portage.ca\/fr\/dossier-special-cannabis\/partie-2\/\" target=\"_blank\" rel=\"noopener\">Partie 2<\/a><\/h3>\t\t\n\t\t\t\t<a href=\"https:\/\/portage.ca\/fr\/dossier-special-cannabis\/partie-4\/\" target=\"_blank\" rel=\"noopener\" itemprop=\"url\">\n\t\t\t\t<img loading=\"lazy\" decoding=\"async\" src=\"https:\/\/portage.ca\/wp-content\/uploads\/2018\/10\/banni\u00e8res-parties-dossier-sp\u00e9cial-FR4-e1540844102146.jpg\" alt=\"banni\u00e8res parties dossier sp\u00e9cial FR4\" itemprop=\"image\" height=\"555\" width=\"2417\" title=\"banni\u00e8res parties dossier sp\u00e9cial FR4\" onerror=\"this.style.display='none'\"  \/>\n\t\t\t\t<\/a>\n<h3><a href=\"https:\/\/portage.ca\/fr\/dossier-special-cannabis\/partie-4\/\" target=\"_blank\" rel=\"noopener\">Partie 4<\/a><\/h3>\t\t\n\n","protected":false},"excerpt":{"rendered":"<p>Le 17 octobre 2018, le cannabis est l\u00e9gal La d\u00e9cision du gouvernement f\u00e9d\u00e9ral canadien de l\u00e9galiser le cannabis\u00a0a pris\u00a0effet dans toutes les provinces du pays le 17 octobre 2018. L&rsquo;adoption de la\u00a0loi sur le cannabis \u00e9tait, au d\u00e9part, une des principales promesses de la campagne de 2015 du premier ministre Justin Trudeau. Elle est adopt\u00e9e&#8230;  <a href=\"https:\/\/portage.ca\/fr\/dossier-special-cannabis-2\/\" class=\"more-link\" title=\"Read Dossier sp\u00e9cial cannabis\">Read more &raquo;<\/a><\/p>\n","protected":false},"author":10,"featured_media":21690,"parent":0,"menu_order":18,"comment_status":"closed","ping_status":"closed","template":"page-full-width.php","meta":{"_acf_changed":false,"footnotes":"","_links_to":"","_links_to_target":""},"class_list":["post-21280","page","type-page","status-publish","has-post-thumbnail","hentry"],"acf":[],"_links":{"self":[{"href":"https:\/\/portage.ca\/fr\/wp-json\/wp\/v2\/pages\/21280","targetHints":{"allow":["GET"]}}],"collection":[{"href":"https:\/\/portage.ca\/fr\/wp-json\/wp\/v2\/pages"}],"about":[{"href":"https:\/\/portage.ca\/fr\/wp-json\/wp\/v2\/types\/page"}],"author":[{"embeddable":true,"href":"https:\/\/portage.ca\/fr\/wp-json\/wp\/v2\/users\/10"}],"replies":[{"embeddable":true,"href":"https:\/\/portage.ca\/fr\/wp-json\/wp\/v2\/comments?post=21280"}],"version-history":[{"count":1,"href":"https:\/\/portage.ca\/fr\/wp-json\/wp\/v2\/pages\/21280\/revisions"}],"predecessor-version":[{"id":36352,"href":"https:\/\/portage.ca\/fr\/wp-json\/wp\/v2\/pages\/21280\/revisions\/36352"}],"wp:featuredmedia":[{"embeddable":true,"href":"https:\/\/portage.ca\/fr\/wp-json\/wp\/v2\/media\/21690"}],"wp:attachment":[{"href":"https:\/\/portage.ca\/fr\/wp-json\/wp\/v2\/media?parent=21280"}],"curies":[{"name":"wp","href":"https:\/\/api.w.org\/{rel}","templated":true}]}}