{"id":20310,"date":"2018-04-12T11:55:46","date_gmt":"2018-04-12T16:55:46","guid":{"rendered":"https:\/\/portage.hamakmarketingnumerique.com\/?page_id=20310"},"modified":"2018-06-21T14:43:45","modified_gmt":"2018-06-21T19:43:45","slug":"legalisation-cannabis","status":"publish","type":"page","link":"https:\/\/portage.ca\/fr\/centre-medias\/campagnes-visibilite\/legalisation-cannabis\/","title":{"rendered":"LA L\u00c9GALISATION N&rsquo;ARR\u00caTE PAS LA D\u00c9PENDANCE \u2013 Soyons vigilants"},"content":{"rendered":"<h2><img loading=\"lazy\" decoding=\"async\" src=\"https:\/\/portage.ca\/wp-content\/uploads\/2018\/04\/publicitesauvagefrancais-512x768.jpg\" alt=\"Legalisation_cannabis_affiche\" width=\"250\" height=\"375\" \/>La campagne de visibilit\u00e9 de Portage, gracieuset\u00e9 de l&rsquo;Agence G\u00e9n\u00e9ration<\/h2>\n<p class=\"lead\">&nbsp;<\/p>\n<p>Dans le contexte de la l\u00e9galisation du cannabis au Canada, Portage pr\u00f4ne la vigilance. Une campagne de sensibilisation, con\u00e7ue en collaboration avec l\u2019Agence G\u00e9n\u00e9ration, encourage la discussion et l\u2019\u00e9ducation sur les effets potentiels de la l\u00e9galisation.<\/p>\n<p>Portage est tr\u00e8s reconnaissant \u00e0 tous les partenaires qui ont contribu\u00e9 \u00e0 la r\u00e9alisation et \u00e0 la diffusion de cette campagne: l\u2019Agence G\u00e9n\u00e9ration, Bell, Cogeco, TC Transcontinental et Publicit\u00e9 Sauvage.<\/p>\n<p>&nbsp;<\/p>\n<p>&nbsp;<\/p>\n<p>&nbsp;<\/p>\n<p>&nbsp;<\/p>\n<p>&nbsp;<\/p>\n<p>&nbsp;<\/p>\n<h4>Visitez le <a href=\"\/?page_id=18983\">blogue de Portage<\/a> pour en savoir plus sur le cannabis :<\/h4>\n<p>&nbsp;<\/p>\n<h4><a href=\"\/?p=20373\">Effets<\/a><a href=\"\/?p=20373\"> et m\u00e9faits du cannabis : m\u00e9connaissance chez les jeunes<\/a><\/h4>\n<h4><a href=\"\/?p=20791\">Effets \u00e0 court et long termes du cannabis<\/a><\/h4>\n<h4><a href=\"\/?p=20423\">Communiqu\u00e9 de presse &#8211; LA L\u00c9GALISATION N&rsquo;ARR\u00caTE PAS LA D\u00c9PENDANCE<\/a><\/h4>\n<p><a href=\"\/?p=20503\">Entrevue avec la directrice des communications de Portage<\/a><\/p>\n<h4><a href=\"\/?p=20363\">De fumeur de pot \u00e0 allumeur de r\u00e9verb\u00e8res<\/a><\/h4>\n<h4><a href=\"\/?p=19987\">Le cannabis\u00a0: une herbe sournoise<\/a><\/h4>\n<h4><a href=\"\/?p=19292\">Comment le cannabis m\u2019a d\u00e9truite<\/a><\/h4>\n<h4><a href=\"\/?p=19129\">La drogue et l\u2019alcool : des pi\u00e8ges sournois<\/a><\/h4>\n<h4><a href=\"\/?p=19056\">Sommes-nous tous \u00e9gaux devant l\u2019addiction?<\/a><\/h4>\n<h4><a href=\"\/?p=19019\">L\u2019exp\u00e9rience du Rat Park : mieux comprendre l\u2019addiction<\/a><\/h4>\n<h4><\/h4>\n<p>&nbsp;<\/p>\n<h4><a href=\"\/?p=19679\">10 signes que votre adolescent consomme de la drogue<\/a><\/h4>\n<h4><a href=\"\/?p=19930\">7 fa\u00e7ons d\u2019entamer une discussion sur la consommation de drogues avec un jeune<\/a><\/h4>\n<h4><a href=\"\/?p=19804\">Avez-vous un(e) \u00e9tudiant(e) qui a des probl\u00e8mes de drogues ou d\u2019alcool?<\/a><\/h4>\n<p>&nbsp;<\/p>\n<h3>Vid\u00e9o<\/h3>\n<p><iframe loading=\"lazy\" src=\"https:\/\/player.vimeo.com\/video\/264461550\" width=\"640\" height=\"360\" frameborder=\"0\" allowfullscreen=\"allowfullscreen\"><\/iframe><\/p>\n<h3>Radio<\/h3>\n<h4><a href=\"https:\/\/portage.ca\/wp-content\/uploads\/2018\/05\/PORTAGE-FRANCAIS-avril-2018.mp3\"><img loading=\"lazy\" decoding=\"async\" src=\"https:\/\/portage.ca\/wp-content\/uploads\/2018\/05\/note-152621_960_720.png\" alt=\"\" width=\"19\" height=\"19\" \/>Message radio<\/a><\/h4>\n","protected":false},"excerpt":{"rendered":"<p>La campagne de visibilit\u00e9 de Portage, gracieuset\u00e9 de l&rsquo;Agence G\u00e9n\u00e9ration &nbsp; Dans le contexte de la l\u00e9galisation du cannabis au Canada, Portage pr\u00f4ne la vigilance. Une campagne de sensibilisation, con\u00e7ue en collaboration avec l\u2019Agence G\u00e9n\u00e9ration, encourage la discussion et l\u2019\u00e9ducation sur les effets potentiels de la l\u00e9galisation. Portage est tr\u00e8s reconnaissant \u00e0 tous les partenaires&#8230;  <a href=\"https:\/\/portage.ca\/fr\/centre-medias\/campagnes-visibilite\/legalisation-cannabis\/\" class=\"more-link\" title=\"Read LA L\u00c9GALISATION N&rsquo;ARR\u00caTE PAS LA D\u00c9PENDANCE \u2013 Soyons vigilants\">Read more &raquo;<\/a><\/p>\n","protected":false},"author":10,"featured_media":10157,"parent":7091,"menu_order":0,"comment_status":"closed","ping_status":"closed","template":"","meta":{"_acf_changed":false,"footnotes":"","_links_to":"","_links_to_target":""},"class_list":["post-20310","page","type-page","status-publish","has-post-thumbnail","hentry"],"acf":[],"_links":{"self":[{"href":"https:\/\/portage.ca\/fr\/wp-json\/wp\/v2\/pages\/20310","targetHints":{"allow":["GET"]}}],"collection":[{"href":"https:\/\/portage.ca\/fr\/wp-json\/wp\/v2\/pages"}],"about":[{"href":"https:\/\/portage.ca\/fr\/wp-json\/wp\/v2\/types\/page"}],"author":[{"embeddable":true,"href":"https:\/\/portage.ca\/fr\/wp-json\/wp\/v2\/users\/10"}],"replies":[{"embeddable":true,"href":"https:\/\/portage.ca\/fr\/wp-json\/wp\/v2\/comments?post=20310"}],"version-history":[{"count":0,"href":"https:\/\/portage.ca\/fr\/wp-json\/wp\/v2\/pages\/20310\/revisions"}],"up":[{"embeddable":true,"href":"https:\/\/portage.ca\/fr\/wp-json\/wp\/v2\/pages\/7091"}],"wp:featuredmedia":[{"embeddable":true,"href":"https:\/\/portage.ca\/fr\/wp-json\/wp\/v2\/media\/10157"}],"wp:attachment":[{"href":"https:\/\/portage.ca\/fr\/wp-json\/wp\/v2\/media?parent=20310"}],"curies":[{"name":"wp","href":"https:\/\/api.w.org\/{rel}","templated":true}]}}