{"id":15644,"date":"2016-06-22T14:42:42","date_gmt":"2016-06-22T19:42:42","guid":{"rendered":"http:\/\/portage.dev.luminafx.com\/fr\/?page_id=15644"},"modified":"2024-01-31T13:47:19","modified_gmt":"2024-01-31T18:47:19","slug":"approche-therapeutique-externe","status":"publish","type":"page","link":"https:\/\/portage.ca\/fr\/a-propos\/approche-therapeutique-externe\/","title":{"rendered":"L\u2019approche th\u00e9rapeutique de Portage &#8211; programmes externes"},"content":{"rendered":"\n<h1>\n\t\tL&rsquo;approche th\u00e9rapeutique de Portage\n\t<\/h1>\n<h2>\n\t\tProgramme externe\n\t<\/h2>\n<h4>\n\t\tLe traitement de r\u00e9adaptation en toxicomanie de Portage repose sur les principes de la communaut\u00e9 th\u00e9rapeutique : une approche participative et collective de soutien pour se lib\u00e9rer de la toxicomanie.\n\t<\/h4>\n\t<iframe loading=\"lazy\" src=\"https:\/\/player.vimeo.com\/video\/59437998\" width=\"580\" height=\"326\" frameborder=\"0\" title=\"Qu&#039;est-ce que Portage?\" webkitallowfullscreen mozallowfullscreen allowfullscreen><\/iframe>\n\t<p class=\"lead\">En tant que membres de la communaut\u00e9 th\u00e9rapeutique de Portage, nos participants\u00a0partagent leur quotidien avec un groupe de personnes qui traversent des difficult\u00e9s similaires, qui s&rsquo;aident mutuellement \u00e0 identifier les causes premi\u00e8res de leur probl\u00e8me de toxicomanie et \u00e0 cibler des solutions afin d&rsquo;y faire face.<\/p>\n<p>Dans un environnement d&rsquo;appui positif des pairs, nos usagers participent\u00a0mutuellement \u00e0 leur croissance. Ils apprennent les uns des autres et de leurs intervenants, et surtout d&rsquo;eux-m\u00eames.<\/p>\n<p>Chez Portage, le respect est la base de toutes les interventions. L&rsquo;approche de la communaut\u00e9 th\u00e9rapeutique de Portage mise sur le mod\u00e8le de bien-\u00eatre des usagers\u00a0plut\u00f4t que sur la maladie, et vise \u00e0 aider les participants\u00a0\u00e0 se prendre en main \u00e0 l&rsquo;aide d&rsquo;outils efficaces, et \u00e0 acqu\u00e9rir la confiance n\u00e9cessaire pour retrouver l&rsquo;espoir &#8211; l&rsquo;espoir de pouvoir choisir de mener la vie qu&rsquo;ils souhaitent, l&rsquo;espoir de pouvoir choisir d&rsquo;\u00eatre ce qu&rsquo;ils veulent r\u00e9ellement, lib\u00e9r\u00e9s de leur probl\u00e8me de d\u00e9pendance.<\/p>\n<h3>\n\t\tLes phases\n\t<\/h3>\n\t<p>Une fois admis, les nouveaux usagers\u00a0sont accueillis par ceux qui sont d\u00e9j\u00e0 en traitement. Ces derniers leur montrent le fonctionnement du centre et leur expliquent la structure du programme. Les participants\u00a0se soutiennent et s&rsquo;encouragent mutuellement pendant les diff\u00e9rentes phases du programme de r\u00e9adaptation :<\/p>\n<h4>\n\t\t<ul><li> <strong>Accueil et int\u00e9gration :<\/strong> S&rsquo;int\u00e9grer progressivement, se familiariser avec le fonctionnement de la communaut\u00e9 th\u00e9rapeutique et r\u00e9gulariser sa situation personnelle<\/li><\/ul>\n\t<\/h4>\n<h4>\n\t\t<ul><li><strong>Connaissance de soi et outils de th\u00e9rapie :<\/strong> Se familiariser avec les diff\u00e9rents outils de th\u00e9rapie et favoriser leur transfert dans la vie quotidienne, \u00e9tablir un \u00e9quilibre dans les diff\u00e9rentes sph\u00e8res de sa vie<\/li><\/ul>\n\t<\/h4>\n<h4>\n\t\t<ul><li><strong>Pr\u00e9vention structur\u00e9e de la rechute et d\u00e9veloppement personnel :<\/strong> Comprendre les motifs de sa d\u00e9pendance et d\u00e9velopper des strat\u00e9gies viables pour maintenir son abstinence, prendre conscience des cons\u00e9quences de la toxicomanie dans sa vie et celles de son entourage, adopter des comportements responsables et de saines habitudes de vie<\/li><\/ul>\n\t<\/h4>\n<h4>\n\t\t<ul><li><strong>Reconnaissance des acquis et pr\u00e9paration \u00e0 la r\u00e9insertion socioprofessionnelle :<\/strong> D\u00e9finir des buts r\u00e9alistes, r\u00e9alisables et motivants pour le suivi postcure, \u00e9laborer un plan de r\u00e9insertion socioprofessionnelle<\/li><\/ul>\n\t<\/h4>\n<h3>\n\t\tLes comp\u00e9tences\n\t<\/h3>\n\t<p>Au fur et \u00e0 mesure que nos participants\u00a0progressent dans leur traitement, ils apprennent et acqui\u00e8rent les comp\u00e9tences sociales n\u00e9cessaires pour mieux g\u00e9rer les d\u00e9fis du quotidien sans recourir aux drogues. Communiquer efficacement, \u00eatre fiable, travailler en \u00e9quipe et r\u00e9soudre les conflits sont quelques-unes des comp\u00e9tences acquises chez Portage.<\/p>\n<p>Pour une liste compl\u00e8te, visitez : <a href=\"\/fr\/a-propos\/competences\/\">Les comp\u00e9tences de Portage<\/a><\/p>\n<h3>\n\t\tLa gestion de cas individuel\n\t<\/h3>\n\t<p>La planification des traitements se fait en collaboration avec les participants\u00a0qui \u00e9tablissent leurs priorit\u00e9s avec l&rsquo;aide de leur intervenant. Il s&rsquo;agit \u00e9galement d&rsquo;un processus d&rsquo;inclusion qui fait appel \u00e0 la participation des conjoints (lorsque pertinent), de la famille et des diff\u00e9rentes ressources impliqu\u00e9es.<\/p>\n<p>Chaque client a son propre plan de traitement qui tient compte de ses besoins individuels en ce qui a trait \u00e0 la d\u00e9pendance, la sant\u00e9 physique et mentale, le d\u00e9veloppement personnel, les habilet\u00e9s sociales, les habilet\u00e9s parentales (selon le besoin), les relations interpersonnelles et familiales, et la r\u00e9insertion sociale, entre autres choses.<\/p>\n<h3>\n\t\tLes meilleures pratiques\n\t<\/h3>\n\t<p>Le mod\u00e8le de la communaut\u00e9 th\u00e9rapeutique de Portage se base sur les meilleures pratiques en termes de r\u00e9adaptation de la toxicomanie, y compris les techniques suivantes :\u00a0<\/p>\n<h4>\n\t\t<ul><li>les efforts personnels<\/li><\/ul>\n\t<\/h4>\n<h4>\n\t\t<ul><li>le milieu th\u00e9rapeutique<\/li><\/ul>\n\t<\/h4>\n<h4>\n\t\t<ul><li>le soutien de la communaut\u00e9<\/li><\/ul>\n\t<\/h4>\n<h4>\n\t\t<ul><li>l&rsquo;exemple des pairs<\/li><\/ul>\n\t<\/h4>\n<h4>\n\t\t<ul><li>l&rsquo;apprentissage social<\/li><\/ul>\n\t<\/h4>\n<h4>\n\t\t<ul><li>la gestion de cas individuel<\/li><\/ul>\n\t<\/h4>\n<h4>\n\t\t<ul><li>le rattrapage scolaire<\/li><\/ul>\n\t<\/h4>\n<h4>\n\t\t<ul><li>le soutien \u00e0 la famille<\/li><\/ul>\n\t<\/h4>\n<h4>\n\t\t<ul><li>L&rsquo;acc\u00e8s \u00e0 un soutien psychiatrique<\/li><\/ul>\n\t<\/h4>\n\t<p>Pour la liste compl\u00e8te, visitez : <a href=\"\/fr\/services\/meilleures-pratiques-toxciomanie\/\">Les meilleures pratiques en mati\u00e8re de traitement de la toxicomanie<\/a><\/p>\n\n","protected":false},"excerpt":{"rendered":"<p>L&rsquo;approche th\u00e9rapeutique de Portage Programme externe Le traitement de r\u00e9adaptation en toxicomanie de Portage repose sur les principes de la communaut\u00e9 th\u00e9rapeutique : une approche participative et collective de soutien pour se lib\u00e9rer de la toxicomanie. En tant que membres de la communaut\u00e9 th\u00e9rapeutique de Portage, nos participants\u00a0partagent leur quotidien avec un groupe de personnes&#8230;  <a href=\"https:\/\/portage.ca\/fr\/a-propos\/approche-therapeutique-externe\/\" class=\"more-link\" title=\"Read L\u2019approche th\u00e9rapeutique de Portage &#8211; programmes externes\">Read more &raquo;<\/a><\/p>\n","protected":false},"author":10,"featured_media":10157,"parent":12641,"menu_order":0,"comment_status":"closed","ping_status":"closed","template":"","meta":{"_acf_changed":false,"footnotes":"","_links_to":"","_links_to_target":""},"class_list":["post-15644","page","type-page","status-publish","has-post-thumbnail","hentry"],"acf":[],"_links":{"self":[{"href":"https:\/\/portage.ca\/fr\/wp-json\/wp\/v2\/pages\/15644","targetHints":{"allow":["GET"]}}],"collection":[{"href":"https:\/\/portage.ca\/fr\/wp-json\/wp\/v2\/pages"}],"about":[{"href":"https:\/\/portage.ca\/fr\/wp-json\/wp\/v2\/types\/page"}],"author":[{"embeddable":true,"href":"https:\/\/portage.ca\/fr\/wp-json\/wp\/v2\/users\/10"}],"replies":[{"embeddable":true,"href":"https:\/\/portage.ca\/fr\/wp-json\/wp\/v2\/comments?post=15644"}],"version-history":[{"count":1,"href":"https:\/\/portage.ca\/fr\/wp-json\/wp\/v2\/pages\/15644\/revisions"}],"predecessor-version":[{"id":35888,"href":"https:\/\/portage.ca\/fr\/wp-json\/wp\/v2\/pages\/15644\/revisions\/35888"}],"up":[{"embeddable":true,"href":"https:\/\/portage.ca\/fr\/wp-json\/wp\/v2\/pages\/12641"}],"wp:featuredmedia":[{"embeddable":true,"href":"https:\/\/portage.ca\/fr\/wp-json\/wp\/v2\/media\/10157"}],"wp:attachment":[{"href":"https:\/\/portage.ca\/fr\/wp-json\/wp\/v2\/media?parent=15644"}],"curies":[{"name":"wp","href":"https:\/\/api.w.org\/{rel}","templated":true}]}}