{"id":15488,"date":"2016-06-16T14:53:11","date_gmt":"2016-06-16T19:53:11","guid":{"rendered":"http:\/\/portage.dev.luminafx.com\/fr\/?page_id=15488"},"modified":"2026-03-11T13:47:16","modified_gmt":"2026-03-11T18:47:16","slug":"appartements-supervises","status":"publish","type":"page","link":"https:\/\/portage.ca\/fr\/services\/appartements-supervises\/","title":{"rendered":"Habitations communautaires"},"content":{"rendered":"\n<figure itemscope itemtype=\"https:\/\/schema.org\/ImageObject\">\n\t\t\t\t<img decoding=\"async\" src=\"https:\/\/portage.ca\/wp-content\/uploads\/2022\/10\/2016_IMG_7691.jpg\" alt=\"2016_IMG_7691\" height=\"620\" width=\"620\" title=\"2016_IMG_7691\" onerror=\"this.style.display='none'\" loading=\"lazy\" \/>\n\t<\/figure>\n\t<p class=\"lead\">La transition entre le milieu de vie structur\u00e9 et s\u00e9curisant de Portage et la vie autonome repr\u00e9sente une \u00e9tape cruciale, mais souvent vuln\u00e9rable, pour les personnes en fin de programme. Malgr\u00e9 le <a href=\"https:\/\/portage.ca\/fr\/services\/reinsertion-sociale\/\">suivi postcure et la pr\u00e9paration \u00e0 la r\u00e9insertion sociale<\/a> offerts pendant leur traitement, cette p\u00e9riode peut s&rsquo;av\u00e9rer stressante.<\/p>\n<p>Afin de faciliter cette transition, certains usagers ont acc\u00e8s \u00e0 des\u00a0<strong>logements communautaires subentionn\u00e9s<\/strong>, situ\u00e9s dans la grande r\u00e9gion de Montr\u00e9al. Ces appartements abordables offrent un environnement stable et soutenant, o\u00f9 les r\u00e9sidents peuvent consolider leurs acquis et d\u00e9velopper leur autonomie, tout en b\u00e9n\u00e9ficiant d&rsquo;un accompagnement professionnel.<\/p>\n\t<h3>Un cadre structurant pour une r\u00e9insertion en douceur<\/h3>\n<p>Cette phase de la r\u00e9adaptation permet aux usagers de :<\/p>\n<ul>\n<li>G\u00e9rer leur propre logement\u00a0de mani\u00e8re progressive et encadr\u00e9e ;<\/li>\n<li>Assumer des responsabilit\u00e9s communautaires\u00a0favorisant la vie en collectivit\u00e9 ;<\/li>\n<li>Recevoir un soutien continu\u00a0d&rsquo;intervenants sp\u00e9cialis\u00e9s en r\u00e9insertion sociale.<\/li>\n<\/ul>\n<p>Les s\u00e9jours dans ces habitations peuvent durer de\u00a0six mois \u00e0 deux ans, selon les objectifs personnels de chaque r\u00e9sident et leur projet de vie.<\/p>\n\t<h3>Pour qui ?<\/h3>\n<p>Ces logements sont strictement r\u00e9serv\u00e9s aux personnes ayant compl\u00e9t\u00e9 un programme r\u00e9sidentiel de r\u00e9adaptation en d\u00e9pendance offert par Portage. Ils constituent une \u00e9tape essentielle pour consolider les acquis du traitement et favoriser une r\u00e9insertion sociale durable.<\/p>\n\t\t<figure itemscope itemtype=\"https:\/\/schema.org\/ImageObject\">\n\t\t\t\t<a href=\"\/fr\/quebec\/programme-adultes\/%20\"  target=\"_self\" itemprop=\"url\">\n\t\t\t\t<img decoding=\"async\" src=\"https:\/\/portage.ca\/wp-content\/uploads\/2022\/09\/202208_Portage_0025-1.jpg\" alt=\"202208_Portage_0025\" height=\"1365\" width=\"2048\" title=\"202208_Portage_0025\" onerror=\"this.style.display='none'\" loading=\"lazy\" \/>\n\t\t\t\t<\/a>\n\t<\/figure>\n<h4><a href=\"\/fr\/quebec\/programme-adultes\/%20\" target=\"_self\">Programme pour adultes<\/a><\/h4><p>R\u00e9sidentiel et bilingue<\/p>\n\t\t<figure itemscope itemtype=\"https:\/\/schema.org\/ImageObject\">\n\t\t\t\t<a href=\"\/fr\/quebec\/mere-enfant\/\"  target=\"_self\" itemprop=\"url\">\n\t\t\t\t<img decoding=\"async\" src=\"https:\/\/portage.ca\/wp-content\/uploads\/2022\/08\/iStock-893594660-scaled.jpg\" alt=\"\" height=\"1709\" width=\"2560\" onerror=\"this.style.display='none'\" loading=\"lazy\" \/>\n\t\t\t\t<\/a>\n\t<\/figure>\n<h4><a href=\"\/fr\/quebec\/mere-enfant\/\" target=\"_self\">Programme M\u00e8re-enfant<\/a><\/h4><p>Pour les femmes enceintes et les m\u00e8res avec de jeunes enfants<\/p>\n\t\t<figure itemscope itemtype=\"https:\/\/schema.org\/ImageObject\">\n\t\t\t\t<a href=\"https:\/\/portage.ca\/fr\/quebec\/sante-mentale-et-dependance\/\"  target=\"_self\" itemprop=\"url\">\n\t\t\t\t<img decoding=\"async\" src=\"https:\/\/portage.ca\/wp-content\/uploads\/2022\/08\/iStock-1158621840-scaled.jpg\" alt=\"\" height=\"1707\" width=\"2560\" onerror=\"this.style.display='none'\" loading=\"lazy\" \/>\n\t\t\t\t<\/a>\n\t<\/figure>\n<h4><a href=\"https:\/\/portage.ca\/fr\/quebec\/sante-mentale-et-dependance\/\" target=\"_self\">Sant\u00e9 mentale et d\u00e9pendance<\/a><\/h4><p>R\u00e9sidentiel et bilingue<\/p>\n\n","protected":false},"excerpt":{"rendered":"<p>La transition entre le milieu de vie structur\u00e9 et s\u00e9curisant de Portage et la vie autonome repr\u00e9sente une \u00e9tape cruciale, mais souvent vuln\u00e9rable, pour les personnes en fin de programme. Malgr\u00e9 le suivi postcure et la pr\u00e9paration \u00e0 la r\u00e9insertion sociale offerts pendant leur traitement, cette p\u00e9riode peut s&rsquo;av\u00e9rer stressante. Afin de faciliter cette transition,&#8230;  <a href=\"https:\/\/portage.ca\/fr\/services\/appartements-supervises\/\" class=\"more-link\" title=\"Read Habitations communautaires\">Read more &raquo;<\/a><\/p>\n","protected":false},"author":10,"featured_media":10157,"parent":12628,"menu_order":0,"comment_status":"closed","ping_status":"closed","template":"","meta":{"_acf_changed":false,"footnotes":"","_links_to":"","_links_to_target":""},"class_list":["post-15488","page","type-page","status-publish","has-post-thumbnail","hentry"],"acf":[],"_links":{"self":[{"href":"https:\/\/portage.ca\/fr\/wp-json\/wp\/v2\/pages\/15488","targetHints":{"allow":["GET"]}}],"collection":[{"href":"https:\/\/portage.ca\/fr\/wp-json\/wp\/v2\/pages"}],"about":[{"href":"https:\/\/portage.ca\/fr\/wp-json\/wp\/v2\/types\/page"}],"author":[{"embeddable":true,"href":"https:\/\/portage.ca\/fr\/wp-json\/wp\/v2\/users\/10"}],"replies":[{"embeddable":true,"href":"https:\/\/portage.ca\/fr\/wp-json\/wp\/v2\/comments?post=15488"}],"version-history":[{"count":10,"href":"https:\/\/portage.ca\/fr\/wp-json\/wp\/v2\/pages\/15488\/revisions"}],"predecessor-version":[{"id":47952,"href":"https:\/\/portage.ca\/fr\/wp-json\/wp\/v2\/pages\/15488\/revisions\/47952"}],"up":[{"embeddable":true,"href":"https:\/\/portage.ca\/fr\/wp-json\/wp\/v2\/pages\/12628"}],"wp:featuredmedia":[{"embeddable":true,"href":"https:\/\/portage.ca\/fr\/wp-json\/wp\/v2\/media\/10157"}],"wp:attachment":[{"href":"https:\/\/portage.ca\/fr\/wp-json\/wp\/v2\/media?parent=15488"}],"curies":[{"name":"wp","href":"https:\/\/api.w.org\/{rel}","templated":true}]}}