{"id":14987,"date":"2016-06-03T09:05:32","date_gmt":"2016-06-03T14:05:32","guid":{"rendered":"http:\/\/portage.dev.luminafx.com\/en\/?page_id=14987"},"modified":"2024-03-19T13:36:37","modified_gmt":"2024-03-19T18:36:37","slug":"service-garde","status":"publish","type":"page","link":"https:\/\/portage.ca\/fr\/quebec\/mere-enfant\/service-garde\/","title":{"rendered":"Garderie La Ribambelle"},"content":{"rendered":"\n\n\t\t\t\t<img loading=\"lazy\" decoding=\"async\" src=\"https:\/\/portage.ca\/wp-content\/uploads\/2023\/02\/20221202_Portage_0131.jpg\" alt=\"20221202_Portage_0131\" itemprop=\"image\" height=\"1365\" width=\"2048\" title=\"20221202_Portage_0131\" onerror=\"this.style.display='none'\"  \/>\n\t<p class=\"lead\"><a href=\"https:\/\/portage.ca\/fr\/quebec\/mere-enfant\/\">Notre programme M\u00e8re-enfant <\/a>permet aux m\u00e8res d&rsquo;amorcer une th\u00e9rapie en r\u00e9adaptation tout en conservant la proximit\u00e9 avec leurs enfants.<\/p>\n<p>Au cours de la journ\u00e9e, pendant que les femmes s&rsquo;investissent dans une d\u00e9marche pour reprendre le contr\u00f4le de leur vie, leurs enfants fr\u00e9quentent La Ribambelle, la garderie subventionn\u00e9e de Portage. Les services de La Ribambelle sont offerts aux r\u00e9sidentes du programme M\u00e8re-enfant, ainsi qu&rsquo;aux enfants du personnel.<\/p>\n<p>Une \u00e9quipe professionnelle d&rsquo;\u00e9ducatrices \u00e0 la petite enfance offre un programme \u00e9ducatif stimulant et un environnement s\u00e9curisant. Cette \u00e9quipe a pour mission principale de soutenir chaque enfant afin qu&rsquo;il r\u00e9alise son plein potentiel.<\/p>\n<p>Les \u00e9ducatrices s&rsquo;investissent pleinement aupr\u00e8s des enfants de tous \u00e2ges, favorisant ainsi leur \u00e9panouissement. Elles privil\u00e9gient une collaboration \u00e9troite avec les m\u00e8res, qui restent les principales r\u00e9f\u00e9rences pour leurs enfants. Une contribution est \u00e9galement \u00e9tablie avec l&rsquo;\u00e9quipe en charge de la toxicomanie, afin d&rsquo;assurer une continuit\u00e9 dans l&rsquo;accompagnement de l&rsquo;enfant.<\/p>\n\t<iframe allowfullscreen allow=\"autoplay\" src=\"https:\/\/player.vimeo.com\/video\/923384720?color&amp;autopause=0&amp;loop=0&amp;muted=0&amp;title=0&amp;portrait=0&amp;byline=0&amp;h&amp;share=copy#t=\"><\/iframe>\t\n\t\t\t\t<a\n\t\t\thref=\"https:\/\/portage.ca\/wp-content\/uploads\/2023\/02\/20221202_Portage_0052-1024x683.jpg\"\n\t\t\t\t\t\tdata-fancybox=\"images\" \n\t\t\ttitle=\"20221202_Portage_0052\" \n\t\t\t\t\t\tdata-description=\"\" \n\t\t\titemprop=\"contentUrl\">\n\t\t\t<img loading=\"lazy\" decoding=\"async\" src=\"https:\/\/portage.ca\/wp-content\/uploads\/2023\/02\/20221202_Portage_0052.jpg\" alt=\"\" data-no-lazy=\"1\" itemprop=\"thumbnail\" width=\"2048\" height=\"1365\" \/>\n\t\t\t<!-- Overlay Wrapper -->\n\t\t\t <!-- Overlay Wrapper Closed -->\n\t\t\t\t<\/a>\n\t\t\t\t\t\t\t<meta itemprop=\"width\" content=\"2048\" \/>\n\t\t\t<meta itemprop=\"height\" content=\"1365\" \/>\n\t\t\t\t<a\n\t\t\thref=\"https:\/\/portage.ca\/wp-content\/uploads\/2023\/02\/20221202_Portage_0114-1024x683.jpg\"\n\t\t\t\t\t\tdata-fancybox=\"images\" \n\t\t\ttitle=\"20221202_Portage_0114\" \n\t\t\t\t\t\tdata-description=\"\" \n\t\t\titemprop=\"contentUrl\">\n\t\t\t<img loading=\"lazy\" decoding=\"async\" src=\"https:\/\/portage.ca\/wp-content\/uploads\/2023\/02\/20221202_Portage_0114.jpg\" alt=\"\" data-no-lazy=\"1\" itemprop=\"thumbnail\" width=\"2048\" height=\"1365\" \/>\n\t\t\t<!-- Overlay Wrapper -->\n\t\t\t <!-- Overlay Wrapper Closed -->\n\t\t\t\t<\/a>\n\t\t\t\t\t\t\t<meta itemprop=\"width\" content=\"2048\" \/>\n\t\t\t<meta itemprop=\"height\" content=\"1365\" \/>\n\t\t\t\t<a\n\t\t\thref=\"https:\/\/portage.ca\/wp-content\/uploads\/2023\/02\/20221202_Portage_0102-1024x683.jpg\"\n\t\t\t\t\t\tdata-fancybox=\"images\" \n\t\t\ttitle=\"20221202_Portage_0102\" \n\t\t\t\t\t\tdata-description=\"\" \n\t\t\titemprop=\"contentUrl\">\n\t\t\t<img loading=\"lazy\" decoding=\"async\" src=\"https:\/\/portage.ca\/wp-content\/uploads\/2023\/02\/20221202_Portage_0102.jpg\" alt=\"\" data-no-lazy=\"1\" itemprop=\"thumbnail\" width=\"2048\" height=\"1365\" \/>\n\t\t\t<!-- Overlay Wrapper -->\n\t\t\t <!-- Overlay Wrapper Closed -->\n\t\t\t\t<\/a>\n\t\t\t\t\t\t\t<meta itemprop=\"width\" content=\"2048\" \/>\n\t\t\t<meta itemprop=\"height\" content=\"1365\" \/>\n\t\t\t\t<a\n\t\t\thref=\"https:\/\/portage.ca\/wp-content\/uploads\/2023\/02\/20221202_Portage_0109-1024x683.jpg\"\n\t\t\t\t\t\tdata-fancybox=\"images\" \n\t\t\ttitle=\"20221202_Portage_0109\" \n\t\t\t\t\t\tdata-description=\"\" \n\t\t\titemprop=\"contentUrl\">\n\t\t\t<img loading=\"lazy\" decoding=\"async\" src=\"https:\/\/portage.ca\/wp-content\/uploads\/2023\/02\/20221202_Portage_0109.jpg\" alt=\"\" data-no-lazy=\"1\" itemprop=\"thumbnail\" width=\"2048\" height=\"1365\" \/>\n\t\t\t<!-- Overlay Wrapper -->\n\t\t\t <!-- Overlay Wrapper Closed -->\n\t\t\t\t<\/a>\n\t\t\t\t\t\t\t<meta itemprop=\"width\" content=\"2048\" \/>\n\t\t\t<meta itemprop=\"height\" content=\"1365\" \/>\n\t\t\t\t<a\n\t\t\thref=\"https:\/\/portage.ca\/wp-content\/uploads\/2023\/02\/20221202_Portage_0056-1024x683.jpg\"\n\t\t\t\t\t\tdata-fancybox=\"images\" \n\t\t\ttitle=\"20221202_Portage_0056\" \n\t\t\t\t\t\tdata-description=\"\" \n\t\t\titemprop=\"contentUrl\">\n\t\t\t<img loading=\"lazy\" decoding=\"async\" src=\"https:\/\/portage.ca\/wp-content\/uploads\/2023\/02\/20221202_Portage_0056.jpg\" alt=\"\" data-no-lazy=\"1\" itemprop=\"thumbnail\" width=\"2048\" height=\"1365\" \/>\n\t\t\t<!-- Overlay Wrapper -->\n\t\t\t <!-- Overlay Wrapper Closed -->\n\t\t\t\t<\/a>\n\t\t\t\t\t\t\t<meta itemprop=\"width\" content=\"2048\" \/>\n\t\t\t<meta itemprop=\"height\" content=\"1365\" \/>\n\t\t\t\t<a\n\t\t\thref=\"https:\/\/portage.ca\/wp-content\/uploads\/2023\/02\/20221202_Portage_0111-1024x683.jpg\"\n\t\t\t\t\t\tdata-fancybox=\"images\" \n\t\t\ttitle=\"20221202_Portage_0111\" \n\t\t\t\t\t\tdata-description=\"\" \n\t\t\titemprop=\"contentUrl\">\n\t\t\t<img loading=\"lazy\" decoding=\"async\" src=\"https:\/\/portage.ca\/wp-content\/uploads\/2023\/02\/20221202_Portage_0111.jpg\" alt=\"\" data-no-lazy=\"1\" itemprop=\"thumbnail\" width=\"2048\" height=\"1365\" \/>\n\t\t\t<!-- Overlay Wrapper -->\n\t\t\t <!-- Overlay Wrapper Closed -->\n\t\t\t\t<\/a>\n\t\t\t\t\t\t\t<meta itemprop=\"width\" content=\"2048\" \/>\n\t\t\t<meta itemprop=\"height\" content=\"1365\" \/>\n\t\t\t\t<a\n\t\t\thref=\"https:\/\/portage.ca\/wp-content\/uploads\/2023\/02\/20221202_Portage_0068-1024x683.jpg\"\n\t\t\t\t\t\tdata-fancybox=\"images\" \n\t\t\ttitle=\"20221202_Portage_0068\" \n\t\t\t\t\t\tdata-description=\"\" \n\t\t\titemprop=\"contentUrl\">\n\t\t\t<img loading=\"lazy\" decoding=\"async\" src=\"https:\/\/portage.ca\/wp-content\/uploads\/2023\/02\/20221202_Portage_0068.jpg\" alt=\"\" data-no-lazy=\"1\" itemprop=\"thumbnail\" width=\"2048\" height=\"1365\" \/>\n\t\t\t<!-- Overlay Wrapper -->\n\t\t\t <!-- Overlay Wrapper Closed -->\n\t\t\t\t<\/a>\n\t\t\t\t\t\t\t<meta itemprop=\"width\" content=\"2048\" \/>\n\t\t\t<meta itemprop=\"height\" content=\"1365\" \/>\n\t\t\t\t<a\n\t\t\thref=\"https:\/\/portage.ca\/wp-content\/uploads\/2023\/02\/20221202_Portage_0160-1024x683.jpg\"\n\t\t\t\t\t\tdata-fancybox=\"images\" \n\t\t\ttitle=\"20221202_Portage_0160\" \n\t\t\t\t\t\tdata-description=\"\" \n\t\t\titemprop=\"contentUrl\">\n\t\t\t<img loading=\"lazy\" decoding=\"async\" src=\"https:\/\/portage.ca\/wp-content\/uploads\/2023\/02\/20221202_Portage_0160.jpg\" alt=\"\" data-no-lazy=\"1\" itemprop=\"thumbnail\" width=\"2048\" height=\"1365\" \/>\n\t\t\t<!-- Overlay Wrapper -->\n\t\t\t <!-- Overlay Wrapper Closed -->\n\t\t\t\t<\/a>\n\t\t\t\t\t\t\t<meta itemprop=\"width\" content=\"2048\" \/>\n\t\t\t<meta itemprop=\"height\" content=\"1365\" \/>\n\t\t\t\t<a\n\t\t\thref=\"https:\/\/portage.ca\/wp-content\/uploads\/2023\/02\/20221202_Portage_0124-1024x683.jpg\"\n\t\t\t\t\t\tdata-fancybox=\"images\" \n\t\t\ttitle=\"20221202_Portage_0124\" \n\t\t\t\t\t\tdata-description=\"\" \n\t\t\titemprop=\"contentUrl\">\n\t\t\t<img loading=\"lazy\" decoding=\"async\" src=\"https:\/\/portage.ca\/wp-content\/uploads\/2023\/02\/20221202_Portage_0124.jpg\" alt=\"\" data-no-lazy=\"1\" itemprop=\"thumbnail\" width=\"2048\" height=\"1365\" \/>\n\t\t\t<!-- Overlay Wrapper -->\n\t\t\t <!-- Overlay Wrapper Closed -->\n\t\t\t\t<\/a>\n\t\t\t\t\t\t\t<meta itemprop=\"width\" content=\"2048\" \/>\n\t\t\t<meta itemprop=\"height\" content=\"1365\" \/>\n\t\t\t\t<a\n\t\t\thref=\"https:\/\/portage.ca\/wp-content\/uploads\/2023\/02\/20221202_Portage_0101-1024x683.jpg\"\n\t\t\t\t\t\tdata-fancybox=\"images\" \n\t\t\ttitle=\"20221202_Portage_0101\" \n\t\t\t\t\t\tdata-description=\"\" \n\t\t\titemprop=\"contentUrl\">\n\t\t\t<img loading=\"lazy\" decoding=\"async\" src=\"https:\/\/portage.ca\/wp-content\/uploads\/2023\/02\/20221202_Portage_0101.jpg\" alt=\"\" data-no-lazy=\"1\" itemprop=\"thumbnail\" width=\"2048\" height=\"1365\" \/>\n\t\t\t<!-- Overlay Wrapper -->\n\t\t\t <!-- Overlay Wrapper Closed -->\n\t\t\t\t<\/a>\n\t\t\t\t\t\t\t<meta itemprop=\"width\" content=\"2048\" \/>\n\t\t\t<meta itemprop=\"height\" content=\"1365\" \/>\n\t\t\t\t<a\n\t\t\thref=\"https:\/\/portage.ca\/wp-content\/uploads\/2023\/02\/20221202_Portage_0066-1024x683.jpg\"\n\t\t\t\t\t\tdata-fancybox=\"images\" \n\t\t\ttitle=\"20221202_Portage_0066\" \n\t\t\t\t\t\tdata-description=\"\" \n\t\t\titemprop=\"contentUrl\">\n\t\t\t<img loading=\"lazy\" decoding=\"async\" src=\"https:\/\/portage.ca\/wp-content\/uploads\/2023\/02\/20221202_Portage_0066.jpg\" alt=\"\" data-no-lazy=\"1\" itemprop=\"thumbnail\" width=\"2048\" height=\"1365\" \/>\n\t\t\t<!-- Overlay Wrapper -->\n\t\t\t <!-- Overlay Wrapper Closed -->\n\t\t\t\t<\/a>\n\t\t\t\t\t\t\t<meta itemprop=\"width\" content=\"2048\" \/>\n\t\t\t<meta itemprop=\"height\" content=\"1365\" \/>\n\t\t\t\t<a\n\t\t\thref=\"https:\/\/portage.ca\/wp-content\/uploads\/2023\/02\/20221202_Portage_0073-1024x683.jpg\"\n\t\t\t\t\t\tdata-fancybox=\"images\" \n\t\t\ttitle=\"20221202_Portage_0073\" \n\t\t\t\t\t\tdata-description=\"\" \n\t\t\titemprop=\"contentUrl\">\n\t\t\t<img loading=\"lazy\" decoding=\"async\" src=\"https:\/\/portage.ca\/wp-content\/uploads\/2023\/02\/20221202_Portage_0073.jpg\" alt=\"\" data-no-lazy=\"1\" itemprop=\"thumbnail\" width=\"2048\" height=\"1365\" \/>\n\t\t\t<!-- Overlay Wrapper -->\n\t\t\t <!-- Overlay Wrapper Closed -->\n\t\t\t\t<\/a>\n\t\t\t\t\t\t\t<meta itemprop=\"width\" content=\"2048\" \/>\n\t\t\t<meta itemprop=\"height\" content=\"1365\" \/>\n\t\t\t\t<a href=\"#\">Voir toutes les photos<\/a>\n\t\t\t\t\t\t\n","protected":false},"excerpt":{"rendered":"<p>Notre programme M\u00e8re-enfant permet aux m\u00e8res d&rsquo;amorcer une th\u00e9rapie en r\u00e9adaptation tout en conservant la proximit\u00e9 avec leurs enfants. Au cours de la journ\u00e9e, pendant que les femmes s&rsquo;investissent dans une d\u00e9marche pour reprendre le contr\u00f4le de leur vie, leurs enfants fr\u00e9quentent La Ribambelle, la garderie subventionn\u00e9e de Portage. Les services de La Ribambelle sont&#8230;  <a href=\"https:\/\/portage.ca\/fr\/quebec\/mere-enfant\/service-garde\/\" class=\"more-link\" title=\"Read Garderie La Ribambelle\">Read more &raquo;<\/a><\/p>\n","protected":false},"author":10,"featured_media":35240,"parent":7216,"menu_order":0,"comment_status":"closed","ping_status":"closed","template":"","meta":{"_acf_changed":false,"footnotes":"","_links_to":"","_links_to_target":""},"class_list":["post-14987","page","type-page","status-publish","has-post-thumbnail","hentry"],"acf":[],"_links":{"self":[{"href":"https:\/\/portage.ca\/fr\/wp-json\/wp\/v2\/pages\/14987","targetHints":{"allow":["GET"]}}],"collection":[{"href":"https:\/\/portage.ca\/fr\/wp-json\/wp\/v2\/pages"}],"about":[{"href":"https:\/\/portage.ca\/fr\/wp-json\/wp\/v2\/types\/page"}],"author":[{"embeddable":true,"href":"https:\/\/portage.ca\/fr\/wp-json\/wp\/v2\/users\/10"}],"replies":[{"embeddable":true,"href":"https:\/\/portage.ca\/fr\/wp-json\/wp\/v2\/comments?post=14987"}],"version-history":[{"count":15,"href":"https:\/\/portage.ca\/fr\/wp-json\/wp\/v2\/pages\/14987\/revisions"}],"predecessor-version":[{"id":39804,"href":"https:\/\/portage.ca\/fr\/wp-json\/wp\/v2\/pages\/14987\/revisions\/39804"}],"up":[{"embeddable":true,"href":"https:\/\/portage.ca\/fr\/wp-json\/wp\/v2\/pages\/7216"}],"wp:featuredmedia":[{"embeddable":true,"href":"https:\/\/portage.ca\/fr\/wp-json\/wp\/v2\/media\/35240"}],"wp:attachment":[{"href":"https:\/\/portage.ca\/fr\/wp-json\/wp\/v2\/media?parent=14987"}],"curies":[{"name":"wp","href":"https:\/\/api.w.org\/{rel}","templated":true}]}}