{"id":14446,"date":"2016-06-02T10:20:56","date_gmt":"2016-06-02T15:20:56","guid":{"rendered":"http:\/\/portage.dev.luminafx.com\/fr\/?page_id=14446"},"modified":"2022-07-29T10:45:18","modified_gmt":"2022-07-29T15:45:18","slug":"benevoles","status":"publish","type":"page","link":"https:\/\/portage.ca\/fr\/atlantique\/fondation\/benevoles\/","title":{"rendered":"Les activit\u00e9s des b\u00e9n\u00e9voles de Portage Atlantique"},"content":{"rendered":"\n\n\t\t\t\t<img loading=\"lazy\" decoding=\"async\" src=\"https:\/\/portage.ca\/wp-content\/uploads\/2016\/04\/volunteer-appreciation-1024x768.jpg\" alt=\"volunteer appreciation - Portage Atlantic\" itemprop=\"image\" height=\"435\" width=\"580\" title=\"volunteer appreciation - Portage Atlantic\" onerror=\"this.style.display='none'\"  \/>\n\t<p class=\"lead\"><a href=\"\/?page_id=7196\">Portage Atlantique<\/a> a la chance de travailler avec un groupe de b\u00e9n\u00e9voles d\u00e9vou\u00e9, qui, \u00e0 force de travail acharn\u00e9 et de d\u00e9termination, a aid\u00e9 bon nombre de jeunes de l&rsquo;Atlantique aux prises avec un probl\u00e8me de toxicomanie \u00e0 vaincre leur d\u00e9pendance et \u00e0 devenir des membres actifs au sein de la soci\u00e9t\u00e9.<\/p>\n<p>Les activit\u00e9s continues des b\u00e9n\u00e9voles incluent\u00a0:<\/p>\n<ul>\n<li>Une f\u00eate de No\u00ebl annuelle au centre de Portage Atlantique, prise en charge par le Club Lions<\/li>\n<li>Une f\u00eate de reconnaissance des b\u00e9n\u00e9voles au centre de Portage Atlantique<\/li>\n<\/ul>\n<p>Merci \u00e0 tous nos b\u00e9n\u00e9voles, qui, gr\u00e2ce \u00e0 leurs efforts, ont fait du <a href=\"\/fr\/atlantique\/adolescents\/\">centre de r\u00e9adaptation en toxicomanie<\/a> de Portage Atlantique \u00e0 Cassidy Lake ce qu&rsquo;il est aujourd&rsquo;hui.<\/p>\n\n","protected":false},"excerpt":{"rendered":"<p>Portage Atlantique a la chance de travailler avec un groupe de b\u00e9n\u00e9voles d\u00e9vou\u00e9, qui, \u00e0 force de travail acharn\u00e9 et de d\u00e9termination, a aid\u00e9 bon nombre de jeunes de l&rsquo;Atlantique aux prises avec un probl\u00e8me de toxicomanie \u00e0 vaincre leur d\u00e9pendance et \u00e0 devenir des membres actifs au sein de la soci\u00e9t\u00e9. Les activit\u00e9s continues&#8230;  <a href=\"https:\/\/portage.ca\/fr\/atlantique\/fondation\/benevoles\/\" class=\"more-link\" title=\"Read Les activit\u00e9s des b\u00e9n\u00e9voles de Portage Atlantique\">Read more &raquo;<\/a><\/p>\n","protected":false},"author":10,"featured_media":10157,"parent":12649,"menu_order":0,"comment_status":"closed","ping_status":"closed","template":"","meta":{"_acf_changed":false,"footnotes":"","_links_to":"","_links_to_target":""},"class_list":["post-14446","page","type-page","status-publish","has-post-thumbnail","hentry"],"acf":[],"_links":{"self":[{"href":"https:\/\/portage.ca\/fr\/wp-json\/wp\/v2\/pages\/14446","targetHints":{"allow":["GET"]}}],"collection":[{"href":"https:\/\/portage.ca\/fr\/wp-json\/wp\/v2\/pages"}],"about":[{"href":"https:\/\/portage.ca\/fr\/wp-json\/wp\/v2\/types\/page"}],"author":[{"embeddable":true,"href":"https:\/\/portage.ca\/fr\/wp-json\/wp\/v2\/users\/10"}],"replies":[{"embeddable":true,"href":"https:\/\/portage.ca\/fr\/wp-json\/wp\/v2\/comments?post=14446"}],"version-history":[{"count":1,"href":"https:\/\/portage.ca\/fr\/wp-json\/wp\/v2\/pages\/14446\/revisions"}],"predecessor-version":[{"id":29642,"href":"https:\/\/portage.ca\/fr\/wp-json\/wp\/v2\/pages\/14446\/revisions\/29642"}],"up":[{"embeddable":true,"href":"https:\/\/portage.ca\/fr\/wp-json\/wp\/v2\/pages\/12649"}],"wp:featuredmedia":[{"embeddable":true,"href":"https:\/\/portage.ca\/fr\/wp-json\/wp\/v2\/media\/10157"}],"wp:attachment":[{"href":"https:\/\/portage.ca\/fr\/wp-json\/wp\/v2\/media?parent=14446"}],"curies":[{"name":"wp","href":"https:\/\/api.w.org\/{rel}","templated":true}]}}