{"id":13919,"date":"2011-04-05T04:00:00","date_gmt":"2011-04-05T09:00:00","guid":{"rendered":"http:\/\/portage.dev.luminafx.com\/fr\/portage-ca-sitemap\/"},"modified":"2026-02-05T15:14:11","modified_gmt":"2026-02-05T20:14:11","slug":"plan-du-site","status":"publish","type":"page","link":"https:\/\/portage.ca\/fr\/plan-du-site\/","title":{"rendered":"Plan du site"},"content":{"rendered":"\n\n\t\t<h3>Pages<\/h3><ul><li><a href=\"https:\/\/portage.ca\/fr\/a-propos\/\">\u00c0 propos<\/a><ul class='children'><li><a href=\"https:\/\/portage.ca\/fr\/a-propos\/besoin-traitement-readaptation-toxicomanie\/\">Besoin d&rsquo;un traitement de r\u00e9adaptation en toxicomanie?<\/a><\/li><li><a href=\"https:\/\/portage.ca\/fr\/a-propos\/gouvernance\/\">Gouvernance<\/a><\/li><li><a href=\"https:\/\/portage.ca\/fr\/a-propos\/historique\/\">Historique<\/a><\/li><li><a href=\"https:\/\/portage.ca\/fr\/a-propos\/ethique-confidentialite\/\">L&rsquo;\u00e9thique et la confidentialit\u00e9<\/a><\/li><li><a href=\"https:\/\/portage.ca\/fr\/a-propos\/rapports-annuels-et-etats-financiers\/\">Rapports annuels et \u00e9tats financiers<\/a><\/li><li><a href=\"https:\/\/portage.ca\/fr\/a-propos\/toxicomanie-questionnaire\/\">Souffrez-vous d&rsquo;un probl\u00e8me de d\u00e9pendance \u00e0 la drogue? Questionnaire<\/a><\/li><\/ul><\/li><li><a href=\"https:\/\/portage.ca\/fr\/\">Accueil<\/a><\/li><li><a href=\"https:\/\/portage.ca\/fr\/activites-culturelles-recreatives\/\">Activit\u00e9s socioculturelles<\/a><\/li><li><a href=\"https:\/\/portage.ca\/fr\/atlantique\/\">Atlantique<\/a><ul class='children'><li><a href=\"https:\/\/portage.ca\/fr\/atlantique\/fondation-atlantique\/\">La Fondation Portage en Atlantique<\/a><\/li><li><a href=\"https:\/\/portage.ca\/fr\/atlantique\/programme-soutien-communautaire-moncton-portage-atlantique\/\">Programme de soutien communautaire \u00e0 Moncton de Portage Atlantique<\/a><\/li><li><a href=\"https:\/\/portage.ca\/fr\/atlantique\/programme-pour-adolescents-et-jeunes-adultes-en-atlantique\/\">Programme pour adolescents et jeunes adultes en Atlantique<\/a><\/li><\/ul><\/li><li><a href=\"https:\/\/portage.ca\/fr\/blogue\/\">Blogue<\/a><ul class='children'><li><a href=\"https:\/\/portage.ca\/fr\/blogue\/categorie-blogue\/\">Blogue &#8211; Cat\u00e9gorie Blogue<\/a><\/li><li><a href=\"https:\/\/portage.ca\/fr\/blogue\/categorie-nouvelles\/\">Blogue &#8211; Cat\u00e9gorie Nouvelles<\/a><\/li><li><a href=\"https:\/\/portage.ca\/fr\/blogue\/blogue-categorie-temoignages\/\">Blogue &#8211; Cat\u00e9gorie T\u00e9moignages<\/a><\/li><\/ul><\/li><li><a href=\"https:\/\/portage.ca\/fr\/emploi-toxicomanie\/\">Carri\u00e8re<\/a><\/li><li><a href=\"https:\/\/portage.ca\/fr\/centre-medias\/\">Centre des m\u00e9dias<\/a><\/li><li><a href=\"https:\/\/portage.ca\/fr\/contact\/\">Contact<\/a><ul class='children'><li><a href=\"https:\/\/portage.ca\/fr\/contact\/assistance-immediate\/\">Pour une assistance imm\u00e9diate<\/a><\/li><\/ul><\/li><li><a href=\"https:\/\/portage.ca\/fr\/contact-ados\/\">Contact &#8211; J&rsquo;ai besoin d&rsquo;aide<\/a><\/li><li><a href=\"https:\/\/portage.ca\/fr\/dossier-special-cannabis-2\/\">Dossier sp\u00e9cial cannabis<\/a><\/li><li><a href=\"https:\/\/portage.ca\/fr\/approche-therapeutique\/\">L&rsquo;approche th\u00e9rapeutique<\/a><\/li><li><a href=\"https:\/\/portage.ca\/fr\/soiree-grands-philanthropes\/\">La Soir\u00e9e des Grands Philanthropes<\/a><\/li><li><a href=\"https:\/\/portage.ca\/fr\/competences\/\">Les 21 comp\u00e9tences<\/a><\/li><li><a href=\"https:\/\/portage.ca\/fr\/quebec\/\">Qu\u00e9bec<\/a><ul class='children'><li><a href=\"https:\/\/portage.ca\/fr\/quebec\/centre-formation-emploi\/\">Centre de formation \u00e0 l&#8217;emploi de Portage \u00e0 Qu\u00e9bec<\/a><\/li><li><a href=\"https:\/\/portage.ca\/fr\/quebec\/programme-adultes\/\">Centre de th\u00e9rapie en toxicomanie pour adultes<\/a><\/li><li><a href=\"https:\/\/portage.ca\/fr\/quebec\/fondation-quebec\/\">Fondation Portage au Qu\u00e9bec<\/a><\/li><li><a href=\"https:\/\/portage.ca\/fr\/quebec\/centre-jour-adultes\/\">Programme externe pour adultes \u00e0 Qu\u00e9bec<\/a><\/li><li><a href=\"https:\/\/portage.ca\/fr\/quebec\/mere-enfant\/\">Programme m\u00e8re-enfant<\/a><ul class='children'><li><a href=\"https:\/\/portage.ca\/fr\/quebec\/mere-enfant\/service-garde\/\">Garderie La Ribambelle<\/a><\/li><\/ul><\/li><li><a href=\"https:\/\/portage.ca\/fr\/quebec\/programme-adolescents-francais-ouest\/\">Programme pour adolescents et jeunes adultes, Laurentides<\/a><\/li><li><a href=\"https:\/\/portage.ca\/fr\/quebec\/sante-mentale-et-dependance\/\">Programme sant\u00e9 mentale et d\u00e9pendance<\/a><\/li><li><a href=\"https:\/\/portage.ca\/fr\/quebec\/programmes-formation-emploi\/\">Programmes de formation \u00e0 l&#8217;emploi<\/a><\/li><li><a href=\"https:\/\/portage.ca\/fr\/quebec\/programme-adolescents-francais-est\/\">R\u00e9adaptation en toxicomanie pour adolescents et jeunes adultes<\/a><ul class='children'><li><a href=\"https:\/\/portage.ca\/fr\/quebec\/programme-adolescents-francais-est\/ecole-envol\/\">L&rsquo;\u00e9cole l&rsquo;Envol<\/a><\/li><\/ul><\/li><\/ul><\/li><li><a href=\"https:\/\/portage.ca\/fr\/rapport-annuel-2024-2025\/\">Rapport annuel 2024 &#8211; 2025<\/a><\/li><li><a href=\"https:\/\/portage.ca\/fr\/ressources-pour-intervenants\/\">Ressources pour intervenants &#8211; Comprendre et pr\u00e9venir la d\u00e9pendance chez les jeunes<\/a><\/li><li><a href=\"https:\/\/portage.ca\/fr\/soiree-des-grands-philanthropes\/\">Soir\u00e9e des Grands Philanthropes<\/a><\/li><li><a href=\"https:\/\/portage.ca\/fr\/terme-et-usages\/\">Termes et usages<\/a><\/li><li><a href=\"https:\/\/portage.ca\/fr\/toxicomalpris\/\">ToxicoMalpris<\/a><\/li><li><a href=\"https:\/\/portage.ca\/fr\/vaincre-la-toxicomanie\/\">Vaincre la toxicomanie<\/a><\/li><li><a href=\"https:\/\/portage.ca\/fr\/services\/ecole\/\">\u00c9cole sur place<\/a><\/li><li><a href=\"https:\/\/portage.ca\/fr\/services\/appartements-supervises\/\">Habitations communautaires<\/a><\/li><li><a href=\"https:\/\/portage.ca\/fr\/services\/securite-assurance-qualite\/\">La s\u00e9curit\u00e9 et l&rsquo;assurance de la qualit\u00e9<\/a><\/li><li><a href=\"https:\/\/portage.ca\/fr\/services\/programmes-adolescents\/\">Programmes pour adolescents<\/a><\/li><li><a href=\"https:\/\/portage.ca\/fr\/services\/reinsertion-sociale\/\">R\u00e9insertion sociale<\/a><\/li><li><a href=\"https:\/\/portage.ca\/fr\/services\/famille\/\">Services de soutien : entourage, famille et toxicomanie<\/a><\/li><\/ul>\t\n\n","protected":false},"excerpt":{"rendered":"<p>Pages \u00c0 propos Besoin d&rsquo;un traitement de r\u00e9adaptation en toxicomanie? Gouvernance Historique L&rsquo;\u00e9thique et la confidentialit\u00e9 Rapports annuels et \u00e9tats financiers Souffrez-vous d&rsquo;un probl\u00e8me de d\u00e9pendance \u00e0 la drogue? Questionnaire Accueil Activit\u00e9s socioculturelles Atlantique La Fondation Portage en Atlantique Programme de soutien communautaire \u00e0 Moncton de Portage Atlantique Programme pour adolescents et jeunes adultes en&#8230;  <a href=\"https:\/\/portage.ca\/fr\/plan-du-site\/\" class=\"more-link\" title=\"Read Plan du site\">Read more &raquo;<\/a><\/p>\n","protected":false},"author":13,"featured_media":10157,"parent":0,"menu_order":130,"comment_status":"closed","ping_status":"open","template":"page-full-fixed-width.php","meta":{"_acf_changed":false,"footnotes":"","_links_to":"","_links_to_target":""},"class_list":["post-13919","page","type-page","status-publish","has-post-thumbnail","hentry"],"acf":[],"_links":{"self":[{"href":"https:\/\/portage.ca\/fr\/wp-json\/wp\/v2\/pages\/13919","targetHints":{"allow":["GET"]}}],"collection":[{"href":"https:\/\/portage.ca\/fr\/wp-json\/wp\/v2\/pages"}],"about":[{"href":"https:\/\/portage.ca\/fr\/wp-json\/wp\/v2\/types\/page"}],"author":[{"embeddable":true,"href":"https:\/\/portage.ca\/fr\/wp-json\/wp\/v2\/users\/13"}],"replies":[{"embeddable":true,"href":"https:\/\/portage.ca\/fr\/wp-json\/wp\/v2\/comments?post=13919"}],"version-history":[{"count":7,"href":"https:\/\/portage.ca\/fr\/wp-json\/wp\/v2\/pages\/13919\/revisions"}],"predecessor-version":[{"id":47577,"href":"https:\/\/portage.ca\/fr\/wp-json\/wp\/v2\/pages\/13919\/revisions\/47577"}],"wp:featuredmedia":[{"embeddable":true,"href":"https:\/\/portage.ca\/fr\/wp-json\/wp\/v2\/media\/10157"}],"wp:attachment":[{"href":"https:\/\/portage.ca\/fr\/wp-json\/wp\/v2\/media?parent=13919"}],"curies":[{"name":"wp","href":"https:\/\/api.w.org\/{rel}","templated":true}]}}