{"id":13257,"date":"2016-02-15T05:20:32","date_gmt":"2016-02-15T10:20:32","guid":{"rendered":"http:\/\/portage.dev.luminafx.com\/?page_id=13257&#038;lang=fr"},"modified":"2026-03-11T13:00:08","modified_gmt":"2026-03-11T18:00:08","slug":"accueil-2","status":"publish","type":"page","link":"https:\/\/portage.ca\/fr\/","title":{"rendered":"Accueil"},"content":{"rendered":"\n\n<h1><strong>VAINCRE LA<\/strong><br \/>\n<strong>TOXICOMANIE<\/strong><\/h1>\n\tProgramme de r\u00e9adaptation, bas\u00e9e sur<br \/>\nla communaut\u00e9 th\u00e9rapeutique, <strong>gratuit<\/strong>.\n\t<p class=\"lead\"><a href=\"https:\/\/portage.ca\/fr\/a-propos\/besoin-traitement-readaptation-toxicomanie\/\">J&rsquo;ai besoin d&rsquo;aide <\/a><\/p>\n<h2>\n\t\t\tReprends ta vie en main\t<\/h2>\n\t<p>Du temps, de la patience et beaucoup d&rsquo;efforts sont n\u00e9cessaires, mais tu peux le faire. Tu es capable de vaincre tes probl\u00e8mes de d\u00e9pendance.<\/p>\n<p>Toi seul peux le faire, mais tu ne peux le faire seul. Chez Portage, tu seras entour\u00e9 d&rsquo;une communaut\u00e9 de personnes qui partagent le m\u00eame objectif que toi, et vous vous aiderez mutuellement \u00e0 l&rsquo;atteindre.<\/p>\n<blockquote><p><em>Portage : \u00ab trouver une fa\u00e7on de contourner un obstacle pour continuer le parcours \u00bb<\/em><\/p><\/blockquote>\n\t<iframe allowfullscreen allow=\"autoplay\" data-src=\"https:\/\/player.vimeo.com\/video\/1101330466?color&amp;autopause=0&amp;loop=0&amp;muted=0&amp;title=0&amp;portrait=0&amp;byline=0&amp;h&amp;share=copy\"><\/iframe>\t\t\n\t\t\t\t\tPlay Video\n<h2>\n\t\t<a href=\"\/?page_id=6832\" title=\"NOS PROGRAMMES\"  target=\"_blank\"  rel=\"noopener\">\n\t\t\tNOS PROGRAMMES\t\t<\/a>\n\t<\/h2>\n\t\t<figure itemscope itemtype=\"https:\/\/schema.org\/ImageObject\">\n\t\t\t\t<a href=\"https:\/\/portage.ca\/fr\/services\/programmes-adolescents\/\"  target=\"_self\" itemprop=\"url\">\n\t\t\t\t<img decoding=\"async\" src=\"https:\/\/portage.ca\/wp-content\/uploads\/2025\/08\/Ados.png\" alt=\"Ados\" height=\"224\" width=\"220\" title=\"Ados\" onerror=\"this.style.display='none'\" loading=\"lazy\" \/>\n\t\t\t\t<\/a>\n\t<\/figure>\n<h3><a href=\"https:\/\/portage.ca\/fr\/services\/programmes-adolescents\/\" target=\"_self\">Adolescents<\/a><\/h3>\t\n\t\t<figure itemscope itemtype=\"https:\/\/schema.org\/ImageObject\">\n\t\t\t\t<a href=\"https:\/\/portage.ca\/fr\/quebec\/adultes\/\"  target=\"_self\" itemprop=\"url\">\n\t\t\t\t<img decoding=\"async\" src=\"https:\/\/portage.ca\/wp-content\/uploads\/2025\/08\/Adultes.png\" alt=\"Adultes\" height=\"224\" width=\"220\" title=\"Adultes\" onerror=\"this.style.display='none'\" loading=\"lazy\" \/>\n\t\t\t\t<\/a>\n\t<\/figure>\n<h3><a href=\"https:\/\/portage.ca\/fr\/quebec\/adultes\/\" target=\"_self\">Adultes<\/a><\/h3>\t\n\t\t<figure itemscope itemtype=\"https:\/\/schema.org\/ImageObject\">\n\t\t\t\t<a href=\"\/fr\/quebec\/mere-enfant\/\"  target=\"_self\" itemprop=\"url\">\n\t\t\t\t<img decoding=\"async\" src=\"https:\/\/portage.ca\/wp-content\/uploads\/2025\/08\/Mere-enfant.png\" alt=\"M\u00e8re-enfant\" height=\"224\" width=\"220\" title=\"M\u00e8re-enfant\" onerror=\"this.style.display='none'\" loading=\"lazy\" \/>\n\t\t\t\t<\/a>\n\t<\/figure>\n<h3><a href=\"\/fr\/quebec\/mere-enfant\/\" target=\"_self\">M\u00e8re-enfant<\/a><\/h3>\t\n\t\t<figure itemscope itemtype=\"https:\/\/schema.org\/ImageObject\">\n\t\t\t\t<a href=\"https:\/\/portage.ca\/fr\/quebec\/sante-mentale-et-dependance\/\"  target=\"_self\" itemprop=\"url\">\n\t\t\t\t<img decoding=\"async\" src=\"https:\/\/portage.ca\/wp-content\/uploads\/2025\/08\/Sante-mentale.png\" alt=\"Sant\u00e9 mentale\" height=\"224\" width=\"220\" title=\"Sant\u00e9 mentale\" onerror=\"this.style.display='none'\" loading=\"lazy\" \/>\n\t\t\t\t<\/a>\n\t<\/figure>\n<h3><a href=\"https:\/\/portage.ca\/fr\/quebec\/sante-mentale-et-dependance\/\" target=\"_self\">Sant\u00e9 Mentale<\/a><\/h3>\t\n\t\t<figure itemscope itemtype=\"https:\/\/schema.org\/ImageObject\">\n\t\t\t\t<a href=\"https:\/\/portage.ca\/fr\/quebec\/centre-jour-adultes\/\"  target=\"_self\" itemprop=\"url\">\n\t\t\t\t<img decoding=\"async\" src=\"https:\/\/portage.ca\/wp-content\/uploads\/2025\/08\/Centre-de-jour.png\" alt=\"Centre de jour\" height=\"224\" width=\"220\" title=\"Centre de jour\" onerror=\"this.style.display='none'\" loading=\"lazy\" \/>\n\t\t\t\t<\/a>\n\t<\/figure>\n<h3><a href=\"https:\/\/portage.ca\/fr\/quebec\/centre-jour-adultes\/\" target=\"_self\">Centre de jour<\/a><\/h3>\t\n\t\t<figure itemscope itemtype=\"https:\/\/schema.org\/ImageObject\">\n\t\t\t\t<a href=\"\/fr\/quebec\/programmes-formation-emploi\/\"  target=\"_self\" itemprop=\"url\">\n\t\t\t\t<img decoding=\"async\" src=\"https:\/\/portage.ca\/wp-content\/uploads\/2025\/08\/Centre-conseil.png\" alt=\"Centre-conseil\" height=\"224\" width=\"220\" title=\"Centre-conseil\" onerror=\"this.style.display='none'\" loading=\"lazy\" \/>\n\t\t\t\t<\/a>\n\t<\/figure>\n<h3><a href=\"\/fr\/quebec\/programmes-formation-emploi\/\" target=\"_self\">Centre-conseil  en emploi<\/a><\/h3>\t\n<h2>\n\t\t<a href=\"#\" title=\"T\u00c9MOIGNAGES\"  target=\"_blank\"  rel=\"noopener\">\n\t\t\tT\u00c9MOIGNAGES\t\t<\/a>\n\t<\/h2>\n\t<iframe allowfullscreen allow=\"autoplay\" data-src=\"https:\/\/player.vimeo.com\/video\/637509145?color&amp;autopause=0&amp;loop=0&amp;muted=0&amp;title=0&amp;portrait=0&amp;byline=0&amp;h&amp;share=copy\"><\/iframe>\t\t\n\t\t\t\t\tPlay Video\n\t<iframe allowfullscreen allow=\"autoplay\" data-src=\"https:\/\/player.vimeo.com\/video\/739666340?color&amp;autopause=0&amp;loop=0&amp;muted=0&amp;title=0&amp;portrait=0&amp;byline=0&amp;h&amp;share=copy\"><\/iframe>\t\t\n\t\t\t\t\tPlay Video\n\t\t\t<a href=\"\/fr\/centre-medias\/temoignages\/\"  target=\"_self\">\n\t\t\t\t\t\t\tEn Voir plus\n\t\t\t\t\t<\/a>\n<figure itemscope itemtype=\"https:\/\/schema.org\/ImageObject\">\n\t\t\t\t<img decoding=\"async\" src=\"https:\/\/portage.ca\/wp-content\/uploads\/2025\/10\/Webinar-Ads-2024-Social-Media-Post-1.png\" alt=\"Webinar Ads 2024 (Social Media Post) (1)\" height=\"900\" width=\"1700\" title=\"Webinar Ads 2024 (Social Media Post) (1)\" onerror=\"this.style.display='none'\" loading=\"lazy\" \/>\n\t<\/figure>\n<h2>\n\t\t\tVous travaillez aupr\u00e8s de jeunes?\t<\/h2>\n\t<p>Nous avons rassembl\u00e9 des ressources sp\u00e9cialement con\u00e7ues pour les intervenants : capsules vid\u00e9o, articles, webinaires et plus encore, pour vous soutenir dans votre pratique.<\/p>\n\t<p><a href=\"https:\/\/portage.ca\/fr\/ressources-pour-intervenants\/\">Acc\u00e9der aux ressources<\/a><\/p>\n<h2>\n\t\t\tBLOGUE\t<\/h2>\n\t\t\t<a href=\"https:\/\/portage.ca\/fr\/blogue\/categorie-blogue\/\"  target=\"_self\">\n\t\t\t\t\t\t\tEn Voir plus\n\t\t\t\t\t<\/a>\n\n","protected":false},"excerpt":{"rendered":"<p>VAINCRE LA TOXICOMANIE Programme de r\u00e9adaptation, bas\u00e9e sur la communaut\u00e9 th\u00e9rapeutique, gratuit. J&rsquo;ai besoin d&rsquo;aide Reprends ta vie en main Du temps, de la patience et beaucoup d&rsquo;efforts sont n\u00e9cessaires, mais tu peux le faire. Tu es capable de vaincre tes probl\u00e8mes de d\u00e9pendance. Toi seul peux le faire, mais tu ne peux le faire&#8230;  <a href=\"https:\/\/portage.ca\/fr\/\" class=\"more-link\" title=\"Read Accueil\">Read more &raquo;<\/a><\/p>\n","protected":false},"author":13,"featured_media":34507,"parent":0,"menu_order":5,"comment_status":"closed","ping_status":"closed","template":"page-homepage.php","meta":{"_acf_changed":false,"footnotes":"","_links_to":"","_links_to_target":""},"class_list":["post-13257","page","type-page","status-publish","has-post-thumbnail","hentry"],"acf":[],"_links":{"self":[{"href":"https:\/\/portage.ca\/fr\/wp-json\/wp\/v2\/pages\/13257","targetHints":{"allow":["GET"]}}],"collection":[{"href":"https:\/\/portage.ca\/fr\/wp-json\/wp\/v2\/pages"}],"about":[{"href":"https:\/\/portage.ca\/fr\/wp-json\/wp\/v2\/types\/page"}],"author":[{"embeddable":true,"href":"https:\/\/portage.ca\/fr\/wp-json\/wp\/v2\/users\/13"}],"replies":[{"embeddable":true,"href":"https:\/\/portage.ca\/fr\/wp-json\/wp\/v2\/comments?post=13257"}],"version-history":[{"count":11,"href":"https:\/\/portage.ca\/fr\/wp-json\/wp\/v2\/pages\/13257\/revisions"}],"predecessor-version":[{"id":47924,"href":"https:\/\/portage.ca\/fr\/wp-json\/wp\/v2\/pages\/13257\/revisions\/47924"}],"wp:featuredmedia":[{"embeddable":true,"href":"https:\/\/portage.ca\/fr\/wp-json\/wp\/v2\/media\/34507"}],"wp:attachment":[{"href":"https:\/\/portage.ca\/fr\/wp-json\/wp\/v2\/media?parent=13257"}],"curies":[{"name":"wp","href":"https:\/\/api.w.org\/{rel}","templated":true}]}}