{"id":12641,"date":"2016-04-22T10:08:50","date_gmt":"2016-04-22T15:08:50","guid":{"rendered":"http:\/\/portage.dev.luminafx.com\/?page_id=12641&#038;lang=fr"},"modified":"2026-01-09T14:38:54","modified_gmt":"2026-01-09T19:38:54","slug":"a-propos","status":"publish","type":"page","link":"https:\/\/portage.ca\/fr\/a-propos\/","title":{"rendered":"\u00c0 propos"},"content":{"rendered":"\n<h1>\n\t\t\t\u00c0 propos\t<\/h1>\n<h4>\n\t\t\tPortage permet d&rsquo;acqu\u00e9rir la confiance, l&rsquo;estime de soi et les outils n\u00e9cessaires pour g\u00e9rer les d\u00e9fis du quotidien, sans recourir aux substances.\t<\/h4>\n\t<span><span><a href=\"https:\/\/portage.ca\/fr\/\">Accueil<\/a><\/span><\/span>\n\t<p class=\"lead\">Portage est un organisme canadien \u00e0 but non lucratif dont la mission est d&rsquo;aider les personnes vivant avec des troubles de l&rsquo;usage de substances \u00e0 vivre une vie sobre, heureuse et productive.<\/p>\n<p>Depuis notre fondation en 1973, nous avons aid\u00e9 des milliers de personnes \u00e0 reprendre leur vie en main gr\u00e2ce \u00e0 nos programmes sp\u00e9cialis\u00e9s en r\u00e9adaptation offerts aux <a href=\"https:\/\/portage.ca\/fr\/services\/programmes-adolescents\/\">adolescents<\/a>, aux\u00a0<a href=\"https:\/\/portage.ca\/fr\/quebec\/programme-adultes\/\">adultes<\/a>, aux\u00a0<a href=\"https:\/\/portage.ca\/fr\/quebec\/mere-enfant\/\">femmes enceintes\u00a0et aux\u00a0m\u00e8res avec de jeunes enfants<\/a>, aux\u00a0<a href=\"https:\/\/portage.ca\/fr\/quebec\/sante-mentale-et-dependance\/\">personnes souffrant de probl\u00e8mes de sant\u00e9 mentale (schizophr\u00e9nie et autres troubles associ\u00e9s)<\/a>, aux autochtones, et aux individus\u00a0r\u00e9f\u00e9r\u00e9s par la justice.<\/p>\n<p>Nous offrons des traitements en r\u00e9adaptation bas\u00e9s sur l&rsquo;approche de la <a href=\"https:\/\/portage.ca\/fr\/a-propos\/approche-therapeutique\/\">communaut\u00e9 th\u00e9rapeutique<\/a> dans nos nombreux centres au\u00a0<a href=\"https:\/\/portage.ca\/fr\/quebec\/\">Qu\u00e9bec<\/a>\u00a0et au <a href=\"https:\/\/portage.ca\/fr\/atlantique\/\">Nouveau-Brunswick.<\/a><\/p>\n\t<iframe allowfullscreen allow=\"autoplay\" data-src=\"https:\/\/player.vimeo.com\/video\/1101330466?color=#1a58a4&amp;autopause=0&amp;loop=0&amp;muted=0&amp;title=0&amp;portrait=0&amp;byline=0&amp;h\" title=\"Portage, Vid\u00e9o corporative\"><\/iframe>\t\t\n\t\t\t\t\tPlay Video\n<h3>\n\t\t\tNotre mission\t<\/h3>\n\tAu moyen d&rsquo;interventions compl\u00e8tes et efficientes, bas\u00e9es sur l&rsquo;approche de la communaut\u00e9 th\u00e9rapeutique, Portage mise sur les forces et les habilet\u00e9s des toxicomanes en r\u00e9tablissement afin de leur permettre de vivre une vie sobre, remplie de dignit\u00e9, de respect de soi et de r\u00e9ussite.\n\t\t\t\t<img decoding=\"async\" src=\"https:\/\/portage.ca\/wp-content\/uploads\/2025\/08\/A9304024-100.jpg\" alt=\"A9304024-100\" itemprop=\"image\" height=\"683\" width=\"1024\" title=\"A9304024-100\" onerror=\"this.style.display='none'\" loading=\"lazy\" \/>\n\t<h3>Notre Vision<\/h3>\n<p>Afin de maintenir sa position de leader dans le milieu, Portage raffinera son approche unique bas\u00e9e sur la communaut\u00e9 th\u00e9rapeutique et la psychologie positive. Portage continuera \u00e0 offrir des services r\u00e9sidentiels et non r\u00e9sidentiels, de la formation, de la gestion de projets et \u00e9tendra ses liens avec la communaut\u00e9, en collaboration avec d&rsquo;autres \u00e9tablissements, pour assurer une continuit\u00e9 de services.<\/p>\n<h3>\n\t\t\tNos valeurs\t<\/h3>\n\t\t\t\t<img decoding=\"async\" src=\"https:\/\/portage.ca\/wp-content\/uploads\/2025\/07\/20220912_Saint_Malachie_0258.jpg\" alt=\"20220912_Saint_Malachie_0258\" itemprop=\"image\" height=\"1365\" width=\"2048\" title=\"20220912_Saint_Malachie_0258\" onerror=\"this.style.display='none'\" loading=\"lazy\" \/>\n<h3>La <b>dignit\u00e9<\/b><\/h3><p>Nous croyons en la capacit\u00e9 de chacun de tout mettre en \u0153uvre pour exercer leur libre choix et atteindre la dignit\u00e9 et l&rsquo;autonomie. Selon nous, la mobilisation des ressources de l&rsquo;individu stimul\u00e9e par un environnement positif m\u00e8ne in\u00e9vitablement \u00e0 la croissance personnelle.<\/p>\n\t\t\t\t<img decoding=\"async\" src=\"https:\/\/portage.ca\/wp-content\/uploads\/2025\/07\/202208_Portage_0225.jpg\" alt=\"202208_Portage_0225\" itemprop=\"image\" height=\"1365\" width=\"2048\" title=\"202208_Portage_0225\" onerror=\"this.style.display='none'\" loading=\"lazy\" \/>\n<h3>La <b>s\u00e9curit\u00e9<\/b><\/h3><p>Notre approche, centr\u00e9e sur le client, met l&#8217;emphase sur sa s\u00e9curit\u00e9 et sur la qualit\u00e9 des services, le tout encadr\u00e9 par une gestion responsable.<\/p>\n\t\t\t\t<img decoding=\"async\" src=\"https:\/\/portage.ca\/wp-content\/uploads\/2022\/08\/202208_Portage_0112-1024x683.jpg\" alt=\"202208_Portage_0112\" itemprop=\"image\" height=\"387\" width=\"580\" title=\"202208_Portage_0112\" onerror=\"this.style.display='none'\" loading=\"lazy\" \/>\n<h3>Le <b>respect<\/b><\/h3><p>Nous croyons fermement en la capacit\u00e9 des individus de s&rsquo;accomplir et de faire des choix \u00e9clair\u00e9s.<\/p>\n\t\t\t\t<p>Lorsque je suis entr\u00e9, j&rsquo;ai r\u00e9alis\u00e9 ce qu&rsquo;\u00e9tait une communaut\u00e9, car je n&rsquo;en avais pas auparavant. J&rsquo;avais un mentor pour me guider, et finalement, quelques mois plus tard, je suis devenue ce mentor pour les nouveaux r\u00e9sidents. C&rsquo;est tr\u00e8s valorisant de pouvoir aider des gens qui ont v\u00e9cu ce que j&rsquo;ai v\u00e9cu quelques mois auparavant. <\/p>\n\t\t\t\t<h4>John<\/h4>\n\t\t\t<a href=\"https:\/\/portage.ca\/fr\/blogue\/blogue-categorie-temoignages\/\" target=\"_self\">\n\t\t\t\t\t\t\tPlus de t\u00e9moignages\n\t\t\t\t\t<\/a>\n<h2>\n\t\t\tD\u00e9claration pour la diversit\u00e9 et l&rsquo;inclusion \t<\/h2>\n<p>Portage offre des services \u00e9gales \u00e0 tous. Les femmes, les membres des minorit\u00e9s visibles et ethniques, les autochtones, les membres de la communaut\u00e9 LGBTQ+ sont tous les bienvenues dans nos centres. Nous nous engageons \u00e0 poursuivre l&rsquo;int\u00e9gration de la diversit\u00e9 et \u00e0 en faire une source d&rsquo;enrichissement et de fiert\u00e9 pour notre organisme.<\/p>\n<p>L&rsquo;utilisation du pronom masculin sur ce site web a \u00e9t\u00e9 adopt\u00e9e pour faciliter la lecture et ne doit en aucun cas \u00eatre consid\u00e9r\u00e9e comme discriminatoire.<\/p>\n\n","protected":false},"excerpt":{"rendered":"<p>\u00c0 propos Portage permet d&rsquo;acqu\u00e9rir la confiance, l&rsquo;estime de soi et les outils n\u00e9cessaires pour g\u00e9rer les d\u00e9fis du quotidien, sans recourir aux substances. Portage est un organisme canadien \u00e0 but non lucratif dont la mission est d&rsquo;aider les personnes vivant avec des troubles de l&rsquo;usage de substances \u00e0 vivre une vie sobre, heureuse et&#8230;  <a href=\"https:\/\/portage.ca\/fr\/a-propos\/\" class=\"more-link\" title=\"Read \u00c0 propos\">Read more &raquo;<\/a><\/p>\n","protected":false},"author":10,"featured_media":10157,"parent":0,"menu_order":0,"comment_status":"closed","ping_status":"closed","template":"","meta":{"_acf_changed":false,"footnotes":"","_links_to":"","_links_to_target":""},"class_list":["post-12641","page","type-page","status-publish","has-post-thumbnail","hentry"],"acf":[],"_links":{"self":[{"href":"https:\/\/portage.ca\/fr\/wp-json\/wp\/v2\/pages\/12641","targetHints":{"allow":["GET"]}}],"collection":[{"href":"https:\/\/portage.ca\/fr\/wp-json\/wp\/v2\/pages"}],"about":[{"href":"https:\/\/portage.ca\/fr\/wp-json\/wp\/v2\/types\/page"}],"author":[{"embeddable":true,"href":"https:\/\/portage.ca\/fr\/wp-json\/wp\/v2\/users\/10"}],"replies":[{"embeddable":true,"href":"https:\/\/portage.ca\/fr\/wp-json\/wp\/v2\/comments?post=12641"}],"version-history":[{"count":11,"href":"https:\/\/portage.ca\/fr\/wp-json\/wp\/v2\/pages\/12641\/revisions"}],"predecessor-version":[{"id":47185,"href":"https:\/\/portage.ca\/fr\/wp-json\/wp\/v2\/pages\/12641\/revisions\/47185"}],"wp:featuredmedia":[{"embeddable":true,"href":"https:\/\/portage.ca\/fr\/wp-json\/wp\/v2\/media\/10157"}],"wp:attachment":[{"href":"https:\/\/portage.ca\/fr\/wp-json\/wp\/v2\/media?parent=12641"}],"curies":[{"name":"wp","href":"https:\/\/api.w.org\/{rel}","templated":true}]}}