{"id":7354,"date":"2011-04-01T04:00:00","date_gmt":"2011-04-01T09:00:00","guid":{"rendered":"https:\/\/portage.hamakmarketingnumerique.com\/\/atlantic\/atlantic-foundation"},"modified":"2025-12-11T10:21:01","modified_gmt":"2025-12-11T15:21:01","slug":"news","status":"publish","type":"page","link":"https:\/\/portage.ca\/en\/atlantic\/foundation\/news\/","title":{"rendered":"Portage Atlantic Foundation News"},"content":{"rendered":"\n<h1>\n\t\tPortage Foundation\n\t<\/h1>\n<h1>\n\t\tin Atlantic <b>News<\/b>\n\t<\/h1>\n<h4>\n\t\tLearn about Portage Atlantic&#8217;s fundraising and awareness-building activities, in support of the residential drug rehab treatment centre for youth at Cassidy Lake, in New Brunswick.\n\t<\/h4>\n\t<meta itemscope itemprop=\"mainEntityOfPage\" itemtype=\"https:\/\/schema.org\/WebPage\" itemid=\"https:\/\/portage.ca\/en\/lucs-testimonial-adult-program-in-1990\/\" content=\"Luc&#8217;s Testimonial, Adult program, 1990\" \/><meta itemprop=\"datePublished\" content=\"2023-01-19\" \/><meta itemprop=\"dateModified\" content=\"2023-03-14\" \/><meta itemprop=\"name\" content=\"Portage\"\/><meta itemprop=\"url\" content=\"https:\/\/portage.ca\/en\/author\/laurence\/\" \/><meta itemprop=\"name\" content=\"Portage\" \/><meta itemprop=\"url\" content=\"https:\/\/portage.ca\/wp-content\/uploads\/2023\/01\/1.jpg\" \/><meta itemprop=\"width\" content=\"960\" \/><meta itemprop=\"height\" content=\"640\" \/><meta itemprop=\"interactionType\" content=\"https:\/\/schema.org\/CommentAction\" \/><meta itemprop=\"userInteractionCount\" content=\"1\" \/>\n\t\t\t\t\t<a href=\"https:\/\/portage.ca\/en\/lucs-testimonial-adult-program-in-1990\/\" title=\"Luc&#8217;s Testimonial, Adult program, 1990\"><\/a>\n\t\t\t\t<img loading=\"lazy\" decoding=\"async\" src=\"https:\/\/portage.ca\/wp-content\/uploads\/bb-plugin\/cache\/1-landscape.jpg\" alt=\"Luc, t\u00e9moignage\" itemprop=\"image\" data-no-lazy=\"1\" height=\"640\" width=\"960\" title=\"1\" onerror=\"this.style.display='none'\"  \/>\n\t\t\t\t\t\t\t\t\t<h3 itemprop=\"headline\">\n\t\t\t\t\t\t\t\t\t\t\t\t\t\tLuc&#8217;s Testimonial, Adult program, 1990\t\t\t\t\t\t\t\t\t\t\t<\/h3>\n\t\t\t01-19-2023\t\t\t\t\t\t\n    &#8220;My name is Luc Desjardins and I am 59 years old. I attended the Lac \u00c9cho Adult Program in 1990. That&#8217;s more than&#8230;\n\t<meta itemscope itemprop=\"mainEntityOfPage\" itemtype=\"https:\/\/schema.org\/WebPage\" itemid=\"https:\/\/portage.ca\/en\/lunch-with-the-minister-of-health-at-cassidy-lake\/\" content=\"Lunch with the Minister of Health at Cassidy Lake\" \/><meta itemprop=\"datePublished\" content=\"2022-04-08\" \/><meta itemprop=\"dateModified\" content=\"2022-11-01\" \/><meta itemprop=\"name\" content=\"Portage\"\/><meta itemprop=\"url\" content=\"https:\/\/portage.ca\/en\/author\/laurence\/\" \/><meta itemprop=\"name\" content=\"Portage\" \/><meta itemprop=\"url\" content=\"https:\/\/portage.ca\/wp-content\/uploads\/2022\/04\/Capture-decran-2022-09-02-150206-e1667313852176.png\" \/><meta itemprop=\"width\" content=\"727\" \/><meta itemprop=\"height\" content=\"379\" \/><meta itemprop=\"interactionType\" content=\"https:\/\/schema.org\/CommentAction\" \/><meta itemprop=\"userInteractionCount\" content=\"0\" \/>\n\t\t\t\t\t<a href=\"https:\/\/portage.ca\/en\/lunch-with-the-minister-of-health-at-cassidy-lake\/\" title=\"Lunch with the Minister of Health at Cassidy Lake\"><\/a>\n\t\t\t\t<img loading=\"lazy\" decoding=\"async\" src=\"https:\/\/portage.ca\/wp-content\/uploads\/bb-plugin\/cache\/Capture-decran-2022-09-02-150206-e1667313852176-landscape.png\" alt=\"lunch-with-the-minister-of-health-at-cassidy-lake\" itemprop=\"image\" data-no-lazy=\"1\" height=\"379\" width=\"727\" title=\"Capture d'\u00e9cran 2022-09-02 150206\" onerror=\"this.style.display='none'\"  \/>\n\t\t\t\t\t\t\t\t\t<h3 itemprop=\"headline\">\n\t\t\t\t\t\t\t\t\t\t\t\t\t\tLunch with the Minister of Health at Cassidy Lake\t\t\t\t\t\t\t\t\t\t\t<\/h3>\n\t\t\t04-08-2022\t\t\t\t\t\t\n    This week, the Honorable Minister of Health, Mrs. Dorothy Shephard and Senior Health Officials St\u00e9phane B\u00e9rub\u00e9 and Annie Pellerin stopped by the center&#8230;\n\t<meta itemscope itemprop=\"mainEntityOfPage\" itemtype=\"https:\/\/schema.org\/WebPage\" itemid=\"https:\/\/portage.ca\/en\/saint-john-fundraising-event\/\" content=\"Saint John Fundraising Event\" \/><meta itemprop=\"datePublished\" content=\"2021-10-29\" \/><meta itemprop=\"dateModified\" content=\"2022-09-07\" \/><meta itemprop=\"name\" content=\"Portage\"\/><meta itemprop=\"url\" content=\"https:\/\/portage.ca\/en\/author\/laurence\/\" \/><meta itemprop=\"name\" content=\"Portage\" \/><meta itemprop=\"url\" content=\"https:\/\/portage.ca\/wp-content\/uploads\/2021\/10\/Capture-decran-2022-09-06-110236.png\" \/><meta itemprop=\"width\" content=\"1287\" \/><meta itemprop=\"height\" content=\"575\" \/><meta itemprop=\"interactionType\" content=\"https:\/\/schema.org\/CommentAction\" \/><meta itemprop=\"userInteractionCount\" content=\"0\" \/>\n\t\t\t\t\t<a href=\"https:\/\/portage.ca\/en\/saint-john-fundraising-event\/\" title=\"Saint John Fundraising Event\"><\/a>\n\t\t\t\t\n\t\t\t\t\t\t\t\t\t<h3 itemprop=\"headline\">\n\t\t\t\t\t\t\t\t\t\t\t\t\t\tSaint John Fundraising Event\t\t\t\t\t\t\t\t\t\t\t<\/h3>\n\t\t\t10-29-2021\t\t\t\t\t\t\n    A unique fundraising event in the form of a three-course take-out dinner was held on October 7, 2021 at the Lily Lake Pavilion&#8230;\n\t<meta itemscope itemprop=\"mainEntityOfPage\" itemtype=\"https:\/\/schema.org\/WebPage\" itemid=\"https:\/\/portage.ca\/en\/the-portage-mobile\/\" content=\"The Portage Mobile\" \/><meta itemprop=\"datePublished\" content=\"2021-10-18\" \/><meta itemprop=\"dateModified\" content=\"2022-09-07\" \/><meta itemprop=\"name\" content=\"Portage\"\/><meta itemprop=\"url\" content=\"https:\/\/portage.ca\/en\/author\/laurence\/\" \/><meta itemprop=\"name\" content=\"Portage\" \/><meta itemprop=\"url\" content=\"https:\/\/portage.ca\/wp-content\/uploads\/2022\/09\/245559558_4066028973502690_4061148294823033242_n.jpg\" \/><meta itemprop=\"width\" content=\"1944\" \/><meta itemprop=\"height\" content=\"1147\" \/><meta itemprop=\"interactionType\" content=\"https:\/\/schema.org\/CommentAction\" \/><meta itemprop=\"userInteractionCount\" content=\"0\" \/>\n\t\t\t\t\t<a href=\"https:\/\/portage.ca\/en\/the-portage-mobile\/\" title=\"The Portage Mobile\"><\/a>\n\t\t\t\t\n\t\t\t\t\t\t\t\t\t<h3 itemprop=\"headline\">\n\t\t\t\t\t\t\t\t\t\t\t\t\t\tThe Portage Mobile\t\t\t\t\t\t\t\t\t\t\t<\/h3>\n\t\t\t10-18-2021\t\t\t\t\t\t\n    Have you seen this vehicle? For over 38 years, Nashwaaksis Lion, Bill Scott has featured many decals on his vehicles with a purpose&#8230;\n\t<meta itemscope itemprop=\"mainEntityOfPage\" itemtype=\"https:\/\/schema.org\/WebPage\" itemid=\"https:\/\/portage.ca\/en\/annual-reconition-ceremony\/\" content=\"Annual Reconition Ceremony\" \/><meta itemprop=\"datePublished\" content=\"2021-09-12\" \/><meta itemprop=\"dateModified\" content=\"2022-09-07\" \/><meta itemprop=\"name\" content=\"Portage\"\/><meta itemprop=\"url\" content=\"https:\/\/portage.ca\/en\/author\/laurence\/\" \/><meta itemprop=\"name\" content=\"Portage\" \/><meta itemprop=\"url\" content=\"https:\/\/portage.ca\/wp-content\/uploads\/2022\/09\/Capture-decran-2022-09-02-151042.png\" \/><meta itemprop=\"width\" content=\"730\" \/><meta itemprop=\"height\" content=\"621\" \/><meta itemprop=\"interactionType\" content=\"https:\/\/schema.org\/CommentAction\" \/><meta itemprop=\"userInteractionCount\" content=\"0\" \/>\n\t\t\t\t\t<a href=\"https:\/\/portage.ca\/en\/annual-reconition-ceremony\/\" title=\"Annual Reconition Ceremony\"><\/a>\n\t\t\t\t\n\t\t\t\t\t\t\t\t\t<h3 itemprop=\"headline\">\n\t\t\t\t\t\t\t\t\t\t\t\t\t\tAnnual Reconition Ceremony\t\t\t\t\t\t\t\t\t\t\t<\/h3>\n\t\t\t09-12-2021\t\t\t\t\t\t\n    A beautiful day for the Annual Portage Atlantic Reconition ceremony at Cassidy Lake today. 19 youth were recognized for their courage and determination&#8230;\n\t<meta itemscope itemprop=\"mainEntityOfPage\" itemtype=\"https:\/\/schema.org\/WebPage\" itemid=\"https:\/\/portage.ca\/en\/enhancement-of-the-recovery-trail\/\" content=\"Enhancement of the Recovery Trail\" \/><meta itemprop=\"datePublished\" content=\"2020-11-10\" \/><meta itemprop=\"dateModified\" content=\"2022-09-02\" \/><meta itemprop=\"name\" content=\"Portage\"\/><meta itemprop=\"url\" content=\"https:\/\/portage.ca\/en\/author\/laurence\/\" \/><meta itemprop=\"name\" content=\"Portage\" \/><meta itemprop=\"url\" content=\"https:\/\/portage.ca\/wp-content\/uploads\/2022\/09\/Capture-decran-2022-09-02-151535.png\" \/><meta itemprop=\"width\" content=\"1108\" \/><meta itemprop=\"height\" content=\"545\" \/><meta itemprop=\"interactionType\" content=\"https:\/\/schema.org\/CommentAction\" \/><meta itemprop=\"userInteractionCount\" content=\"0\" \/>\n\t\t\t\t\t<a href=\"https:\/\/portage.ca\/en\/enhancement-of-the-recovery-trail\/\" title=\"Enhancement of the Recovery Trail\"><\/a>\n\t\t\t\t\n\t\t\t\t\t\t\t\t\t<h3 itemprop=\"headline\">\n\t\t\t\t\t\t\t\t\t\t\t\t\t\tEnhancement of the Recovery Trail\t\t\t\t\t\t\t\t\t\t\t<\/h3>\n\t\t\t11-10-2020\t\t\t\t\t\t\n    A wonderful visit on the Recovery Trail by Garth and Carol Christie. Portage Atlantic is very appreciative of their generous contribution for the&#8230;\n\t<meta itemscope itemprop=\"mainEntityOfPage\" itemtype=\"https:\/\/schema.org\/WebPage\" itemid=\"https:\/\/portage.ca\/en\/lewis-fitness-centre-what-youh-have-to-say\/\" content=\"Lewis Fitness Centre: What Youth Have to Say\" \/><meta itemprop=\"datePublished\" content=\"2020-02-10\" \/><meta itemprop=\"dateModified\" content=\"2020-02-24\" \/><meta itemprop=\"name\" content=\"Portage\"\/><meta itemprop=\"url\" content=\"https:\/\/portage.ca\/en\/author\/isabelle-saine\/\" \/><meta itemprop=\"name\" content=\"Portage\" \/><meta itemprop=\"url\" content=\"https:\/\/portage.ca\/wp-content\/uploads\/2020\/02\/Lewis-Fitness-Centre-01.jpg\" \/><meta itemprop=\"width\" content=\"3125\" \/><meta itemprop=\"height\" content=\"1250\" \/><meta itemprop=\"interactionType\" content=\"https:\/\/schema.org\/CommentAction\" \/><meta itemprop=\"userInteractionCount\" content=\"1\" \/>\n\t\t\t\t\t<a href=\"https:\/\/portage.ca\/en\/lewis-fitness-centre-what-youh-have-to-say\/\" title=\"Lewis Fitness Centre: What Youth Have to Say\"><\/a>\n\t\t\t\t\n\t\t\t\t\t\t\t\t\t<h3 itemprop=\"headline\">\n\t\t\t\t\t\t\t\t\t\t\t\t\t\tLewis Fitness Centre: What Youth Have to Say\t\t\t\t\t\t\t\t\t\t\t<\/h3>\n\t\t\t02-10-2020\t\t\t\t\t\t\n    The Lewis Fitness Weight and Cardio Room is proving to be a great benefit for the male and female communities. Rather than extrapolate&#8230;\n\t<meta itemscope itemprop=\"mainEntityOfPage\" itemtype=\"https:\/\/schema.org\/WebPage\" itemid=\"https:\/\/portage.ca\/en\/holiday-season-kick-off-at-cassidy-lake\/\" content=\"Holiday Season Kick-off at Cassidy Lake\" \/><meta itemprop=\"datePublished\" content=\"2019-12-16\" \/><meta itemprop=\"dateModified\" content=\"2019-12-17\" \/><meta itemprop=\"name\" content=\"Portage\"\/><meta itemprop=\"url\" content=\"https:\/\/portage.ca\/en\/author\/isabelle-saine\/\" \/><meta itemprop=\"name\" content=\"Portage\" \/><meta itemprop=\"url\" content=\"https:\/\/portage.ca\/wp-content\/uploads\/2019\/12\/Sans-titre-1_Plan-de-travail-1.jpg\" \/><meta itemprop=\"width\" content=\"3250\" \/><meta itemprop=\"height\" content=\"1250\" \/><meta itemprop=\"interactionType\" content=\"https:\/\/schema.org\/CommentAction\" \/><meta itemprop=\"userInteractionCount\" content=\"0\" \/>\n\t\t\t\t\t<a href=\"https:\/\/portage.ca\/en\/holiday-season-kick-off-at-cassidy-lake\/\" title=\"Holiday Season Kick-off at Cassidy Lake\"><\/a>\n\t\t\t\t\n\t\t\t\t\t\t\t\t\t<h3 itemprop=\"headline\">\n\t\t\t\t\t\t\t\t\t\t\t\t\t\tHoliday Season Kick-off at Cassidy Lake\t\t\t\t\t\t\t\t\t\t\t<\/h3>\n\t\t\t12-16-2019\t\t\t\t\t\t\n    A decorated tree, thoughtful gifts, Christmas music, sweets and enormous appreciation, makes the annual Lions event the perfect kick-off to the holiday season&#8230;.\n\t<meta itemscope itemprop=\"mainEntityOfPage\" itemtype=\"https:\/\/schema.org\/WebPage\" itemid=\"https:\/\/portage.ca\/en\/a-cookie-a-smile-and-a-pinch-of-hope\/\" content=\"A cookie, a smile and a pinch of hope\" \/><meta itemprop=\"datePublished\" content=\"2019-11-04\" \/><meta itemprop=\"dateModified\" content=\"2019-11-04\" \/><meta itemprop=\"name\" content=\"Portage\"\/><meta itemprop=\"url\" content=\"https:\/\/portage.ca\/en\/author\/isabelle-saine\/\" \/><meta itemprop=\"name\" content=\"Portage\" \/><meta itemprop=\"url\" content=\"https:\/\/portage.ca\/wp-content\/uploads\/2019\/11\/img-\u00e0-la-une_Plan-de-travail-1-2.jpg\" \/><meta itemprop=\"width\" content=\"3125\" \/><meta itemprop=\"height\" content=\"1250\" \/><meta itemprop=\"interactionType\" content=\"https:\/\/schema.org\/CommentAction\" \/><meta itemprop=\"userInteractionCount\" content=\"0\" \/>\n\t\t\t\t\t<a href=\"https:\/\/portage.ca\/en\/a-cookie-a-smile-and-a-pinch-of-hope\/\" title=\"A cookie, a smile and a pinch of hope\"><\/a>\n\t\t\t\t\n\t\t\t\t\t\t\t\t\t<h3 itemprop=\"headline\">\n\t\t\t\t\t\t\t\t\t\t\t\t\t\tA cookie, a smile and a pinch of hope\t\t\t\t\t\t\t\t\t\t\t<\/h3>\n\t\t\t11-04-2019\t\t\t\t\t\t\n    During the week of September 16 to 22, 2019, Portage Atlantic partnered with Tim Hortons to raise funds to support the Cassidy Lake&#8230;\n\t\t\t\t<ul class='page-numbers'>\n\t<li>1<\/li>\n\t<li><a href=\"https:\/\/portage.ca\/en\/page\/2\/?page_id=7354&#038;fl_builder\">2<\/a><\/li>\n\t<li><a href=\"https:\/\/portage.ca\/en\/page\/3\/?page_id=7354&#038;fl_builder\">3<\/a><\/li>\n\t<li><a href=\"https:\/\/portage.ca\/en\/page\/2\/?page_id=7354&#038;fl_builder\">Next &raquo;<\/a><\/li>\n<\/ul>\n\t\t<!-- .pp-content-posts -->\n\n","protected":false},"excerpt":{"rendered":"<p>Portage Foundation in Atlantic News Learn about Portage Atlantic&#8217;s fundraising and awareness-building activities, in support of the residential drug rehab treatment centre for youth at Cassidy Lake, in New Brunswick. Luc&#8217;s Testimonial, Adult program, 1990 01-19-2023 &#8220;My name is Luc Desjardins and I am 59 years old. I attended the Lac \u00c9cho Adult Program in&#8230;  <a href=\"https:\/\/portage.ca\/en\/atlantic\/foundation\/news\/\" class=\"more-link\" title=\"Read Portage Atlantic Foundation News\">Read more &raquo;<\/a><\/p>\n","protected":false},"author":13,"featured_media":10157,"parent":10044,"menu_order":0,"comment_status":"closed","ping_status":"closed","template":"","meta":{"_acf_changed":false,"footnotes":"","_links_to":"","_links_to_target":""},"class_list":["post-7354","page","type-page","status-publish","has-post-thumbnail","hentry"],"acf":[],"_links":{"self":[{"href":"https:\/\/portage.ca\/en\/wp-json\/wp\/v2\/pages\/7354","targetHints":{"allow":["GET"]}}],"collection":[{"href":"https:\/\/portage.ca\/en\/wp-json\/wp\/v2\/pages"}],"about":[{"href":"https:\/\/portage.ca\/en\/wp-json\/wp\/v2\/types\/page"}],"author":[{"embeddable":true,"href":"https:\/\/portage.ca\/en\/wp-json\/wp\/v2\/users\/13"}],"replies":[{"embeddable":true,"href":"https:\/\/portage.ca\/en\/wp-json\/wp\/v2\/comments?post=7354"}],"version-history":[{"count":10,"href":"https:\/\/portage.ca\/en\/wp-json\/wp\/v2\/pages\/7354\/revisions"}],"predecessor-version":[{"id":47032,"href":"https:\/\/portage.ca\/en\/wp-json\/wp\/v2\/pages\/7354\/revisions\/47032"}],"up":[{"embeddable":true,"href":"https:\/\/portage.ca\/en\/wp-json\/wp\/v2\/pages\/10044"}],"wp:featuredmedia":[{"embeddable":true,"href":"https:\/\/portage.ca\/en\/wp-json\/wp\/v2\/media\/10157"}],"wp:attachment":[{"href":"https:\/\/portage.ca\/en\/wp-json\/wp\/v2\/media?parent=7354"}],"curies":[{"name":"wp","href":"https:\/\/api.w.org\/{rel}","templated":true}]}}