{"id":6789,"date":"2011-04-05T04:00:00","date_gmt":"2011-04-05T04:00:00","guid":{"rendered":"https:\/\/portage.hamakmarketingnumerique.com\/\/awareness-campaigns"},"modified":"2026-02-05T14:59:45","modified_gmt":"2026-02-05T19:59:45","slug":"awareness-campaigns","status":"publish","type":"page","link":"https:\/\/portage.ca\/en\/media-centre\/awareness-campaigns\/","title":{"rendered":"Awareness Campaigns"},"content":{"rendered":"\n\n\t\t\t\t<img decoding=\"async\" src=\"https:\/\/portage.ca\/wp-content\/uploads\/2018\/04\/publicitesauvageanglais.jpg\" alt=\"Legalization won&#039;t stop addiction\" itemprop=\"image\" height=\"1527\" width=\"1018\" title=\"Portage_cannabis_legalization_campaign_poster\" onerror=\"this.style.display='none'\" loading=\"lazy\" \/>\n\t<h5><strong>Portage&#8217;s Awareness Campaign, developed courtesy of Agence G\u00e9n\u00e9ration<\/strong><\/h5>\n\n<p class=\"lead\">Portage is calling for vigilance in the face of the upcoming legalization of cannabis in Canada (2018). <a href=\"https:\/\/portage.ca\/media-centre\/awareness-campaigns\/cannabis-legalization\/\" target=\"_blank\" rel=\"noopener\">This campaign seeks to create awareness about the potential effects of cannabis legalization.<\/a><\/p>\n<p>Portage is very grateful to all the partners who contributed to making this campaign possible: Agence G\u00e9n\u00e9ration, Bell, Cogeco, TC Transcontinental, and Publicit\u00e9 Sauvage.<\/p>\n\t\t\t\t<img decoding=\"async\" src=\"https:\/\/portage.ca\/wp-content\/uploads\/2016\/06\/Reawaken-your-dreams-Portage.jpg\" alt=\"Reawaken your dreams - Portage - Poster\" itemprop=\"image\" height=\"392\" width=\"300\" title=\"Reawaken your dreams - Portage\" onerror=\"this.style.display='none'\" loading=\"lazy\" \/>\n\t<p><strong>Portage&#8217;s Awareness Campaigns:<\/strong><\/p>\n<ul>\n<li><a href=\"\/en\/media-centre\/awareness-campaigns\/rediscover-rebuild-reawaken\/\">Rediscover, Rebuild, Reawaken &#8211; Freedom from Addiction<\/a> (2012), developed courtesy of HOP Comportement de marque<\/li>\n<li>Quand la toxicomanie prend toute la place (2006-2011), developed courtesy of Amalgame de Quebec<\/li>\n<\/ul>\n\n","protected":false},"excerpt":{"rendered":"<p>Portage&#8217;s Awareness Campaign, developed courtesy of Agence G\u00e9n\u00e9ration Portage is calling for vigilance in the face of the upcoming legalization of cannabis in Canada (2018). This campaign seeks to create awareness about the potential effects of cannabis legalization. Portage is very grateful to all the partners who contributed to making this campaign possible: Agence G\u00e9n\u00e9ration,&#8230;  <a href=\"https:\/\/portage.ca\/en\/media-centre\/awareness-campaigns\/\" class=\"more-link\" title=\"Read Awareness Campaigns\">Read more &raquo;<\/a><\/p>\n","protected":false},"author":13,"featured_media":10157,"parent":12,"menu_order":24,"comment_status":"closed","ping_status":"closed","template":"","meta":{"_acf_changed":false,"footnotes":"","_links_to":"","_links_to_target":""},"class_list":["post-6789","page","type-page","status-publish","has-post-thumbnail","hentry"],"acf":[],"_links":{"self":[{"href":"https:\/\/portage.ca\/en\/wp-json\/wp\/v2\/pages\/6789","targetHints":{"allow":["GET"]}}],"collection":[{"href":"https:\/\/portage.ca\/en\/wp-json\/wp\/v2\/pages"}],"about":[{"href":"https:\/\/portage.ca\/en\/wp-json\/wp\/v2\/types\/page"}],"author":[{"embeddable":true,"href":"https:\/\/portage.ca\/en\/wp-json\/wp\/v2\/users\/13"}],"replies":[{"embeddable":true,"href":"https:\/\/portage.ca\/en\/wp-json\/wp\/v2\/comments?post=6789"}],"version-history":[{"count":3,"href":"https:\/\/portage.ca\/en\/wp-json\/wp\/v2\/pages\/6789\/revisions"}],"predecessor-version":[{"id":47572,"href":"https:\/\/portage.ca\/en\/wp-json\/wp\/v2\/pages\/6789\/revisions\/47572"}],"up":[{"embeddable":true,"href":"https:\/\/portage.ca\/en\/wp-json\/wp\/v2\/pages\/12"}],"wp:featuredmedia":[{"embeddable":true,"href":"https:\/\/portage.ca\/en\/wp-json\/wp\/v2\/media\/10157"}],"wp:attachment":[{"href":"https:\/\/portage.ca\/en\/wp-json\/wp\/v2\/media?parent=6789"}],"curies":[{"name":"wp","href":"https:\/\/api.w.org\/{rel}","templated":true}]}}