{"id":6773,"date":"2013-08-22T04:00:00","date_gmt":"2013-08-22T04:00:00","guid":{"rendered":"https:\/\/portage.hamakmarketingnumerique.com\/\/en-immediate-assistance"},"modified":"2021-07-22T15:21:44","modified_gmt":"2021-07-22T20:21:44","slug":"immediate-assistance","status":"publish","type":"page","link":"https:\/\/portage.ca\/en\/contact\/immediate-assistance\/","title":{"rendered":"For immediate assistance"},"content":{"rendered":"<h4>\n\t\tIf you are in a crisis situation and need immediate assistance, please call 911 or contact your local 24 hour helpline:\n\t<\/h4>\n\t\t\t\t<img decoding=\"async\" src=\"https:\/\/portage.ca\/wp-content\/uploads\/2013\/08\/region-quebec.png\" alt=\"Logo r\u00e9gion de Qu\u00e9bec- Fran\u00e7ais\" itemprop=\"image\" title=\"Logo r\u00e9gion de Qu\u00e9bec- Fran\u00e7ais\" onerror=\"this.style.display='none'\"  \/>\n\t<h4><strong>Qu\u00e9bec<\/strong><\/h4>\n<strong>Drugs: Help and Referral<\/strong><br \/>\nMontr\u00e9al and surrounding area: 514-527-2626<br \/>\nElsewhere in Qu\u00e9bec: 1-800-265-2626\n\t\t\t\t<img decoding=\"async\" src=\"https:\/\/portage.ca\/wp-content\/uploads\/2013\/08\/region-atlantic.png\" alt=\"Logo r\u00e9gion de l'Atlantique- English\" itemprop=\"image\" title=\"Logo r\u00e9gion de l'Atlantique- English\" onerror=\"this.style.display='none'\"  \/>\n\t<h4><strong>Atlantic<\/strong><\/h4>\n<strong>CHIMO<\/strong><br \/>\n1-800-667-5005<br \/>\n506-450-4357\n\t\t\t\t<img decoding=\"async\" src=\"https:\/\/portage.ca\/wp-content\/uploads\/2016\/04\/region-ontario.png\" alt=\"Ontario region - Portage -donation\" itemprop=\"image\" title=\"Ontario region - Portage - donation\" onerror=\"this.style.display='none'\"  \/>\n\t<h4><strong>Ontario<\/strong><\/h4>\n<strong>Drug and Alcohol Helpline<\/strong><br \/>\n1-800-565-8603\n","protected":false},"excerpt":{"rendered":"<p>If you are in a crisis situation and need immediate assistance, please call 911 or contact your local 24 hour helpline: Qu\u00e9bec Drugs: Help and Referral Montr\u00e9al and surrounding area: 514-527-2626 Elsewhere in Qu\u00e9bec: 1-800-265-2626 Atlantic CHIMO 1-800-667-5005 506-450-4357 Ontario Drug and Alcohol Helpline 1-800-565-8603<\/p>\n","protected":false},"author":13,"featured_media":10157,"parent":6804,"menu_order":0,"comment_status":"closed","ping_status":"open","template":"","meta":{"_acf_changed":false,"footnotes":"","_links_to":"","_links_to_target":""},"class_list":["post-6773","page","type-page","status-publish","has-post-thumbnail","hentry"],"acf":[],"_links":{"self":[{"href":"https:\/\/portage.ca\/en\/wp-json\/wp\/v2\/pages\/6773","targetHints":{"allow":["GET"]}}],"collection":[{"href":"https:\/\/portage.ca\/en\/wp-json\/wp\/v2\/pages"}],"about":[{"href":"https:\/\/portage.ca\/en\/wp-json\/wp\/v2\/types\/page"}],"author":[{"embeddable":true,"href":"https:\/\/portage.ca\/en\/wp-json\/wp\/v2\/users\/13"}],"replies":[{"embeddable":true,"href":"https:\/\/portage.ca\/en\/wp-json\/wp\/v2\/comments?post=6773"}],"version-history":[{"count":0,"href":"https:\/\/portage.ca\/en\/wp-json\/wp\/v2\/pages\/6773\/revisions"}],"up":[{"embeddable":true,"href":"https:\/\/portage.ca\/en\/wp-json\/wp\/v2\/pages\/6804"}],"wp:featuredmedia":[{"embeddable":true,"href":"https:\/\/portage.ca\/en\/wp-json\/wp\/v2\/media\/10157"}],"wp:attachment":[{"href":"https:\/\/portage.ca\/en\/wp-json\/wp\/v2\/media?parent=6773"}],"curies":[{"name":"wp","href":"https:\/\/api.w.org\/{rel}","templated":true}]}}