{"id":35192,"date":"2023-02-06T09:21:41","date_gmt":"2023-02-06T14:21:41","guid":{"rendered":"https:\/\/portage.ca\/soiree-des-grands-philanthropes-en\/"},"modified":"2026-04-16T13:15:45","modified_gmt":"2026-04-16T18:15:45","slug":"soiree-des-grands-philanthropes","status":"publish","type":"page","link":"https:\/\/portage.ca\/en\/soiree-des-grands-philanthropes\/","title":{"rendered":"Soir\u00e9e des Grands Philanthropes"},"content":{"rendered":"\n<figure itemscope itemtype=\"https:\/\/schema.org\/ImageObject\">\n\t\t\t\t<img decoding=\"async\" src=\"https:\/\/portage.ca\/wp-content\/uploads\/2025\/03\/Logo_site_web_blanc-1024x570.png\" alt=\"Logo_site_web_blanc\" height=\"323\" width=\"580\" title=\"Logo_site_web_blanc\" onerror=\"this.style.display='none'\" loading=\"lazy\" \/>\n\t<\/figure>\n\t\t\t<a href=\"https:\/\/portage.ca\/fr\/soiree-des-grands-philanthropes\/\"  target=\"_self\">\n\t\t\t\t\t\t\tFR\n\t\t\t\t\t<\/a>\n\t<h1><em>Soir\u00e9e des Grands Philanthropes<\/em><\/h1>\n\t<p class=\"lead\">Portage&#8217;s\u00a0<em>Soir\u00e9e des Grands Philanthropes<\/em>\u00a0is an opportunity to pay tribute to an outstanding individual from Qu\u00e9bec&#8217;s business community. Since 2004, Portage has honoured leaders, entrepreneurs and major philanthropists who cultivate excellence and promote the progress and well-being of society through their commitment and vision. All profits from this well-attended event will be dedicated to\u00a0<a href=\"https:\/\/portage.ca\/en\/\" target=\"_blank\" rel=\"noopener\">Portage&#8217;s programs in Quebec<\/a>.<\/p>\n<p>This year, Portage proudly pays tribute to Pierre Pomerleau, Executive Chair of the Board of Directors of <a href=\"https:\/\/pomerleau.ca\/en\">Pomerleau<\/a>. This exceptional leader sets himself apart for his remarkable contribution to the well-being of the community, his strong philanthropic commitment, and his contribution to the business community. He has participated in numerous major fundraising campaigns for charitable causes in Quebec. Convinced of the importance of giving back, he personally supports numerous initiatives, consolidating his legacy as a visionary entrepreneur and community builder.<\/p>\n\t<h2>Co-Chairs<\/h2>\n\t<h2>Committee<\/h2>\n\t<h3>Denis Dubois<\/h3>\n\tPresident and Chief Executive Officer<br \/>\n<em>Desjardins Group<\/em>\n\t<h3>Marcel Dutil<\/h3>\n\tChairman of the board<br \/>\n<em>Canam Group Inc.<\/em>\n\t<h3>Marc Giroux<\/h3>\n\tChief Operating Officer<br \/>\n<em>METRO Inc.<\/em>\n<p>&nbsp;<\/p>\n\t<h3>Martin Jacques<\/h3>\n\tChief Operating Officer, Buildings<br \/>\n<i>Pomerleau<\/i>\n\t<h3>Annie Lapointe<\/h3>\n\tManaging Director &amp; Co-Head<br \/>\n<em>BMO Capital Markets, Qu\u00e9bec<\/em>\n\t<h3>Fran\u00e7ois Olivier<\/h3>\n\t<p>Governor of Portage<\/p>\n\t<h3>John A. Rae<\/h3>\n\t<p>Retired Senior Executive<\/p>\n\t<h3>Colette Taylor<\/h3>\n\tVice President,<br \/>\nPhilanthropic Development<br \/>\n<em>Portage<\/em>\n\t<h3>Fran\u00e7ois Tellier<\/h3>\n\tManaging Partner<br \/>\nQuebec and Eastern Canada<br \/>\n<em>EY<\/em>\n\t<h3>Fran\u00e7ois Tremblay<\/h3>\n\tSenior Vice President, Private Sector<br \/>\n<i>Pomerleau<\/i>\n\t<h2>Our Partners<\/h2>\n\t<h3>Main Partner<\/h3>\n<figure itemscope itemtype=\"https:\/\/schema.org\/ImageObject\">\n\t\t\t\t<a href=\"https:\/\/pomerleau.ca\/en\"  target=\"_blank\" rel=\"noopener\"  itemprop=\"url\">\n\t\t\t\t<img decoding=\"async\" src=\"https:\/\/portage.ca\/wp-content\/uploads\/2026\/03\/Pomerleau_BLEU_RGB.png\" alt=\"Pomerleau_BLEU_RGB\" height=\"431\" width=\"1223\" title=\"Pomerleau_BLEU_RGB\" onerror=\"this.style.display='none'\" loading=\"lazy\" \/>\n\t\t\t\t<\/a>\n\t<\/figure>\n\t<h3>Prestige Partner<\/h3>\n<figure itemscope itemtype=\"https:\/\/schema.org\/ImageObject\">\n\t\t\t\t<a href=\"https:\/\/www.desjardins.com\/qc\/en.html\"  target=\"_blank\" rel=\"noopener\"  itemprop=\"url\">\n\t\t\t\t<img decoding=\"async\" src=\"https:\/\/portage.ca\/wp-content\/uploads\/2023\/03\/Logo_Desjardins-PlusGros_Vert_Site_Web_SGP_2023.png\" alt=\"Logo_Desjardins-PlusGros_Vert_Site_Web_SGP_2023\" height=\"325\" width=\"937\" title=\"Logo_Desjardins-PlusGros_Vert_Site_Web_SGP_2023\" onerror=\"this.style.display='none'\" loading=\"lazy\" \/>\n\t\t\t\t<\/a>\n\t<\/figure>\n\t<h3>Platinum Partners<\/h3>\n<figure itemscope itemtype=\"https:\/\/schema.org\/ImageObject\">\n\t\t\t\t<a href=\"https:\/\/www.lacaisse.com\/en\"  target=\"_blank\" rel=\"noopener\"  itemprop=\"url\">\n\t\t\t\t<img decoding=\"async\" src=\"https:\/\/portage.ca\/wp-content\/uploads\/2025\/07\/La_Caisse_Prestige-1-scaled.png\" alt=\"La_Caisse_Prestige\" height=\"989\" width=\"2560\" title=\"La_Caisse_Prestige\" onerror=\"this.style.display='none'\" loading=\"lazy\" \/>\n\t\t\t\t<\/a>\n\t<\/figure>\n<figure itemscope itemtype=\"https:\/\/schema.org\/ImageObject\">\n\t\t\t\t<a href=\"https:\/\/www.rbccm.com\/en\/\"  target=\"_blank\" rel=\"noopener\"  itemprop=\"url\">\n\t\t\t\t<img decoding=\"async\" src=\"https:\/\/portage.ca\/wp-content\/uploads\/2026\/03\/RBC_Capital_Marketsenglish-colour-dark.png\" alt=\"RBC_Capital_Marketsenglish-colour-dark\" height=\"904\" width=\"1935\" title=\"RBC_Capital_Marketsenglish-colour-dark\" onerror=\"this.style.display='none'\" loading=\"lazy\" \/>\n\t\t\t\t<\/a>\n\t<\/figure>\n\t<h2>Pierre Pomerleau&#8217;s Philanthropic Commitment<\/h2>\n\t<p>For more than thirty years, Pierre Pomerleau has been actively committed to building more resilient communities by supporting causes that are deeply important to him, including the well\u2011being of children, health, education and the next generation of entrepreneurs. Driven by the conviction that everyone deserves the best possible opportunities to thrive, he sees philanthropy as a powerful lever for lasting change for present and future generations.<\/p>\n<p>Under his visionary leadership, the <a href=\"https:\/\/pomerleau.ca\/en\" target=\"_blank\" rel=\"noopener\">Pomerleau<\/a> company has built far more than infrastructure: it has helped strengthen the social fabric of communities across Canada. Through his direction, the organization consolidated a community engagement program now firmly embedded in the DNA of its 5,000 employees.<\/p>\n<p>Pierre&#8217;s philanthropic commitment is particularly evident in the healthcare sector. From 2023 to 2025, while continuing to serve as Chair of Pomerleau&#8217;s Board of Directors, he also chaired the Board of the CHU Sainte-Justine Foundation, leading-alongside its team-the largest hospital fundraising campaign ever conducted in Quebec. Over the years, Pierre has taken part in numerous major fundraising campaigns and has also served as honorary chair or as a member of campaign cabinets for several large-scale initiatives.<\/p>\n<p>Convinced that education is one of the fundamental pillars of social and economic progress, Pierre has always supported education and the next generation. Among other ways, his commitment is reflected in his involvement with \u00c9cole d&#8217;Entrepreneurship de Beauce in his native region, where he served as the very first volunteer entrepreneur-coach. He also remains actively involved with several educational institutions, including Polytechnique Montr\u00e9al, \u00c9cole de technologie sup\u00e9rieure (\u00c9TS) and various school foundations, helping promote access to education and nurture a new generation of builders.<\/p>\n<figure itemscope itemtype=\"https:\/\/schema.org\/ImageObject\">\n\t\t\t\t<img decoding=\"async\" src=\"https:\/\/portage.ca\/wp-content\/uploads\/2026\/03\/P_Pomerleau_Pho_Bio.jpg\" alt=\"City, Lighting Equipment, Web Banner, Street Light, Light - Natural Phenomenon\" height=\"1742\" width=\"1179\" title=\"Soft blurred sweet bokeh nature abstract\" onerror=\"this.style.display='none'\" loading=\"lazy\" \/>\n\t<\/figure>\n\t<p>&#8220;When we have the ability to act, we have a duty to lift our community. My long-standing commitment to the Portage Foundation helps these <em>young people struggling with addiction get back on their feet and build a new path forward. Together, let&#8217;s help them spread their wings.&#8221;<\/em><\/p>\n<p>&#8211; Pierre Pomerleau, Pomerleau&#8217;s Chairman of the Board<\/p>\n\t<h2>53 Years of Service to the Community<\/h2>\n\t<p>For 53 years, Portage has helped, every year, thousands of women, men, adolescents, and their loved ones in finding hope for a better life. However, unprecedented growth in addiction problems and mental health issues are affecting our clients. These vulnerable people need our support more than ever.<\/p>\n\t\t\t<a href=\"https:\/\/portage.ca\/en\/quebec\/foundation-quebec\/\"  target=\"_blank\" rel=\"noopener\"    rel=\"noopener\">\n\t\t\t\t\t\t\tThe Portage Foundation\n\t\t\t\t\t<\/a>\n\t\t<iframe loading=\"lazy\" title=\"Fondation Portage, Qu\u00e9bec\" src=\"https:\/\/player.vimeo.com\/video\/734469375?dnt=1&amp;app_id=122963\" width=\"580\" height=\"326\" frameborder=\"0\" allow=\"autoplay; fullscreen; picture-in-picture; clipboard-write; encrypted-media\"><\/iframe>\t\n\t<h2>Results<\/h2>\n\t<p>22<sup>th<\/sup> Edition &#8211; 2025<\/p>\n<p>&nbsp;<\/p>\n<h1>$1,850,000 net<\/h1>\n<p>&nbsp;<\/p>\n<h2>844 participants<\/h2>\n\t<h2>Photo Gallery<\/h2>\n\t<h2>Visibility Plan<\/h2>\n\t<p>If you wish to receive more information on the visibility plan or if you want to register to participate at the event, we invite you to contact us by email at <a href=\"mailto:fondation@portage.ca\">fondation@portage.ca<\/a> or by phone at (514) 939-0202, extension 1158.<\/p>\n\t\t\t\t\t\t\t\t\t\t<h3>Prestige | $100,000 <\/h3>\n\t\t\t\t\t\t\t\t<ul><li>Gourmet dinners: 2 tables with 10 guests in the honorary circle and 2 seats at the head table<\/li><li>Invitation to join the Honorary Committee, with name, title and photo projected on giant screen at the venue, and photo op with the Honorary Committee<\/li><li>Mention of the Company Name by the emcee during the event and continuous display of a full screen ad throughout the event<\/li><li>Company Logo featured on the event&#8217;s website and on Portage&#8217;s social media<\/li><\/ul>\t\t\t\t\t\t\t\n\t\t\t\t\t\t\t\t\t\t<h3>Platinum | $50,000 <\/h3>\n\t\t\t\t\t\t\t\t<ul><li>Gourmet dinners: 1 table with 10 guests in the honorary circle and 2 seats at the head table<\/li><li>Invitation to join the Honorary Committee, with name, title and photo projected on giant screen at the venue, and photo op with the Honorary Committee<\/li><li>Mention of the Company Name by the emcee during the event and continuous display of a full screen ad throughout the event<\/li><li>Company Logo featured on the event&#8217;s website and on Portage&#8217;s social media<\/li><\/ul>\t\t\t\t\t\t\t\n\t\t\t\t\t\t\t\t\t\t<h3>Gold | $25,000 <\/h3>\n\t\t\t\t\t\t\t\t<ul><li>Gourmet dinners: 1 table with 10 guests<\/li><li>Company Logo featured on Portage&#8217;s social media<\/li><li>Continuous display of a full screen ad throughout the event<\/li><\/ul>\t\t\t\t\t\t\t\n\t\t\t\t\t\t\t\t\t\t<h3>Silver | $15,000 <\/h3>\n\t\t\t\t\t\t\t\t<ul><li>Gourmet dinners: 1 table with 10 guests<\/li><li>Company Logo\u00a0featured on Portage&#8217;s social media and projected on giant screen at the venue throughout the event<\/li><\/ul>\t\t\t\t\t\t\t\n\t\t\t<a href=\"https:\/\/forms.office.com\/r\/PrR6LEdN0g\"  target=\"_blank\" rel=\"noopener\"    rel=\"noopener\">\n\t\t\t\t\t\t\tPartnership selection and registration\n\t\t\t\t\t<\/a>\n\t<h2>Venue and Dress Code<\/h2>\n\t<h3>Montreal<\/h3>\n\t<h4>Salle des pas perdus, Gare Windsor<\/h4>\n1160 Canadiens-de-Montr\u00e9al avenue<br \/>\nMontreal (Quebec) H3B 2S2\n\t<h3>Quebec<\/h3>\n\t<h4>Chapelle du S\u00e9minaire<\/h4>\n2 c\u00f4te de la Fabrique<br \/>\nQuebec (Quebec) G1R 3V6\n\t\t\t\t\t\t<h4>Dress code<\/h4>\t\t\t\t\t\n\t\t\tBusiness attire and cocktail dress\t\t\n\t<h2>Program of the evening<\/h2>\n\t<h2>Virtual Auction<\/h2>\n\t<p>The auction will be active starting on September 18, 2026.<\/p>\n\t<h2>Philanthropists Honoured in the past<\/h2>\n\t<h2>Contact<\/h2>\n\t<p>For more information about the event, please contact us at <a href=\"mailto:fondation@portage.ca\">fondation@portage.ca<\/a> or at (514) 939-0202, ext. 1158.<\/p>\n<p>To make a donation or to learn more about services offered by Portage, please visit us at:<\/p>\n<h6>\n\t\t<a href=\"https:\/\/portage.ca\/en\/quebec\/foundation-quebec\/\" title=\"The Portage Foundation\"  target=\"_blank\"  rel=\"noopener\">\n\t\t\tThe Portage Foundation\t\t<\/a>\n\t<\/h6>\n\t<p>865 Richmond Square<br \/>Montreal (Quebec) H3J 1V8<\/p>\n\t<p>\u00a9 2026. Portage &#8211; All rights reserved.<\/p>\n\t<p>Credits <em><a href=\"http:\/\/hamak.ca\">Hamak<\/a><\/em><\/p>\n\n","protected":false},"excerpt":{"rendered":"<p>FR Soir\u00e9e des Grands Philanthropes Portage&#8217;s\u00a0Soir\u00e9e des Grands Philanthropes\u00a0is an opportunity to pay tribute to an outstanding individual from Qu\u00e9bec&#8217;s business community. Since 2004, Portage has honoured leaders, entrepreneurs and major philanthropists who cultivate excellence and promote the progress and well-being of society through their commitment and vision. All profits from this well-attended event will&#8230;  <a href=\"https:\/\/portage.ca\/en\/soiree-des-grands-philanthropes\/\" class=\"more-link\" title=\"Read Soir\u00e9e des Grands Philanthropes\">Read more &raquo;<\/a><\/p>\n","protected":false},"author":10,"featured_media":42750,"parent":0,"menu_order":0,"comment_status":"closed","ping_status":"closed","template":"","meta":{"_acf_changed":false,"footnotes":"","_links_to":"","_links_to_target":""},"class_list":["post-35192","page","type-page","status-publish","has-post-thumbnail","hentry"],"acf":[],"_links":{"self":[{"href":"https:\/\/portage.ca\/en\/wp-json\/wp\/v2\/pages\/35192","targetHints":{"allow":["GET"]}}],"collection":[{"href":"https:\/\/portage.ca\/en\/wp-json\/wp\/v2\/pages"}],"about":[{"href":"https:\/\/portage.ca\/en\/wp-json\/wp\/v2\/types\/page"}],"author":[{"embeddable":true,"href":"https:\/\/portage.ca\/en\/wp-json\/wp\/v2\/users\/10"}],"replies":[{"embeddable":true,"href":"https:\/\/portage.ca\/en\/wp-json\/wp\/v2\/comments?post=35192"}],"version-history":[{"count":12,"href":"https:\/\/portage.ca\/en\/wp-json\/wp\/v2\/pages\/35192\/revisions"}],"predecessor-version":[{"id":48230,"href":"https:\/\/portage.ca\/en\/wp-json\/wp\/v2\/pages\/35192\/revisions\/48230"}],"wp:featuredmedia":[{"embeddable":true,"href":"https:\/\/portage.ca\/en\/wp-json\/wp\/v2\/media\/42750"}],"wp:attachment":[{"href":"https:\/\/portage.ca\/en\/wp-json\/wp\/v2\/media?parent=35192"}],"curies":[{"name":"wp","href":"https:\/\/api.w.org\/{rel}","templated":true}]}}