{"id":21281,"date":"2018-10-02T10:28:36","date_gmt":"2018-10-02T15:28:36","guid":{"rendered":"https:\/\/portage.hamakmarketingnumerique.com\/?page_id=21281"},"modified":"2025-12-02T15:15:07","modified_gmt":"2025-12-02T20:15:07","slug":"special-report-cannabis","status":"publish","type":"page","link":"https:\/\/portage.ca\/en\/special-report-cannabis\/","title":{"rendered":"Special Report Cannabis"},"content":{"rendered":"\n\n\t\t\t\t<img decoding=\"async\" src=\"https:\/\/portage.ca\/wp-content\/uploads\/2018\/10\/flag-472394_960_720.jpg\" alt=\"flag-472394_960_720\" itemprop=\"image\" height=\"640\" width=\"960\" title=\"flag-472394_960_720\" onerror=\"this.style.display='none'\" loading=\"lazy\" \/>\n<h3>\n\t\t\tAS OF OCTOBER 17, 2018, CANNABIS IS LEGAL IN CANADA\t<\/h3>\n\t<p class=\"lead\">On October 17, 2018, the Federal Government&#8217;s decision to legalize cannabis came into effect across all Canadian provinces. The legalization and regulation of cannabis use was among the main promises made by now Prime Minister Justin Trudeau during the 2015 election campaign, and the <a href=\"https:\/\/laws-lois.justice.gc.ca\/eng\/acts\/C-24.5\/\">Cannabis Act<\/a> was adopted after much deliberation at the government level. One of the objectives of legalization is to counteract the illicit cannabis market, valued at more than 7 billion dollars annually. While the motives for legalization are commendable, there will inevitably be important impacts on Canadian society.<\/p>\n<p>Under the Cannabis Act, individuals who are 18 years of age or older can possess up to 30 grams of legal cannabis, buy cannabis from a retailer, grow up to four cannabis plants for personal use per residence, and make cannabis products such as food and drinks at home.<\/p>\n<p>The Act allows provinces to determine the minimum legal age for buying cannabis\u00a0, where cannabis can be sold and used, and how much cannabis a person can possess.<\/p>\n\t<p>Cannabis regulations raise many questions in light of the alarming figures revealed by the 2018 National Cannabis Survey (see Infographic).<\/p>\n\t\t\t\t<img decoding=\"async\" src=\"https:\/\/portage.ca\/wp-content\/uploads\/2018\/04\/publicitesauvageanglais.jpg\" alt=\"Legalization won&#039;t stop addiction\" itemprop=\"image\" height=\"1527\" width=\"1018\" title=\"Portage_cannabis_legalization_campaign_poster\" onerror=\"this.style.display='none'\" loading=\"lazy\" \/>\n<h3>\n\t\t\tLEGALIZATION WON&#8217;T STOP ADDICTION &#8211; Let&#8217;s be vigilant\t<\/h3>\n\t<p>In light of the impending legalization of marijuana in Canada, the debate continues on issues relating to consumption, control and use of marijuana.<\/p>\n<p>At Portage, we deem it important that organizations treating addiction be at the centre of discussions. With over 45 years of expertise, Portage conveys, jointly with the government and the media, useful information to further ideas. <\/p>\n<p>The awareness campaign, created in collaboration with Agence G\u00e9n\u00e9ration, promotes discussion and education on the potential effects of legalization.<\/p>\n<p>Portage is very grateful to all the partners who contributed to making this campaign possible: Agence G\u00e9n\u00e9ration, Bell, Cogeco, TC Transcontinental, and Publicit\u00e9 Sauvage.<\/p>\n\t\t\t<a href=\"https:\/\/portage.ca\/media-centre\/awareness-campaigns\/cannabis-legalization\/\" target=\"_blank\" rel=\"noopener\">\n\t\t\t\t\t\t\tRead more\n\t\t\t\t\t<\/a>\n<h3>\n\t\t\tWHY INTRODUCE A SPECIAL FEATURE ON CANNABIS?\t<\/h3>\n\t<p>Portage seeks to provide quality information and to share its expertise in the area of addiction rehabilitation. Our organization started this blog one year ago in order to reach out to people, to educate and to raise awareness about addiction and to promote strong interest in our cause: freedom from addiction.<\/p>\n<p>This blog is a means of conveying our organization&#8217;s message through residents&#8217; testimonials, life stories and informative articles.\u00a0\u00a0<\/p>\n<p>In this special feature on cannabis, Portage will inform people about the effects and consequences of cannabis use, drawing on all the material it has produced on the subject of cannabis and of addiction in general.<\/p>\n\t\t\t\t<img decoding=\"async\" src=\"https:\/\/portage.ca\/wp-content\/uploads\/2018\/10\/Dossier-sp\u00e9cial-cannabis-image-du-dossier.jpg\" alt=\"Dossier sp\u00e9cial cannabis image du dossier\" itemprop=\"image\" height=\"2500\" width=\"3333\" title=\"Dossier sp\u00e9cial cannabis image du dossier\" onerror=\"this.style.display='none'\" loading=\"lazy\" \/>\n<h3>\n\t\t\tSpecial Report\t<\/h3>\n\t\t\t\t<a href=\"https:\/\/portage.ca\/special-report-cannabis\/part-1\/\"  target=\"_blank\" rel=\"noopener\"  itemprop=\"url\">\n\t\t\t\t<img decoding=\"async\" src=\"https:\/\/portage.ca\/wp-content\/uploads\/2018\/10\/banni\u00e8res-parties-dossier-sp\u00e9cial-ENG-1024x235.jpg\" alt=\"banni\u00e8res parties dossier sp\u00e9cial ENG\" itemprop=\"image\" height=\"133\" width=\"580\" title=\"banni\u00e8res parties dossier sp\u00e9cial ENG\" onerror=\"this.style.display='none'\" loading=\"lazy\" \/>\n\t\t\t\t<\/a>\n<h3><a href=\"https:\/\/portage.ca\/special-report-cannabis\/part-1\/\" target=\"_blank\"  rel=\"noopener\">Part 1<\/a><\/h3>\t\n\t\t\t\t<a href=\"https:\/\/portage.ca\/special-report-cannabis\/part-3\/\"  target=\"_blank\" rel=\"noopener\"  itemprop=\"url\">\n\t\t\t\t<img decoding=\"async\" src=\"https:\/\/portage.ca\/wp-content\/uploads\/2018\/10\/banni\u00e8res-parties-dossier-sp\u00e9cial-ENG3-1024x235.jpg\" alt=\"banni\u00e8res parties dossier sp\u00e9cial ENG3\" itemprop=\"image\" height=\"133\" width=\"580\" title=\"banni\u00e8res parties dossier sp\u00e9cial ENG3\" onerror=\"this.style.display='none'\" loading=\"lazy\" \/>\n\t\t\t\t<\/a>\n<h3><a href=\"https:\/\/portage.ca\/special-report-cannabis\/part-3\/\" target=\"_blank\"  rel=\"noopener\">Part 3<\/a><\/h3>\t\n\t\t\t\t<a href=\"https:\/\/portage.ca\/special-report-cannabis\/part-2\/\"  target=\"_blank\" rel=\"noopener\"  itemprop=\"url\">\n\t\t\t\t<img decoding=\"async\" src=\"https:\/\/portage.ca\/wp-content\/uploads\/2018\/10\/banni\u00e8res-parties-dossier-sp\u00e9cial-ENG2-1024x235.jpg\" alt=\"banni\u00e8res parties dossier sp\u00e9cial ENG2\" itemprop=\"image\" height=\"133\" width=\"580\" title=\"banni\u00e8res parties dossier sp\u00e9cial ENG2\" onerror=\"this.style.display='none'\" loading=\"lazy\" \/>\n\t\t\t\t<\/a>\n<h3><a href=\"https:\/\/portage.ca\/special-report-cannabis\/part-2\/\" target=\"_blank\"  rel=\"noopener\">Part 2<\/a><\/h3>\t\n\t\t\t\t<a href=\"https:\/\/portage.ca\/special-report-cannabis\/part-4\/\"  target=\"_blank\" rel=\"noopener\"  itemprop=\"url\">\n\t\t\t\t<img decoding=\"async\" src=\"https:\/\/portage.ca\/wp-content\/uploads\/2018\/10\/banni\u00e8res-parties-dossier-sp\u00e9cial-ENG4-1024x235.jpg\" alt=\"banni\u00e8res parties dossier sp\u00e9cial ENG4\" itemprop=\"image\" height=\"133\" width=\"580\" title=\"banni\u00e8res parties dossier sp\u00e9cial ENG4\" onerror=\"this.style.display='none'\" loading=\"lazy\" \/>\n\t\t\t\t<\/a>\n<h3><a href=\"https:\/\/portage.ca\/special-report-cannabis\/part-4\/\" target=\"_blank\"  rel=\"noopener\">Part 4<\/a><\/h3>\t\n<h3>\n\t\t\tAdolescent and Young Adult Programs (14-21)\t<\/h3>\n\t\t\t\t<a href=\"\/en\/quebec\/french-adolescent-program-west\/\"  target=\"_self\" itemprop=\"url\">\n\t\t\t\t<img decoding=\"async\" src=\"https:\/\/portage.ca\/wp-content\/uploads\/2022\/10\/202208_Portage_0194.jpg\" alt=\"202208_Portage_0194\" itemprop=\"image\" height=\"1365\" width=\"2048\" title=\"202208_Portage_0194\" onerror=\"this.style.display='none'\" loading=\"lazy\" \/>\n\t\t\t\t<\/a>\n<h4><a href=\"\/en\/quebec\/french-adolescent-program-west\/\" target=\"_self\">Quebec &#8211; Laurentians<\/a><\/h4><p>For youth from Western Quebec<\/p>\n\t\t\t\t<a href=\"\/en\/atlantic\/adolescent-program\/\"  target=\"_self\" itemprop=\"url\">\n\t\t\t\t<img decoding=\"async\" src=\"https:\/\/portage.ca\/wp-content\/uploads\/2025\/08\/202208_Portage_0206-photoshop-scaled.png\" alt=\"202208_Portage_0206-photoshop\" itemprop=\"image\" height=\"1707\" width=\"2560\" title=\"202208_Portage_0206-photoshop\" onerror=\"this.style.display='none'\" loading=\"lazy\" \/>\n\t\t\t\t<\/a>\n<h4><a href=\"\/en\/atlantic\/adolescent-program\/\" target=\"_self\">New Brunswick, Cassidy Lake<\/a><\/h4><p>For youth from the Atlantic provinces<\/p>\n\t\t\t\t<a href=\"\/en\/quebec\/french-adolescent-program-east\/\"  target=\"_self\" itemprop=\"url\">\n\t\t\t\t<img decoding=\"async\" src=\"https:\/\/portage.ca\/wp-content\/uploads\/2022\/10\/20220912_Saint_Malachie_0247.jpg\" alt=\"20220912_Saint_Malachie_0247\" itemprop=\"image\" height=\"1365\" width=\"2048\" title=\"20220912_Saint_Malachie_0247\" onerror=\"this.style.display='none'\" loading=\"lazy\" \/>\n\t\t\t\t<\/a>\n<h4><a href=\"\/en\/quebec\/french-adolescent-program-east\/\" target=\"_self\">Quebec &#8211; Chaudi\u00e8re-Appalaches<\/a><\/h4><p>For francophone youth from Eastern Quebec<\/p>\n\n","protected":false},"excerpt":{"rendered":"<p>AS OF OCTOBER 17, 2018, CANNABIS IS LEGAL IN CANADA On October 17, 2018, the Federal Government&#8217;s decision to legalize cannabis came into effect across all Canadian provinces. The legalization and regulation of cannabis use was among the main promises made by now Prime Minister Justin Trudeau during the 2015 election campaign, and the Cannabis&#8230;  <a href=\"https:\/\/portage.ca\/en\/special-report-cannabis\/\" class=\"more-link\" title=\"Read Special Report Cannabis\">Read more &raquo;<\/a><\/p>\n","protected":false},"author":10,"featured_media":21691,"parent":0,"menu_order":18,"comment_status":"closed","ping_status":"closed","template":"page-full-width.php","meta":{"_acf_changed":false,"footnotes":"","_links_to":"","_links_to_target":""},"class_list":["post-21281","page","type-page","status-publish","has-post-thumbnail","hentry"],"acf":[],"_links":{"self":[{"href":"https:\/\/portage.ca\/en\/wp-json\/wp\/v2\/pages\/21281","targetHints":{"allow":["GET"]}}],"collection":[{"href":"https:\/\/portage.ca\/en\/wp-json\/wp\/v2\/pages"}],"about":[{"href":"https:\/\/portage.ca\/en\/wp-json\/wp\/v2\/types\/page"}],"author":[{"embeddable":true,"href":"https:\/\/portage.ca\/en\/wp-json\/wp\/v2\/users\/10"}],"replies":[{"embeddable":true,"href":"https:\/\/portage.ca\/en\/wp-json\/wp\/v2\/comments?post=21281"}],"version-history":[{"count":2,"href":"https:\/\/portage.ca\/en\/wp-json\/wp\/v2\/pages\/21281\/revisions"}],"predecessor-version":[{"id":46731,"href":"https:\/\/portage.ca\/en\/wp-json\/wp\/v2\/pages\/21281\/revisions\/46731"}],"wp:featuredmedia":[{"embeddable":true,"href":"https:\/\/portage.ca\/en\/wp-json\/wp\/v2\/media\/21691"}],"wp:attachment":[{"href":"https:\/\/portage.ca\/en\/wp-json\/wp\/v2\/media?parent=21281"}],"curies":[{"name":"wp","href":"https:\/\/api.w.org\/{rel}","templated":true}]}}