{"id":20294,"date":"2018-04-12T11:55:46","date_gmt":"2018-04-12T16:55:46","guid":{"rendered":"https:\/\/portage.hamakmarketingnumerique.com\/?page_id=20294"},"modified":"2018-06-21T14:45:04","modified_gmt":"2018-06-21T19:45:04","slug":"cannabis-legalization","status":"publish","type":"page","link":"https:\/\/portage.ca\/en\/media-centre\/awareness-campaigns\/cannabis-legalization\/","title":{"rendered":"LEGALIZATION WON&#8217;T STOP ADDICTION \u2013 Let\u2019s be vigilant"},"content":{"rendered":"<h2><img loading=\"lazy\" decoding=\"async\" src=\"https:\/\/portage.ca\/wp-content\/uploads\/2018\/04\/publicitesauvageanglais-512x768.jpg\" alt=\"Legalization won't stop addiction\" width=\"250\" height=\"375\" \/>Portage&#8217;s Awareness Campaign, developed courtesy of Agence G\u00e9n\u00e9ration<\/h2>\n<p class=\"lead\">&nbsp;<\/p>\n<p>Portage is calling for vigilance in the face of the upcoming legalization of cannabis in Canada. This campaign seeks to create awareness about the potential effects of cannabis legalization.<\/p>\n<p>Portage is very grateful to all the partners who contributed to making this campaign possible: Agence G\u00e9n\u00e9ration, Bell, Cogeco, TC Transcontinental, and Publicit\u00e9 Sauvage.<\/p>\n<p>&nbsp;<\/p>\n<p>&nbsp;<\/p>\n<p>&nbsp;<\/p>\n<p>&nbsp;<\/p>\n<p>&nbsp;<\/p>\n<p>&nbsp;<\/p>\n<h3>Learn more by reading the following articles and testimonials on\u00a0<a href=\"\/?page_id=18298\">Portage\u2019s blog<\/a>:<\/h3>\n<p>&nbsp;<\/p>\n<h4><a href=\"\/?p=20378\" target=\"_blank\" rel=\"noopener\">Effects and Harms of Cannabis: Misconceptions among Youth<\/a><\/h4>\n<h4><a href=\"\/?p=20798\">Long and Short-Term Effects of Cannabis<\/a><\/h4>\n<h4><a href=\"\/?p=20428\">Press release &#8211; LEGALIZATION WON&#8217;T STOP ADDICTION<\/a><\/h4>\n<h4><a href=\"\/?p=20370\" target=\"_blank\" rel=\"noopener\">From Pot Smoker to Lamplighter<\/a><\/h4>\n<h4><a href=\"\/?p=19994\">Cannabis is an Insidious Herb<\/a><\/h4>\n<h4><a href=\"\/?p=19298\">How Marijuana Destroyed Me<\/a><\/h4>\n<h4><a href=\"\/?p=19248\">The Treacherous Pitfalls of Drugs and Alcohol<\/a><\/h4>\n<h4><a href=\"\/?p=19024\">Are We All Equal in the Face of Addiction?<\/a><\/h4>\n<h4><a href=\"\/?p=19002\">The Rat Park Study: Gaining a Better Understanding of Addiction<\/a><\/h4>\n<h4><\/h4>\n<p>&nbsp;<\/p>\n<h4><a href=\"\/?p=19676\">10 Warning Signs That Your Adolescent May Be Doing Drugs<\/a><\/h4>\n<h4><a href=\"\/?p=19947\">Seven Ways to Start Talking About Drugs With a Teenager<\/a><\/h4>\n<h4><a href=\"\/?p=19793\">Do You Have A Student Who\u2019s Struggling With Drugs or Alcohol?<\/a><\/h4>\n<h4><\/h4>\n<p>&nbsp;<\/p>\n<h3>Video<\/h3>\n<p><iframe loading=\"lazy\" src=\"https:\/\/player.vimeo.com\/video\/264461406\" width=\"640\" height=\"360\" frameborder=\"0\" allowfullscreen=\"allowfullscreen\"><\/iframe><\/p>\n<p>&nbsp;<\/p>\n<h3>Radio<\/h3>\n<img loading=\"lazy\" decoding=\"async\" src=\"https:\/\/portage.ca\/wp-content\/uploads\/2018\/05\/note-152621_960_720.png\" alt=\"\" width=\"27\" height=\"27\" \/>\n<h4><a href=\"https:\/\/portage.ca\/wp-content\/uploads\/2018\/05\/PORTAGE-REV_1702051.mp3\">Radio Message<\/a><\/h4>\n","protected":false},"excerpt":{"rendered":"<p>Portage&#8217;s Awareness Campaign, developed courtesy of Agence G\u00e9n\u00e9ration &nbsp; Portage is calling for vigilance in the face of the upcoming legalization of cannabis in Canada. This campaign seeks to create awareness about the potential effects of cannabis legalization. Portage is very grateful to all the partners who contributed to making this campaign possible: Agence G\u00e9n\u00e9ration,&#8230;  <a href=\"https:\/\/portage.ca\/en\/media-centre\/awareness-campaigns\/cannabis-legalization\/\" class=\"more-link\" title=\"Read LEGALIZATION WON&#8217;T STOP ADDICTION \u2013 Let\u2019s be vigilant\">Read more &raquo;<\/a><\/p>\n","protected":false},"author":10,"featured_media":10157,"parent":6789,"menu_order":0,"comment_status":"closed","ping_status":"closed","template":"","meta":{"_acf_changed":false,"footnotes":"","_links_to":"","_links_to_target":""},"class_list":["post-20294","page","type-page","status-publish","has-post-thumbnail","hentry"],"acf":[],"_links":{"self":[{"href":"https:\/\/portage.ca\/en\/wp-json\/wp\/v2\/pages\/20294","targetHints":{"allow":["GET"]}}],"collection":[{"href":"https:\/\/portage.ca\/en\/wp-json\/wp\/v2\/pages"}],"about":[{"href":"https:\/\/portage.ca\/en\/wp-json\/wp\/v2\/types\/page"}],"author":[{"embeddable":true,"href":"https:\/\/portage.ca\/en\/wp-json\/wp\/v2\/users\/10"}],"replies":[{"embeddable":true,"href":"https:\/\/portage.ca\/en\/wp-json\/wp\/v2\/comments?post=20294"}],"version-history":[{"count":0,"href":"https:\/\/portage.ca\/en\/wp-json\/wp\/v2\/pages\/20294\/revisions"}],"up":[{"embeddable":true,"href":"https:\/\/portage.ca\/en\/wp-json\/wp\/v2\/pages\/6789"}],"wp:featuredmedia":[{"embeddable":true,"href":"https:\/\/portage.ca\/en\/wp-json\/wp\/v2\/media\/10157"}],"wp:attachment":[{"href":"https:\/\/portage.ca\/en\/wp-json\/wp\/v2\/media?parent=20294"}],"curies":[{"name":"wp","href":"https:\/\/api.w.org\/{rel}","templated":true}]}}